{"id":4409,"date":"2023-01-11T08:47:58","date_gmt":"2023-01-11T07:47:58","guid":{"rendered":"https:\/\/monolit-okna.pl\/?page_id=4409"},"modified":"2023-09-05T13:53:31","modified_gmt":"2023-09-05T11:53:31","slug":"klauzula-informacyjna-rodo","status":"publish","type":"page","link":"https:\/\/monolit-okna.pl\/ru\/klauzula-informacyjna-rodo\/","title":{"rendered":"\u0418\u043d\u0444\u043e\u0440\u043c\u0430\u0446\u0438\u043e\u043d\u043d\u043e\u0435 \u043f\u043e\u043b\u043e\u0436\u0435\u043d\u0438\u0435 GDPR"},"content":{"rendered":"<div data-elementor-type=\"wp-page\" data-elementor-id=\"4409\" class=\"elementor elementor-4409\" data-elementor-post-type=\"page\">\n\t\t\t\t\t\t<section class=\"elementor-section elementor-top-section elementor-element elementor-element-5991b5e0 elementor-section-boxed elementor-section-height-default elementor-section-height-default\" data-id=\"5991b5e0\" data-element_type=\"section\">\n\t\t\t\t\t\t<div class=\"elementor-container elementor-column-gap-default\">\n\t\t\t\t\t<div class=\"elementor-column elementor-col-100 elementor-top-column elementor-element elementor-element-47544bc9\" data-id=\"47544bc9\" data-element_type=\"column\">\n\t\t\t<div class=\"elementor-widget-wrap elementor-element-populated\">\n\t\t\t\t\t\t<div class=\"elementor-element elementor-element-40f89d5 elementor-widget elementor-widget-text-editor\" data-id=\"40f89d5\" data-element_type=\"widget\" data-widget_type=\"text-editor.default\">\n\t\t\t\t\t\t\t\t\t<h2>\u041f\u043e\u043b\u0438\u0442\u0438\u043a\u0430 \u0431\u0435\u0437\u043e\u043f\u0430\u0441\u043d\u043e\u0441\u0442\u0438 - \u043f\u043e\u043b\u043e\u0436\u0435\u043d\u0438\u0435 \u043e \u0437\u0430\u0449\u0438\u0442\u0435 \u0438\u043d\u0444\u043e\u0440\u043c\u0430\u0446\u0438\u0438 \u0432 \u0441\u043e\u043e\u0442\u0432\u0435\u0442\u0441\u0442\u0432\u0438\u0438 \u0441 GDPR<\/h2><p><b> <\/b><span style=\"letter-spacing: 0.4px; color: var( --e-global-color-text ); font-family: var( --e-global-typography-text-font-family ), Sans-serif; font-weight: var( --e-global-typography-text-font-weight );\"> \u0412 \u0441\u043e\u043e\u0442\u0432\u0435\u0442\u0441\u0442\u0432\u0438\u0438 \u0441\u043e \u0441\u0442\u0430\u0442\u044c\u0435\u0439 13, \u043f\u0443\u043d\u043a\u0442\u0430\u043c\u0438 1 \u0438 2 \u0420\u0435\u0433\u043b\u0430\u043c\u0435\u043d\u0442\u0430 (\u0415\u0421) 2016\/679 \u0415\u0432\u0440\u043e\u043f\u0435\u0439\u0441\u043a\u043e\u0433\u043e \u043f\u0430\u0440\u043b\u0430\u043c\u0435\u043d\u0442\u0430 \u0438 \u0421\u043e\u0432\u0435\u0442\u0430 \u043e\u0442 27 \u0430\u043f\u0440\u0435\u043b\u044f 2016 \u0433\u043e\u0434\u0430 \u043e \u0437\u0430\u0449\u0438\u0442\u0435 \u0444\u0438\u0437\u0438\u0447\u0435\u0441\u043a\u0438\u0445 \u043b\u0438\u0446 \u0432 \u043e\u0442\u043d\u043e\u0448\u0435\u043d\u0438\u0438 \u043e\u0431\u0440\u0430\u0431\u043e\u0442\u043a\u0438 \u043f\u0435\u0440\u0441\u043e\u043d\u0430\u043b\u044c\u043d\u044b\u0445 \u0434\u0430\u043d\u043d\u044b\u0445 \u0438 \u043e \u0441\u0432\u043e\u0431\u043e\u0434\u043d\u043e\u043c \u043f\u0435\u0440\u0435\u043c\u0435\u0449\u0435\u043d\u0438\u0438 \u0442\u0430\u043a\u0438\u0445 \u0434\u0430\u043d\u043d\u044b\u0445, \u043e\u0442\u043c\u0435\u043d\u044f\u044e\u0449\u0435\u0433\u043e \u0414\u0438\u0440\u0435\u043a\u0442\u0438\u0432\u0443 95\/46\/EC (\u041e\u0431\u0449\u0438\u0439 \u0440\u0435\u0433\u043b\u0430\u043c\u0435\u043d\u0442 \u043f\u043e \u0437\u0430\u0449\u0438\u0442\u0435 \u0434\u0430\u043d\u043d\u044b\u0445), \u043c\u044b \u0441\u043e\u043e\u0431\u0449\u0430\u0435\u043c \u0432\u0430\u043c, \u0447\u0442\u043e: <\/span><\/p><ol><li value=\"1\">\u0410\u0434\u043c\u0438\u043d\u0438\u0441\u0442\u0440\u0430\u0442\u043e\u0440\u043e\u043c \u0432\u0430\u0448\u0438\u0445 \u043f\u0435\u0440\u0441\u043e\u043d\u0430\u043b\u044c\u043d\u044b\u0445 \u0434\u0430\u043d\u043d\u044b\u0445 \u044f\u0432\u043b\u044f\u0435\u0442\u0441\u044f MONOLIT \u041c\u0438\u0445\u0430\u043b \u0413\u043e\u0434\u043b\u0435\u0432\u0441\u043a\u0438\u0439, 18300 \u0417\u0430\u043c\u0431\u0440\u0443\u0432, \u0443\u043b.<br \/>\u0421\u0442\u0440\u0435\u043b\u043a\u043e\u0432\u044b\u0439 \u043f\u043e\u043b\u0438\u0433\u043e\u043d \u2116 12, NIP: 7231542265, REGON: 200164221.<\/li><\/ol><ol><li value=\"2\">\u041f\u043e \u0432\u043e\u043f\u0440\u043e\u0441\u0430\u043c \u0437\u0430\u0449\u0438\u0442\u044b \u043f\u0435\u0440\u0441\u043e\u043d\u0430\u043b\u044c\u043d\u044b\u0445 \u0434\u0430\u043d\u043d\u044b\u0445 \u043e\u0431\u0440\u0430\u0449\u0430\u0439\u0442\u0435\u0441\u044c \u043a \u0440\u0443\u043a\u043e\u0432\u043e\u0434\u0441\u0442\u0432\u0443 \u043a\u043e\u043c\u043f\u0430\u043d\u0438\u0438 \u043f\u043e \u0443\u043a\u0430\u0437\u0430\u043d\u043d\u043e\u043c\u0443 \u0432\u044b\u0448\u0435 \u0430\u0434\u0440\u0435\u0441\u0443.<\/li><\/ol><ol><li value=\"3\">\u0412\u0430\u0448\u0438 \u043f\u0435\u0440\u0441\u043e\u043d\u0430\u043b\u044c\u043d\u044b\u0435 \u0434\u0430\u043d\u043d\u044b\u0435 \u0431\u0443\u0434\u0443\u0442 \u043e\u0431\u0440\u0430\u0431\u0430\u0442\u044b\u0432\u0430\u0442\u044c\u0441\u044f \u0432 \u0441\u043b\u0435\u0434\u0443\u044e\u0449\u0438\u0445 \u0446\u0435\u043b\u044f\u0445:<\/li><\/ol><p>\u00a0<\/p><ol>\u0430. \u0434\u043b\u044f \u0438\u0441\u043f\u043e\u043b\u043d\u0435\u043d\u0438\u044f \u0434\u043e\u0433\u043e\u0432\u043e\u0440\u0430 \u0438 \u043d\u0430 \u043e\u0441\u043d\u043e\u0432\u0430\u043d\u0438\u0438 \u0434\u043e\u0433\u043e\u0432\u043e\u0440\u0430, \u0437\u0430\u043a\u043b\u044e\u0447\u0435\u043d\u043d\u043e\u0433\u043e \u0432\u0430\u043c\u0438 \u0441 \u041a\u043e\u043d\u0442\u0440\u043e\u043b\u043b\u0435\u0440\u043e\u043c (\u0441\u0442\u0430\u0442\u044c\u044f 6, \u043f\u0443\u043d\u043a\u0442 1, \u0431\u0443\u043a\u0432\u0430 B \u041e\u0431\u0449\u0435\u0433\u043e \u0440\u0435\u0433\u043b\u0430\u043c\u0435\u043d\u0442\u0430 \u043f\u043e \u0437\u0430\u0449\u0438\u0442\u0435 \u0434\u0430\u043d\u043d\u044b\u0445),<\/ol><ol>\u0431) \u0432 \u0446\u0435\u043b\u044f\u0445 \u0432\u044b\u043f\u043e\u043b\u043d\u0435\u043d\u0438\u044f \u0432\u043e\u0437\u043b\u043e\u0436\u0435\u043d\u043d\u044b\u0445 \u043d\u0430 \u041a\u043e\u043d\u0442\u0440\u043e\u043b\u0435\u0440\u0430 \u044e\u0440\u0438\u0434\u0438\u0447\u0435\u0441\u043a\u0438\u0445 \u043e\u0431\u044f\u0437\u0430\u0442\u0435\u043b\u044c\u0441\u0442\u0432, \u0432\u044b\u0442\u0435\u043a\u0430\u044e\u0449\u0438\u0445, \u0432 \u0447\u0430\u0441\u0442\u043d\u043e\u0441\u0442\u0438, \u0438\u0437 \u0417\u0430\u043a\u043e\u043d\u0430 \u043e \u0431\u0443\u0445\u0433\u0430\u043b\u0442\u0435\u0440\u0441\u043a\u043e\u043c \u0443\u0447\u0435\u0442\u0435, \u0417\u0430\u043a\u043e\u043d\u0430 \u043e \u043a\u043e\u0440\u043f\u043e\u0440\u0430\u0442\u0438\u0432\u043d\u043e\u043c \u043f\u043e\u0434\u043e\u0445\u043e\u0434\u043d\u043e\u043c \u043d\u0430\u043b\u043e\u0433\u0435, \u0417\u0430\u043a\u043e\u043d\u0430 \u043e \u043d\u0430\u043b\u043e\u0433\u043e\u0432\u043e\u043c \u0437\u0430\u043a\u043e\u043d\u043e\u0434\u0430\u0442\u0435\u043b\u044c\u0441\u0442\u0432\u0435, \u0417\u0430\u043a\u043e\u043d\u0430 \u043e \u0431\u043e\u0440\u044c\u0431\u0435 \u0441 \u043e\u0442\u043c\u044b\u0432\u0430\u043d\u0438\u0435\u043c \u0434\u0435\u043d\u0435\u0433 \u0438 \u0444\u0438\u043d\u0430\u043d\u0441\u0438\u0440\u043e\u0432\u0430\u043d\u0438\u0435\u043c \u0442\u0435\u0440\u0440\u043e\u0440\u0438\u0437\u043c\u0430, \u0417\u0430\u043a\u043e\u043d\u0430 \u043e \u043f\u0440\u0435\u0434\u043f\u0440\u0438\u043d\u0438\u043c\u0430\u0442\u0435\u043b\u044c\u0441\u0442\u0432\u0435 \u0438 \u0434\u0440\u0443\u0433\u0438\u0445 (\u0441\u0442\u0430\u0442\u044c\u044f 6, \u043f\u0443\u043d\u043a\u0442 1, \u0431\u0443\u043a\u0432\u0430 \u0441 \u041e\u0431\u0449\u0435\u0433\u043e \u0440\u0435\u0433\u043b\u0430\u043c\u0435\u043d\u0442\u0430 \u043f\u043e \u0437\u0430\u0449\u0438\u0442\u0435 \u0434\u0430\u043d\u043d\u044b\u0445),<\/ol><ol>c. \u0432 \u0446\u0435\u043b\u044f\u0445 \u043f\u0440\u0435\u0434\u043e\u0441\u0442\u0430\u0432\u043b\u0435\u043d\u0438\u044f \u0434\u043e\u043a\u0430\u0437\u0430\u0442\u0435\u043b\u044c\u0441\u0442\u0432, \u0434\u043b\u044f \u043f\u043e\u0434\u0442\u0432\u0435\u0440\u0436\u0434\u0435\u043d\u0438\u044f \u0444\u0430\u043a\u0442\u043e\u0432 \u0438 \u0434\u043b\u044f \u043e\u0431\u043e\u0441\u043d\u043e\u0432\u0430\u043d\u0438\u044f, \u0437\u0430\u0449\u0438\u0442\u044b \u0438 \u043f\u0440\u0435\u0434\u044a\u044f\u0432\u043b\u0435\u043d\u0438\u044f \u043f\u0440\u0435\u0442\u0435\u043d\u0437\u0438\u0439 \u041a\u043e\u043d\u0442\u0440\u043e\u043b\u0435\u0440\u0430, \u0447\u0442\u043e \u044f\u0432\u043b\u044f\u0435\u0442\u0441\u044f \u043d\u0430\u0448\u0438\u043c \u0437\u0430\u043a\u043e\u043d\u043d\u044b\u043c \u0438\u043d\u0442\u0435\u0440\u0435\u0441\u043e\u043c (\u0441\u0442\u0430\u0442\u044c\u044f 6, \u043f\u0443\u043d\u043a\u0442 1, \u0431\u0443\u043a\u0432\u0430 f \u041e\u0431\u0449\u0435\u0433\u043e \u0440\u0435\u0433\u043b\u0430\u043c\u0435\u043d\u0442\u0430 \u043f\u043e \u0437\u0430\u0449\u0438\u0442\u0435 \u0434\u0430\u043d\u043d\u044b\u0445),<\/ol><ol>d. \u0441\u043e\u0437\u0434\u0430\u043d\u0438\u0435 \u0430\u043d\u0430\u043b\u0438\u0437\u043e\u0432, \u0441\u0432\u043e\u0434\u043e\u043a \u0438 \u0441\u0442\u0430\u0442\u0438\u0441\u0442\u0438\u043a\u0438 \u0434\u043b\u044f \u041a\u043e\u043d\u0442\u0440\u043e\u043b\u0435\u0440\u0430, \u0447\u0442\u043e \u044f\u0432\u043b\u044f\u0435\u0442\u0441\u044f \u043d\u0430\u0448\u0438\u043c \u0437\u0430\u043a\u043e\u043d\u043d\u044b\u043c \u0438\u043d\u0442\u0435\u0440\u0435\u0441\u043e\u043c (\u0441\u0442\u0430\u0442\u044c\u044f 6, \u043f\u0443\u043d\u043a\u0442 1, \u0431\u0443\u043a\u0432\u0430 f \u041e\u0431\u0449\u0435\u0433\u043e \u0440\u0435\u0433\u043b\u0430\u043c\u0435\u043d\u0442\u0430 \u043f\u043e \u0437\u0430\u0449\u0438\u0442\u0435 \u0434\u0430\u043d\u043d\u044b\u0445).<\/ol><p>\u00a0<\/p><ol><li value=\"4\">\u041e\u0431\u0440\u0430\u0431\u043e\u0442\u0447\u0438\u043a\u0430\u043c\u0438 \u0432\u0430\u0448\u0438\u0445 \u043f\u0435\u0440\u0441\u043e\u043d\u0430\u043b\u044c\u043d\u044b\u0445 \u0434\u0430\u043d\u043d\u044b\u0445 \u043c\u043e\u0433\u0443\u0442 \u0431\u044b\u0442\u044c \u043e\u0440\u0433\u0430\u043d\u0438\u0437\u0430\u0446\u0438\u0438, \u043f\u0440\u0435\u0434\u043e\u0441\u0442\u0430\u0432\u043b\u044f\u044e\u0449\u0438\u0435 \u0443\u0441\u043b\u0443\u0433\u0438 \u043a\u043e\u043d\u0442\u0440\u043e\u043b\u043b\u0435\u0440\u0443 \u0434\u0430\u043d\u043d\u044b\u0445.<br \/>\u043a\u043e\u043d\u0441\u0443\u043b\u044c\u0442\u0430\u0446\u0438\u043e\u043d\u043d\u044b\u0435, \u0430\u0434\u043c\u0438\u043d\u0438\u0441\u0442\u0440\u0430\u0442\u0438\u0432\u043d\u044b\u0435, \u0431\u0443\u0445\u0433\u0430\u043b\u0442\u0435\u0440\u0441\u043a\u0438\u0435, \u043c\u0430\u0440\u043a\u0435\u0442\u0438\u043d\u0433\u043e\u0432\u044b\u0435, \u044e\u0440\u0438\u0434\u0438\u0447\u0435\u0441\u043a\u0438\u0435, \u0418\u0422, \u0441\u0442\u0440\u0430\u0445\u043e\u0432\u044b\u0435, \u0431\u0430\u043d\u043a\u0438, \u0444\u0438\u043d\u0430\u043d\u0441\u043e\u0432\u044b\u0435 \u0438 \u0441\u0442\u0440\u0430\u0445\u043e\u0432\u044b\u0435 \u043f\u043e\u0441\u0440\u0435\u0434\u043d\u0438\u043a\u0438, \u043f\u043e\u0447\u0442\u043e\u0432\u044b\u0435 \u043e\u043f\u0435\u0440\u0430\u0442\u043e\u0440\u044b, \u043a\u0443\u0440\u044c\u0435\u0440\u0441\u043a\u0438\u0435 \u043a\u043e\u043c\u043f\u0430\u043d\u0438\u0438, \u043a\u043b\u0438\u0440\u0438\u043d\u0433\u043e\u0432\u044b\u0435 \u043f\u0430\u043b\u0430\u0442\u044b \u0438 \u0440\u0430\u0441\u0447\u0435\u0442\u043d\u044b\u0435 \u043f\u043e\u0441\u0440\u0435\u0434\u043d\u0438\u043a\u0438, \u0432\u043d\u0435\u0448\u043d\u0438\u0435 \u0430\u0443\u0434\u0438\u0442\u043e\u0440\u044b, \u043d\u0430\u0434\u0437\u043e\u0440\u043d\u044b\u0435 \u043e\u0440\u0433\u0430\u043d\u044b.<\/li><\/ol><ol><li value=\"5\">\u0412\u0430\u0448\u0438 \u043f\u0435\u0440\u0441\u043e\u043d\u0430\u043b\u044c\u043d\u044b\u0435 \u0434\u0430\u043d\u043d\u044b\u0435 \u0431\u0443\u0434\u0443\u0442 \u0445\u0440\u0430\u043d\u0438\u0442\u044c\u0441\u044f \u0432 \u0442\u0435\u0447\u0435\u043d\u0438\u0435 10 \u043b\u0435\u0442 \u0441 \u043c\u043e\u043c\u0435\u043d\u0442\u0430 \u043f\u0440\u0435\u043a\u0440\u0430\u0449\u0435\u043d\u0438\u044f \u0432\u0437\u0430\u0438\u043c\u043e\u043e\u0442\u043d\u043e\u0448\u0435\u043d\u0438\u0439.<br \/>\u0437\u0430 \u0438\u0441\u043a\u043b\u044e\u0447\u0435\u043d\u0438\u0435\u043c \u0441\u043b\u0443\u0447\u0430\u0435\u0432, \u043a\u043e\u0433\u0434\u0430 \u043f\u0440\u0430\u0432\u0438\u043b\u0430 \u0441\u043f\u0435\u0446\u0438\u0430\u043b\u044c\u043d\u043e \u0442\u0440\u0435\u0431\u0443\u044e\u0442 \u043e\u0431\u0440\u0430\u0431\u043e\u0442\u043a\u0438 \u0432 \u0442\u0435\u0447\u0435\u043d\u0438\u0435 \u0431\u043e\u043b\u0435\u0435 \u0434\u043b\u0438\u0442\u0435\u043b\u044c\u043d\u043e\u0433\u043e \u043f\u0435\u0440\u0438\u043e\u0434\u0430 \u0432\u0440\u0435\u043c\u0435\u043d\u0438.<\/li><\/ol><ol><li value=\"6\">\u0412\u044b \u0438\u043c\u0435\u0435\u0442\u0435 \u043f\u0440\u0430\u0432\u043e \u0434\u043e\u0441\u0442\u0443\u043f\u0430 \u043a \u0441\u0432\u043e\u0438\u043c \u0434\u0430\u043d\u043d\u044b\u043c \u0438 \u043f\u0440\u0430\u0432\u043e \u043d\u0430 \u0438\u0445 \u0438\u0441\u043f\u0440\u0430\u0432\u043b\u0435\u043d\u0438\u0435 \u0432 \u0441\u043b\u0443\u0447\u0430\u0435 \u043d\u0435\u043e\u0431\u0445\u043e\u0434\u0438\u043c\u043e\u0441\u0442\u0438.<br \/>\u043d\u0435\u0441\u043e\u043e\u0442\u0432\u0435\u0442\u0441\u0442\u0432\u0438\u0435 \u0444\u0430\u043a\u0442\u0438\u0447\u0435\u0441\u043a\u043e\u043c\u0443 \u0441\u043e\u0441\u0442\u043e\u044f\u043d\u0438\u044e, \u0443\u0434\u0430\u043b\u0435\u043d\u0438\u0435, \u043e\u0433\u0440\u0430\u043d\u0438\u0447\u0435\u043d\u0438\u0435 \u043e\u0431\u0440\u0430\u0431\u043e\u0442\u043a\u0438, \u043f\u0440\u0430\u0432\u043e \u043d\u0430 \u043f\u0435\u0440\u0435\u043d\u043e\u0441\u0438\u043c\u043e\u0441\u0442\u044c \u0434\u0430\u043d\u043d\u044b\u0445, \u043f\u0440\u0430\u0432\u043e \u043d\u0430 \u0437\u0430\u0431\u0432\u0435\u043d\u0438\u0435, \u043f\u0440\u0430\u0432\u043e \u043d\u0430 \u0432\u043e\u0437\u0440\u0430\u0436\u0435\u043d\u0438\u0435, \u043f\u0440\u0430\u0432\u043e \u043e\u0442\u043e\u0437\u0432\u0430\u0442\u044c \u0441\u043e\u0433\u043b\u0430\u0441\u0438\u0435 \u0432 \u043b\u044e\u0431\u043e\u0435 \u0432\u0440\u0435\u043c\u044f \u0431\u0435\u0437 \u0443\u0449\u0435\u0440\u0431\u0430 \u0434\u043b\u044f \u0437\u0430\u043a\u043e\u043d\u043d\u043e\u0441\u0442\u0438 \u043e\u0431\u0440\u0430\u0431\u043e\u0442\u043a\u0438 (\u0435\u0441\u043b\u0438 \u043e\u0431\u0440\u0430\u0431\u043e\u0442\u043a\u0430 \u043e\u0441\u043d\u043e\u0432\u0430\u043d\u0430 \u043d\u0430 \u0441\u043e\u0433\u043b\u0430\u0441\u0438\u0438), \u043a\u043e\u0442\u043e\u0440\u0430\u044f \u043e\u0441\u0443\u0449\u0435\u0441\u0442\u0432\u043b\u044f\u043b\u0430\u0441\u044c \u043d\u0430 \u043e\u0441\u043d\u043e\u0432\u0430\u043d\u0438\u0438 \u0441\u043e\u0433\u043b\u0430\u0441\u0438\u044f \u0434\u043e \u0435\u0433\u043e \u043e\u0442\u0437\u044b\u0432\u0430.<\/li><\/ol><ol><li value=\"7\">\u0412\u044b \u0438\u043c\u0435\u0435\u0442\u0435 \u043f\u0440\u0430\u0432\u043e \u043f\u043e\u0434\u0430\u0442\u044c \u0436\u0430\u043b\u043e\u0431\u0443 \u0432 \u0423\u043f\u0440\u0430\u0432\u043b\u0435\u043d\u0438\u0435 \u043f\u043e \u0437\u0430\u0449\u0438\u0442\u0435 \u043f\u0435\u0440\u0441\u043e\u043d\u0430\u043b\u044c\u043d\u044b\u0445 \u0434\u0430\u043d\u043d\u044b\u0445, \u0435\u0441\u043b\u0438 \u0441\u0447\u0438\u0442\u0430\u0435\u0442\u0435, \u0447\u0442\u043e...<br \/>\u041e\u0431\u0440\u0430\u0431\u043e\u0442\u043a\u0430 \u0432\u0430\u0448\u0438\u0445 \u043f\u0435\u0440\u0441\u043e\u043d\u0430\u043b\u044c\u043d\u044b\u0445 \u0434\u0430\u043d\u043d\u044b\u0445 \u043d\u0430\u0440\u0443\u0448\u0430\u0435\u0442 \u043f\u043e\u043b\u043e\u0436\u0435\u043d\u0438\u044f \u041e\u0431\u0449\u0435\u0433\u043e \u0440\u0435\u0433\u043b\u0430\u043c\u0435\u043d\u0442\u0430 \u043f\u043e \u0437\u0430\u0449\u0438\u0442\u0435 \u0434\u0430\u043d\u043d\u044b\u0445.<br \/>\u0437\u0430\u0449\u0438\u0442\u0430 \u0434\u0430\u043d\u043d\u044b\u0445.<\/li><\/ol><ol><li value=\"8\">\u041d\u0430\u043b\u0438\u0447\u0438\u0435 \u0432\u0430\u0448\u0438\u0445 \u043f\u0435\u0440\u0441\u043e\u043d\u0430\u043b\u044c\u043d\u044b\u0445 \u0434\u0430\u043d\u043d\u044b\u0445 \u043d\u0435\u043e\u0431\u0445\u043e\u0434\u0438\u043c\u043e \u0434\u043b\u044f \u0438\u0441\u043f\u043e\u043b\u043d\u0435\u043d\u0438\u044f \u0434\u043e\u0433\u043e\u0432\u043e\u0440\u0430 \u0438\u043b\u0438 \u0432\u044b\u043f\u043e\u043b\u043d\u0435\u043d\u0438\u044f \u043e\u0431\u044f\u0437\u0430\u0442\u0435\u043b\u044c\u0441\u0442\u0432.<br \/>\u0410\u0434\u043c\u0438\u043d\u0438\u0441\u0442\u0440\u0430\u0442\u043e\u0440, \u0441\u043e\u0437\u0434\u0430\u043d\u043d\u044b\u0439 \u043d\u0430 \u043e\u0441\u043d\u043e\u0432\u0430\u043d\u0438\u0438 \u043f\u0440\u0430\u0432\u043e\u0432\u044b\u0445 \u043f\u043e\u043b\u043e\u0436\u0435\u043d\u0438\u0439.<\/li><\/ol><p>\u00a0<\/p>\t\t\t\t\t\t\t\t<\/div>\n\t\t\t\t\t<\/div>\n\t\t<\/div>\n\t\t\t\t\t<\/div>\n\t\t<\/section>\n\t\t\t\t<\/div>","protected":false},"excerpt":{"rendered":"<p>Polityka Bezpiecze\u0144stwa &#8211; klauzula informacyjna RODO Zgodnie z art. 13 ust. 1 i ust. 2 Rozporz\u0105dzenia Parlamentu Europejskiego i Rady (UE) 2016\/679 z dnia 27 kwietnia 2016r. w sprawie ochrony os\u00f3b fizycznych w zwi\u0105zku z przetwarzaniem danych osobowych i w sprawie swobodnego przep\u0142ywu takich danych oraz uchylenia dyrektywy 95\/46\/WE (og\u00f3lne rozporz\u0105dzenie o ochronie danych) informujemy, [&hellip;]<\/p>\n","protected":false},"author":8,"featured_media":0,"parent":0,"menu_order":0,"comment_status":"closed","ping_status":"closed","template":"","meta":{"footnotes":""},"categories":[],"tags":[163,162,164,147,184,183,187,159,74,65,137,181,161,155,157,70,182,149,158,152,160,186,72,185,154,71,129,146,148,140,156,153,144],"class_list":["post-4409","page","type-page","status-publish","hentry","tag-drzwi-pcv-na-wymiar","tag-drzwi-zewnetrzne-pcv","tag-drzwi-zewnetrzne-pcv-cennik","tag-fabryka-okien","tag-firma-okien","tag-firmy-okien","tag-firmy-z-oknami","tag-katalog-okien","tag-monolit","tag-monolit-okna","tag-monolit-producent-okien-i-drzwi-pcv","tag-okna-firmy","tag-okna-online","tag-okna-pcv","tag-okna-pcv-producenci","tag-okna-pcv-producent","tag-okna-plastikowe-producent","tag-okna-producent","tag-okna-zambrow","tag-producenci-okien","tag-producenci-okien-pcv","tag-producent-drzwi-pcv","tag-producent-okien","tag-producent-okien-cennik","tag-producent-okien-i-drzwi","tag-producent-okien-pcv","tag-producent-okien-podlaskie","tag-producent-okna","tag-producent-okna-pcv","tag-produkcja-aluminium","tag-produkcja-okien-pcv","tag-program-czyste-powietrze","tag-zgrzew-v-perfect"],"_links":{"self":[{"href":"https:\/\/monolit-okna.pl\/ru\/wp-json\/wp\/v2\/pages\/4409","targetHints":{"allow":["GET"]}}],"collection":[{"href":"https:\/\/monolit-okna.pl\/ru\/wp-json\/wp\/v2\/pages"}],"about":[{"href":"https:\/\/monolit-okna.pl\/ru\/wp-json\/wp\/v2\/types\/page"}],"author":[{"embeddable":true,"href":"https:\/\/monolit-okna.pl\/ru\/wp-json\/wp\/v2\/users\/8"}],"replies":[{"embeddable":true,"href":"https:\/\/monolit-okna.pl\/ru\/wp-json\/wp\/v2\/comments?post=4409"}],"version-history":[{"count":0,"href":"https:\/\/monolit-okna.pl\/ru\/wp-json\/wp\/v2\/pages\/4409\/revisions"}],"wp:attachment":[{"href":"https:\/\/monolit-okna.pl\/ru\/wp-json\/wp\/v2\/media?parent=4409"}],"wp:term":[{"taxonomy":"category","embeddable":true,"href":"https:\/\/monolit-okna.pl\/ru\/wp-json\/wp\/v2\/categories?post=4409"},{"taxonomy":"post_tag","embeddable":true,"href":"https:\/\/monolit-okna.pl\/ru\/wp-json\/wp\/v2\/tags?post=4409"}],"curies":[{"name":"WP","href":"https:\/\/api.w.org\/{rel}","templated":true}]}}