{"id":4319,"date":"2022-12-06T12:54:13","date_gmt":"2022-12-06T11:54:13","guid":{"rendered":"https:\/\/monolit-okna.pl\/?page_id=4319"},"modified":"2023-09-05T14:14:52","modified_gmt":"2023-09-05T12:14:52","slug":"mdrive","status":"publish","type":"page","link":"https:\/\/monolit-okna.pl\/ru\/okna\/mdrive\/","title":{"rendered":"MDRIVE"},"content":{"rendered":"<div data-elementor-type=\"wp-post\" data-elementor-id=\"4319\" class=\"elementor elementor-4319\" data-elementor-post-type=\"page\">\n\t\t\t\t\t\t<section class=\"elementor-section elementor-top-section elementor-element elementor-element-6d25add9 elementor-section-boxed elementor-section-height-default elementor-section-height-default\" data-id=\"6d25add9\" data-element_type=\"section\">\n\t\t\t\t\t\t<div class=\"elementor-container elementor-column-gap-default\">\n\t\t\t\t\t<div class=\"elementor-column elementor-col-100 elementor-top-column elementor-element elementor-element-548afcbc\" data-id=\"548afcbc\" data-element_type=\"column\" data-settings=\"{&quot;background_background&quot;:&quot;classic&quot;}\">\n\t\t\t<div class=\"elementor-widget-wrap elementor-element-populated\">\n\t\t\t\t\t\t<div class=\"elementor-element elementor-element-3016ef26 elementor-widget elementor-widget-heading\" data-id=\"3016ef26\" data-element_type=\"widget\" data-widget_type=\"heading.default\">\n\t\t\t\t\t<h2 class=\"elementor-heading-title elementor-size-default\">\u0420\u0410\u0417\u0414\u0412\u0418\u0416\u041d\u042b\u0415 \u0421\u0418\u0421\u0422\u0415\u041c\u042b<\/h2>\t\t\t\t<\/div>\n\t\t\t\t\t<\/div>\n\t\t<\/div>\n\t\t\t\t\t<\/div>\n\t\t<\/section>\n\t\t\t\t<section class=\"elementor-section elementor-top-section elementor-element elementor-element-b40dcf2 elementor-section-boxed elementor-section-height-default elementor-section-height-default\" data-id=\"b40dcf2\" data-element_type=\"section\">\n\t\t\t\t\t\t<div class=\"elementor-container elementor-column-gap-default\">\n\t\t\t\t\t<div class=\"elementor-column elementor-col-100 elementor-top-column elementor-element elementor-element-6da2121\" data-id=\"6da2121\" data-element_type=\"column\">\n\t\t\t<div class=\"elementor-widget-wrap\">\n\t\t\t\t\t\t\t<\/div>\n\t\t<\/div>\n\t\t\t\t\t<\/div>\n\t\t<\/section>\n\t\t\t\t<section class=\"elementor-section elementor-top-section elementor-element elementor-element-0f822de elementor-reverse-mobile elementor-section-boxed elementor-section-height-default elementor-section-height-default\" data-id=\"0f822de\" data-element_type=\"section\">\n\t\t\t\t\t\t<div class=\"elementor-container elementor-column-gap-default\">\n\t\t\t\t\t<div class=\"elementor-column elementor-col-50 elementor-top-column elementor-element elementor-element-622bea7\" data-id=\"622bea7\" data-element_type=\"column\">\n\t\t\t<div class=\"elementor-widget-wrap\">\n\t\t\t\t\t\t\t<\/div>\n\t\t<\/div>\n\t\t\t\t<div class=\"elementor-column elementor-col-50 elementor-top-column elementor-element elementor-element-96a6207\" data-id=\"96a6207\" data-element_type=\"column\">\n\t\t\t<div class=\"elementor-widget-wrap elementor-element-populated\">\n\t\t\t\t\t\t<section class=\"elementor-section elementor-inner-section elementor-element elementor-element-f45d737 elementor-section-boxed elementor-section-height-default elementor-section-height-default\" data-id=\"f45d737\" data-element_type=\"section\">\n\t\t\t\t\t\t<div class=\"elementor-container elementor-column-gap-default\">\n\t\t\t\t\t<div class=\"elementor-column elementor-col-50 elementor-inner-column elementor-element elementor-element-3002dc3\" data-id=\"3002dc3\" data-element_type=\"column\">\n\t\t\t<div class=\"elementor-widget-wrap elementor-element-populated\">\n\t\t\t\t\t\t<div class=\"elementor-element elementor-element-f9934c6 elementor-skin-carousel elementor-arrows-yes elementor-pagination-type-bullets elementor-pagination-position-outside elementor-widget elementor-widget-media-carousel\" data-id=\"f9934c6\" data-element_type=\"widget\" data-settings=\"{&quot;slides_per_view&quot;:&quot;1&quot;,&quot;slides_to_scroll&quot;:&quot;1&quot;,&quot;autoplay_speed&quot;:8000,&quot;skin&quot;:&quot;carousel&quot;,&quot;effect&quot;:&quot;slide&quot;,&quot;show_arrows&quot;:&quot;yes&quot;,&quot;pagination&quot;:&quot;bullets&quot;,&quot;speed&quot;:500,&quot;autoplay&quot;:&quot;yes&quot;,&quot;loop&quot;:&quot;yes&quot;,&quot;pause_on_hover&quot;:&quot;yes&quot;,&quot;pause_on_interaction&quot;:&quot;yes&quot;,&quot;space_between&quot;:{&quot;unit&quot;:&quot;px&quot;,&quot;size&quot;:10,&quot;sizes&quot;:[]},&quot;space_between_tablet&quot;:{&quot;unit&quot;:&quot;px&quot;,&quot;size&quot;:10,&quot;sizes&quot;:[]},&quot;space_between_mobile&quot;:{&quot;unit&quot;:&quot;px&quot;,&quot;size&quot;:10,&quot;sizes&quot;:[]}}\" data-widget_type=\"media-carousel.default\">\n\t\t\t\t\t\t\t\t\t\t<div class=\"elementor-main-swiper swiper\" role=\"region\" aria-roledescription=\"carousel\" aria-label=\"\u0421\u043b\u0430\u0439\u0434\u0435\u0440\">\n\t\t\t\t<div class=\"swiper-wrapper\">\n\t\t\t\t\t\t\t\t\t\t\t<div class=\"swiper-slide\" role=\"group\" aria-roledescription=\"slide\">\n\t\t\t\t\t\t\t<a href=\"https:\/\/monolit-okna.pl\/wp-content\/uploads\/2022\/12\/Q-Drive-2-scaled.jpg\" data-elementor-open-lightbox=\"yes\" data-elementor-lightbox-slideshow=\"f9934c6\" data-e-action-hash=\"#elementor-action%3Aaction%3Dlightbox%26settings%3DeyJpZCI6NDMyMSwidXJsIjoiaHR0cHM6XC9cL21vbm9saXQtb2tuYS5wbFwvd3AtY29udGVudFwvdXBsb2Fkc1wvMjAyMlwvMTJcL1EtRHJpdmUtMi1zY2FsZWQuanBnIiwic2xpZGVzaG93IjoiZjk5MzRjNiJ9\">\t\t<div class=\"elementor-carousel-image\" role=\"img\" aria-label=\"Q-Drive\" style=\"background-image: url(&#039;https:\/\/monolit-okna.pl\/wp-content\/uploads\/2022\/12\/Q-Drive-2-scaled.jpg&#039;)\">\n\n\t\t\t\n\t\t\t\t\t<\/div>\n\t\t<\/a>\t\t\t\t\t\t<\/div>\n\t\t\t\t\t\t\t\t\t\t\t<div class=\"swiper-slide\" role=\"group\" aria-roledescription=\"slide\">\n\t\t\t\t\t\t\t<a href=\"https:\/\/monolit-okna.pl\/wp-content\/uploads\/2023\/02\/Q-DRIVE_1.jpg\" data-elementor-open-lightbox=\"yes\" data-elementor-lightbox-slideshow=\"f9934c6\" data-e-action-hash=\"#elementor-action%3Aaction%3Dlightbox%26settings%3DeyJpZCI6NTI5MiwidXJsIjoiaHR0cHM6XC9cL21vbm9saXQtb2tuYS5wbFwvd3AtY29udGVudFwvdXBsb2Fkc1wvMjAyM1wvMDJcL1EtRFJJVkVfMS5qcGciLCJzbGlkZXNob3ciOiJmOTkzNGM2In0%3D\">\t\t<div class=\"elementor-carousel-image\" role=\"img\" aria-label=\"Q-DRIVE_1\" style=\"background-image: url(&#039;https:\/\/monolit-okna.pl\/wp-content\/uploads\/2023\/02\/Q-DRIVE_1.jpg&#039;)\">\n\n\t\t\t\n\t\t\t\t\t<\/div>\n\t\t<\/a>\t\t\t\t\t\t<\/div>\n\t\t\t\t\t\t\t\t\t\t\t<div class=\"swiper-slide\" role=\"group\" aria-roledescription=\"slide\">\n\t\t\t\t\t\t\t\t\t<div class=\"elementor-carousel-image\" role=\"img\" aria-label=\"Q-DRIVE_2\" style=\"background-image: url(&#039;https:\/\/monolit-okna.pl\/wp-content\/uploads\/2023\/02\/Q-DRIVE_2.jpg&#039;)\">\n\n\t\t\t\n\t\t\t\t\t<\/div>\n\t\t\t\t\t\t\t\t<\/div>\n\t\t\t\t\t\t\t\t\t\t\t<div class=\"swiper-slide\" role=\"group\" aria-roledescription=\"slide\">\n\t\t\t\t\t\t\t\t\t<div class=\"elementor-carousel-image\" role=\"img\" aria-label=\"Q-DRIVE_3\" style=\"background-image: url(&#039;https:\/\/monolit-okna.pl\/wp-content\/uploads\/2023\/02\/Q-DRIVE_3.jpg&#039;)\">\n\n\t\t\t\n\t\t\t\t\t<\/div>\n\t\t\t\t\t\t\t\t<\/div>\n\t\t\t\t\t\t\t\t\t<\/div>\n\t\t\t\t\t\t\t\t\t\t\t\t\t\t\t<div class=\"elementor-swiper-button elementor-swiper-button-prev\" role=\"button\" tabindex=\"0\" aria-label=\"\u041f\u0440\u0435\u0434\u0443\u0445\u043e\u0434\u044f\u0449\u0430\u044f\">\n\t\t\t\t\t\t\t<i aria-hidden=\"true\" class=\"eicon-chevron-left\"><\/i>\t\t\t\t\t\t<\/div>\n\t\t\t\t\t\t<div class=\"elementor-swiper-button elementor-swiper-button-next\" role=\"button\" tabindex=\"0\" aria-label=\"\u0421\u043b\u0435\u0434\u0443\u044e\u0449\u0438\u0439\">\n\t\t\t\t\t\t\t<i aria-hidden=\"true\" class=\"eicon-chevron-right\"><\/i>\t\t\t\t\t\t<\/div>\n\t\t\t\t\t\t\t\t\t\t\t\t\t\t\t\t<div class=\"swiper-pagination\"><\/div>\n\t\t\t\t\t\t\t\t\t\t\t\t<\/div>\n\t\t\t\t\t\t\t\t<\/div>\n\t\t\t\t\t<\/div>\n\t\t<\/div>\n\t\t\t\t<div class=\"elementor-column elementor-col-50 elementor-inner-column elementor-element elementor-element-20973e2\" data-id=\"20973e2\" data-element_type=\"column\">\n\t\t\t<div class=\"elementor-widget-wrap elementor-element-populated\">\n\t\t\t\t\t\t<div class=\"elementor-element elementor-element-9958056 elementor-widget elementor-widget-heading\" data-id=\"9958056\" data-element_type=\"widget\" data-widget_type=\"heading.default\">\n\t\t\t\t\t<h1 class=\"elementor-heading-title elementor-size-default\">M-DRIVE<\/h1>\t\t\t\t<\/div>\n\t\t\t\t<div class=\"elementor-element elementor-element-e58395d elementor-widget elementor-widget-eael-adv-tabs\" data-id=\"e58395d\" data-element_type=\"widget\" data-widget_type=\"eael-adv-tabs.default\">\n\t\t\t\t\t        <div data-scroll-on-click=\"no\" data-scroll-speed=\"300\" id=\"eael-advance-tabs-e58395d\" class=\"eael-advance-tabs eael-tabs-horizontal eael-tab-auto-active\" data-tabid=\"e58395d\">\n            <div class=\"eael-tabs-nav\">\n                <ul class=\"eael-tab-inline-icon\" role=\"tablist\">\n                                            <li id=\"cechy\" class=\"active-default eael-tab-item-trigger eael-tab-nav-item\" aria-selected=\"true\" data-tab=\"1\" role=\"tab\" tabindex=\"0\" aria-controls=\"cechy-tab\" aria-expanded=\"false\">\n                            \n                                                        \n                                                            <span class=\"eael-tab-title title-after-icon\" >\u0425\u0430\u0440\u0430\u043a\u0442\u0435\u0440\u0438\u0441\u0442\u0438\u043a\u0438<\/span>                            \n                                                    <\/li>\n                                            <li id=\"opis\" class=\"eael-tab-item-trigger eael-tab-nav-item\" aria-selected=\"false\" data-tab=\"2\" role=\"tab\" tabindex=\"-1\" aria-controls=\"opis-tab\" aria-expanded=\"false\">\n                            \n                                                        \n                                                            <span class=\"eael-tab-title title-after-icon\" >\u041e\u043f\u0438\u0441\u0430\u043d\u0438\u0435<\/span>                            \n                                                    <\/li>\n                                            <li id=\"kolorystyka\" class=\"inactive eael-tab-item-trigger eael-tab-nav-item\" aria-selected=\"false\" data-tab=\"3\" role=\"tab\" tabindex=\"-1\" aria-controls=\"kolorystyka-tab\" aria-expanded=\"false\">\n                            \n                                                        \n                                                            <span class=\"eael-tab-title title-after-icon\" >\u0426\u0432\u0435\u0442\u0430<\/span>                            \n                                                    <\/li>\n                                            <li id=\"do-pobrania\" class=\"inactive eael-tab-item-trigger eael-tab-nav-item\" aria-selected=\"false\" data-tab=\"4\" role=\"tab\" tabindex=\"-1\" aria-controls=\"do-pobrania-tab\" aria-expanded=\"false\">\n                            \n                                                        \n                                                            <span class=\"eael-tab-title title-after-icon\" >\u0421\u041a\u0410\u0427\u0410\u0422\u042c<\/span>                            \n                                                    <\/li>\n                                    <\/ul>\n            <\/div>\n            \n            <div class=\"eael-tabs-content\">\n\t\t        \n                    <div id=\"cechy-tab\" class=\"clearfix eael-tab-content-item active-default\" data-title-link=\"cechy-tab\">\n\t\t\t\t        <p>\t\t<div data-elementor-type=\"page\" data-elementor-id=\"4311\" class=\"elementor elementor-4311\" data-elementor-post-type=\"elementor_library\">\n\t\t\t\t\t\t<section class=\"elementor-section elementor-top-section elementor-element elementor-element-42ed8fa listacechy elementor-section-boxed elementor-section-height-default elementor-section-height-default\" data-id=\"42ed8fa\" data-element_type=\"section\">\n\t\t\t\t\t\t<div class=\"elementor-container elementor-column-gap-default\">\n\t\t\t\t\t<div class=\"elementor-column elementor-col-100 elementor-top-column elementor-element elementor-element-59dd1b3\" data-id=\"59dd1b3\" data-element_type=\"column\">\n\t\t\t<div class=\"elementor-widget-wrap elementor-element-populated\">\n\t\t\t\t\t\t<div class=\"elementor-element elementor-element-e7de1f6 elementor-widget elementor-widget-text-editor\" data-id=\"e7de1f6\" data-element_type=\"widget\" data-widget_type=\"text-editor.default\">\n\t\t\t\t\t\t\t\t\t<ul><li>\u043c\u043e\u043d\u0442\u0430\u0436\u043d\u0430\u044f \u0433\u043b\u0443\u0431\u0438\u043d\u0430 \u0441\u0442\u0432\u043e\u0440\u043a\u0438 \u2014 80 \u043c\u043c<\/li><li>\u043c\u043e\u043d\u0442\u0430\u0436\u043d\u0430\u044f \u0433\u043b\u0443\u0431\u0438\u043d\u0430 \u0440\u0430\u043c\u044b \u2014 190 \u043c\u043c<\/li><li>\u0432\u044b\u0441\u043e\u0442\u0430 \u0441\u043b\u043e\u0436\u0435\u043d\u0438\u044f: \u0440\u0430\u043c\u0430+\u0441\u0442\u0432\u043e\u0440\u043a\u0430 \u2013 180 \u043c\u043c, \u0441\u0442\u0432\u043e\u0440\u043a\u0430+\u043f\u043e\u0440\u043e\u0433 \u2013 152 \u043c\u043c<\/li><li>\u0432\u043e\u0437\u043c\u043e\u0436\u043d\u043e\u0441\u0442\u044c \u043e\u0441\u0442\u0435\u043a\u043b\u0435\u043d\u0438\u044f \u043f\u0430\u043a\u0435\u0442\u0430\u043c\u0438 \u0434\u043e 51 \u043c\u043c<\/li><li>\u0442\u0435\u043f\u043b\u044b\u0439 \u0438 \u0441\u0442\u0430\u0431\u0438\u043b\u044c\u043d\u044b\u0439 \u043c\u043d\u043e\u0433\u043e\u043a\u0430\u043c\u0435\u0440\u043d\u044b\u0439 \u043f\u043e\u0440\u043e\u0433<\/li><li>\u0432\u043e\u0437\u043c\u043e\u0436\u043d\u043e\u0441\u0442\u044c \u0432\u044b\u043f\u043e\u043b\u043d\u0435\u043d\u0438\u044f \u0441\u0445\u0435\u043c\u044b  A, K<\/li><li>\u0437\u0430\u0449\u0438\u0442\u0430 \u043e\u0442 \u0432\u0437\u043b\u043e\u043c\u0430 \u0434\u043e \u043a\u043b\u0430\u0441\u0441\u0430 RC2<\/li><\/ul>\t\t\t\t\t\t\t\t<\/div>\n\t\t\t\t\t<\/div>\n\t\t<\/div>\n\t\t\t\t\t<\/div>\n\t\t<\/section>\n\t\t\t\t<\/div>\n\t\t<\/p>                    <\/div>\n\t\t        \n                    <div id=\"opis-tab\" class=\"clearfix eael-tab-content-item\" data-title-link=\"opis-tab\">\n\t\t\t\t        <p>\u041e\u0441\u043d\u043e\u0432\u043d\u044b\u0435 \u043f\u0440\u043e\u0435\u043a\u0442\u043d\u044b\u0435 \u043f\u0440\u0435\u0434\u043f\u043e\u043b\u043e\u0436\u0435\u043d\u0438\u044f, \u043a\u043e\u0442\u043e\u0440\u044b\u043c\u0438 \u0440\u0443\u043a\u043e\u0432\u043e\u0434\u0441\u0442\u0432\u043e\u0432\u0430\u043b\u0438\u0441\u044c \u0438\u043d\u0436\u0435\u043d\u0435\u0440\u044b. <br \/>\u041f\u0440\u0438 \u0441\u043e\u0437\u0434\u0430\u043d\u0438\u0438 \u044d\u0442\u043e\u0433\u043e \u043f\u0440\u043e\u0434\u0443\u043a\u0442\u0430 \u043c\u044b \u0441\u0442\u0440\u0435\u043c\u0438\u043b\u0438\u0441\u044c \u0434\u043e\u0441\u0442\u0438\u0447\u044c \u043c\u0430\u043a\u0441\u0438\u043c\u0430\u043b\u044c\u043d\u043e\u0433\u043e \u0440\u0435\u0437\u0443\u043b\u044c\u0442\u0430\u0442\u0430. <br \/>\u044d\u0444\u0444\u0435\u043a\u0442\u0438\u0432\u043d\u043e\u0441\u0442\u044c \u043f\u0440\u0438 \u043c\u0430\u043a\u0441\u0438\u043c\u0430\u043b\u044c\u043d\u043e\u043c \u0443\u043f\u0440\u043e\u0449\u0435\u043d\u0438\u0438 \u043f\u0440\u043e\u0438\u0437\u0432\u043e\u0434\u0441\u0442\u0432\u0430, \u0438, \u0441\u043b\u0435\u0434\u043e\u0432\u0430\u0442\u0435\u043b\u044c\u043d\u043e, <br \/>\u043f\u0440\u0438 \u044d\u0442\u043e\u043c \u043c\u0438\u043d\u0438\u043c\u0438\u0437\u0438\u0440\u0443\u044f \u043a\u043e\u043b\u0438\u0447\u0435\u0441\u0442\u0432\u043e \u043a\u043e\u043c\u043f\u043e\u043d\u0435\u043d\u0442\u043e\u0432 \u0441\u0438\u0441\u0442\u0435\u043c\u044b. <br \/>\u0422\u0430\u043a \u0441\u043e\u0437\u0434\u0430\u0432\u0430\u043b\u0430\u0441\u044c \u043f\u043e\u0434\u044a\u0435\u043c\u043d\u043e-\u0440\u0430\u0437\u0434\u0432\u0438\u0436\u043d\u0430\u044f \u0434\u0432\u0435\u0440\u044c HS M-Drive. \u041e\u0441\u043d\u043e\u0432\u043d\u044b\u0435 \u044d\u043b\u0435\u043c\u0435\u043d\u0442\u044b: \u0440\u0430\u043c\u0430 \u0441\u043e \u0432\u0441\u0442\u0440\u043e\u0435\u043d\u043d\u043e\u0439 \u0433\u043b\u0443\u0431\u0438\u043d\u043e\u0439. <br \/>190 \u043c\u043c \u0441\u043e \u0441\u0442\u0430\u043b\u044c\u043d\u044b\u043c \u0443\u0441\u0438\u043b\u0435\u043d\u0438\u0435\u043c, \u043a\u043e\u0442\u043e\u0440\u043e\u0435 \u0432 \u0432\u0435\u0440\u0441\u0438\u0438 Therm \u0441\u043e\u0441\u0442\u0430\u0432\u043b\u044f\u0435\u0442 <br \/>\u0434\u043e\u043f\u043e\u043b\u043d\u0438\u0442\u0435\u043b\u044c\u043d\u043e \u043e\u0441\u043d\u0430\u0449\u0435\u043d\u043e \u0442\u0435\u0440\u043c\u043e\u043d\u0430\u043f\u043e\u043b\u043d\u0438\u0442\u0435\u043b\u0435\u043c \u0438 \u043f\u0440\u043e\u0444\u0438\u043b\u0435\u043c \u0441\u0442\u0432\u043e\u0440\u043a\u0438. <br \/>\u0441 \u0433\u043b\u0443\u0431\u0438\u043d\u043e\u0439 \u0443\u0441\u0442\u0430\u043d\u043e\u0432\u043a\u0438 80 \u043c\u043c. \u0421\u0438\u0441\u0442\u0435\u043c\u0430 \u0434\u043e\u043f\u043e\u043b\u043d\u044f\u0435\u0442\u0441\u044f \u0447\u0440\u0435\u0437\u0432\u044b\u0447\u0430\u0439\u043d\u043e &quot;\u0442\u0435\u043f\u043b\u044b\u043c&quot; \u044d\u0444\u0444\u0435\u043a\u0442\u043e\u043c. <br \/>\u043f\u043e\u0440\u043e\u0433\u043e\u0432\u043e\u0435 \u0437\u043d\u0430\u0447\u0435\u043d\u0438\u0435 \u0434\u043b\u044f \u043c\u043d\u043e\u0433\u043e\u043a\u0430\u043c\u0435\u0440\u043d\u043e\u0439 \u0441\u0438\u0441\u0442\u0435\u043c\u044b<\/p>                    <\/div>\n\t\t        \n                    <div id=\"kolorystyka-tab\" class=\"clearfix eael-tab-content-item inactive\" data-title-link=\"kolorystyka-tab\">\n\t\t\t\t        <p>\u0414\u0432\u0435\u0440\u0438 HS M-Drive \u0434\u043e\u0441\u0442\u0443\u043f\u043d\u044b \u0432 \u043f\u043e\u043b\u043d\u043e\u0439 \u0446\u0432\u0435\u0442\u043e\u0432\u043e\u0439 \u0433\u0430\u043c\u043c\u0435 \u043f\u043b\u0435\u043d\u043e\u0447\u043d\u043e\u0433\u043e \u043f\u043e\u043a\u0440\u044b\u0442\u0438\u044f. <br \/>\u0434\u0435\u043a\u043e\u0440\u0430\u0442\u0438\u0432\u043d\u044b\u0435, \u0438\u0441\u043f\u043e\u043b\u044c\u0437\u0443\u0435\u043c\u044b\u0435 \u0432 \u043f\u0440\u043e\u0444\u0438\u043b\u044f\u0445 \u0438\u0437\u0432\u0435\u0441\u0442\u043d\u044b\u0445 \u0431\u0440\u0435\u043d\u0434\u043e\u0432<\/p>                    <\/div>\n\t\t        \n                    <div id=\"do-pobrania-tab\" class=\"clearfix eael-tab-content-item inactive\" data-title-link=\"do-pobrania-tab\">\n\t\t\t\t        <p>\t\t<div data-elementor-type=\"page\" data-elementor-id=\"4323\" class=\"elementor elementor-4323\" data-elementor-post-type=\"elementor_library\">\n\t\t\t\t\t\t<section class=\"elementor-section elementor-top-section elementor-element elementor-element-e0d030d elementor-section-full_width elementor-section-height-default elementor-section-height-default\" data-id=\"e0d030d\" data-element_type=\"section\">\n\t\t\t\t\t\t<div class=\"elementor-container elementor-column-gap-default\">\n\t\t\t\t\t<div class=\"elementor-column elementor-col-50 elementor-top-column elementor-element elementor-element-ad4c18a\" data-id=\"ad4c18a\" data-element_type=\"column\">\n\t\t\t<div class=\"elementor-widget-wrap elementor-element-populated\">\n\t\t\t\t\t\t<div class=\"elementor-element elementor-element-1347c43 elementor-widget__width-inherit elementor-widget elementor-widget-text-editor\" data-id=\"1347c43\" data-element_type=\"widget\" data-widget_type=\"text-editor.default\">\n\t\t\t\t\t\t\t\t\t<p>\u041a\u0410\u0422\u0410\u041b\u041e\u0413 \u041f\u0420\u041e\u0414\u0423\u041a\u0426\u0418\u0418 \/ \u041f\u0420\u0410\u0419\u0421-\u041b\u0418\u0421\u0422<\/p>\t\t\t\t\t\t\t\t<\/div>\n\t\t\t\t\t<\/div>\n\t\t<\/div>\n\t\t\t\t<div class=\"elementor-column elementor-col-50 elementor-top-column elementor-element elementor-element-9eb977c\" data-id=\"9eb977c\" data-element_type=\"column\">\n\t\t\t<div class=\"elementor-widget-wrap elementor-element-populated\">\n\t\t\t\t\t\t<div class=\"elementor-element elementor-element-0a82403 elementor-widget elementor-widget-image\" data-id=\"0a82403\" data-element_type=\"widget\" data-widget_type=\"image.default\">\n\t\t\t\t\t\t\t\t\t\t\t\t<figure class=\"wp-caption\">\n\t\t\t\t\t\t\t\t\t\t\t<a href=\"https:\/\/monolit-okna.pl\/wp-content\/uploads\/2022\/12\/prezentacja_Q-Drive_Q-Slide-1.pdf\" target=\"_blank\" rel=\"nofollow\">\n\t\t\t\t\t\t\t<img decoding=\"async\" src=\"https:\/\/monolit-okna.pl\/wp-content\/uploads\/elementor\/thumbs\/pobierz-ikona-q8j7ujx8isx1tpak13hf1997do1rk84bsf3u49fcbo.jpg\" title=\"\u0438\u043a\u043e\u043d\u043a\u0430 \u0437\u0430\u0433\u0440\u0443\u0437\u043a\u0438\" alt=\"\u0438\u043a\u043e\u043d\u043a\u0430 \u0437\u0430\u0433\u0440\u0443\u0437\u043a\u0438\" loading=\"lazy\" \/>\t\t\t\t\t\t\t\t<\/a>\n\t\t\t\t\t\t\t\t\t\t\t<figcaption class=\"widget-image-caption wp-caption-text\">\u0421\u041a\u0410\u0427\u0410\u0422\u042c &gt;&gt;&gt;<\/figcaption>\n\t\t\t\t\t\t\t\t\t\t<\/figure>\n\t\t\t\t\t\t\t\t\t<\/div>\n\t\t\t\t<div class=\"elementor-element elementor-element-e07ab1a elementor-position-top elementor-view-default elementor-mobile-position-top elementor-widget elementor-widget-icon-box\" data-id=\"e07ab1a\" data-element_type=\"widget\" data-widget_type=\"icon-box.default\">\n\t\t\t\t\t\t\t<div class=\"elementor-icon-box-wrapper\">\n\n\t\t\t\t\t\t<div class=\"elementor-icon-box-icon\">\n\t\t\t\t<a href=\"https:\/\/monolit-okna.pl\/wp-content\/uploads\/2022\/12\/prezentacja_Q-Drive_Q-Slide-1.pdf\" target=\"_blank\" class=\"elementor-icon\" tabindex=\"-1\" aria-label=\"\u043f\u0440\u043e\u0441\u043c\u043e\u0442\u0440 \u043e\u043d\u043b\u0430\u0439\u043d\">\n\t\t\t\t<i aria-hidden=\"true\" class=\"fas fa-book-open\"><\/i>\t\t\t\t<\/a>\n\t\t\t<\/div>\n\t\t\t\n\t\t\t\t\t\t<div class=\"elementor-icon-box-content\">\n\n\t\t\t\t\t\t\t\t\t<h3 class=\"elementor-icon-box-title\">\n\t\t\t\t\t\t<a href=\"https:\/\/monolit-okna.pl\/wp-content\/uploads\/2022\/12\/prezentacja_Q-Drive_Q-Slide-1.pdf\" target=\"_blank\" >\n\t\t\t\t\t\t\t\u043f\u0440\u043e\u0441\u043c\u043e\u0442\u0440 \u043e\u043d\u043b\u0430\u0439\u043d\t\t\t\t\t\t<\/a>\n\t\t\t\t\t<\/h3>\n\t\t\t\t\n\t\t\t\t\n\t\t\t<\/div>\n\t\t\t\n\t\t<\/div>\n\t\t\t\t\t\t<\/div>\n\t\t\t\t\t<\/div>\n\t\t<\/div>\n\t\t\t\t\t<\/div>\n\t\t<\/section>\n\t\t\t\t<\/div>\n\t\t<\/p>                    <\/div>\n\t\t                    <\/div>\n        <\/div>\n\t\t\t\t<\/div>\n\t\t\t\t\t<\/div>\n\t\t<\/div>\n\t\t\t\t\t<\/div>\n\t\t<\/section>\n\t\t\t\t\t<\/div>\n\t\t<\/div>\n\t\t\t\t\t<\/div>\n\t\t<\/section>\n\t\t\t\t<\/div>","protected":false},"excerpt":{"rendered":"<p>SYSTEMY PRZESUWNE Previous Next M-DRIVE Cechy Opis Kolorystyka Do pobrania g\u0142\u0119boko\u015b\u0107 zabudowy skrzyd\u0142a 80 mm g\u0142\u0119boko\u015b\u0107 zabudowy ramy 190 mm wysoko\u015b\u0107 z\u0142o\u017cenia: rama+skrzyd\u0142o \u2013 180 mm, skrzyd\u0142o+pr\u00f3g \u2013 152 mm mo\u017cliwo\u015b\u0107 szklenia pakietami do 51 mm ciep\u0142y i stabilny wielokomorowy pr\u00f3g mo\u017cliwe do wykonania schematy A, K zabezpieczenie antyw\u0142amaniowe do klasy RC2 G\u0142\u00f3wnymi za\u0142o\u017ceniami projektowymi, [&hellip;]<\/p>\n","protected":false},"author":8,"featured_media":4321,"parent":281,"menu_order":0,"comment_status":"closed","ping_status":"closed","template":"elementor_header_footer","meta":{"footnotes":""},"categories":[],"tags":[163,162,164,147,184,183,187,159,74,65,137,181,161,155,157,70,182,149,158,152,160,186,72,185,154,71,129,146,148,140,156,153,144],"class_list":["post-4319","page","type-page","status-publish","has-post-thumbnail","hentry","tag-drzwi-pcv-na-wymiar","tag-drzwi-zewnetrzne-pcv","tag-drzwi-zewnetrzne-pcv-cennik","tag-fabryka-okien","tag-firma-okien","tag-firmy-okien","tag-firmy-z-oknami","tag-katalog-okien","tag-monolit","tag-monolit-okna","tag-monolit-producent-okien-i-drzwi-pcv","tag-okna-firmy","tag-okna-online","tag-okna-pcv","tag-okna-pcv-producenci","tag-okna-pcv-producent","tag-okna-plastikowe-producent","tag-okna-producent","tag-okna-zambrow","tag-producenci-okien","tag-producenci-okien-pcv","tag-producent-drzwi-pcv","tag-producent-okien","tag-producent-okien-cennik","tag-producent-okien-i-drzwi","tag-producent-okien-pcv","tag-producent-okien-podlaskie","tag-producent-okna","tag-producent-okna-pcv","tag-produkcja-aluminium","tag-produkcja-okien-pcv","tag-program-czyste-powietrze","tag-zgrzew-v-perfect"],"_links":{"self":[{"href":"https:\/\/monolit-okna.pl\/ru\/wp-json\/wp\/v2\/pages\/4319","targetHints":{"allow":["GET"]}}],"collection":[{"href":"https:\/\/monolit-okna.pl\/ru\/wp-json\/wp\/v2\/pages"}],"about":[{"href":"https:\/\/monolit-okna.pl\/ru\/wp-json\/wp\/v2\/types\/page"}],"author":[{"embeddable":true,"href":"https:\/\/monolit-okna.pl\/ru\/wp-json\/wp\/v2\/users\/8"}],"replies":[{"embeddable":true,"href":"https:\/\/monolit-okna.pl\/ru\/wp-json\/wp\/v2\/comments?post=4319"}],"version-history":[{"count":0,"href":"https:\/\/monolit-okna.pl\/ru\/wp-json\/wp\/v2\/pages\/4319\/revisions"}],"up":[{"embeddable":true,"href":"https:\/\/monolit-okna.pl\/ru\/wp-json\/wp\/v2\/pages\/281"}],"wp:featuredmedia":[{"embeddable":true,"href":"https:\/\/monolit-okna.pl\/ru\/wp-json\/wp\/v2\/media\/4321"}],"wp:attachment":[{"href":"https:\/\/monolit-okna.pl\/ru\/wp-json\/wp\/v2\/media?parent=4319"}],"wp:term":[{"taxonomy":"category","embeddable":true,"href":"https:\/\/monolit-okna.pl\/ru\/wp-json\/wp\/v2\/categories?post=4319"},{"taxonomy":"post_tag","embeddable":true,"href":"https:\/\/monolit-okna.pl\/ru\/wp-json\/wp\/v2\/tags?post=4319"}],"curies":[{"name":"WP","href":"https:\/\/api.w.org\/{rel}","templated":true}]}}