{"id":3576,"date":"2022-08-05T12:02:21","date_gmt":"2022-08-05T10:02:21","guid":{"rendered":"https:\/\/monolit-okna.pl\/?page_id=3576"},"modified":"2023-09-05T14:26:09","modified_gmt":"2023-09-05T12:26:09","slug":"regulamin","status":"publish","type":"page","link":"https:\/\/monolit-okna.pl\/ru\/regulamin\/","title":{"rendered":"\u041f\u0440\u0430\u0432\u0438\u043b\u0430"},"content":{"rendered":"<div data-elementor-type=\"wp-page\" data-elementor-id=\"3576\" class=\"elementor elementor-3576\" data-elementor-post-type=\"page\">\n\t\t\t\t\t\t<section class=\"elementor-section elementor-top-section elementor-element elementor-element-5991b5e0 elementor-section-boxed elementor-section-height-default elementor-section-height-default\" data-id=\"5991b5e0\" data-element_type=\"section\">\n\t\t\t\t\t\t<div class=\"elementor-container elementor-column-gap-default\">\n\t\t\t\t\t<div class=\"elementor-column elementor-col-100 elementor-top-column elementor-element elementor-element-47544bc9\" data-id=\"47544bc9\" data-element_type=\"column\">\n\t\t\t<div class=\"elementor-widget-wrap elementor-element-populated\">\n\t\t\t\t\t\t<div class=\"elementor-element elementor-element-40f89d5 elementor-widget elementor-widget-text-editor\" data-id=\"40f89d5\" data-element_type=\"widget\" data-widget_type=\"text-editor.default\">\n\t\t\t\t\t\t\t\t\t<h1>\u0421\u0422\u0410\u0422\u0423\u0422<\/h1>\n<h2>\u041e\u0441\u043d\u043e\u0432\u043d\u044b\u0435 \u043f\u043e\u043b\u043e\u0436\u0435\u043d\u0438\u044f<\/h2>\n\u042d\u0442\u043e\u0442 \u0432\u0435\u0431-\u0441\u0430\u0439\u0442 \u043d\u0430\u0445\u043e\u0434\u0438\u0442\u0441\u044f \u0432 \u0432\u0435\u0434\u0435\u043d\u0438\u0438 MONOLIT \u041c\u0438\u0445\u0430\u043b\u0430 \u0413\u043e\u0434\u043b\u0435\u0432\u0441\u043a\u043e\u0433\u043e, \u0431\u0430\u0437\u0438\u0440\u0443\u044e\u0449\u0435\u0433\u043e\u0441\u044f \u0432 \u0417\u0430\u043c\u0431\u0440\u0443\u0432\u0435 18-300, \u0443\u043b. \u0421\u0442\u0448\u0435\u043b\u044c\u043d\u0438\u0447\u0430 12 \u041d\u0418\u041f 723-154-22-65 (\u0434\u0430\u043b\u0435\u0435 \u0441\u043e\u0431\u0441\u0442\u0432\u0435\u043d\u043d\u0438\u043a)\n\n\u041d\u0430\u0441\u0442\u043e\u044f\u0449\u0438\u0435 \u043f\u0440\u0430\u0432\u0438\u043b\u0430 \u0441\u0430\u0439\u0442\u0430 www.monolit-okna.pl (\u0434\u0430\u043b\u0435\u0435 \u00ab\u041f\u0440\u0430\u0432\u0438\u043b\u0430\u00bb) \u043e\u043f\u0440\u0435\u0434\u0435\u043b\u044f\u044e\u0442 \u0443\u0441\u043b\u043e\u0432\u0438\u044f \u0438\u0441\u043f\u043e\u043b\u044c\u0437\u043e\u0432\u0430\u043d\u0438\u044f \u0441\u0430\u0439\u0442\u0430 www.monolit-okna.pl (\u0434\u0430\u043b\u0435\u0435 \u00ab\u0421\u0430\u0439\u0442\u00bb), \u0430 \u0442\u0430\u043a\u0436\u0435 \u043f\u0440\u0430\u0432\u0430 \u0438 \u043e\u0431\u044f\u0437\u0430\u043d\u043d\u043e\u0441\u0442\u0438 \u0432\u043b\u0430\u0434\u0435\u043b\u0435\u0446 \u0438 \u043f\u043e\u043b\u044c\u0437\u043e\u0432\u0430\u0442\u0435\u043b\u0438 \u0441\u0430\u0439\u0442\u0430.\n\n\u0417\u0430\u0445\u043e\u0434\u044f \u043d\u0430 \u044d\u0442\u043e\u0442 \u0432\u0435\u0431-\u0441\u0430\u0439\u0442, \u0432\u044b \u043f\u0440\u0438\u043d\u0438\u043c\u0430\u0435\u0442\u0435 \u043e\u0431\u044f\u0437\u0430\u0442\u0435\u043b\u044c\u043d\u044b\u0439 \u0445\u0430\u0440\u0430\u043a\u0442\u0435\u0440 \u043d\u0430\u0441\u0442\u043e\u044f\u0449\u0435\u0433\u043e \u043e\u0444\u0438\u0446\u0438\u0430\u043b\u044c\u043d\u043e\u0433\u043e \u0443\u0432\u0435\u0434\u043e\u043c\u043b\u0435\u043d\u0438\u044f. \u041f\u043e\u043b\u044c\u0437\u043e\u0432\u0430\u0442\u0435\u043b\u044f, \u043d\u0435 \u0441\u043e\u0433\u043b\u0430\u0441\u0438\u0432\u0448\u0435\u0433\u043e\u0441\u044f \u0441\u043e\u0431\u043b\u044e\u0434\u0430\u0442\u044c \u043f\u043e\u043b\u043e\u0436\u0435\u043d\u0438\u044f \u0434\u0430\u043d\u043d\u043e\u0439 \u0438\u043d\u0444\u043e\u0440\u043c\u0430\u0446\u0438\u0438, \u043f\u0440\u043e\u0441\u044f\u0442 \u043d\u0435 \u0438\u0441\u043f\u043e\u043b\u044c\u0437\u043e\u0432\u0430\u0442\u044c \u0441\u0430\u0439\u0442.\n\n<\/=h2>\u041f\u0440\u0430\u0432\u0430 \u0438\u043d\u0442\u0435\u043b\u043b\u0435\u043a\u0442\u0443\u0430\u043b\u044c\u043d\u043e\u0439 \u0441\u043e\u0431\u0441\u0442\u0432\u0435\u043d\u043d\u043e\u0441\u0442\u0438<\/h2>\n\u0412\u0435\u0441\u044c \u043a\u043e\u043d\u0442\u0435\u043d\u0442, \u0440\u0430\u0437\u043c\u0435\u0449\u0435\u043d\u043d\u044b\u0439 \u043d\u0430 \u0441\u0430\u0439\u0442\u0435 www.monolit-okna.pl, \u0437\u0430\u0449\u0438\u0449\u0435\u043d \u0430\u0432\u0442\u043e\u0440\u0441\u043a\u0438\u043c \u043f\u0440\u0430\u0432\u043e\u043c \u0438 \u044f\u0432\u043b\u044f\u0435\u0442\u0441\u044f \u0441\u043e\u0431\u0441\u0442\u0432\u0435\u043d\u043d\u043e\u0441\u0442\u044c\u044e \u044d\u0442\u043e\u0433\u043e \u0441\u0430\u0439\u0442\u0430. \u041f\u043e\u0441\u0435\u0442\u0438\u0442\u0435\u043b\u044c \u043d\u0435\u0441\u0435\u0442 \u043f\u043e\u043b\u043d\u0443\u044e \u043e\u0442\u0432\u0435\u0442\u0441\u0442\u0432\u0435\u043d\u043d\u043e\u0441\u0442\u044c \u0437\u0430 \u043b\u044e\u0431\u043e\u0439 \u0443\u0449\u0435\u0440\u0431, \u043f\u0440\u0438\u0447\u0438\u043d\u0435\u043d\u043d\u044b\u0439 \u0432\u043b\u0430\u0434\u0435\u043b\u044c\u0446\u0443 \u0432 \u0440\u0435\u0437\u0443\u043b\u044c\u0442\u0430\u0442\u0435 \u0438\u0441\u043f\u043e\u043b\u044c\u0437\u043e\u0432\u0430\u043d\u0438\u044f \u043b\u044e\u0431\u043e\u0433\u043e \u0441\u043e\u0434\u0435\u0440\u0436\u0438\u043c\u043e\u0433\u043e \u0441\u0430\u0439\u0442\u0430 www.monolit-okna.pl \u0431\u0435\u0437 \u044f\u0432\u043d\u043e\u0433\u043e \u0441\u043e\u0433\u043b\u0430\u0441\u0438\u044f. \u0418\u0441\u043f\u043e\u043b\u044c\u0437\u043e\u0432\u0430\u043d\u0438\u0435 \u043a\u0435\u043c-\u043b\u0438\u0431\u043e, \u0431\u0435\u0437 \u044f\u0432\u043d\u043e\u0433\u043e \u043f\u0438\u0441\u044c\u043c\u0435\u043d\u043d\u043e\u0433\u043e \u0441\u043e\u0433\u043b\u0430\u0441\u0438\u044f \u0432\u043b\u0430\u0434\u0435\u043b\u044c\u0446\u0430 \u0441\u0430\u0439\u0442\u0430, \u043b\u044e\u0431\u043e\u0433\u043e \u0438\u0437 \u044d\u043b\u0435\u043c\u0435\u043d\u0442\u043e\u0432, \u0441\u043e\u0441\u0442\u0430\u0432\u043b\u044f\u044e\u0449\u0438\u0445 \u0441\u043e\u0434\u0435\u0440\u0436\u0430\u043d\u0438\u0435 \u0441\u0430\u0439\u0442\u0430 www.monolit-okna.pl (\u043a\u0440\u043e\u043c\u0435 \u0432\u043a\u043b\u0430\u0434\u043a\u0438 \u00ab\u0421\u041a\u0410\u0427\u0410\u0422\u042c\u00bb), \u044f\u0432\u043b\u044f\u0435\u0442\u0441\u044f \u043d\u0430\u0440\u0443\u0448\u0435\u043d\u0438\u0435\u043c \u0430\u0432\u0442\u043e\u0440\u0441\u043a\u0438\u0445 \u043f\u0440\u0430\u0432 \u0412\u043b\u0430\u0434\u0435\u043b\u044c\u0446\u0430 \u0438 \u0432\u043b\u0435\u0447\u0435\u0442 \u0437\u0430 \u0441\u043e\u0431\u043e\u0439 \u0433\u0440\u0430\u0436\u0434\u0430\u043d\u0441\u043a\u0430\u044f \u0438 \u0443\u0433\u043e\u043b\u043e\u0432\u043d\u0430\u044f \u043e\u0442\u0432\u0435\u0442\u0441\u0442\u0432\u0435\u043d\u043d\u043e\u0441\u0442\u044c.\n\n\u041f\u043e\u043b\u044c\u0437\u043e\u0432\u0430\u0442\u0435\u043b\u044c \u0441\u0430\u0439\u0442\u0430 \u043c\u043e\u0436\u0435\u0442 \u0440\u0430\u0441\u043f\u0435\u0447\u0430\u0442\u044b\u0432\u0430\u0442\u044c, \u0441\u043a\u0430\u0447\u0438\u0432\u0430\u0442\u044c \u0438 \u043f\u0435\u0440\u0435\u0434\u0430\u0432\u0430\u0442\u044c \u0434\u0440\u0443\u0433\u0438\u043c \u043b\u0438\u0446\u0430\u043c \u043c\u0430\u0442\u0435\u0440\u0438\u0430\u043b\u044b, \u0440\u0430\u0437\u043c\u0435\u0449\u0435\u043d\u043d\u044b\u0435 \u043d\u0430 \u0441\u0430\u0439\u0442\u0435, \u0442\u043e\u043b\u044c\u043a\u043e \u0432\u043e \u0432\u043a\u043b\u0430\u0434\u043a\u0435 \u0421\u041a\u0410\u0427\u0410\u0422\u042c, \u043f\u0440\u0438 \u0443\u0441\u043b\u043e\u0432\u0438\u0438, \u0447\u0442\u043e \u043e\u043d \u0434\u0435\u043b\u0430\u0435\u0442 \u044d\u0442\u043e \u0442\u043e\u043b\u044c\u043a\u043e \u0432 \u0438\u043d\u0444\u043e\u0440\u043c\u0430\u0446\u0438\u043e\u043d\u043d\u044b\u0445 \u0446\u0435\u043b\u044f\u0445 \u0438\u043b\u0438 \u0432 \u0438\u043d\u044b\u0445 \u0446\u0435\u043b\u044f\u0445, \u0440\u0430\u0437\u0440\u0435\u0448\u0435\u043d\u043d\u044b\u0445 \u0434\u0435\u0439\u0441\u0442\u0432\u0443\u044e\u0449\u0438\u043c \u0437\u0430\u043a\u043e\u043d\u043e\u0434\u0430\u0442\u0435\u043b\u044c\u0441\u0442\u0432\u043e\u043c.\n\n&nbsp;\n<h2>\u041e\u0442\u0432\u0435\u0442\u0441\u0442\u0432\u0435\u043d\u043d\u043e\u0441\u0442\u044c \u0437\u0430 \u0441\u043e\u0434\u0435\u0440\u0436\u0430\u043d\u0438\u0435 \u0441\u0430\u0439\u0442\u0430<\/h2>\n\u042d\u0442\u043e\u0442 \u0432\u0435\u0431-\u0441\u0430\u0439\u0442 \u0438 \u0441\u043e\u0434\u0435\u0440\u0436\u0430\u0449\u0438\u0439\u0441\u044f \u043d\u0430 \u043d\u0435\u043c \u043a\u043e\u043d\u0442\u0435\u043d\u0442 \u043f\u0440\u0435\u0434\u043d\u0430\u0437\u043d\u0430\u0447\u0435\u043d\u044b \u0438\u0441\u043a\u043b\u044e\u0447\u0438\u0442\u0435\u043b\u044c\u043d\u043e \u0434\u043b\u044f \u043f\u0440\u0435\u0434\u043e\u0441\u0442\u0430\u0432\u043b\u0435\u043d\u0438\u044f \u043e\u0431\u0449\u0435\u0439 \u0438\u043d\u0444\u043e\u0440\u043c\u0430\u0446\u0438\u0438 \u043e \u041c\u041e\u041d\u041e\u041b\u0418\u0422 \u0438 \u0435\u0435 \u043f\u0440\u043e\u0434\u0443\u043a\u0446\u0438\u0438 \u0438 \u043d\u0435 \u043f\u0440\u0435\u0434\u043d\u0430\u0437\u043d\u0430\u0447\u0435\u043d\u044b \u0434\u043b\u044f \u0437\u0430\u043a\u043b\u044e\u0447\u0435\u043d\u0438\u044f, \u0438\u0437\u043c\u0435\u043d\u0435\u043d\u0438\u044f \u0438\u043b\u0438 \u043f\u0440\u0435\u043a\u0440\u0430\u0449\u0435\u043d\u0438\u044f \u043a\u0430\u043a\u0438\u0445-\u043b\u0438\u0431\u043e \u043f\u0440\u0430\u0432\u043e\u0432\u044b\u0445 \u043e\u0442\u043d\u043e\u0448\u0435\u043d\u0438\u0439. \u0412\u0441\u044f \u0438\u043d\u0444\u043e\u0440\u043c\u0430\u0446\u0438\u044f, \u0441\u043e\u0434\u0435\u0440\u0436\u0430\u0449\u0430\u044f\u0441\u044f \u043d\u0430 \u044d\u0442\u043e\u043c \u0441\u0430\u0439\u0442\u0435, \u043d\u0435 \u044f\u0432\u043b\u044f\u0435\u0442\u0441\u044f \u043e\u0444\u0435\u0440\u0442\u043e\u0439 \u0432 \u043f\u043e\u043d\u0438\u043c\u0430\u043d\u0438\u0438 \u0413\u0440\u0430\u0436\u0434\u0430\u043d\u0441\u043a\u043e\u0433\u043e \u043a\u043e\u0434\u0435\u043a\u0441\u0430 \u0438 \u043f\u0443\u0431\u043b\u0438\u043a\u0443\u0435\u0442\u0441\u044f \u0432 \u0438\u043d\u0444\u043e\u0440\u043c\u0430\u0446\u0438\u043e\u043d\u043d\u044b\u0445 \u0446\u0435\u043b\u044f\u0445 \u0431\u0435\u0437 \u043a\u0430\u043a\u043e\u0439-\u043b\u0438\u0431\u043e \u043e\u0442\u0432\u0435\u0442\u0441\u0442\u0432\u0435\u043d\u043d\u043e\u0441\u0442\u0438. \u0427\u0435\u0440\u0442\u0435\u0436\u0438, \u0440\u0430\u0437\u0440\u0435\u0437\u044b \u0438 \u0444\u043e\u0442\u043e\u0433\u0440\u0430\u0444\u0438\u0438, \u0440\u0430\u0437\u043c\u0435\u0449\u0435\u043d\u043d\u044b\u0435 \u043d\u0430 \u0441\u0430\u0439\u0442\u0435, \u044f\u0432\u043b\u044f\u044e\u0442\u0441\u044f \u0438\u0441\u043a\u043b\u044e\u0447\u0438\u0442\u0435\u043b\u044c\u043d\u043e \u0438\u043b\u043b\u044e\u0441\u0442\u0440\u0430\u0442\u0438\u0432\u043d\u044b\u043c\u0438. \u041c\u041e\u041d\u041e\u041b\u0418\u0422 \u043e\u0441\u0442\u0430\u0432\u043b\u044f\u0435\u0442 \u0437\u0430 \u0441\u043e\u0431\u043e\u0439 \u043f\u0440\u0430\u0432\u043e \u0438\u0437\u043c\u0435\u043d\u044f\u0442\u044c \u0442\u0435\u0445\u043d\u0438\u0447\u0435\u0441\u043a\u0438\u0435 \u043f\u0430\u0440\u0430\u043c\u0435\u0442\u0440\u044b \u043f\u0440\u043e\u0434\u0443\u043a\u0446\u0438\u0438, \u0440\u0430\u0437\u043c\u0435\u0449\u0435\u043d\u043d\u043e\u0439 \u043d\u0430 \u0441\u0430\u0439\u0442\u0435.\n\n\u0412\u043b\u0430\u0434\u0435\u043b\u0435\u0446 \u0441\u0430\u0439\u0442\u0430 \u043d\u0435\u0441\u0435\u0442 \u043e\u0442\u0432\u0435\u0442\u0441\u0442\u0432\u0435\u043d\u043d\u043e\u0441\u0442\u044c \u0442\u043e\u043b\u044c\u043a\u043e \u0437\u0430 \u0441\u0432\u043e\u0439 \u043a\u043e\u043d\u0442\u0435\u043d\u0442, \u0440\u0430\u0437\u043c\u0435\u0449\u0435\u043d\u043d\u044b\u0439 \u043d\u0430 \u0441\u0430\u0439\u0442\u0435.\n<ol>\n \t<li>\u0418\u043d\u0444\u043e\u0440\u043c\u0430\u0446\u0438\u044f, \u0440\u0430\u0437\u043c\u0435\u0449\u0430\u0435\u043c\u0430\u044f \u0412\u043b\u0430\u0434\u0435\u043b\u044c\u0446\u0435\u043c \u043d\u0430 \u0441\u0430\u0439\u0442\u0435, \u043f\u043e\u0441\u0442\u043e\u044f\u043d\u043d\u043e \u043e\u0431\u043d\u043e\u0432\u043b\u044f\u0435\u0442\u0441\u044f \u0438 \u0442\u0449\u0430\u0442\u0435\u043b\u044c\u043d\u043e \u043f\u043e\u0434\u0433\u043e\u0442\u0430\u0432\u043b\u0438\u0432\u0430\u0435\u0442\u0441\u044f, \u043e\u0434\u043d\u0430\u043a\u043e \u0412\u043b\u0430\u0434\u0435\u043b\u0435\u0446 \u043d\u0435 \u043f\u0440\u0435\u0434\u043e\u0441\u0442\u0430\u0432\u043b\u044f\u0435\u0442 \u043d\u0438\u043a\u0430\u043a\u0438\u0445 \u0433\u0430\u0440\u0430\u043d\u0442\u0438\u0439 \u0437\u0430 \u043f\u0440\u0430\u0432\u0438\u043b\u044c\u043d\u043e\u0441\u0442\u044c, \u0430\u043a\u0442\u0443\u0430\u043b\u044c\u043d\u043e\u0441\u0442\u044c, \u043f\u043e\u043b\u043d\u043e\u0442\u0443 \u0438 \u043f\u043e\u0441\u0442\u043e\u044f\u043d\u043d\u0443\u044e \u0434\u043e\u0441\u0442\u0443\u043f\u043d\u043e\u0441\u0442\u044c \u0441\u0430\u0439\u0442\u0430.<\/li>\n \t<li>\u0412\u043b\u0430\u0434\u0435\u043b\u0435\u0446 \u043e\u0441\u0442\u0430\u0432\u043b\u044f\u0435\u0442 \u0437\u0430 \u0441\u043e\u0431\u043e\u0439 \u043f\u0440\u0430\u0432\u043e \u0438\u0437\u043c\u0435\u043d\u0438\u0442\u044c \u043e\u043d\u043b\u0430\u0439\u043d-\u043f\u0440\u0435\u0434\u043b\u043e\u0436\u0435\u043d\u0438\u0435, \u0434\u043e\u043f\u043e\u043b\u043d\u0438\u0442\u044c \u0435\u0433\u043e, \u0441\u043e\u043a\u0440\u0430\u0442\u0438\u0442\u044c \u0438\u043b\u0438 \u043f\u043e\u043b\u043d\u043e\u0441\u0442\u044c\u044e \u043e\u0442\u043e\u0437\u0432\u0430\u0442\u044c. \u042d\u0442\u043e \u0442\u0430\u043a\u0436\u0435 \u043d\u0435 \u0433\u0430\u0440\u0430\u043d\u0442\u0438\u0440\u0443\u0435\u0442, \u0447\u0442\u043e \u0441\u043e\u0434\u0435\u0440\u0436\u0430\u043d\u0438\u0435 \u043e\u043d\u043b\u0430\u0439\u043d-\u043f\u0440\u0435\u0434\u043b\u043e\u0436\u0435\u043d\u0438\u044f \u043f\u043e\u0434\u0445\u043e\u0434\u0438\u0442 \u043f\u043e\u043b\u044c\u0437\u043e\u0432\u0430\u0442\u0435\u043b\u044e \u0438 \u0435\u0433\u043e \u0446\u0435\u043b\u044f\u043c.<\/li>\n \t<li>\u0421\u0430\u0439\u0442 \u043c\u043e\u0436\u0435\u0442 \u0441\u043e\u0434\u0435\u0440\u0436\u0430\u0442\u044c \u0441\u0441\u044b\u043b\u043a\u0438 \u043d\u0430 \u0438\u043d\u0442\u0435\u0440\u043d\u0435\u0442-\u0430\u0434\u0440\u0435\u0441\u0430 \u0442\u0440\u0435\u0442\u044c\u0438\u0445 \u043b\u0438\u0446, \u043d\u0430 \u0441\u043e\u0434\u0435\u0440\u0436\u0430\u043d\u0438\u0435 \u043a\u043e\u0442\u043e\u0440\u044b\u0445 \u0412\u043b\u0430\u0434\u0435\u043b\u0435\u0446 \u043d\u0435 \u0438\u043c\u0435\u0435\u0442 \u0432\u043b\u0438\u044f\u043d\u0438\u044f. \u041e\u043f\u0435\u0440\u0430\u0442\u043e\u0440 \u043d\u0435\u0441\u0435\u0442 \u043f\u043e\u043b\u043d\u0443\u044e \u043e\u0442\u0432\u0435\u0442\u0441\u0442\u0432\u0435\u043d\u043d\u043e\u0441\u0442\u044c \u0437\u0430 \u043a\u043e\u043d\u0442\u0435\u043d\u0442, \u043d\u0430\u0439\u0434\u0435\u043d\u043d\u044b\u0439 \u043f\u043e \u0441\u0432\u044f\u0437\u0430\u043d\u043d\u044b\u043c \u0430\u0434\u0440\u0435\u0441\u0430\u043c.<\/li>\n \t<li>\u0412\u043b\u0430\u0434\u0435\u043b\u0435\u0446 \u0437\u0430\u043f\u0440\u0430\u0448\u0438\u0432\u0430\u0435\u0442 \u043d\u0435\u043c\u0435\u0434\u043b\u0435\u043d\u043d\u043e\u0435 \u0443\u0432\u0435\u0434\u043e\u043c\u043b\u0435\u043d\u0438\u0435, \u0435\u0441\u043b\u0438 \u043f\u043e\u043b\u044c\u0437\u043e\u0432\u0430\u0442\u0435\u043b\u044c, \u0438\u0441\u043f\u043e\u043b\u044c\u0437\u0443\u044f \u0441\u0441\u044b\u043b\u043a\u0438 \u043d\u0430 \u0441\u0430\u0439\u0442\u0435, \u043f\u043e\u043f\u0430\u0434\u0430\u0435\u0442 \u043d\u0430 \u0430\u0434\u0440\u0435\u0441\u0430, \u0441\u043e\u0434\u0435\u0440\u0436\u0430\u043d\u0438\u0435 \u043a\u043e\u0442\u043e\u0440\u044b\u0445 \u043a\u0430\u0436\u0435\u0442\u0441\u044f \u043f\u043e\u043b\u044c\u0437\u043e\u0432\u0430\u0442\u0435\u043b\u044e \u0441\u043e\u043c\u043d\u0438\u0442\u0435\u043b\u044c\u043d\u044b\u043c. \u0422\u0430\u043a\u0438\u0435 \u0441\u0441\u044b\u043b\u043a\u0438 \u0431\u0443\u0434\u0443\u0442 \u0443\u0434\u0430\u043b\u0435\u043d\u044b \u0441\u0440\u0430\u0437\u0443 \u0436\u0435 \u043f\u043e\u0441\u043b\u0435 \u0442\u043e\u0433\u043e, \u043a\u0430\u043a \u0441\u0442\u0430\u043d\u0435\u0442 \u0438\u0437\u0432\u0435\u0441\u0442\u043d\u043e \u043e \u043b\u044e\u0431\u043e\u043c \u043d\u0430\u0440\u0443\u0448\u0435\u043d\u0438\u0438 \u0437\u0430\u043a\u043e\u043d\u0430 \u0441\u043e\u0434\u0435\u0440\u0436\u0430\u043d\u0438\u0435\u043c \u0441\u0432\u044f\u0437\u0430\u043d\u043d\u044b\u0445 \u0430\u0434\u0440\u0435\u0441\u043e\u0432. \u042d\u0442\u043e \u0437\u0430\u044f\u0432\u043b\u0435\u043d\u0438\u0435 \u0440\u0430\u0441\u043f\u0440\u043e\u0441\u0442\u0440\u0430\u043d\u044f\u0435\u0442\u0441\u044f \u043d\u0430 \u0432\u0441\u0435 \u0441\u0441\u044b\u043b\u043a\u0438 \u043d\u0430 \u0432\u0435\u0431-\u0441\u0430\u0439\u0442\u0435 \u0412\u043b\u0430\u0434\u0435\u043b\u044c\u0446\u0430.<\/li>\n<\/ol>\n\u041c\u041e\u041d\u041e\u041b\u0418\u0422 \u043d\u0435 \u043d\u0435\u0441\u0435\u0442 \u043e\u0442\u0432\u0435\u0442\u0441\u0442\u0432\u0435\u043d\u043d\u043e\u0441\u0442\u0438 \u0437\u0430 \u043b\u044e\u0431\u043e\u0439 \u0443\u0449\u0435\u0440\u0431, \u0432\u043e\u0437\u043d\u0438\u043a\u0448\u0438\u0439 \u0432 \u0440\u0435\u0437\u0443\u043b\u044c\u0442\u0430\u0442\u0435 \u0438\u0441\u043f\u043e\u043b\u044c\u0437\u043e\u0432\u0430\u043d\u0438\u044f \u0434\u0430\u043d\u043d\u043e\u0433\u043e \u0432\u0435\u0431-\u0441\u0430\u0439\u0442\u0430.\n<h2><span style=\"color: #000000; font-family: 'Encode Sans', sans-serif; font-size: 24px; letter-spacing: 0.4px;\">\u041a\u041e\u041d\u0422\u0410\u041a\u0422<\/span><\/h2>\n\u0415\u0441\u043b\u0438 \u0443 \u0432\u0430\u0441 \u0435\u0441\u0442\u044c \u043a\u0430\u043a\u0438\u0435-\u043b\u0438\u0431\u043e \u0432\u043e\u043f\u0440\u043e\u0441\u044b \u0438\u043b\u0438 \u0436\u0430\u043b\u043e\u0431\u044b \u043e\u0442\u043d\u043e\u0441\u0438\u0442\u0435\u043b\u044c\u043d\u043e \u0440\u0430\u0431\u043e\u0442\u044b \u044d\u0442\u043e\u0433\u043e \u0441\u0430\u0439\u0442\u0430, \u043f\u043e\u0436\u0430\u043b\u0443\u0439\u0441\u0442\u0430, \u0438\u0441\u043f\u043e\u043b\u044c\u0437\u0443\u0439\u0442\u0435 \u043a\u043e\u043d\u0442\u0430\u043a\u0442\u043d\u0443\u044e \u0438\u043d\u0444\u043e\u0440\u043c\u0430\u0446\u0438\u044e \u043d\u0438\u0436\u0435: MONOLIT Micha\u0142 Godlewski\nul. Strzelnicza 12\n\n18-300 Zambr\u00f3w\n\nbiuro@monolit-okna.pl\t\t\t\t\t\t\t\t<\/div>\n\t\t\t\t\t<\/div>\n\t\t<\/div>\n\t\t\t\t\t<\/div>\n\t\t<\/section>\n\t\t\t\t<\/div>","protected":false},"excerpt":{"rendered":"<p>REGULAMIN Postanowienia og\u00f3lne Niniejsza strona internetowa jest prowadzona przez firm\u0119 MONOLIT Micha\u0142 Godlewski z siedzib\u0105 w Zambrowie 18-300, ul. Strzelnicza 12 NIP 723-154-22-65 (zwan\u0105 dalej w\u0142a\u015bcicielem) Niniejszy regulamin strony www.monolit-okna.pl (zwany dalej &#8222;Regulaminem&#8221;) okre\u015bla warunki korzystania ze strony www.monolit-okna.pl (dalej &#8222;Strona&#8221;) oraz prawa i obowi\u0105zki w\u0142a\u015bciciela, oraz u\u017cytkownik\u00f3w strony. Wej\u015bcie na t\u0119 stron\u0119 internetow\u0105 r\u00f3wnoznaczne [&hellip;]<\/p>\n","protected":false},"author":8,"featured_media":0,"parent":0,"menu_order":0,"comment_status":"closed","ping_status":"open","template":"","meta":{"footnotes":""},"categories":[],"tags":[163,162,164,147,184,183,187,159,74,65,137,181,161,155,157,70,182,149,158,152,160,186,72,185,154,71,129,146,148,140,156,153,144],"class_list":["post-3576","page","type-page","status-publish","hentry","tag-drzwi-pcv-na-wymiar","tag-drzwi-zewnetrzne-pcv","tag-drzwi-zewnetrzne-pcv-cennik","tag-fabryka-okien","tag-firma-okien","tag-firmy-okien","tag-firmy-z-oknami","tag-katalog-okien","tag-monolit","tag-monolit-okna","tag-monolit-producent-okien-i-drzwi-pcv","tag-okna-firmy","tag-okna-online","tag-okna-pcv","tag-okna-pcv-producenci","tag-okna-pcv-producent","tag-okna-plastikowe-producent","tag-okna-producent","tag-okna-zambrow","tag-producenci-okien","tag-producenci-okien-pcv","tag-producent-drzwi-pcv","tag-producent-okien","tag-producent-okien-cennik","tag-producent-okien-i-drzwi","tag-producent-okien-pcv","tag-producent-okien-podlaskie","tag-producent-okna","tag-producent-okna-pcv","tag-produkcja-aluminium","tag-produkcja-okien-pcv","tag-program-czyste-powietrze","tag-zgrzew-v-perfect"],"_links":{"self":[{"href":"https:\/\/monolit-okna.pl\/ru\/wp-json\/wp\/v2\/pages\/3576","targetHints":{"allow":["GET"]}}],"collection":[{"href":"https:\/\/monolit-okna.pl\/ru\/wp-json\/wp\/v2\/pages"}],"about":[{"href":"https:\/\/monolit-okna.pl\/ru\/wp-json\/wp\/v2\/types\/page"}],"author":[{"embeddable":true,"href":"https:\/\/monolit-okna.pl\/ru\/wp-json\/wp\/v2\/users\/8"}],"replies":[{"embeddable":true,"href":"https:\/\/monolit-okna.pl\/ru\/wp-json\/wp\/v2\/comments?post=3576"}],"version-history":[{"count":0,"href":"https:\/\/monolit-okna.pl\/ru\/wp-json\/wp\/v2\/pages\/3576\/revisions"}],"wp:attachment":[{"href":"https:\/\/monolit-okna.pl\/ru\/wp-json\/wp\/v2\/media?parent=3576"}],"wp:term":[{"taxonomy":"category","embeddable":true,"href":"https:\/\/monolit-okna.pl\/ru\/wp-json\/wp\/v2\/categories?post=3576"},{"taxonomy":"post_tag","embeddable":true,"href":"https:\/\/monolit-okna.pl\/ru\/wp-json\/wp\/v2\/tags?post=3576"}],"curies":[{"name":"WP","href":"https:\/\/api.w.org\/{rel}","templated":true}]}}