{"id":3,"date":"2022-05-19T08:54:50","date_gmt":"2022-05-19T06:54:50","guid":{"rendered":"https:\/\/monolit-okna.pl\/?page_id=3"},"modified":"2023-09-05T14:24:36","modified_gmt":"2023-09-05T12:24:36","slug":"polityka-prywatnosci-2","status":"publish","type":"page","link":"https:\/\/monolit-okna.pl\/ru\/polityka-prywatnosci-2\/","title":{"rendered":"\u041f\u043e\u043b\u0438\u0442\u0438\u043a\u0430 \u0438\u0441\u043f\u043e\u043b\u044c\u0437\u043e\u0432\u0430\u043d\u0438\u044f \u0444\u0430\u0439\u043b\u043e\u0432 cookie"},"content":{"rendered":"<div data-elementor-type=\"wp-page\" data-elementor-id=\"3\" class=\"elementor elementor-3\" data-elementor-post-type=\"page\">\n\t\t\t\t\t\t<section class=\"elementor-section elementor-top-section elementor-element elementor-element-5991b5e0 elementor-section-boxed elementor-section-height-default elementor-section-height-default\" data-id=\"5991b5e0\" data-element_type=\"section\">\n\t\t\t\t\t\t<div class=\"elementor-container elementor-column-gap-default\">\n\t\t\t\t\t<div class=\"elementor-column elementor-col-100 elementor-top-column elementor-element elementor-element-47544bc9\" data-id=\"47544bc9\" data-element_type=\"column\">\n\t\t\t<div class=\"elementor-widget-wrap elementor-element-populated\">\n\t\t\t\t\t\t<div class=\"elementor-element elementor-element-40f89d5 elementor-widget elementor-widget-text-editor\" data-id=\"40f89d5\" data-element_type=\"widget\" data-widget_type=\"text-editor.default\">\n\t\t\t\t\t\t\t\t\t<h2>\u041f\u041e\u041b\u0418\u0422\u0418\u041a\u0410 \u0412 \u041e\u0411\u041b\u0410\u0421\u0422\u0418 \u041a\u0423\u041a\u0418<\/h2><p><span style=\"letter-spacing: 0.4px; color: var( --e-global-color-text ); font-family: var( --e-global-typography-text-font-family ), Sans-serif;\"><b>\u041f\u0435\u0447\u0435\u043d\u044c\u0435<\/b><\/span><span style=\"letter-spacing: 0.4px; color: var( --e-global-color-text ); font-family: var( --e-global-typography-text-font-family ), Sans-serif; font-weight: var( --e-global-typography-text-font-weight );\"> (cookies) \u2014 \u044d\u0442\u043e \u043d\u0435\u0431\u043e\u043b\u044c\u0448\u0438\u0435 \u0418\u0422-\u0434\u0430\u043d\u043d\u044b\u0435, \u043e\u0441\u043e\u0431\u0435\u043d\u043d\u043e \u0442\u0435\u043a\u0441\u0442\u043e\u0432\u044b\u0435 \u0444\u0430\u0439\u043b\u044b, \u0445\u0440\u0430\u043d\u044f\u0449\u0438\u0435\u0441\u044f \u043d\u0430 \u043a\u043e\u043c\u043f\u044c\u044e\u0442\u0435\u0440\u0435 \u043f\u043e\u043b\u044c\u0437\u043e\u0432\u0430\u0442\u0435\u043b\u044f. \u0424\u0430\u0439\u043b\u044b cookie \u0438\u0441\u043f\u043e\u043b\u044c\u0437\u0443\u044e\u0442\u0441\u044f, \u043f\u0440\u0435\u0436\u0434\u0435 \u0432\u0441\u0435\u0433\u043e, \u0434\u043b\u044f \u043e\u043f\u0442\u0438\u043c\u0438\u0437\u0430\u0446\u0438\u0438 \u0438 \u043f\u0435\u0440\u0441\u043e\u043d\u0430\u043b\u0438\u0437\u0430\u0446\u0438\u0438 \u043f\u0440\u043e\u0446\u0435\u0441\u0441\u0430 \u0438\u0441\u043f\u043e\u043b\u044c\u0437\u043e\u0432\u0430\u043d\u0438\u044f \u0432\u0435\u0431-\u0441\u0430\u0439\u0442\u043e\u0432:<\/span><\/p><ol><li>\u0410\u0434\u0430\u043f\u0442\u0430\u0446\u0438\u044f \u0441\u043e\u0434\u0435\u0440\u0436\u0430\u043d\u0438\u044f \u0441\u0442\u0440\u0430\u043d\u0438\u0446 \u0421\u0430\u0439\u0442\u0430 \u043a \u043f\u0440\u0435\u0434\u043f\u043e\u0447\u0442\u0435\u043d\u0438\u044f\u043c \u041f\u043e\u043b\u044c\u0437\u043e\u0432\u0430\u0442\u0435\u043b\u044f \u0438 \u0443\u043b\u0443\u0447\u0448\u0435\u043d\u0438\u0435 \u0438\u0441\u043f\u043e\u043b\u044c\u0437\u043e\u0432\u0430\u043d\u0438\u044f \u0441\u0430\u0439\u0442\u043e\u0432; \u0432 \u0447\u0430\u0441\u0442\u043d\u043e\u0441\u0442\u0438, \u044d\u0442\u0438 \u0444\u0430\u0439\u043b\u044b \u043f\u043e\u0437\u0432\u043e\u043b\u044f\u044e\u0442 \u0440\u0430\u0441\u043f\u043e\u0437\u043d\u0430\u0432\u0430\u0442\u044c \u0443\u0441\u0442\u0440\u043e\u0439\u0441\u0442\u0432\u043e \u041f\u043e\u043b\u044c\u0437\u043e\u0432\u0430\u0442\u0435\u043b\u044f \u0432\u0435\u0431-\u0441\u0430\u0439\u0442\u0430 \u0438 \u043f\u0440\u0430\u0432\u0438\u043b\u044c\u043d\u043e \u043e\u0442\u043e\u0431\u0440\u0430\u0436\u0430\u0442\u044c \u0432\u0435\u0431-\u0441\u0430\u0439\u0442 \u0441 \u0443\u0447\u0435\u0442\u043e\u043c \u0435\u0433\u043e \u0438\u043d\u0434\u0438\u0432\u0438\u0434\u0443\u0430\u043b\u044c\u043d\u044b\u0445 \u043f\u043e\u0442\u0440\u0435\u0431\u043d\u043e\u0441\u0442\u0435\u0439;<\/li><li>\u0421\u043e\u0437\u0434\u0430\u043d\u0438\u0435 \u0430\u043d\u043e\u043d\u0438\u043c\u043d\u043e\u0439 \u0441\u0442\u0430\u0442\u0438\u0441\u0442\u0438\u043a\u0438, \u043a\u043e\u0442\u043e\u0440\u0430\u044f \u043f\u043e\u043c\u043e\u0433\u0430\u0435\u0442 \u043f\u043e\u043d\u044f\u0442\u044c, \u043a\u0430\u043a \u043f\u043e\u043b\u044c\u0437\u043e\u0432\u0430\u0442\u0435\u043b\u0438 \u0441\u0430\u0439\u0442\u0430 \u0438\u0441\u043f\u043e\u043b\u044c\u0437\u0443\u044e\u0442 \u0441\u0430\u0439\u0442,<\/li><li>\u0421\u043e\u0445\u0440\u0430\u043d\u0435\u043d\u0438\u0435 \u0441\u0435\u0441\u0441\u0438\u0438 \u041f\u043e\u043b\u044c\u0437\u043e\u0432\u0430\u0442\u0435\u043b\u044f \u0421\u0430\u0439\u0442\u0430 (\u043f\u043e\u0441\u043b\u0435 \u0432\u0445\u043e\u0434\u0430 \u0432 \u0441\u0438\u0441\u0442\u0435\u043c\u0443), \u0431\u043b\u0430\u0433\u043e\u0434\u0430\u0440\u044f \u0447\u0435\u043c\u0443 \u041f\u043e\u043b\u044c\u0437\u043e\u0432\u0430\u0442\u0435\u043b\u044e \u043d\u0435 \u043f\u0440\u0438\u0445\u043e\u0434\u0438\u0442\u0441\u044f \u043f\u043e\u0432\u0442\u043e\u0440\u043d\u043e \u0432\u0432\u043e\u0434\u0438\u0442\u044c \u043b\u043e\u0433\u0438\u043d \u0438 \u043f\u0430\u0440\u043e\u043b\u044c \u043d\u0430 \u043a\u0430\u0436\u0434\u043e\u0439 \u043f\u043e\u0434\u0441\u0442\u0440\u0430\u043d\u0438\u0446\u0435 \u0421\u0430\u0439\u0442\u0430.<\/li><\/ol><p><span style=\"letter-spacing: 0.4px; color: var( --e-global-color-text ); font-family: var( --e-global-typography-text-font-family ), Sans-serif; font-weight: var( --e-global-typography-text-font-weight );\">\u041d\u0430 \u0441\u0430\u0439\u0442\u0435 monolit-okna.pl \u0438\u0441\u043f\u043e\u043b\u044c\u0437\u0443\u044e\u0442\u0441\u044f \u0441\u043b\u0435\u0434\u0443\u044e\u0449\u0438\u0435 \u0442\u0438\u043f\u044b \u0444\u0430\u0439\u043b\u043e\u0432 cookie: \u0441\u0435\u0441\u0441\u0438\u043e\u043d\u043d\u044b\u0435, \u043f\u043e\u0441\u0442\u043e\u044f\u043d\u043d\u044b\u0435 \u0438 \u0430\u043d\u0430\u043b\u0438\u0442\u0438\u0447\u0435\u0441\u043a\u0438\u0435.<\/span><br \/><span style=\"letter-spacing: 0.4px; color: var( --e-global-color-text ); font-family: var( --e-global-typography-text-font-family ), Sans-serif; font-weight: var( --e-global-typography-text-font-weight );\">\u0421\u0435\u0441\u0441\u0438\u043e\u043d\u043d\u044b\u0435 \u0444\u0430\u0439\u043b\u044b cookie \u2014 \u044d\u0442\u043e \u0432\u0440\u0435\u043c\u0435\u043d\u043d\u044b\u0435 \u0444\u0430\u0439\u043b\u044b, \u043a\u043e\u0442\u043e\u0440\u044b\u0435 \u0445\u0440\u0430\u043d\u044f\u0442\u0441\u044f \u043d\u0430 \u0443\u0441\u0442\u0440\u043e\u0439\u0441\u0442\u0432\u0435 \u043f\u043e\u043b\u044c\u0437\u043e\u0432\u0430\u0442\u0435\u043b\u044f \u0434\u043e \u0442\u0435\u0445 \u043f\u043e\u0440, \u043f\u043e\u043a\u0430 \u043e\u043d \u043d\u0435 \u043f\u043e\u043a\u0438\u043d\u0435\u0442 \u0432\u0435\u0431-\u0441\u0430\u0439\u0442.<\/span><br \/><span style=\"letter-spacing: 0.4px; color: var( --e-global-color-text ); font-family: var( --e-global-typography-text-font-family ), Sans-serif; font-weight: var( --e-global-typography-text-font-weight );\">\u041f\u043e\u0441\u0442\u043e\u044f\u043d\u043d\u044b\u0435 \u0444\u0430\u0439\u043b\u044b cookie \u0445\u0440\u0430\u043d\u044f\u0442\u0441\u044f \u043d\u0430 \u0443\u0441\u0442\u0440\u043e\u0439\u0441\u0442\u0432\u0435 \u043f\u043e\u043b\u044c\u0437\u043e\u0432\u0430\u0442\u0435\u043b\u044f \u0432 \u0442\u0435\u0447\u0435\u043d\u0438\u0435 \u0432\u0440\u0435\u043c\u0435\u043d\u0438, \u0443\u043a\u0430\u0437\u0430\u043d\u043d\u043e\u0433\u043e \u0432 \u043f\u0430\u0440\u0430\u043c\u0435\u0442\u0440\u0430\u0445 \u0444\u0430\u0439\u043b\u0430 cookie, \u0438\u043b\u0438 \u0434\u043e \u0442\u0435\u0445 \u043f\u043e\u0440, \u043f\u043e\u043a\u0430 \u043f\u043e\u043b\u044c\u0437\u043e\u0432\u0430\u0442\u0435\u043b\u044c \u0438\u0445 \u043d\u0435 \u0443\u0434\u0430\u043b\u0438\u0442.<\/span><\/p><p><span style=\"letter-spacing: 0.4px; color: var( --e-global-color-text ); font-family: var( --e-global-typography-text-font-family ), Sans-serif; font-weight: var( --e-global-typography-text-font-weight );\">\u0410\u043d\u0430\u043b\u0438\u0442\u0438\u0447\u0435\u0441\u043a\u0438\u0435 \u0444\u0430\u0439\u043b\u044b cookie \u043f\u043e\u0437\u0432\u043e\u043b\u044f\u044e\u0442 \u043d\u0430\u043c \u043b\u0443\u0447\u0448\u0435 \u043f\u043e\u043d\u044f\u0442\u044c, \u043a\u0430\u043a \u043f\u043e\u043b\u044c\u0437\u043e\u0432\u0430\u0442\u0435\u043b\u0438 \u0432\u0437\u0430\u0438\u043c\u043e\u0434\u0435\u0439\u0441\u0442\u0432\u0443\u044e\u0442 \u0441 \u0441\u043e\u0434\u0435\u0440\u0436\u0438\u043c\u044b\u043c \u0432\u0435\u0431-\u0441\u0430\u0439\u0442\u0430, \u0438 \u043b\u0443\u0447\u0448\u0435 \u043e\u0440\u0433\u0430\u043d\u0438\u0437\u043e\u0432\u0430\u0442\u044c \u0435\u0433\u043e \u0441\u0442\u0440\u0443\u043a\u0442\u0443\u0440\u0443.<\/span><\/p><p>\u0410\u043d\u0430\u043b\u0438\u0442\u0438\u0447\u0435\u0441\u043a\u0438\u0435 \u0444\u0430\u0439\u043b\u044b cookie \u0441\u043e\u0431\u0438\u0440\u0430\u044e\u0442 \u0438\u043d\u0444\u043e\u0440\u043c\u0430\u0446\u0438\u044e \u043e \u0442\u043e\u043c, \u043a\u0430\u043a \u043f\u043e\u043b\u044c\u0437\u043e\u0432\u0430\u0442\u0435\u043b\u044c \u0438\u0441\u043f\u043e\u043b\u044c\u0437\u0443\u0435\u0442 \u0432\u0435\u0431-\u0441\u0430\u0439\u0442, \u0442\u0438\u043f \u0432\u0435\u0431-\u0441\u0430\u0439\u0442\u0430, \u0441 \u043a\u043e\u0442\u043e\u0440\u043e\u0433\u043e \u0431\u044b\u043b \u043f\u0435\u0440\u0435\u043d\u0430\u043f\u0440\u0430\u0432\u043b\u0435\u043d \u043f\u043e\u043b\u044c\u0437\u043e\u0432\u0430\u0442\u0435\u043b\u044c, \u0430 \u0442\u0430\u043a\u0436\u0435 \u043a\u043e\u043b\u0438\u0447\u0435\u0441\u0442\u0432\u043e \u043f\u043e\u0441\u0435\u0449\u0435\u043d\u0438\u0439 \u0438 \u043f\u0440\u043e\u0434\u043e\u043b\u0436\u0438\u0442\u0435\u043b\u044c\u043d\u043e\u0441\u0442\u044c \u043f\u043e\u0441\u0435\u0449\u0435\u043d\u0438\u044f \u043f\u043e\u043b\u044c\u0437\u043e\u0432\u0430\u0442\u0435\u043b\u0435\u043c \u0432\u0435\u0431-\u0441\u0430\u0439\u0442\u0430. \u042d\u0442\u0430 \u0438\u043d\u0444\u043e\u0440\u043c\u0430\u0446\u0438\u044f \u043d\u0435 \u0444\u0438\u043a\u0441\u0438\u0440\u0443\u0435\u0442 \u043a\u043e\u043d\u043a\u0440\u0435\u0442\u043d\u044b\u0435 \u043f\u0435\u0440\u0441\u043e\u043d\u0430\u043b\u044c\u043d\u044b\u0435 \u0434\u0430\u043d\u043d\u044b\u0435 \u043f\u043e\u043b\u044c\u0437\u043e\u0432\u0430\u0442\u0435\u043b\u044f, \u0430 \u0438\u0441\u043f\u043e\u043b\u044c\u0437\u0443\u0435\u0442\u0441\u044f \u0434\u043b\u044f \u0441\u043e\u0441\u0442\u0430\u0432\u043b\u0435\u043d\u0438\u044f \u0441\u0442\u0430\u0442\u0438\u0441\u0442\u0438\u043a\u0438 \u0438\u0441\u043f\u043e\u043b\u044c\u0437\u043e\u0432\u0430\u043d\u0438\u044f \u0441\u0430\u0439\u0442\u0430.<\/p><p>\u041f\u043e\u043b\u044c\u0437\u043e\u0432\u0430\u0442\u0435\u043b\u044c \u0438\u043c\u0435\u0435\u0442 \u043f\u0440\u0430\u0432\u043e \u043f\u0440\u0438\u043d\u0438\u043c\u0430\u0442\u044c \u0440\u0435\u0448\u0435\u043d\u0438\u0435 \u043e \u0434\u043e\u0441\u0442\u0443\u043f\u0435 \u0444\u0430\u0439\u043b\u043e\u0432 cookie \u043a \u0441\u0432\u043e\u0435\u043c\u0443 \u043a\u043e\u043c\u043f\u044c\u044e\u0442\u0435\u0440\u0443, \u0432\u044b\u0431\u0440\u0430\u0432 \u0438\u0445 \u0432 \u043e\u043a\u043d\u0435 \u0441\u0432\u043e\u0435\u0433\u043e \u0431\u0440\u0430\u0443\u0437\u0435\u0440\u0430. \u041f\u043e\u0434\u0440\u043e\u0431\u043d\u0430\u044f \u0438\u043d\u0444\u043e\u0440\u043c\u0430\u0446\u0438\u044f \u043e \u0432\u043e\u0437\u043c\u043e\u0436\u043d\u043e\u0441\u0442\u044f\u0445 \u0438 \u043c\u0435\u0442\u043e\u0434\u0430\u0445 \u043e\u0431\u0440\u0430\u0431\u043e\u0442\u043a\u0438 \u0444\u0430\u0439\u043b\u043e\u0432 cookie \u0434\u043e\u0441\u0442\u0443\u043f\u043d\u0430 \u0432 \u043d\u0430\u0441\u0442\u0440\u043e\u0439\u043a\u0430\u0445 \u043f\u0440\u043e\u0433\u0440\u0430\u043c\u043c\u043d\u043e\u0433\u043e \u043e\u0431\u0435\u0441\u043f\u0435\u0447\u0435\u043d\u0438\u044f (\u0432\u0435\u0431-\u0431\u0440\u0430\u0443\u0437\u0435\u0440\u0430).<\/p><p>\u0421\u0430\u0439\u0442 monolit-okna.pl \u0441\u043e\u043e\u0431\u0449\u0430\u0435\u0442, \u0447\u0442\u043e \u043e\u0433\u0440\u0430\u043d\u0438\u0447\u0435\u043d\u0438\u044f \u043d\u0430 \u0438\u0441\u043f\u043e\u043b\u044c\u0437\u043e\u0432\u0430\u043d\u0438\u0435 \u0444\u0430\u0439\u043b\u043e\u0432 cookie \u043c\u043e\u0433\u0443\u0442 \u043f\u043e\u0432\u043b\u0438\u044f\u0442\u044c \u043d\u0430 \u043d\u0435\u043a\u043e\u0442\u043e\u0440\u044b\u0435 \u0444\u0443\u043d\u043a\u0446\u0438\u0438, \u0434\u043e\u0441\u0442\u0443\u043f\u043d\u044b\u0435 \u043d\u0430 \u044d\u0442\u043e\u043c \u0441\u0430\u0439\u0442\u0435.<\/p><p><span style=\"letter-spacing: 0.4px; color: var( --e-global-color-text ); font-family: var( --e-global-typography-text-font-family ), Sans-serif; font-weight: var( --e-global-typography-text-font-weight );\">\u00a0<\/span><\/p><p>\u00a0<\/p>\t\t\t\t\t\t\t\t<\/div>\n\t\t\t\t\t<\/div>\n\t\t<\/div>\n\t\t\t\t\t<\/div>\n\t\t<\/section>\n\t\t\t\t<\/div>","protected":false},"excerpt":{"rendered":"<p>POLITYKA PLIK\u00d3W COOKIES Pliki cookies (ciasteczka) to niewielkie dane informatyczne, szczeg\u00f3lnie pliki tekstowe, zachowywane na komputerze u\u017cytkownika. Ciasteczka u\u017cywane s\u0105 przede wszystkim w celu optymalizacji i personalizacji procesu korzystania ze stron internetowych: Dostosowania zawarto\u015bci stron internetowych Serwisu do preferencji U\u017cytkownika oraz ulepszania korzystania ze stron internetowych; w szczeg\u00f3lno\u015bci pliki te pozwalaj\u0105 rozpozna\u0107 urz\u0105dzenie U\u017cytkownika Serwisu [&hellip;]<\/p>\n","protected":false},"author":8,"featured_media":0,"parent":0,"menu_order":0,"comment_status":"closed","ping_status":"open","template":"","meta":{"footnotes":""},"categories":[],"tags":[163,162,164,147,184,183,187,159,74,65,137,181,161,155,157,70,182,149,158,152,160,186,72,185,154,71,129,146,148,140,156,153,144],"class_list":["post-3","page","type-page","status-publish","hentry","tag-drzwi-pcv-na-wymiar","tag-drzwi-zewnetrzne-pcv","tag-drzwi-zewnetrzne-pcv-cennik","tag-fabryka-okien","tag-firma-okien","tag-firmy-okien","tag-firmy-z-oknami","tag-katalog-okien","tag-monolit","tag-monolit-okna","tag-monolit-producent-okien-i-drzwi-pcv","tag-okna-firmy","tag-okna-online","tag-okna-pcv","tag-okna-pcv-producenci","tag-okna-pcv-producent","tag-okna-plastikowe-producent","tag-okna-producent","tag-okna-zambrow","tag-producenci-okien","tag-producenci-okien-pcv","tag-producent-drzwi-pcv","tag-producent-okien","tag-producent-okien-cennik","tag-producent-okien-i-drzwi","tag-producent-okien-pcv","tag-producent-okien-podlaskie","tag-producent-okna","tag-producent-okna-pcv","tag-produkcja-aluminium","tag-produkcja-okien-pcv","tag-program-czyste-powietrze","tag-zgrzew-v-perfect"],"_links":{"self":[{"href":"https:\/\/monolit-okna.pl\/ru\/wp-json\/wp\/v2\/pages\/3","targetHints":{"allow":["GET"]}}],"collection":[{"href":"https:\/\/monolit-okna.pl\/ru\/wp-json\/wp\/v2\/pages"}],"about":[{"href":"https:\/\/monolit-okna.pl\/ru\/wp-json\/wp\/v2\/types\/page"}],"author":[{"embeddable":true,"href":"https:\/\/monolit-okna.pl\/ru\/wp-json\/wp\/v2\/users\/8"}],"replies":[{"embeddable":true,"href":"https:\/\/monolit-okna.pl\/ru\/wp-json\/wp\/v2\/comments?post=3"}],"version-history":[{"count":0,"href":"https:\/\/monolit-okna.pl\/ru\/wp-json\/wp\/v2\/pages\/3\/revisions"}],"wp:attachment":[{"href":"https:\/\/monolit-okna.pl\/ru\/wp-json\/wp\/v2\/media?parent=3"}],"wp:term":[{"taxonomy":"category","embeddable":true,"href":"https:\/\/monolit-okna.pl\/ru\/wp-json\/wp\/v2\/categories?post=3"},{"taxonomy":"post_tag","embeddable":true,"href":"https:\/\/monolit-okna.pl\/ru\/wp-json\/wp\/v2\/tags?post=3"}],"curies":[{"name":"WP","href":"https:\/\/api.w.org\/{rel}","templated":true}]}}