{"id":4409,"date":"2023-01-11T08:47:58","date_gmt":"2023-01-11T07:47:58","guid":{"rendered":"https:\/\/monolit-okna.pl\/?page_id=4409"},"modified":"2023-09-05T13:53:31","modified_gmt":"2023-09-05T11:53:31","slug":"klauzula-informacyjna-rodo","status":"publish","type":"page","link":"https:\/\/monolit-okna.pl\/pl\/klauzula-informacyjna-rodo\/","title":{"rendered":"Klauzula Informacyjna RODO"},"content":{"rendered":"\t\t<div data-elementor-type=\"wp-page\" data-elementor-id=\"4409\" class=\"elementor elementor-4409\" data-elementor-post-type=\"page\">\n\t\t\t\t\t\t<section class=\"elementor-section elementor-top-section elementor-element elementor-element-5991b5e0 elementor-section-boxed elementor-section-height-default elementor-section-height-default\" data-id=\"5991b5e0\" data-element_type=\"section\">\n\t\t\t\t\t\t<div class=\"elementor-container elementor-column-gap-default\">\n\t\t\t\t\t<div class=\"elementor-column elementor-col-100 elementor-top-column elementor-element elementor-element-47544bc9\" data-id=\"47544bc9\" data-element_type=\"column\">\n\t\t\t<div class=\"elementor-widget-wrap elementor-element-populated\">\n\t\t\t\t\t\t<div class=\"elementor-element elementor-element-40f89d5 elementor-widget elementor-widget-text-editor\" data-id=\"40f89d5\" data-element_type=\"widget\" data-widget_type=\"text-editor.default\">\n\t\t\t\t\t\t\t\t\t<h2>Polityka Bezpiecze\u0144stwa &#8211; klauzula informacyjna RODO<\/h2><p><b> <\/b><span style=\"letter-spacing: 0.4px; color: var( --e-global-color-text ); font-family: var( --e-global-typography-text-font-family ), Sans-serif; font-weight: var( --e-global-typography-text-font-weight );\"> Zgodnie z art. 13 ust. 1 i ust. 2 Rozporz\u0105dzenia Parlamentu Europejskiego i Rady (UE) 2016\/679 z dnia 27 kwietnia 2016r. w sprawie ochrony os\u00f3b fizycznych w zwi\u0105zku z przetwarzaniem danych osobowych i w sprawie swobodnego przep\u0142ywu takich danych oraz uchylenia dyrektywy 95\/46\/WE (og\u00f3lne rozporz\u0105dzenie o ochronie danych) informujemy, i\u017c: <\/span><\/p><ol><li value=\"1\">Administratorem Pani\/Pana danych osobowych jest firma MONOLIT Micha\u0142 Godlewski, 18300 Zambr\u00f3w, ul.<br \/>Strzelnica 12, NIP: 7231542265, REGON: 200164221.<\/li><\/ol><ol><li value=\"2\">W sprawach ochrony danych osobowych nale\u017cy si\u0119 kontaktowa\u0107 z osobami zarz\u0105dzaj\u0105cymi firma, adres j.w.<\/li><\/ol><ol><li value=\"3\">Pani\/Pana dane osobowe przetwarzane b\u0119d\u0105. w nast\u0119puj\u0105cych celach:<\/li><\/ol><p>\u00a0<\/p><ol>a. w celu wykonania umowy i na podstawie zawartej przez Pani\u0105\/Pana z Administratorem umowy (art. 6 ust 1 lit. B og\u00f3lnego rozporz\u0105dzenia o ochronie danych),<\/ol><ol>b. w celu wykonania obowi\u0105zk\u00f3w prawnych ci\u0105\u017c\u0105cych na Administratorze, wynikaj\u0105cych w szczeg\u00f3lno\u015bci z Ustawy o rachunkowo\u015bci, Ustawy o podatku dochodowym od os\u00f3b prawnych, Ustawy Ordynacja podatkowa, Ustawy o przeciwdzia\u0142aniu praniu pieni\u0119dzy oraz finansowaniu terroryzmu, Ustawy prawo przedsi\u0119biorc\u00f3w i in. (art. 6 ust 1 lit. c og\u00f3lnego rozporz\u0105dzenia o danych osobowych),<\/ol><ol>c. w celach dowodowych, na potrzeby wykazania fakt\u00f3w oraz w celu ustalenia, obrony i dochodzenia roszcze\u0144 przez Administratora, co jest naszym prawnie uzasadnionym interesem (art. 6 ust 1 lit f og\u00f3lnego rozporz\u0105dzenia o ochronie danych osobowych),<\/ol><ol>d. tworzenia analiz, zestawie\u0144 i statystyk na potrzeby Administratora, co jest naszym prawnie uzasadnionym interesem (art. 6. ust.1 lit f og\u00f3lnego rozporz\u0105dzenia o ochronie danych osobowych).<\/ol><p>\u00a0<\/p><ol><li value=\"4\">Procesorami Pani\/Pana danych osobowych mog\u0105 by\u0107 podmioty \u015bwiadcz\u0105ce Administratorowi danych us\u0142ugi<br \/>doradcze, administracyjne, rachunkowe, marketingowe, prawne, informatyczne, ubezpieczeniowe, banki, po\u015brednicy finansowo-ubezpieczeniowi, operatorzy pocztowi, firmy kurierskie, izby rozliczeniowe i podmioty po\u015brednicz\u0105ce w rozliczeniach, audytorzy zewn\u0119trzni, organy nadzoru.<\/li><\/ol><ol><li value=\"5\">Pani\/Pana dane osobowe b\u0119d\u0105 przechowywane przez okres 10 lat od momentu ustania wzajemnych relacji,<br \/>chyba, ze przepisy szczeg\u00f3lnie nakazuj\u0105 przetwarzanie w d\u0142u\u017cszym okresie.<\/li><\/ol><ol><li value=\"6\">Posiada Pani\/Pan prawo dost\u0119pu do tre\u015bci swoich danych oraz prawo do ich sprostowania, w razie ich<br \/>niezgodno\u015bci ze stanem rzeczywistym, usuni\u0119cia, ograniczenia przetwarzania, prawo do przenoszenia danych, prawo do bycia zapomnianym, prawo wniesienia sprzeciwu, prawo do cofni\u0119cia zgody w dowolnym momencie bez wp\u0142ywu na zgodno\u015b\u0107 z prawem przetwarzania (je\u017celi podstaw\u0105 przetwarzania jest zgoda), kt\u00f3rego dokonano na podstawie zgody przed jej cofni\u0119ciem.<\/li><\/ol><ol><li value=\"7\">Ma Pani\/Pan prawo wniesienia skargi do Urz\u0119du Ochrony Danych Osobowych, gdy uzna Pani\/Pan, i\u017c<br \/>przetwarzanie danych osobowych Pani\/Pana dotycz\u0105cych narusza przepisy og\u00f3lnego rozporz\u0105dzenia o<br \/>ochronie danych.<\/li><\/ol><ol><li value=\"8\">Posiadanie Pani\/Pana danych osobowych jest niezb\u0119dne do wykonania umowy lub wykonania obowi\u0105zk\u00f3w<br \/>Administratora wynikaj\u0105cych z przepis\u00f3w prawa.<\/li><\/ol><p>\u00a0<\/p>\t\t\t\t\t\t\t\t<\/div>\n\t\t\t\t\t<\/div>\n\t\t<\/div>\n\t\t\t\t\t<\/div>\n\t\t<\/section>\n\t\t\t\t<\/div>\n\t\t","protected":false},"excerpt":{"rendered":"<p>Polityka Bezpiecze\u0144stwa &#8211; klauzula informacyjna RODO Zgodnie z art. 13 ust. 1 i ust. 2 Rozporz\u0105dzenia Parlamentu Europejskiego i Rady (UE) 2016\/679 z dnia 27 kwietnia 2016r. w sprawie ochrony os\u00f3b fizycznych w zwi\u0105zku z przetwarzaniem danych osobowych i w sprawie swobodnego przep\u0142ywu takich danych oraz uchylenia dyrektywy 95\/46\/WE (og\u00f3lne rozporz\u0105dzenie o ochronie danych) informujemy, [&hellip;]<\/p>\n","protected":false},"author":8,"featured_media":0,"parent":0,"menu_order":0,"comment_status":"closed","ping_status":"closed","template":"","meta":{"footnotes":""},"categories":[],"tags":[163,162,164,147,184,183,187,159,74,65,137,181,161,155,157,70,182,149,158,152,160,186,72,185,154,71,129,146,148,140,156,153,144],"class_list":["post-4409","page","type-page","status-publish","hentry","tag-drzwi-pcv-na-wymiar","tag-drzwi-zewnetrzne-pcv","tag-drzwi-zewnetrzne-pcv-cennik","tag-fabryka-okien","tag-firma-okien","tag-firmy-okien","tag-firmy-z-oknami","tag-katalog-okien","tag-monolit","tag-monolit-okna","tag-monolit-producent-okien-i-drzwi-pcv","tag-okna-firmy","tag-okna-online","tag-okna-pcv","tag-okna-pcv-producenci","tag-okna-pcv-producent","tag-okna-plastikowe-producent","tag-okna-producent","tag-okna-zambrow","tag-producenci-okien","tag-producenci-okien-pcv","tag-producent-drzwi-pcv","tag-producent-okien","tag-producent-okien-cennik","tag-producent-okien-i-drzwi","tag-producent-okien-pcv","tag-producent-okien-podlaskie","tag-producent-okna","tag-producent-okna-pcv","tag-produkcja-aluminium","tag-produkcja-okien-pcv","tag-program-czyste-powietrze","tag-zgrzew-v-perfect"],"_links":{"self":[{"href":"https:\/\/monolit-okna.pl\/pl\/wp-json\/wp\/v2\/pages\/4409","targetHints":{"allow":["GET"]}}],"collection":[{"href":"https:\/\/monolit-okna.pl\/pl\/wp-json\/wp\/v2\/pages"}],"about":[{"href":"https:\/\/monolit-okna.pl\/pl\/wp-json\/wp\/v2\/types\/page"}],"author":[{"embeddable":true,"href":"https:\/\/monolit-okna.pl\/pl\/wp-json\/wp\/v2\/users\/8"}],"replies":[{"embeddable":true,"href":"https:\/\/monolit-okna.pl\/pl\/wp-json\/wp\/v2\/comments?post=4409"}],"version-history":[{"count":0,"href":"https:\/\/monolit-okna.pl\/pl\/wp-json\/wp\/v2\/pages\/4409\/revisions"}],"wp:attachment":[{"href":"https:\/\/monolit-okna.pl\/pl\/wp-json\/wp\/v2\/media?parent=4409"}],"wp:term":[{"taxonomy":"category","embeddable":true,"href":"https:\/\/monolit-okna.pl\/pl\/wp-json\/wp\/v2\/categories?post=4409"},{"taxonomy":"post_tag","embeddable":true,"href":"https:\/\/monolit-okna.pl\/pl\/wp-json\/wp\/v2\/tags?post=4409"}],"curies":[{"name":"wp","href":"https:\/\/api.w.org\/{rel}","templated":true}]}}