{"id":3826,"date":"2021-04-01T14:12:34","date_gmt":"2021-04-01T12:12:34","guid":{"rendered":"https:\/\/monolit-okna.pl\/?page_id=3826"},"modified":"2025-06-26T13:06:02","modified_gmt":"2025-06-26T11:06:02","slug":"wsparcie-unijne","status":"publish","type":"page","link":"https:\/\/monolit-okna.pl\/pl\/wsparcie-unijne\/","title":{"rendered":"Wsparcie unijne"},"content":{"rendered":"\t\t<div data-elementor-type=\"wp-post\" data-elementor-id=\"3826\" class=\"elementor elementor-3826\" data-elementor-post-type=\"page\">\n\t\t\t\t\t\t<section class=\"elementor-section elementor-top-section elementor-element elementor-element-c94ae90 elementor-section-boxed elementor-section-height-default elementor-section-height-default\" data-id=\"c94ae90\" data-element_type=\"section\">\n\t\t\t\t\t\t<div class=\"elementor-container elementor-column-gap-default\">\n\t\t\t\t\t<div class=\"elementor-column elementor-col-100 elementor-top-column elementor-element elementor-element-e386d7c\" data-id=\"e386d7c\" data-element_type=\"column\" data-settings=\"{&quot;background_background&quot;:&quot;classic&quot;}\">\n\t\t\t<div class=\"elementor-widget-wrap elementor-element-populated\">\n\t\t\t\t\t\t<div class=\"elementor-element elementor-element-6693d44 elementor-widget elementor-widget-image\" data-id=\"6693d44\" data-element_type=\"widget\" data-widget_type=\"image.default\">\n\t\t\t\t\t\t\t\t\t\t\t\t\t\t\t<img fetchpriority=\"high\" decoding=\"async\" width=\"800\" height=\"110\" src=\"https:\/\/monolit-okna.pl\/wp-content\/uploads\/2022\/09\/xunia-1024x141.jpg\" class=\"attachment-large size-large wp-image-3787\" alt=\"\" srcset=\"https:\/\/monolit-okna.pl\/wp-content\/uploads\/2022\/09\/xunia-1024x141.jpg 1024w, https:\/\/monolit-okna.pl\/wp-content\/uploads\/2022\/09\/xunia-300x41.jpg 300w, https:\/\/monolit-okna.pl\/wp-content\/uploads\/2022\/09\/xunia-768x106.jpg 768w, https:\/\/monolit-okna.pl\/wp-content\/uploads\/2022\/09\/xunia-1536x212.jpg 1536w, https:\/\/monolit-okna.pl\/wp-content\/uploads\/2022\/09\/xunia.jpg 1597w\" sizes=\"(max-width: 800px) 100vw, 800px\" title=\"\">\t\t\t\t\t\t\t\t\t\t\t\t\t\t\t<\/div>\n\t\t\t\t\t<\/div>\n\t\t<\/div>\n\t\t\t\t\t<\/div>\n\t\t<\/section>\n\t\t\t\t<section class=\"elementor-section elementor-top-section elementor-element elementor-element-0615152 elementor-section-boxed elementor-section-height-default elementor-section-height-default\" data-id=\"0615152\" data-element_type=\"section\">\n\t\t\t\t\t\t<div class=\"elementor-container elementor-column-gap-default\">\n\t\t\t\t\t<div class=\"elementor-column elementor-col-100 elementor-top-column elementor-element elementor-element-83192ea\" data-id=\"83192ea\" data-element_type=\"column\">\n\t\t\t<div class=\"elementor-widget-wrap elementor-element-populated\">\n\t\t\t\t\t\t<div class=\"elementor-element elementor-element-ff125c0 elementor-grid-3 elementor-grid-tablet-2 elementor-grid-mobile-1 elementor-posts--thumbnail-top elementor-widget elementor-widget-posts\" data-id=\"ff125c0\" data-element_type=\"widget\" data-settings=\"{&quot;pagination_type&quot;:&quot;numbers&quot;,&quot;classic_columns&quot;:&quot;3&quot;,&quot;classic_columns_tablet&quot;:&quot;2&quot;,&quot;classic_columns_mobile&quot;:&quot;1&quot;,&quot;classic_row_gap&quot;:{&quot;unit&quot;:&quot;px&quot;,&quot;size&quot;:35,&quot;sizes&quot;:[]},&quot;classic_row_gap_tablet&quot;:{&quot;unit&quot;:&quot;px&quot;,&quot;size&quot;:&quot;&quot;,&quot;sizes&quot;:[]},&quot;classic_row_gap_mobile&quot;:{&quot;unit&quot;:&quot;px&quot;,&quot;size&quot;:&quot;&quot;,&quot;sizes&quot;:[]}}\" data-widget_type=\"posts.classic\">\n\t\t\t\t<div class=\"elementor-widget-container\">\n\t\t\t\t\t\t\t<div class=\"elementor-posts-container elementor-posts elementor-posts--skin-classic elementor-grid\" role=\"list\">\n\t\t\t\t<article class=\"elementor-post elementor-grid-item post-12139 post type-post status-publish format-standard hentry category-wu tag-fabryka-okien tag-ideal-neo-md tag-monolit tag-monolit-okna tag-monolit-producent-okien-i-drzwi-pcv tag-okna-producent tag-producent-okien tag-producent-okien-pcv tag-producent-okien-podlaskie tag-producent-okna tag-producent-okna-pcv tag-produkcja-aluminium tag-zgrzew-v-perfect\" role=\"listitem\">\n\t\t\t\t<div class=\"elementor-post__text\">\n\t\t\t\t<h2 class=\"elementor-post__title\">\n\t\t\t<a href=\"https:\/\/monolit-okna.pl\/pl\/przedsiebiorstwo-monolit-michal-godlewski-uzyskalo-dotacje-z-unii-europejskiej-na-kolejny-projekt\/\" >\n\t\t\t\tPrzedsi\u0119biorstwo Monolit Micha\u0142 Godlewski uzyska\u0142o dotacj\u0119 z Unii Europejskiej na kolejny projekt \u2026\t\t\t<\/a>\n\t\t<\/h2>\n\t\t\t\t<div class=\"elementor-post__excerpt\">\n\t\t\t<p>Przedsi\u0119biorstwo\u201eMONOLIT\u201d Micha\u0142 Godlewski uzyska\u0142o dotacj\u0119 z UniiEuropejskiej na projekt \u201eOpracowanie modelu biznesowego dotycz\u0105cegotransformacji przedsi\u0119biorstwa Monolit w obszarze Gospodarki oObiegu Zamkni\u0119tym\u201d. Przedmiotemprojektu jest nabycie us\u0142ugi doradczej w zakresie opracowania Modelubiznesowego w zakresie gospodarki o obiegu zamkni\u0119tym (GOZ) \u2013transformacji. Opracowany model biznesowy w zakresie gospodarki oobiegu zamkni\u0119tym (GOZ) \u2013 transformacji zawiera\u0107 b\u0119dzieszczeg\u00f3\u0142owe<\/p>\n\t\t<\/div>\n\t\t\n\t\t<a class=\"elementor-post__read-more\" href=\"https:\/\/monolit-okna.pl\/pl\/przedsiebiorstwo-monolit-michal-godlewski-uzyskalo-dotacje-z-unii-europejskiej-na-kolejny-projekt\/\" aria-label=\"Read more about Przedsi\u0119biorstwo Monolit Micha\u0142 Godlewski uzyska\u0142o dotacj\u0119 z Unii Europejskiej na kolejny projekt \u2026\" tabindex=\"-1\" >\n\t\t\tCzytaj wi\u0119cej \u00bb\t\t<\/a>\n\n\t\t\t\t<\/div>\n\t\t\t\t<\/article>\n\t\t\t\t<article class=\"elementor-post elementor-grid-item post-11276 post type-post status-publish format-standard hentry category-wu tag-fabryka-okien tag-ideal-neo-md tag-monolit tag-monolit-okna tag-monolit-producent-okien-i-drzwi-pcv tag-okna-producent tag-producent-okien tag-producent-okien-pcv tag-producent-okien-podlaskie tag-producent-okna tag-producent-okna-pcv tag-produkcja-aluminium tag-zgrzew-v-perfect\" role=\"listitem\">\n\t\t\t\t<div class=\"elementor-post__text\">\n\t\t\t\t<h2 class=\"elementor-post__title\">\n\t\t\t<a href=\"https:\/\/monolit-okna.pl\/pl\/przedsiebiorstwo-monolit-michal-godlewski-uzyskalo-dotacje-z-unii-europejskiej\/\" >\n\t\t\t\tPrzedsi\u0119biorstwo Monolit Micha\u0142 Godlewski uzyska\u0142o dotacj\u0119 z Unii Europejskiej\t\t\t<\/a>\n\t\t<\/h2>\n\t\t\t\t<div class=\"elementor-post__excerpt\">\n\t\t\t<p>Przedsi\u0119biorstwo &#8222;Monolit&#8221; Micha\u0142 Godlewski uzyska\u0142o dotacj\u0119 z Unii Europejskiej na projekt \u201eTransformacja przedsi\u0119biorstwa w kierunku Przemys\u0142u 4.0 poprzez automatyzacj\u0119 i robotyzacj\u0119 proces\u00f3w produkcyjnych z zakresu wytwarzania aluminiowej stolarki otworowej\u201d. Przedmiotem projektu jest transformacja przedsi\u0119biorstwa Monolit w kierunku Przemys\u0142u 4.0 poprzez automatyzacj\u0119 i robotyzacj\u0119 proces\u00f3w produkcyjnych z zakresu wytwarzania aluminiowej stolarki<\/p>\n\t\t<\/div>\n\t\t\n\t\t<a class=\"elementor-post__read-more\" href=\"https:\/\/monolit-okna.pl\/pl\/przedsiebiorstwo-monolit-michal-godlewski-uzyskalo-dotacje-z-unii-europejskiej\/\" aria-label=\"Read more about Przedsi\u0119biorstwo Monolit Micha\u0142 Godlewski uzyska\u0142o dotacj\u0119 z Unii Europejskiej\" tabindex=\"-1\" >\n\t\t\tCzytaj wi\u0119cej \u00bb\t\t<\/a>\n\n\t\t\t\t<\/div>\n\t\t\t\t<\/article>\n\t\t\t\t<article class=\"elementor-post elementor-grid-item post-3840 post type-post status-publish format-standard hentry category-wu tag-fabryka-okien tag-ideal-neo-md tag-monolit tag-monolit-okna tag-monolit-producent-okien-i-drzwi-pcv tag-okna-producent tag-producent-okien tag-producent-okien-pcv tag-producent-okien-podlaskie tag-producent-okna tag-producent-okna-pcv tag-produkcja-aluminium tag-zgrzew-v-perfect\" role=\"listitem\">\n\t\t\t\t<div class=\"elementor-post__text\">\n\t\t\t\t<h2 class=\"elementor-post__title\">\n\t\t\t<a href=\"https:\/\/monolit-okna.pl\/pl\/zastosowanie-innowacyjnego-proekologicznego-ukladu-melioracyjno-izolacyjnego-w-produkcji-stolarki-okiennej-z-pvc\/\" >\n\t\t\t\tZastosowanie innowacyjnego, proekologicznego uk\u0142adu melioracyjno-izolacyjnego w produkcji stolarki okiennej z PVC\t\t\t<\/a>\n\t\t<\/h2>\n\t\t\t\t<div class=\"elementor-post__excerpt\">\n\t\t\t<p>&#8222;Monolit&#8221; Micha\u0142 Godlewski realizuje projekt pod nazw\u0105 \u201eZastosowanie innowacyjnego,proekologicznego uk\u0142adu melioracyjno-izolacyjnego w produkcji stolarki okiennej z PVC\u201d \u00a0 Cele i planowane efekty projektu: Celem projektu jest wdro\u017cenie do oferty przedsi\u0119biorstwa innowacyjnych okien z innowacyjnym uk\u0142adem melioracyjno-izolacyjnym, b\u0119d\u0105cych rezultatem przeprowadzonych prac B+R. W efekcie realizacji projektu mo\u017cliwe b\u0119dzie: wprowadzenie na rynek<\/p>\n\t\t<\/div>\n\t\t\n\t\t<a class=\"elementor-post__read-more\" href=\"https:\/\/monolit-okna.pl\/pl\/zastosowanie-innowacyjnego-proekologicznego-ukladu-melioracyjno-izolacyjnego-w-produkcji-stolarki-okiennej-z-pvc\/\" aria-label=\"Read more about Zastosowanie innowacyjnego, proekologicznego uk\u0142adu melioracyjno-izolacyjnego w produkcji stolarki okiennej z PVC\" tabindex=\"-1\" >\n\t\t\tCzytaj wi\u0119cej \u00bb\t\t<\/a>\n\n\t\t\t\t<\/div>\n\t\t\t\t<\/article>\n\t\t\t\t<\/div>\n\t\t\n\t\t\t\t\t\t<\/div>\n\t\t\t\t<\/div>\n\t\t\t\t\t<\/div>\n\t\t<\/div>\n\t\t\t\t\t<\/div>\n\t\t<\/section>\n\t\t\t\t<\/div>\n\t\t","protected":false},"excerpt":{"rendered":"","protected":false},"author":8,"featured_media":0,"parent":0,"menu_order":0,"comment_status":"closed","ping_status":"closed","template":"elementor_header_footer","meta":{"footnotes":""},"categories":[],"tags":[163,162,164,147,184,183,187,159,74,65,137,181,161,155,157,70,182,149,158,152,160,186,72,185,154,71,129,146,148,140,156,153,144],"class_list":["post-3826","page","type-page","status-publish","hentry","tag-drzwi-pcv-na-wymiar","tag-drzwi-zewnetrzne-pcv","tag-drzwi-zewnetrzne-pcv-cennik","tag-fabryka-okien","tag-firma-okien","tag-firmy-okien","tag-firmy-z-oknami","tag-katalog-okien","tag-monolit","tag-monolit-okna","tag-monolit-producent-okien-i-drzwi-pcv","tag-okna-firmy","tag-okna-online","tag-okna-pcv","tag-okna-pcv-producenci","tag-okna-pcv-producent","tag-okna-plastikowe-producent","tag-okna-producent","tag-okna-zambrow","tag-producenci-okien","tag-producenci-okien-pcv","tag-producent-drzwi-pcv","tag-producent-okien","tag-producent-okien-cennik","tag-producent-okien-i-drzwi","tag-producent-okien-pcv","tag-producent-okien-podlaskie","tag-producent-okna","tag-producent-okna-pcv","tag-produkcja-aluminium","tag-produkcja-okien-pcv","tag-program-czyste-powietrze","tag-zgrzew-v-perfect"],"_links":{"self":[{"href":"https:\/\/monolit-okna.pl\/pl\/wp-json\/wp\/v2\/pages\/3826","targetHints":{"allow":["GET"]}}],"collection":[{"href":"https:\/\/monolit-okna.pl\/pl\/wp-json\/wp\/v2\/pages"}],"about":[{"href":"https:\/\/monolit-okna.pl\/pl\/wp-json\/wp\/v2\/types\/page"}],"author":[{"embeddable":true,"href":"https:\/\/monolit-okna.pl\/pl\/wp-json\/wp\/v2\/users\/8"}],"replies":[{"embeddable":true,"href":"https:\/\/monolit-okna.pl\/pl\/wp-json\/wp\/v2\/comments?post=3826"}],"version-history":[{"count":15,"href":"https:\/\/monolit-okna.pl\/pl\/wp-json\/wp\/v2\/pages\/3826\/revisions"}],"predecessor-version":[{"id":12250,"href":"https:\/\/monolit-okna.pl\/pl\/wp-json\/wp\/v2\/pages\/3826\/revisions\/12250"}],"wp:attachment":[{"href":"https:\/\/monolit-okna.pl\/pl\/wp-json\/wp\/v2\/media?parent=3826"}],"wp:term":[{"taxonomy":"category","embeddable":true,"href":"https:\/\/monolit-okna.pl\/pl\/wp-json\/wp\/v2\/categories?post=3826"},{"taxonomy":"post_tag","embeddable":true,"href":"https:\/\/monolit-okna.pl\/pl\/wp-json\/wp\/v2\/tags?post=3826"}],"curies":[{"name":"wp","href":"https:\/\/api.w.org\/{rel}","templated":true}]}}