{"id":3576,"date":"2022-08-05T12:02:21","date_gmt":"2022-08-05T10:02:21","guid":{"rendered":"https:\/\/monolit-okna.pl\/?page_id=3576"},"modified":"2023-09-05T14:26:09","modified_gmt":"2023-09-05T12:26:09","slug":"regulamin","status":"publish","type":"page","link":"https:\/\/monolit-okna.pl\/pl\/regulamin\/","title":{"rendered":"Regulamin"},"content":{"rendered":"\t\t<div data-elementor-type=\"wp-page\" data-elementor-id=\"3576\" class=\"elementor elementor-3576\" data-elementor-post-type=\"page\">\n\t\t\t\t\t\t<section class=\"elementor-section elementor-top-section elementor-element elementor-element-5991b5e0 elementor-section-boxed elementor-section-height-default elementor-section-height-default\" data-id=\"5991b5e0\" data-element_type=\"section\">\n\t\t\t\t\t\t<div class=\"elementor-container elementor-column-gap-default\">\n\t\t\t\t\t<div class=\"elementor-column elementor-col-100 elementor-top-column elementor-element elementor-element-47544bc9\" data-id=\"47544bc9\" data-element_type=\"column\">\n\t\t\t<div class=\"elementor-widget-wrap elementor-element-populated\">\n\t\t\t\t\t\t<div class=\"elementor-element elementor-element-40f89d5 elementor-widget elementor-widget-text-editor\" data-id=\"40f89d5\" data-element_type=\"widget\" data-widget_type=\"text-editor.default\">\n\t\t\t\t\t\t\t\t\t<h1>REGULAMIN<\/h1>\n<h2>Postanowienia og\u00f3lne<\/h2>\nNiniejsza strona internetowa jest prowadzona przez firm\u0119 MONOLIT Micha\u0142 Godlewski z siedzib\u0105 w Zambrowie 18-300, ul. Strzelnicza 12 NIP 723-154-22-65 (zwan\u0105 dalej w\u0142a\u015bcicielem)\n\nNiniejszy regulamin strony www.monolit-okna.pl (zwany dalej &#8222;Regulaminem&#8221;) okre\u015bla warunki korzystania ze strony www.monolit-okna.pl (dalej &#8222;Strona&#8221;) oraz prawa i obowi\u0105zki w\u0142a\u015bciciela, oraz u\u017cytkownik\u00f3w strony.\n\nWej\u015bcie na t\u0119 stron\u0119 internetow\u0105 r\u00f3wnoznaczne jest z zaakceptowaniem wi\u0105\u017c\u0105cego charakteru niniejszej informacji prawnej. U\u017cytkownik, kt\u00f3ry nie wyra\u017ca zgody na przestrzeganie postanowie\u0144 przedmiotowej informacji jest proszony o niekorzystanie ze strony internetowej.\n\n<\/=h2>Prawa w\u0142asno\u015bci intelektualnej<\/h2>\nWszelkie tre\u015bci zamieszczone na stronie internetowej www.monolit-okna.pl korzystaj\u0105 z ochrony prawno autorskiej i s\u0105 w\u0142asno\u015bci\u0105 tej strony. Odwiedzaj\u0105cy ponosi pe\u0142n\u0105 odpowiedzialno\u015b\u0107 za szkod\u0119 wyrz\u0105dzon\u0105 w\u0142a\u015bcicielowi, b\u0119d\u0105c\u0105 nast\u0119pstwem u\u017cycia jakiejkolwiek zawarto\u015bci strony www.monolit-okna.pl, bez wyra\u017anej zgody . Wykorzystanie przez kogokolwiek, bez wyra\u017anej pisemnej zgody w\u0142a\u015bciciela strony, kt\u00f3regokolwiek (z wy\u0142\u0105czeniem zak\u0142adki DO POBRANIA) z element\u00f3w sk\u0142adaj\u0105cych si\u0119 na tre\u015b\u0107 oraz zawarto\u015b\u0107 strony www.monolit-okna.pl stanowi naruszenie prawa autorskiego przys\u0142uguj\u0105cego W\u0142a\u015bcicielowi i skutkuje odpowiedzialno\u015bci\u0105 cywilnoprawn\u0105, oraz karn\u0105.\n\nU\u017cytkownik strony mo\u017ce drukowa\u0107, pobiera\u0107, oraz przekazywa\u0107 innym osobom materia\u0142y zamieszczone na stronie internetowej wy\u0142\u0105cznie w zak\u0142adce DO POBRANIA, pod warunkiem \u017ce czyni to wy\u0142\u0105cznie w celach informacyjnych lub innych celach dopuszczalnych w ramach obowi\u0105zuj\u0105cych przepis\u00f3w prawa.\n\n&nbsp;\n<h2>Odpowiedzialno\u015b\u0107 za tre\u015b\u0107 strony<\/h2>\nNiniejsza strona oraz zamieszone na niej tre\u015bci maj\u0105 wy\u0142\u0105cznie charakter og\u00f3lnej informacji o firmie MONOLIT i jej produktach, nie zmierzaj\u0105 do zawarcia, zmiany lub rozwi\u0105zania jakichkolwiek stosunk\u00f3w prawnych. Wszelkie informacje zawarte na niniejszej stronie internetowej nie stanowi\u0105 oferty w rozumieniu Kodeksu Cywilnego i s\u0105 publikowane w celach informacyjnych bez \u017cadnej odpowiedzialno\u015bci. Rysunki, przekroje i zdj\u0119cia zamieszczone na stronie s\u0105 jedynie rysunkami pogl\u0105dowymi. Firma MONOLIT zastrzega sobie prawo do zmiany parametr\u00f3w technicznych produkt\u00f3w zamieszczonych na stronie internetowej.\n\nW\u0142a\u015bciciel strony odpowiada jedynie za tre\u015bci w\u0142asne zamieszczone na stronie.\n<ol>\n \t<li>Informacje zamieszczane przez W\u0142a\u015bciciela na stronie s\u0105 na bie\u017c\u0105co aktualizowane oraz sporz\u0105dzane w spos\u00f3b staranny, jednak\u017ce W\u0142a\u015bciciel nie udziela gwarancji za prawid\u0142owo\u015b\u0107, aktualno\u015b\u0107, kompletno\u015b\u0107 i sta\u0142\u0105 dost\u0119pno\u015b\u0107 strony.<\/li>\n \t<li>W\u0142a\u015bciciel zastrzega sobie prawo zmiany oferty internetowej, jej uzupe\u0142niania, skracania lub ca\u0142kowitego wycofania. Nie gwarantuje r\u00f3wnie\u017c, \u017ce tre\u015bci oferty internetowej s\u0105 odpowiednie dla u\u017cytkownika i jego cel\u00f3w.<\/li>\n \t<li>Na stronie mog\u0105 by\u0107 umieszczone linki do adres\u00f3w internetowych podmiot\u00f3w trzecich, na kt\u00f3rych tre\u015b\u0107 W\u0142a\u015bciciel nie ma \u017cadnego wp\u0142ywu. Za tre\u015bci znajduj\u0105ce si\u0119 pod linkowanymi adresami odpowiada wy\u0142\u0105cznie ich operator.<\/li>\n \t<li>W\u0142a\u015bciciel zwraca si\u0119 z pro\u015bb\u0105 o bezzw\u0142oczne powiadomienie, je\u015bli u\u017cytkownik, korzystaj\u0105c z link\u00f3w umieszczonych na stronie, trafi pod adresy, kt\u00f3rych tre\u015bci wydaj\u0105 si\u0119 u\u017cytkownikowi w\u0105tpliwe. Usuni\u0119cie tego rodzaju link\u00f3w nast\u0105pi bezzw\u0142ocznie po uzyskaniu informacji o naruszeniu prawa przez tre\u015bci adres\u00f3w linkowanych. O\u015bwiadczenie to obowi\u0105zuje dla wszystkich link\u00f3w znajduj\u0105cych si\u0119 na stronie W\u0142a\u015bciciela.<\/li>\n<\/ol>\nFirma MONOLIT nie ponosi odpowiedzialno\u015bci za ewentualne szkody powsta\u0142e w wyniku u\u017cytkowania niniejszej strony internetowej.\n<h2><span style=\"color: #000000; font-family: 'Encode Sans', sans-serif; font-size: 24px; letter-spacing: 0.4px;\">Kontakt<\/span><\/h2>\nW przypadku pyta\u0144 lub skarg, dotycz\u0105cych funkcjonowania niniejszej strony internetowej, prosimy o korzystanie z poni\u017cszych danych kontaktowych:\n\nMONOLIT Micha\u0142 Godlewski\nul. Strzelnicza 12\n\n18-300 Zambr\u00f3w\n\nbiuro@monolit-okna.pl\t\t\t\t\t\t\t\t<\/div>\n\t\t\t\t\t<\/div>\n\t\t<\/div>\n\t\t\t\t\t<\/div>\n\t\t<\/section>\n\t\t\t\t<\/div>\n\t\t","protected":false},"excerpt":{"rendered":"<p>REGULAMIN Postanowienia og\u00f3lne Niniejsza strona internetowa jest prowadzona przez firm\u0119 MONOLIT Micha\u0142 Godlewski z siedzib\u0105 w Zambrowie 18-300, ul. Strzelnicza 12 NIP 723-154-22-65 (zwan\u0105 dalej w\u0142a\u015bcicielem) Niniejszy regulamin strony www.monolit-okna.pl (zwany dalej &#8222;Regulaminem&#8221;) okre\u015bla warunki korzystania ze strony www.monolit-okna.pl (dalej &#8222;Strona&#8221;) oraz prawa i obowi\u0105zki w\u0142a\u015bciciela, oraz u\u017cytkownik\u00f3w strony. Wej\u015bcie na t\u0119 stron\u0119 internetow\u0105 r\u00f3wnoznaczne [&hellip;]<\/p>\n","protected":false},"author":8,"featured_media":0,"parent":0,"menu_order":0,"comment_status":"closed","ping_status":"open","template":"","meta":{"footnotes":""},"categories":[],"tags":[163,162,164,147,184,183,187,159,74,65,137,181,161,155,157,70,182,149,158,152,160,186,72,185,154,71,129,146,148,140,156,153,144],"class_list":["post-3576","page","type-page","status-publish","hentry","tag-drzwi-pcv-na-wymiar","tag-drzwi-zewnetrzne-pcv","tag-drzwi-zewnetrzne-pcv-cennik","tag-fabryka-okien","tag-firma-okien","tag-firmy-okien","tag-firmy-z-oknami","tag-katalog-okien","tag-monolit","tag-monolit-okna","tag-monolit-producent-okien-i-drzwi-pcv","tag-okna-firmy","tag-okna-online","tag-okna-pcv","tag-okna-pcv-producenci","tag-okna-pcv-producent","tag-okna-plastikowe-producent","tag-okna-producent","tag-okna-zambrow","tag-producenci-okien","tag-producenci-okien-pcv","tag-producent-drzwi-pcv","tag-producent-okien","tag-producent-okien-cennik","tag-producent-okien-i-drzwi","tag-producent-okien-pcv","tag-producent-okien-podlaskie","tag-producent-okna","tag-producent-okna-pcv","tag-produkcja-aluminium","tag-produkcja-okien-pcv","tag-program-czyste-powietrze","tag-zgrzew-v-perfect"],"_links":{"self":[{"href":"https:\/\/monolit-okna.pl\/pl\/wp-json\/wp\/v2\/pages\/3576","targetHints":{"allow":["GET"]}}],"collection":[{"href":"https:\/\/monolit-okna.pl\/pl\/wp-json\/wp\/v2\/pages"}],"about":[{"href":"https:\/\/monolit-okna.pl\/pl\/wp-json\/wp\/v2\/types\/page"}],"author":[{"embeddable":true,"href":"https:\/\/monolit-okna.pl\/pl\/wp-json\/wp\/v2\/users\/8"}],"replies":[{"embeddable":true,"href":"https:\/\/monolit-okna.pl\/pl\/wp-json\/wp\/v2\/comments?post=3576"}],"version-history":[{"count":0,"href":"https:\/\/monolit-okna.pl\/pl\/wp-json\/wp\/v2\/pages\/3576\/revisions"}],"wp:attachment":[{"href":"https:\/\/monolit-okna.pl\/pl\/wp-json\/wp\/v2\/media?parent=3576"}],"wp:term":[{"taxonomy":"category","embeddable":true,"href":"https:\/\/monolit-okna.pl\/pl\/wp-json\/wp\/v2\/categories?post=3576"},{"taxonomy":"post_tag","embeddable":true,"href":"https:\/\/monolit-okna.pl\/pl\/wp-json\/wp\/v2\/tags?post=3576"}],"curies":[{"name":"wp","href":"https:\/\/api.w.org\/{rel}","templated":true}]}}