{"id":230,"date":"2022-05-25T12:10:53","date_gmt":"2022-05-25T10:10:53","guid":{"rendered":"https:\/\/monolit-okna.pl\/?page_id=230"},"modified":"2026-04-13T11:06:05","modified_gmt":"2026-04-13T09:06:05","slug":"o-firmie","status":"publish","type":"page","link":"https:\/\/monolit-okna.pl\/pl\/o-firmie\/","title":{"rendered":"O firmie"},"content":{"rendered":"\t\t<div data-elementor-type=\"wp-post\" data-elementor-id=\"230\" class=\"elementor elementor-230\" data-elementor-post-type=\"page\">\n\t\t\t\t\t\t<section class=\"elementor-section elementor-top-section elementor-element elementor-element-c94ae90 elementor-section-full_width elementor-section-height-default elementor-section-height-default\" data-id=\"c94ae90\" data-element_type=\"section\">\n\t\t\t\t\t\t<div class=\"elementor-container elementor-column-gap-default\">\n\t\t\t\t\t<div class=\"elementor-column elementor-col-100 elementor-top-column elementor-element elementor-element-e386d7c\" data-id=\"e386d7c\" data-element_type=\"column\" data-settings=\"{&quot;background_background&quot;:&quot;classic&quot;}\">\n\t\t\t<div class=\"elementor-widget-wrap elementor-element-populated\">\n\t\t\t\t\t\t<div class=\"elementor-element elementor-element-307ed09 elementor-widget elementor-widget-heading\" data-id=\"307ed09\" data-element_type=\"widget\" data-widget_type=\"heading.default\">\n\t\t\t\t\t<h1 class=\"elementor-heading-title elementor-size-default\">O firmie<\/h1>\t\t\t\t<\/div>\n\t\t\t\t\t<\/div>\n\t\t<\/div>\n\t\t\t\t\t<\/div>\n\t\t<\/section>\n\t\t\t\t<section class=\"elementor-section elementor-top-section elementor-element elementor-element-aeb0459 elementor-section-boxed elementor-section-height-default elementor-section-height-default\" data-id=\"aeb0459\" data-element_type=\"section\">\n\t\t\t\t\t\t<div class=\"elementor-container elementor-column-gap-default\">\n\t\t\t\t\t<div class=\"elementor-column elementor-col-100 elementor-top-column elementor-element elementor-element-f418d7a\" data-id=\"f418d7a\" data-element_type=\"column\">\n\t\t\t<div class=\"elementor-widget-wrap elementor-element-populated\">\n\t\t\t\t\t\t<div class=\"elementor-element elementor-element-e27500a elementor-widget elementor-widget-heading\" data-id=\"e27500a\" data-element_type=\"widget\" data-widget_type=\"heading.default\">\n\t\t\t\t\t<h2 class=\"elementor-heading-title elementor-size-default\">dlaczego monolit<\/h2>\t\t\t\t<\/div>\n\t\t\t\t<div class=\"elementor-element elementor-element-bbd60bc elementor-widget elementor-widget-text-editor\" data-id=\"bbd60bc\" data-element_type=\"widget\" data-widget_type=\"text-editor.default\">\n\t\t\t\t\t\t\t\t\t<p>Na przestrzeni lat nasza firma przesz\u0142a transformacj\u0119, kt\u00f3ra z ma\u0142ej firmy uczyni\u0142a nas czo\u0142owym dostawc\u0105 stolarki okiennej i drzwiowej <b>PVC i Aluminium<\/b> w Polsce oraz poza jej granicami. Dzi\u0119ki zaanga\u017cowaniu, pasji oraz wiedzy zespo\u0142u profesjonalist\u00f3w, uda\u0142o si\u0119 zbudowa\u0107 solidne fundamenty, na kt\u00f3rych opieramy codzienn\u0105 dzia\u0142alno\u015b\u0107. Dzi\u015b mo\u017cemy z dum\u0105 stwierdzi\u0107, \u017ce oferujemy najwy\u017cszej jako\u015bci produkty, kt\u00f3re spe\u0142niaj\u0105 oczekiwania najbardziej wymagaj\u0105cych klient\u00f3w.<\/p><p align=\"justify\">Nasza oferta obejmuje szeroki asortyment, w tym m.in. stolark\u0119 PVC, systemy przesuwne, aluminium, podwaliny, moskitiery, parapety oraz bramy gara\u017cowe. Ka\u017cdy z tych produkt\u00f3w jest starannie projektowany i wykonywany z my\u015bl\u0105 o zapewnieniu najwy\u017cszego poziomu komfortu u\u017cytkowania oraz funkcjonalno\u015bci.<\/p><p align=\"justify\">Strategicznym celem naszej organizacji jest konsekwentne umacnianie pozycji na rynku polskim oraz zagranicznym. Aby to osi\u0105gn\u0105\u0107, nieustannie pracujemy nad systematycznym poszerzaniem i ulepszaniem oferty produktowej. Wprowadzamy innowacyjne rozwi\u0105zania, kt\u00f3re pozwalaj\u0105 nam wyr\u00f3\u017cnia\u0107 si\u0119 na tle konkurencji.<\/p><p align=\"justify\">Jednym z kluczowych aspekt\u00f3w naszej dzia\u0142alno\u015bci jest dba\u0142o\u015b\u0107 o jako\u015b\u0107. Stawiamy na staranno\u015b\u0107 na ka\u017cdym etapie produkcji, od wyboru surowc\u00f3w po finalne wyko\u0144czenie produkt\u00f3w. Nie zapominamy r\u00f3wnie\u017c o estetyce. Zdaj\u0105c sobie spraw\u0119, \u017ce okna i drzwi s\u0105 nie tylko elementami funkcjonalnymi, ale tak\u017ce dekoracyjnymi, oferujemy szerok\u0105 gam\u0119 kolor\u00f3w i wzor\u00f3w, kt\u00f3re pozwalaj\u0105 dopasowa\u0107 produkty do indywidualnych potrzeb i gust\u00f3w klient\u00f3w.<\/p><p align=\"justify\">Nieustannie inwestujemy w rozw\u00f3j technologiczny, aby zapewni\u0107 najwy\u017csz\u0105 jako\u015b\u0107 i innowacyjno\u015b\u0107 oferowanych produkt\u00f3w. Wsp\u00f3\u0142pracujemy z renomowanymi dostawcami surowc\u00f3w (m.in. Aluplast, Rehau, Wital, Procural, Aluprof, Aluron) oraz korzystamy z najnowszych technologii produkcyjnych. Przyk\u0142adem mo\u017ce by\u0107 zastosowanie nowoczesnych maszyn CNC, kt\u00f3re pozwalaj\u0105 na precyzyjne ci\u0119cie i obr\u00f3bk\u0119 materia\u0142\u00f3w, co przek\u0142ada si\u0119 na jako\u015b\u0107 i trwa\u0142o\u015b\u0107 produkt\u00f3w. Standardem s\u0105 zgrzewy V-perfect, kt\u00f3re pozwalaj\u0105 na idealne po\u0142\u0105czenie profili i uzyskanie tzw. cienkich zgrzew\u00f3w oraz ca\u0142kowite wyeliminowanie powstawania wyp\u0142ywek w procesie \u0142\u0105czenia profili i doskonali kontrol\u0119 docisku zgrzewu.<\/p><p align=\"justify\">Zadowolenie klient\u00f3w jest dla nas priorytetem. Dlatego te\u017c staramy si\u0119, aby ka\u017cdy etap wsp\u00f3\u0142pracy z nasz\u0105 firm\u0105 by\u0142 dla nich jak najbardziej komfortowy i satysfakcjonuj\u0105cy. Oferujemy kompleksow\u0105 obs\u0142ug\u0119, pocz\u0105wszy od doradztwa technicznego, poprzez projektowanie, a\u017c po monta\u017c i serwis.<\/p><p align=\"justify\">Nie ograniczamy si\u0119 tylko do rynku krajowego. Z powodzeniem rozwijamy dzia\u0142alno\u015b\u0107 eksportow\u0105, dostarczaj\u0105c nasze produkty do wielu kraj\u00f3w na ca\u0142ym \u015bwiecie. Dzi\u0119ki temu mo\u017cemy dzieli\u0107 si\u0119 nasz\u0105 pasj\u0105 do stolarki okiennej i drzwiowej z klientami z r\u00f3\u017cnych zak\u0105tk\u00f3w globu.<\/p><p align=\"justify\">Wierzymy, \u017ce nasi odbiorcy zas\u0142uguj\u0105 na to, aby przestrze\u0144, w kt\u00f3rej \u017cyj\u0105, odpoczywaj\u0105 czy sp\u0119dzaj\u0105 czas z najbli\u017cszymi, by\u0142a nie tylko funkcjonalna, ale r\u00f3wnie\u017c estetyczna. Dlatego dok\u0142adamy wszelkich stara\u0144, aby nasze produkty spe\u0142nia\u0142y ich wymagania. Naszym celem jest tworzenie rozwi\u0105za\u0144, kt\u00f3re nie tylko u\u0142atwiaj\u0105 codzienne \u017cycie, ale tak\u017ce sprawiaj\u0105, \u017ce staje si\u0119 ono przyjemniejsze i bardziej komfortowe.<\/p>\t\t\t\t\t\t\t\t<\/div>\n\t\t\t\t<div class=\"elementor-element elementor-element-cf06478 elementor-widget elementor-widget-gallery\" data-id=\"cf06478\" data-element_type=\"widget\" data-settings=\"{&quot;columns&quot;:2,&quot;aspect_ratio&quot;:&quot;1:1&quot;,&quot;columns_mobile&quot;:2,&quot;gap_mobile&quot;:{&quot;unit&quot;:&quot;px&quot;,&quot;size&quot;:9,&quot;sizes&quot;:[]},&quot;overlay_title&quot;:&quot;title&quot;,&quot;overlay_description&quot;:&quot;description&quot;,&quot;gap&quot;:{&quot;unit&quot;:&quot;px&quot;,&quot;size&quot;:20,&quot;sizes&quot;:[]},&quot;lazyload&quot;:&quot;yes&quot;,&quot;gallery_layout&quot;:&quot;grid&quot;,&quot;columns_tablet&quot;:2,&quot;gap_tablet&quot;:{&quot;unit&quot;:&quot;px&quot;,&quot;size&quot;:10,&quot;sizes&quot;:[]},&quot;overlay_background&quot;:&quot;yes&quot;,&quot;content_hover_animation&quot;:&quot;fade-in&quot;}\" data-widget_type=\"gallery.default\">\n\t\t\t\t\t\t\t<div class=\"elementor-gallery__container\">\n\t\t\t\t\t\t\t<div class=\"e-gallery-item elementor-gallery-item elementor-animated-content\" tabindex=\"0\">\n\t\t\t\t\t<div class=\"e-gallery-image elementor-gallery-item__image\" data-thumbnail=\"https:\/\/monolit-okna.pl\/wp-content\/uploads\/2022\/05\/2f.jpg\" data-width=\"600\" data-height=\"600\" aria-label=\"\" role=\"img\" ><\/div>\n\t\t\t\t\t\t\t\t\t\t\t<div class=\"elementor-gallery-item__overlay\"><\/div>\n\t\t\t\t\t\t\t\t\t\t\t\t\t\t\t<div class=\"elementor-gallery-item__content\">\n\t\t\t\t\t\t\t\t\t\t\t\t\t\t<div class=\"elementor-gallery-item__title\">\n\t\t\t\t\t\t\t\t\t\t\t\t\t\t\t\t\t\tJako\u015b\u0107\t\t\t\t\t\t\t\t<\/div>\n\t\t\t\t\t\t\t\t\t\t\t\t\t\t\t<div class=\"elementor-gallery-item__description\">\n\t\t\t\t\t\t\t\t\t\t\t\t\t\t\t\t\t\tGwarancj\u0105 sukcesu jest dostarczanie produkt\u00f3w najwy\u017cszej jako\u015bci. Prowadzimy sta\u0142y nadz\u00f3r nad procesami produkcyjnymi, aby dostarcza\u0107 do naszych klient\u00f3w stolark\u0119 sprawdzon\u0105, pozbawion\u0105 wad, trwa\u0142\u0105 i niezawodn\u0105.\t\t\t\t\t\t\t\t<\/div>\n\t\t\t\t\t\t\t\t\t\t\t\t<\/div>\n\t\t\t\t\t\t\t\t\t<\/div>\n\t\t\t\t\t\t\t<div class=\"e-gallery-item elementor-gallery-item elementor-animated-content\" tabindex=\"0\">\n\t\t\t\t\t<div class=\"e-gallery-image elementor-gallery-item__image\" data-thumbnail=\"https:\/\/monolit-okna.pl\/wp-content\/uploads\/2022\/05\/4f.jpg\" data-width=\"600\" data-height=\"600\" aria-label=\"\" role=\"img\" ><\/div>\n\t\t\t\t\t\t\t\t\t\t\t<div class=\"elementor-gallery-item__overlay\"><\/div>\n\t\t\t\t\t\t\t\t\t\t\t\t\t\t\t<div class=\"elementor-gallery-item__content\">\n\t\t\t\t\t\t\t\t\t\t\t\t\t\t<div class=\"elementor-gallery-item__title\">\n\t\t\t\t\t\t\t\t\t\t\t\t\t\t\t\t\t\tDesign\t\t\t\t\t\t\t\t<\/div>\n\t\t\t\t\t\t\t\t\t\t\t\t\t\t\t<div class=\"elementor-gallery-item__description\">\n\t\t\t\t\t\t\t\t\t\t\t\t\t\t\t\t\t\tBogaty wyb\u00f3r profili,  szeroka gama kolor\u00f3w i dodatk\u00f3w i przede wszystkim precyzyjne wyko\u0144czenie i dba\u0142o\u015b\u0107 o najmniejsze detale estetyczne sprawiaj\u0105, \u017ce produkty Monolit wyr\u00f3\u017cniaj\u0105 si\u0119 na tle konkurencji niespotykanym designem.\t\t\t\t\t\t\t\t<\/div>\n\t\t\t\t\t\t\t\t\t\t\t\t<\/div>\n\t\t\t\t\t\t\t\t\t<\/div>\n\t\t\t\t\t\t\t<div class=\"e-gallery-item elementor-gallery-item elementor-animated-content\" tabindex=\"0\">\n\t\t\t\t\t<div class=\"e-gallery-image elementor-gallery-item__image\" data-thumbnail=\"https:\/\/monolit-okna.pl\/wp-content\/uploads\/2022\/05\/1f.jpg\" data-width=\"600\" data-height=\"600\" aria-label=\"\" role=\"img\" ><\/div>\n\t\t\t\t\t\t\t\t\t\t\t<div class=\"elementor-gallery-item__overlay\"><\/div>\n\t\t\t\t\t\t\t\t\t\t\t\t\t\t\t<div class=\"elementor-gallery-item__content\">\n\t\t\t\t\t\t\t\t\t\t\t\t\t\t<div class=\"elementor-gallery-item__title\">\n\t\t\t\t\t\t\t\t\t\t\t\t\t\t\t\t\t\tProfesjonalizm\t\t\t\t\t\t\t\t<\/div>\n\t\t\t\t\t\t\t\t\t\t\t\t\t\t\t<div class=\"elementor-gallery-item__description\">\n\t\t\t\t\t\t\t\t\t\t\t\t\t\t\t\t\t\tWysoko wykwalifikowana, do\u015bwiadczona kadra specjalist\u00f3w to gwarancja obs\u0142ugi na najwy\u017cszym poziomie. Na etapie zam\u00f3wie\u0144 oferujemy wsparcie dzia\u0142u handlowego i technologicznego oraz wsparcie marketingowe sprzeda\u017cy naszych produkt\u00f3w w salonach.\t\t\t\t\t\t\t\t<\/div>\n\t\t\t\t\t\t\t\t\t\t\t\t<\/div>\n\t\t\t\t\t\t\t\t\t<\/div>\n\t\t\t\t\t\t\t<div class=\"e-gallery-item elementor-gallery-item elementor-animated-content\" tabindex=\"0\">\n\t\t\t\t\t<div class=\"e-gallery-image elementor-gallery-item__image\" data-thumbnail=\"https:\/\/monolit-okna.pl\/wp-content\/uploads\/2022\/05\/3f.jpg\" data-width=\"600\" data-height=\"600\" aria-label=\"\" role=\"img\" ><\/div>\n\t\t\t\t\t\t\t\t\t\t\t<div class=\"elementor-gallery-item__overlay\"><\/div>\n\t\t\t\t\t\t\t\t\t\t\t\t\t\t\t<div class=\"elementor-gallery-item__content\">\n\t\t\t\t\t\t\t\t\t\t\t\t\t\t<div class=\"elementor-gallery-item__title\">\n\t\t\t\t\t\t\t\t\t\t\t\t\t\t\t\t\t\tInnowacyjno\u015b\u0107\t\t\t\t\t\t\t\t<\/div>\n\t\t\t\t\t\t\t\t\t\t\t\t\t\t\t<div class=\"elementor-gallery-item__description\">\n\t\t\t\t\t\t\t\t\t\t\t\t\t\t\t\t\t\tJeden z najnowocze\u015bniejszych park\u00f3w maszynowych, wsp\u00f3\u0142praca z najlepszymi  dostawcami komponent\u00f3w, pozwalaj\u0105 nam wdra\u017ca\u0107 coraz to nowe rozwi\u0105zania technologiczne odpowiadaj\u0105ce na oczekiwania obecnego rynku.\t\t\t\t\t\t\t\t<\/div>\n\t\t\t\t\t\t\t\t\t\t\t\t<\/div>\n\t\t\t\t\t\t\t\t\t<\/div>\n\t\t\t\t\t<\/div>\n\t\t\t\t\t<\/div>\n\t\t\t\t<div class=\"elementor-element elementor-element-51813d1 elementor-widget elementor-widget-heading\" data-id=\"51813d1\" data-element_type=\"widget\" data-widget_type=\"heading.default\">\n\t\t\t\t\t<h2 class=\"elementor-heading-title elementor-size-default\">Nasza historia<\/h2>\t\t\t\t<\/div>\n\t\t\t\t<div class=\"elementor-element elementor-element-f6fd1e3 elementor-widget elementor-widget-image\" data-id=\"f6fd1e3\" data-element_type=\"widget\" data-no-translation=\"\" data-widget_type=\"image.default\">\n\t\t\t\t\t\t\t\t\t\t\t\t\t\t\t\t<a href=\"https:\/\/monolit-okna.pl\/wp-content\/uploads\/2026\/02\/OS-CZASU_strona_polski.png\" data-elementor-open-lightbox=\"yes\" data-e-action-hash=\"#elementor-action%3Aaction%3Dlightbox%26settings%3DeyJpZCI6MTMxMjIsInVybCI6Imh0dHBzOlwvXC9tb25vbGl0LW9rbmEucGxcL3dwLWNvbnRlbnRcL3VwbG9hZHNcLzIwMjZcLzAyXC9PUy1DWkFTVV9zdHJvbmFfcG9sc2tpLnBuZyJ9\">\n\t\t\t\t\t\t\t<img fetchpriority=\"high\" decoding=\"async\" width=\"1366\" height=\"722\" src=\"https:\/\/monolit-okna.pl\/wp-content\/uploads\/2026\/02\/OS-CZASU_strona_polski.png\" class=\"attachment-full size-full wp-image-13122\" alt=\"\" srcset=\"https:\/\/monolit-okna.pl\/wp-content\/uploads\/2026\/02\/OS-CZASU_strona_polski.png 1366w, https:\/\/monolit-okna.pl\/wp-content\/uploads\/2026\/02\/OS-CZASU_strona_polski-300x159.png 300w, https:\/\/monolit-okna.pl\/wp-content\/uploads\/2026\/02\/OS-CZASU_strona_polski-1024x541.png 1024w, https:\/\/monolit-okna.pl\/wp-content\/uploads\/2026\/02\/OS-CZASU_strona_polski-768x406.png 768w, https:\/\/monolit-okna.pl\/wp-content\/uploads\/2026\/02\/OS-CZASU_strona_polski-18x10.png 18w\" sizes=\"(max-width: 1366px) 100vw, 1366px\" title=\"\">\t\t\t\t\t\t\t\t<\/a>\n\t\t\t\t\t\t\t\t\t\t\t\t\t\t\t<\/div>\n\t\t\t\t<div class=\"elementor-element elementor-element-e78c1a8 elementor-widget elementor-widget-image\" data-id=\"e78c1a8\" data-element_type=\"widget\" data-no-translation=\"\" data-widget_type=\"image.default\">\n\t\t\t\t\t<style>.elementor-element-e78c1a8{display:none !important}<\/style>\t\t\t\t<\/div>\n\t\t\t\t<div class=\"elementor-element elementor-element-9ee9e1a elementor-widget elementor-widget-image\" data-id=\"9ee9e1a\" data-element_type=\"widget\" data-no-translation=\"\" data-widget_type=\"image.default\">\n\t\t\t\t\t<style>.elementor-element-9ee9e1a{display:none !important}<\/style>\t\t\t\t<\/div>\n\t\t\t\t<div class=\"elementor-element elementor-element-e471ac4 elementor-widget elementor-widget-image\" data-id=\"e471ac4\" data-element_type=\"widget\" data-no-translation=\"\" data-widget_type=\"image.default\">\n\t\t\t\t\t<style>.elementor-element-e471ac4{display:none !important}<\/style>\t\t\t\t<\/div>\n\t\t\t\t\t<\/div>\n\t\t<\/div>\n\t\t\t\t\t<\/div>\n\t\t<\/section>\n\t\t\t\t<\/div>\n\t\t","protected":false},"excerpt":{"rendered":"<p>O firmie dlaczego monolit Na przestrzeni lat nasza firma przesz\u0142a transformacj\u0119, kt\u00f3ra z ma\u0142ej firmy uczyni\u0142a nas czo\u0142owym dostawc\u0105 stolarki okiennej i drzwiowej PVC i Aluminium w Polsce oraz poza jej granicami. Dzi\u0119ki zaanga\u017cowaniu, pasji oraz wiedzy zespo\u0142u profesjonalist\u00f3w, uda\u0142o si\u0119 zbudowa\u0107 solidne fundamenty, na kt\u00f3rych opieramy codzienn\u0105 dzia\u0142alno\u015b\u0107. Dzi\u015b mo\u017cemy z dum\u0105 stwierdzi\u0107, \u017ce [&hellip;]<\/p>\n","protected":false},"author":8,"featured_media":0,"parent":0,"menu_order":0,"comment_status":"closed","ping_status":"closed","template":"","meta":{"footnotes":""},"categories":[],"tags":[163,162,164,147,184,183,187,159,74,134,65,137,181,161,155,157,70,182,149,158,152,160,186,72,185,154,71,129,146,148,140,156,153,144],"class_list":["post-230","page","type-page","status-publish","hentry","tag-drzwi-pcv-na-wymiar","tag-drzwi-zewnetrzne-pcv","tag-drzwi-zewnetrzne-pcv-cennik","tag-fabryka-okien","tag-firma-okien","tag-firmy-okien","tag-firmy-z-oknami","tag-katalog-okien","tag-monolit","tag-monolit-15-lat-firmy","tag-monolit-okna","tag-monolit-producent-okien-i-drzwi-pcv","tag-okna-firmy","tag-okna-online","tag-okna-pcv","tag-okna-pcv-producenci","tag-okna-pcv-producent","tag-okna-plastikowe-producent","tag-okna-producent","tag-okna-zambrow","tag-producenci-okien","tag-producenci-okien-pcv","tag-producent-drzwi-pcv","tag-producent-okien","tag-producent-okien-cennik","tag-producent-okien-i-drzwi","tag-producent-okien-pcv","tag-producent-okien-podlaskie","tag-producent-okna","tag-producent-okna-pcv","tag-produkcja-aluminium","tag-produkcja-okien-pcv","tag-program-czyste-powietrze","tag-zgrzew-v-perfect"],"_links":{"self":[{"href":"https:\/\/monolit-okna.pl\/pl\/wp-json\/wp\/v2\/pages\/230","targetHints":{"allow":["GET"]}}],"collection":[{"href":"https:\/\/monolit-okna.pl\/pl\/wp-json\/wp\/v2\/pages"}],"about":[{"href":"https:\/\/monolit-okna.pl\/pl\/wp-json\/wp\/v2\/types\/page"}],"author":[{"embeddable":true,"href":"https:\/\/monolit-okna.pl\/pl\/wp-json\/wp\/v2\/users\/8"}],"replies":[{"embeddable":true,"href":"https:\/\/monolit-okna.pl\/pl\/wp-json\/wp\/v2\/comments?post=230"}],"version-history":[{"count":15,"href":"https:\/\/monolit-okna.pl\/pl\/wp-json\/wp\/v2\/pages\/230\/revisions"}],"predecessor-version":[{"id":13531,"href":"https:\/\/monolit-okna.pl\/pl\/wp-json\/wp\/v2\/pages\/230\/revisions\/13531"}],"wp:attachment":[{"href":"https:\/\/monolit-okna.pl\/pl\/wp-json\/wp\/v2\/media?parent=230"}],"wp:term":[{"taxonomy":"category","embeddable":true,"href":"https:\/\/monolit-okna.pl\/pl\/wp-json\/wp\/v2\/categories?post=230"},{"taxonomy":"post_tag","embeddable":true,"href":"https:\/\/monolit-okna.pl\/pl\/wp-json\/wp\/v2\/tags?post=230"}],"curies":[{"name":"wp","href":"https:\/\/api.w.org\/{rel}","templated":true}]}}