{"id":4409,"date":"2023-01-11T08:47:58","date_gmt":"2023-01-11T07:47:58","guid":{"rendered":"https:\/\/monolit-okna.pl\/?page_id=4409"},"modified":"2023-09-05T13:53:31","modified_gmt":"2023-09-05T11:53:31","slug":"klauzula-informacyjna-rodo","status":"publish","type":"page","link":"https:\/\/monolit-okna.pl\/it\/klauzula-informacyjna-rodo\/","title":{"rendered":"Clausola informativa GDPR"},"content":{"rendered":"<div data-elementor-type=\"wp-page\" data-elementor-id=\"4409\" class=\"elementor elementor-4409\" data-elementor-post-type=\"page\">\n\t\t\t\t\t\t<section class=\"elementor-section elementor-top-section elementor-element elementor-element-5991b5e0 elementor-section-boxed elementor-section-height-default elementor-section-height-default\" data-id=\"5991b5e0\" data-element_type=\"section\">\n\t\t\t\t\t\t<div class=\"elementor-container elementor-column-gap-default\">\n\t\t\t\t\t<div class=\"elementor-column elementor-col-100 elementor-top-column elementor-element elementor-element-47544bc9\" data-id=\"47544bc9\" data-element_type=\"column\">\n\t\t\t<div class=\"elementor-widget-wrap elementor-element-populated\">\n\t\t\t\t\t\t<div class=\"elementor-element elementor-element-40f89d5 elementor-widget elementor-widget-text-editor\" data-id=\"40f89d5\" data-element_type=\"widget\" data-widget_type=\"text-editor.default\">\n\t\t\t\t\t\t\t\t\t<h2>Politica di sicurezza - Clausola informativa GDPR<\/h2><p><b> <\/b><span style=\"letter-spacing: 0.4px; color: var( --e-global-color-text ); font-family: var( --e-global-typography-text-font-family ), Sans-serif; font-weight: var( --e-global-typography-text-font-weight );\"> Ai sensi dell&#039;articolo 13, paragrafi 1 e 2 del Regolamento (UE) 2016\/679 del Parlamento europeo e del Consiglio, del 27 aprile 2016, relativo alla protezione delle persone fisiche con riguardo al trattamento dei dati personali, nonch\u00e9 alla libera circolazione di tali dati e che abroga la direttiva 95\/46\/CE (regolamento generale sulla protezione dei dati), La informiamo che: <\/span><\/p><ol><li value=\"1\">L&#039;amministratore dei tuoi dati personali \u00e8 MONOLIT Micha\u0142 Godlewski, 18300 Zambr\u00f3w, ul.<br \/>Poligono di tiro 12, NIP: 7231542265, REGON: 200164221.<\/li><\/ol><ol><li value=\"2\">Per questioni relative alla protezione dei dati personali, si prega di contattare la direzione aziendale, all&#039;indirizzo sopra indicato.<\/li><\/ol><ol><li value=\"3\">I tuoi dati personali saranno trattati per le seguenti finalit\u00e0:<\/li><\/ol><p>\u00a0<\/p><ol>a. al fine di eseguire il contratto e sulla base del contratto da Lei concluso con il Titolare del trattamento (art. 6 comma 1 lett. B del Regolamento generale sulla protezione dei dati),<\/ol><ol>b. per adempiere agli obblighi legali incombenti sul Titolare del trattamento, derivanti in particolare dalla Legge sulla contabilit\u00e0, dalla Legge sull&#039;imposta sul reddito delle societ\u00e0, dalla Legge sull&#039;ordinanza fiscale, dalla Legge sulla lotta al riciclaggio di denaro e al finanziamento del terrorismo, dalla Legge sull&#039;imprenditoria e altri (articolo 6, paragrafo 1, lettera c del Regolamento generale sulla protezione dei dati),<\/ol><ol>c. per finalit\u00e0 probatorie, al fine di provare i fatti e per accertare, difendere e perseguire pretese del Titolare, che \u00e8 il nostro legittimo interesse (articolo 6, paragrafo 1, lettera f del Regolamento generale sulla protezione dei dati),<\/ol><ol>d. creare analisi, riepiloghi e statistiche per il Titolare del trattamento, che \u00e8 il nostro legittimo interesse (articolo 6, paragrafo 1, lettera f del Regolamento generale sulla protezione dei dati).<\/ol><p>\u00a0<\/p><ol><li value=\"4\">I responsabili del trattamento dei tuoi dati personali possono essere soggetti che forniscono servizi al Titolare del trattamento.<br \/>consulenza, amministrazione, contabilit\u00e0, marketing, legale, IT, assicurazioni, banche, intermediari finanziari e assicurativi, operatori postali, corrieri, camere di compensazione e intermediari di regolamento, revisori esterni, autorit\u00e0 di vigilanza.<\/li><\/ol><ol><li value=\"5\">I tuoi dati personali saranno conservati per un periodo di 10 anni dal momento in cui termina il rapporto reciproco,<br \/>a meno che la normativa non richieda espressamente un trattamento per un periodo pi\u00f9 lungo.<\/li><\/ol><ol><li value=\"6\">Hai il diritto di accedere ai tuoi dati e, se necessario, di rettificarli.<br \/>incongruenza con lo stato attuale, cancellazione, limitazione del trattamento, diritto alla portabilit\u00e0 dei dati, diritto all&#039;oblio, diritto di opposizione, diritto di revoca del consenso in qualsiasi momento senza pregiudicare la liceit\u00e0 del trattamento (qualora il trattamento sia basato sul consenso) effettuato sulla base del consenso prima della revoca.<\/li><\/ol><ol><li value=\"7\">Hai il diritto di presentare un reclamo all&#039;Autorit\u00e0 Garante per la Protezione dei Dati Personali se ritieni che<br \/>il trattamento dei tuoi dati personali viola le disposizioni del Regolamento generale sulla protezione dei dati<br \/>protezione dei dati.<\/li><\/ol><ol><li value=\"8\">Il possesso dei tuoi dati personali \u00e8 necessario per l&#039;esecuzione del contratto o per l&#039;adempimento degli obblighi<br \/>Amministratore derivante da disposizioni di legge.<\/li><\/ol><p>\u00a0<\/p>\t\t\t\t\t\t\t\t<\/div>\n\t\t\t\t\t<\/div>\n\t\t<\/div>\n\t\t\t\t\t<\/div>\n\t\t<\/section>\n\t\t\t\t<\/div>","protected":false},"excerpt":{"rendered":"<p>Polityka Bezpiecze\u0144stwa &#8211; klauzula informacyjna RODO Zgodnie z art. 13 ust. 1 i ust. 2 Rozporz\u0105dzenia Parlamentu Europejskiego i Rady (UE) 2016\/679 z dnia 27 kwietnia 2016r. w sprawie ochrony os\u00f3b fizycznych w zwi\u0105zku z przetwarzaniem danych osobowych i w sprawie swobodnego przep\u0142ywu takich danych oraz uchylenia dyrektywy 95\/46\/WE (og\u00f3lne rozporz\u0105dzenie o ochronie danych) informujemy, [&hellip;]<\/p>\n","protected":false},"author":8,"featured_media":0,"parent":0,"menu_order":0,"comment_status":"closed","ping_status":"closed","template":"","meta":{"footnotes":""},"categories":[],"tags":[163,162,164,147,184,183,187,159,74,65,137,181,161,155,157,70,182,149,158,152,160,186,72,185,154,71,129,146,148,140,156,153,144],"class_list":["post-4409","page","type-page","status-publish","hentry","tag-drzwi-pcv-na-wymiar","tag-drzwi-zewnetrzne-pcv","tag-drzwi-zewnetrzne-pcv-cennik","tag-fabryka-okien","tag-firma-okien","tag-firmy-okien","tag-firmy-z-oknami","tag-katalog-okien","tag-monolit","tag-monolit-okna","tag-monolit-producent-okien-i-drzwi-pcv","tag-okna-firmy","tag-okna-online","tag-okna-pcv","tag-okna-pcv-producenci","tag-okna-pcv-producent","tag-okna-plastikowe-producent","tag-okna-producent","tag-okna-zambrow","tag-producenci-okien","tag-producenci-okien-pcv","tag-producent-drzwi-pcv","tag-producent-okien","tag-producent-okien-cennik","tag-producent-okien-i-drzwi","tag-producent-okien-pcv","tag-producent-okien-podlaskie","tag-producent-okna","tag-producent-okna-pcv","tag-produkcja-aluminium","tag-produkcja-okien-pcv","tag-program-czyste-powietrze","tag-zgrzew-v-perfect"],"_links":{"self":[{"href":"https:\/\/monolit-okna.pl\/it\/wp-json\/wp\/v2\/pages\/4409","targetHints":{"allow":["GET"]}}],"collection":[{"href":"https:\/\/monolit-okna.pl\/it\/wp-json\/wp\/v2\/pages"}],"about":[{"href":"https:\/\/monolit-okna.pl\/it\/wp-json\/wp\/v2\/types\/page"}],"author":[{"embeddable":true,"href":"https:\/\/monolit-okna.pl\/it\/wp-json\/wp\/v2\/users\/8"}],"replies":[{"embeddable":true,"href":"https:\/\/monolit-okna.pl\/it\/wp-json\/wp\/v2\/comments?post=4409"}],"version-history":[{"count":0,"href":"https:\/\/monolit-okna.pl\/it\/wp-json\/wp\/v2\/pages\/4409\/revisions"}],"wp:attachment":[{"href":"https:\/\/monolit-okna.pl\/it\/wp-json\/wp\/v2\/media?parent=4409"}],"wp:term":[{"taxonomy":"category","embeddable":true,"href":"https:\/\/monolit-okna.pl\/it\/wp-json\/wp\/v2\/categories?post=4409"},{"taxonomy":"post_tag","embeddable":true,"href":"https:\/\/monolit-okna.pl\/it\/wp-json\/wp\/v2\/tags?post=4409"}],"curies":[{"name":"wp","href":"https:\/\/api.w.org\/{rel}","templated":true}]}}