{"id":3576,"date":"2022-08-05T12:02:21","date_gmt":"2022-08-05T10:02:21","guid":{"rendered":"https:\/\/monolit-okna.pl\/?page_id=3576"},"modified":"2023-09-05T14:26:09","modified_gmt":"2023-09-05T12:26:09","slug":"regulamin","status":"publish","type":"page","link":"https:\/\/monolit-okna.pl\/it\/regulamin\/","title":{"rendered":"Statuto"},"content":{"rendered":"<div data-elementor-type=\"wp-page\" data-elementor-id=\"3576\" class=\"elementor elementor-3576\" data-elementor-post-type=\"page\">\n\t\t\t\t\t\t<section class=\"elementor-section elementor-top-section elementor-element elementor-element-5991b5e0 elementor-section-boxed elementor-section-height-default elementor-section-height-default\" data-id=\"5991b5e0\" data-element_type=\"section\">\n\t\t\t\t\t\t<div class=\"elementor-container elementor-column-gap-default\">\n\t\t\t\t\t<div class=\"elementor-column elementor-col-100 elementor-top-column elementor-element elementor-element-47544bc9\" data-id=\"47544bc9\" data-element_type=\"column\">\n\t\t\t<div class=\"elementor-widget-wrap elementor-element-populated\">\n\t\t\t\t\t\t<div class=\"elementor-element elementor-element-40f89d5 elementor-widget elementor-widget-text-editor\" data-id=\"40f89d5\" data-element_type=\"widget\" data-widget_type=\"text-editor.default\">\n\t\t\t\t\t\t\t\t\t<h1>STATUTO<\/h1>\n<h2>Disposizioni generali<\/h2>\nQuesto sito web \u00e8 gestito da MONOLIT Micha\u0142 Godlewski con sede a Zambr\u00f3w 18-300, ul. Strzelnicza 12 NIP 723-154-22-65 (di seguito denominato proprietario)\n\nIl presente regolamento del sito web www.monolit-okna.pl (di seguito denominato \"Regolamento\") definisce le condizioni di utilizzo del sito web www.monolit-okna.pl (di seguito il \"Sito\") e i diritti e gli obblighi di il proprietario e gli utenti del sito web.\n\nAccedendo a questo sito web, accetti il \u200b\u200bcarattere vincolante di questa nota legale. L'utente che non accetta di rispettare quanto previsto nella presente informativa \u00e8 invitato a non utilizzare il sito web.\n\n<\/=h2>Diritti di propriet\u00e0 intellettuale<\/h2>\nTutti i contenuti pubblicati sul sito web www.monolit-okna.pl sono protetti da copyright e sono di propriet\u00e0 di questo sito web. Il visitatore \u00e8 pienamente responsabile per eventuali danni causati al proprietario derivanti dall'uso di qualsiasi contenuto del sito web www.monolit-okna.pl senza esplicito consenso. L'utilizzo da parte di chiunque, senza l'espresso consenso scritto del proprietario del sito web, di uno qualsiasi degli elementi che costituiscono il contenuto del sito web www.monolit-okna.pl (ad eccezione della scheda DOWNLOAD) costituisce una violazione del diritto d'autore del proprietario e comporta responsabilit\u00e0 civile e penale.\n\nL'utente del sito web pu\u00f2 stampare, scaricare e trasmettere ad altri il materiale pubblicato sul sito solo nella scheda DOWNLOAD, a condizione che lo faccia solo a scopo informativo o per altri scopi consentiti dalla legge applicabile.\n\n&nbsp;\n<h2>Responsabilit\u00e0 per il contenuto del sito web<\/h2>\nQuesto sito web e i contenuti in esso contenuti sono destinati esclusivamente a informazioni generali su MONOLIT e sui suoi prodotti e non sono destinati a concludere, modificare o risolvere alcun rapporto giuridico. Tutte le informazioni contenute in questo sito web non costituiscono un'offerta ai sensi del Codice Civile e vengono pubblicate a scopo informativo senza alcuna responsabilit\u00e0. I disegni, le sezioni e le foto pubblicate sul sito sono solo disegni illustrativi. MONOLIT si riserva il diritto di modificare i parametri tecnici dei prodotti pubblicati sul sito.\n\nIl proprietario del sito web \u00e8 responsabile esclusivamente dei propri contenuti pubblicati sul sito web.\n<ol>\n \t<li>Le informazioni pubblicate dal Titolare sul sito web sono costantemente aggiornate e predisposte con attenzione, tuttavia, il Titolare non fornisce alcuna garanzia circa la correttezza, tempestivit\u00e0, completezza e costante disponibilit\u00e0 del sito web.<\/li>\n \t<li>Il titolare si riserva il diritto di modificare l'offerta online, integrarla, abbreviarla o cancellarla completamente. Inoltre non garantisce che il contenuto dell'offerta online sia adatto all'utente e ai suoi scopi.<\/li>\n \t<li>Il sito web pu\u00f2 contenere collegamenti a indirizzi Internet di terzi, sul cui contenuto il Titolare non ha alcuna influenza. L'operatore \u00e8 l'unico responsabile per i contenuti presenti negli indirizzi collegati.<\/li>\n \t<li>Il titolare richiede una notifica immediata qualora l'utente, utilizzando i link presenti sul sito, raggiunga indirizzi il cui contenuto appare discutibile all'utente. Tali collegamenti verranno rimossi immediatamente non appena si venga a conoscenza di eventuali violazioni della legge da parte del contenuto degli indirizzi collegati. La presente dichiarazione si applica a tutti i link presenti nel sito web del Titolare.<\/li>\n<\/ol>\nMONOLIT non \u00e8 responsabile per eventuali danni derivanti dall'uso di questo sito web.\n<h2><span style=\"color: #000000; font-family: 'Encode Sans', sans-serif; font-size: 24px; letter-spacing: 0.4px;\">CONTATTI<\/span><\/h2>\nIn caso di domande o reclami riguardanti il \u200b\u200bfunzionamento di questo sito Web, utilizzare i dettagli di contatto seguenti: MONOLIT Micha\u0142 Godlewski\nul. Strzelnicza 12\n\n18-300 Zambr\u00f3w\n\nbiuro@monolit-okna.pl\t\t\t\t\t\t\t\t<\/div>\n\t\t\t\t\t<\/div>\n\t\t<\/div>\n\t\t\t\t\t<\/div>\n\t\t<\/section>\n\t\t\t\t<\/div>","protected":false},"excerpt":{"rendered":"<p>REGULAMIN Postanowienia og\u00f3lne Niniejsza strona internetowa jest prowadzona przez firm\u0119 MONOLIT Micha\u0142 Godlewski z siedzib\u0105 w Zambrowie 18-300, ul. Strzelnicza 12 NIP 723-154-22-65 (zwan\u0105 dalej w\u0142a\u015bcicielem) Niniejszy regulamin strony www.monolit-okna.pl (zwany dalej &#8222;Regulaminem&#8221;) okre\u015bla warunki korzystania ze strony www.monolit-okna.pl (dalej &#8222;Strona&#8221;) oraz prawa i obowi\u0105zki w\u0142a\u015bciciela, oraz u\u017cytkownik\u00f3w strony. Wej\u015bcie na t\u0119 stron\u0119 internetow\u0105 r\u00f3wnoznaczne [&hellip;]<\/p>\n","protected":false},"author":8,"featured_media":0,"parent":0,"menu_order":0,"comment_status":"closed","ping_status":"open","template":"","meta":{"footnotes":""},"categories":[],"tags":[163,162,164,147,184,183,187,159,74,65,137,181,161,155,157,70,182,149,158,152,160,186,72,185,154,71,129,146,148,140,156,153,144],"class_list":["post-3576","page","type-page","status-publish","hentry","tag-drzwi-pcv-na-wymiar","tag-drzwi-zewnetrzne-pcv","tag-drzwi-zewnetrzne-pcv-cennik","tag-fabryka-okien","tag-firma-okien","tag-firmy-okien","tag-firmy-z-oknami","tag-katalog-okien","tag-monolit","tag-monolit-okna","tag-monolit-producent-okien-i-drzwi-pcv","tag-okna-firmy","tag-okna-online","tag-okna-pcv","tag-okna-pcv-producenci","tag-okna-pcv-producent","tag-okna-plastikowe-producent","tag-okna-producent","tag-okna-zambrow","tag-producenci-okien","tag-producenci-okien-pcv","tag-producent-drzwi-pcv","tag-producent-okien","tag-producent-okien-cennik","tag-producent-okien-i-drzwi","tag-producent-okien-pcv","tag-producent-okien-podlaskie","tag-producent-okna","tag-producent-okna-pcv","tag-produkcja-aluminium","tag-produkcja-okien-pcv","tag-program-czyste-powietrze","tag-zgrzew-v-perfect"],"_links":{"self":[{"href":"https:\/\/monolit-okna.pl\/it\/wp-json\/wp\/v2\/pages\/3576","targetHints":{"allow":["GET"]}}],"collection":[{"href":"https:\/\/monolit-okna.pl\/it\/wp-json\/wp\/v2\/pages"}],"about":[{"href":"https:\/\/monolit-okna.pl\/it\/wp-json\/wp\/v2\/types\/page"}],"author":[{"embeddable":true,"href":"https:\/\/monolit-okna.pl\/it\/wp-json\/wp\/v2\/users\/8"}],"replies":[{"embeddable":true,"href":"https:\/\/monolit-okna.pl\/it\/wp-json\/wp\/v2\/comments?post=3576"}],"version-history":[{"count":0,"href":"https:\/\/monolit-okna.pl\/it\/wp-json\/wp\/v2\/pages\/3576\/revisions"}],"wp:attachment":[{"href":"https:\/\/monolit-okna.pl\/it\/wp-json\/wp\/v2\/media?parent=3576"}],"wp:term":[{"taxonomy":"category","embeddable":true,"href":"https:\/\/monolit-okna.pl\/it\/wp-json\/wp\/v2\/categories?post=3576"},{"taxonomy":"post_tag","embeddable":true,"href":"https:\/\/monolit-okna.pl\/it\/wp-json\/wp\/v2\/tags?post=3576"}],"curies":[{"name":"wp","href":"https:\/\/api.w.org\/{rel}","templated":true}]}}