{"id":3,"date":"2022-05-19T08:54:50","date_gmt":"2022-05-19T06:54:50","guid":{"rendered":"https:\/\/monolit-okna.pl\/?page_id=3"},"modified":"2023-09-05T14:24:36","modified_gmt":"2023-09-05T12:24:36","slug":"polityka-prywatnosci-2","status":"publish","type":"page","link":"https:\/\/monolit-okna.pl\/it\/polityka-prywatnosci-2\/","title":{"rendered":"Gestione dei Cookie"},"content":{"rendered":"<div data-elementor-type=\"wp-page\" data-elementor-id=\"3\" class=\"elementor elementor-3\" data-elementor-post-type=\"page\">\n\t\t\t\t\t\t<section class=\"elementor-section elementor-top-section elementor-element elementor-element-5991b5e0 elementor-section-boxed elementor-section-height-default elementor-section-height-default\" data-id=\"5991b5e0\" data-element_type=\"section\">\n\t\t\t\t\t\t<div class=\"elementor-container elementor-column-gap-default\">\n\t\t\t\t\t<div class=\"elementor-column elementor-col-100 elementor-top-column elementor-element elementor-element-47544bc9\" data-id=\"47544bc9\" data-element_type=\"column\">\n\t\t\t<div class=\"elementor-widget-wrap elementor-element-populated\">\n\t\t\t\t\t\t<div class=\"elementor-element elementor-element-40f89d5 elementor-widget elementor-widget-text-editor\" data-id=\"40f89d5\" data-element_type=\"widget\" data-widget_type=\"text-editor.default\">\n\t\t\t\t\t\t\t\t\t<h2>POLITICA SUI COOKIE<\/h2><p><span style=\"letter-spacing: 0.4px; color: var( --e-global-color-text ); font-family: var( --e-global-typography-text-font-family ), Sans-serif;\"><b>Biscotti<\/b><\/span><span style=\"letter-spacing: 0.4px; color: var( --e-global-color-text ); font-family: var( --e-global-typography-text-font-family ), Sans-serif; font-weight: var( --e-global-typography-text-font-weight );\"> (cookie) sono piccoli dati informatici, soprattutto file di testo, memorizzati sul computer dell'utente. I cookie vengono utilizzati principalmente per ottimizzare e personalizzare il processo di utilizzo dei siti Web:<\/span><\/p><ol><li>Adattare il contenuto delle pagine del Sito alle preferenze dell'Utente e migliorare l'utilizzo dei siti web; in particolare, questi file permettono di riconoscere il dispositivo dell'Utente del Sito e di visualizzare correttamente il Sito, adattato alle sue esigenze individuali;<\/li><li>Creazione di statistiche anonime che aiutano a capire come gli utenti del sito Web utilizzano il sito Web,<\/li><li>Mantenimento della sessione dell'Utente del Sito Web (dopo l'accesso), grazie al quale l'Utente non deve reinserire login e password su ciascuna sottopagina del Sito Web.<\/li><\/ol><p class=\"translation-block\">Sul sito monolit-okna.pl vengono utilizzati i seguenti tipi di cookie: di sessione, permanenti e analitici. I cookie di sessione sono file temporanei che vengono memorizzati sul dispositivo finale dell'utente finch\u00e9 non lascia il sito web. I cookie persistenti vengono memorizzati sul dispositivo finale dell'utente per il tempo specificato nei parametri del file \"cookie\" o finch\u00e9 non vengono cancellati dall'utente.<\/p><p><span style=\"letter-spacing: 0.4px; color: var( --e-global-color-text ); font-family: var( --e-global-typography-text-font-family ), Sans-serif; font-weight: var( --e-global-typography-text-font-weight );\">I cookie analitici ci consentono di comprendere meglio come gli utenti interagiscono con il contenuto del sito web e di organizzarne meglio il layout.<\/span><\/p><p>I cookie analitici raccolgono informazioni su come l'utente utilizza il sito web, il tipo di sito web da cui l'utente \u00e8 stato reindirizzato, il numero di visite e la durata della visita dell'utente al sito web. Queste informazioni non registrano dati personali specifici dell'utente, ma vengono utilizzate per compilare statistiche sull'utilizzo del sito web.<\/p><p>L'utente ha il diritto di decidere in merito all'accesso dei cookie al proprio computer selezionandoli nella finestra del browser. Informazioni dettagliate sulle possibilit\u00e0 e sulle modalit\u00e0 di gestione dei cookie sono disponibili nelle impostazioni del software (browser web).<\/p><p>Il sito web monolit-okna.pl informa che le restrizioni sull'uso dei cookie possono influenzare alcune delle funzionalit\u00e0 disponibili su questo sito web.<\/p><p><span style=\"letter-spacing: 0.4px; color: var( --e-global-color-text ); font-family: var( --e-global-typography-text-font-family ), Sans-serif; font-weight: var( --e-global-typography-text-font-weight );\">\u00a0<\/span><\/p><p>\u00a0<\/p>\t\t\t\t\t\t\t\t<\/div>\n\t\t\t\t\t<\/div>\n\t\t<\/div>\n\t\t\t\t\t<\/div>\n\t\t<\/section>\n\t\t\t\t<\/div>","protected":false},"excerpt":{"rendered":"<p>POLITYKA PLIK\u00d3W COOKIES Pliki cookies (ciasteczka) to niewielkie dane informatyczne, szczeg\u00f3lnie pliki tekstowe, zachowywane na komputerze u\u017cytkownika. Ciasteczka u\u017cywane s\u0105 przede wszystkim w celu optymalizacji i personalizacji procesu korzystania ze stron internetowych: Dostosowania zawarto\u015bci stron internetowych Serwisu do preferencji U\u017cytkownika oraz ulepszania korzystania ze stron internetowych; w szczeg\u00f3lno\u015bci pliki te pozwalaj\u0105 rozpozna\u0107 urz\u0105dzenie U\u017cytkownika Serwisu [&hellip;]<\/p>\n","protected":false},"author":8,"featured_media":0,"parent":0,"menu_order":0,"comment_status":"closed","ping_status":"open","template":"","meta":{"footnotes":""},"categories":[],"tags":[163,162,164,147,184,183,187,159,74,65,137,181,161,155,157,70,182,149,158,152,160,186,72,185,154,71,129,146,148,140,156,153,144],"class_list":["post-3","page","type-page","status-publish","hentry","tag-drzwi-pcv-na-wymiar","tag-drzwi-zewnetrzne-pcv","tag-drzwi-zewnetrzne-pcv-cennik","tag-fabryka-okien","tag-firma-okien","tag-firmy-okien","tag-firmy-z-oknami","tag-katalog-okien","tag-monolit","tag-monolit-okna","tag-monolit-producent-okien-i-drzwi-pcv","tag-okna-firmy","tag-okna-online","tag-okna-pcv","tag-okna-pcv-producenci","tag-okna-pcv-producent","tag-okna-plastikowe-producent","tag-okna-producent","tag-okna-zambrow","tag-producenci-okien","tag-producenci-okien-pcv","tag-producent-drzwi-pcv","tag-producent-okien","tag-producent-okien-cennik","tag-producent-okien-i-drzwi","tag-producent-okien-pcv","tag-producent-okien-podlaskie","tag-producent-okna","tag-producent-okna-pcv","tag-produkcja-aluminium","tag-produkcja-okien-pcv","tag-program-czyste-powietrze","tag-zgrzew-v-perfect"],"_links":{"self":[{"href":"https:\/\/monolit-okna.pl\/it\/wp-json\/wp\/v2\/pages\/3","targetHints":{"allow":["GET"]}}],"collection":[{"href":"https:\/\/monolit-okna.pl\/it\/wp-json\/wp\/v2\/pages"}],"about":[{"href":"https:\/\/monolit-okna.pl\/it\/wp-json\/wp\/v2\/types\/page"}],"author":[{"embeddable":true,"href":"https:\/\/monolit-okna.pl\/it\/wp-json\/wp\/v2\/users\/8"}],"replies":[{"embeddable":true,"href":"https:\/\/monolit-okna.pl\/it\/wp-json\/wp\/v2\/comments?post=3"}],"version-history":[{"count":0,"href":"https:\/\/monolit-okna.pl\/it\/wp-json\/wp\/v2\/pages\/3\/revisions"}],"wp:attachment":[{"href":"https:\/\/monolit-okna.pl\/it\/wp-json\/wp\/v2\/media?parent=3"}],"wp:term":[{"taxonomy":"category","embeddable":true,"href":"https:\/\/monolit-okna.pl\/it\/wp-json\/wp\/v2\/categories?post=3"},{"taxonomy":"post_tag","embeddable":true,"href":"https:\/\/monolit-okna.pl\/it\/wp-json\/wp\/v2\/tags?post=3"}],"curies":[{"name":"wp","href":"https:\/\/api.w.org\/{rel}","templated":true}]}}