{"id":230,"date":"2022-05-25T12:10:53","date_gmt":"2022-05-25T10:10:53","guid":{"rendered":"https:\/\/monolit-okna.pl\/?page_id=230"},"modified":"2026-04-13T11:06:05","modified_gmt":"2026-04-13T09:06:05","slug":"o-firmie","status":"publish","type":"page","link":"https:\/\/monolit-okna.pl\/it\/o-firmie\/","title":{"rendered":"AZIENDA"},"content":{"rendered":"<div data-elementor-type=\"wp-post\" data-elementor-id=\"230\" class=\"elementor elementor-230\" data-elementor-post-type=\"page\">\n\t\t\t\t\t\t<section class=\"elementor-section elementor-top-section elementor-element elementor-element-c94ae90 elementor-section-full_width elementor-section-height-default elementor-section-height-default\" data-id=\"c94ae90\" data-element_type=\"section\">\n\t\t\t\t\t\t<div class=\"elementor-container elementor-column-gap-default\">\n\t\t\t\t\t<div class=\"elementor-column elementor-col-100 elementor-top-column elementor-element elementor-element-e386d7c\" data-id=\"e386d7c\" data-element_type=\"column\" data-settings=\"{&quot;background_background&quot;:&quot;classic&quot;}\">\n\t\t\t<div class=\"elementor-widget-wrap elementor-element-populated\">\n\t\t\t\t\t\t<div class=\"elementor-element elementor-element-307ed09 elementor-widget elementor-widget-heading\" data-id=\"307ed09\" data-element_type=\"widget\" data-widget_type=\"heading.default\">\n\t\t\t\t\t<h1 class=\"elementor-heading-title elementor-size-default\">AZIENDA<\/h1>\t\t\t\t<\/div>\n\t\t\t\t\t<\/div>\n\t\t<\/div>\n\t\t\t\t\t<\/div>\n\t\t<\/section>\n\t\t\t\t<section class=\"elementor-section elementor-top-section elementor-element elementor-element-aeb0459 elementor-section-boxed elementor-section-height-default elementor-section-height-default\" data-id=\"aeb0459\" data-element_type=\"section\">\n\t\t\t\t\t\t<div class=\"elementor-container elementor-column-gap-default\">\n\t\t\t\t\t<div class=\"elementor-column elementor-col-100 elementor-top-column elementor-element elementor-element-f418d7a\" data-id=\"f418d7a\" data-element_type=\"column\">\n\t\t\t<div class=\"elementor-widget-wrap elementor-element-populated\">\n\t\t\t\t\t\t<div class=\"elementor-element elementor-element-e27500a elementor-widget elementor-widget-heading\" data-id=\"e27500a\" data-element_type=\"widget\" data-widget_type=\"heading.default\">\n\t\t\t\t\t<h2 class=\"elementor-heading-title elementor-size-default\">perch\u00e9 MONOLIT<\/h2>\t\t\t\t<\/div>\n\t\t\t\t<div class=\"elementor-element elementor-element-bbd60bc elementor-widget elementor-widget-text-editor\" data-id=\"bbd60bc\" data-element_type=\"widget\" data-widget_type=\"text-editor.default\">\n\t\t\t\t\t\t\t\t\t<p>Nel corso degli anni la nostra azienda ha subito una trasformazione che ci ha trasformato da piccola azienda in un fornitore leader di serramenti <b>PVC e alluminio<\/b> in Polonia e all'estero. Grazie all'impegno, alla passione e alla conoscenza di un team di professionisti, siamo riusciti a costruire solide basi su cui basiamo la nostra attivit\u00e0 quotidiana. Oggi possiamo affermare con orgoglio che offriamo prodotti di altissima qualit\u00e0 che soddisfano le aspettative dei clienti pi\u00f9 esigenti.<\/p><p align=\"justify\">La nostra offerta comprende una vasta gamma, tra cui: Infissi in PVC, sistemi scorrevoli, alluminio, fondazioni, zanzariere, davanzali e porte da garage. Ciascuno di questi prodotti \u00e8 attentamente progettato e realizzato per garantire il massimo livello di comfort di utilizzo e funzionalit\u00e0.<\/p><p align=\"justify\">L'obiettivo strategico della nostra organizzazione \u00e8 rafforzare costantemente la nostra posizione sul mercato polacco ed estero. Per raggiungere questo obiettivo, lavoriamo costantemente per espandere e migliorare sistematicamente la nostra offerta di prodotti. Introduciamo soluzioni innovative che ci permettono di distinguerci dalla concorrenza.<\/p><p align=\"justify\">Uno degli aspetti fondamentali della nostra attivit\u00e0 \u00e8 l\u2019attenzione alla qualit\u00e0. Ci concentriamo sulla cura in ogni fase della produzione, dalla selezione delle materie prime alla finitura finale dei prodotti. Inoltre non dimentichiamo l'estetica. Comprendendo che le finestre e le porte non sono solo elementi funzionali ma anche decorativi, offriamo un'ampia gamma di colori e modelli che ci consentono di adattare i prodotti alle esigenze e ai gusti individuali dei nostri clienti.<\/p><p align=\"justify\">Investiamo costantemente nello sviluppo tecnologico per garantire la massima qualit\u00e0 e innovazione dei prodotti che offriamo. Collaboriamo con rinomati fornitori di materie prime (tra cui Aluplast, Rehau, Wital, Procural, Aluprof, Aluron) e utilizziamo le pi\u00f9 recenti tecnologie di produzione. Un esempio \u00e8 l'uso di moderne macchine CNC che consentono il taglio e la lavorazione precisa dei materiali, il che si traduce nella qualit\u00e0 e nella durata dei prodotti. Lo standard sono le saldature V-perfect, che consentono una perfetta unione dei profili e ottengono le cosiddette saldature sottili e completa eliminazione della formazione di bave nel processo di collegamento dei profili e migliora il controllo della pressione di saldatura.<\/p><p align=\"justify\">La soddisfazione del cliente \u00e8 la nostra priorit\u00e0. Pertanto, cerchiamo di rendere ogni fase della collaborazione con la nostra azienda il pi\u00f9 confortevole e soddisfacente possibile per loro. Offriamo un servizio completo, dalla consulenza tecnica, alla progettazione, all'installazione e all'assistenza.<\/p><p align=\"justify\">Non ci limitiamo solo al mercato interno. Sviluppiamo con successo attivit\u00e0 di esportazione, consegnando i nostri prodotti in molti paesi in tutto il mondo. Grazie a questo possiamo condividere la nostra passione per i serramenti con clienti provenienti da tutto il mondo.<\/p><p align=\"justify\">Crediamo che i nostri destinatari meritino che lo spazio in cui vivono, riposano o trascorrono del tempo con i loro cari non sia solo funzionale, ma anche estetico. Pertanto, facciamo ogni sforzo per garantire che i nostri prodotti soddisfino i loro requisiti. Il nostro obiettivo \u00e8 creare soluzioni che non solo semplifichino la vita di tutti i giorni, ma la rendano anche pi\u00f9 piacevole e confortevole.<\/p>\t\t\t\t\t\t\t\t<\/div>\n\t\t\t\t<div class=\"elementor-element elementor-element-cf06478 elementor-widget elementor-widget-gallery\" data-id=\"cf06478\" data-element_type=\"widget\" data-settings=\"{&quot;columns&quot;:2,&quot;aspect_ratio&quot;:&quot;1:1&quot;,&quot;columns_mobile&quot;:2,&quot;gap_mobile&quot;:{&quot;unit&quot;:&quot;px&quot;,&quot;size&quot;:9,&quot;sizes&quot;:[]},&quot;overlay_title&quot;:&quot;title&quot;,&quot;overlay_description&quot;:&quot;description&quot;,&quot;gap&quot;:{&quot;unit&quot;:&quot;px&quot;,&quot;size&quot;:20,&quot;sizes&quot;:[]},&quot;lazyload&quot;:&quot;yes&quot;,&quot;gallery_layout&quot;:&quot;grid&quot;,&quot;columns_tablet&quot;:2,&quot;gap_tablet&quot;:{&quot;unit&quot;:&quot;px&quot;,&quot;size&quot;:10,&quot;sizes&quot;:[]},&quot;overlay_background&quot;:&quot;yes&quot;,&quot;content_hover_animation&quot;:&quot;fade-in&quot;}\" data-widget_type=\"gallery.default\">\n\t\t\t\t\t\t\t<div class=\"elementor-gallery__container\">\n\t\t\t\t\t\t\t<div class=\"e-gallery-item elementor-gallery-item elementor-animated-content\" tabindex=\"0\">\n\t\t\t\t\t<div class=\"e-gallery-image elementor-gallery-item__image\" data-thumbnail=\"https:\/\/monolit-okna.pl\/wp-content\/uploads\/2022\/05\/2f.jpg\" data-width=\"600\" data-height=\"600\" aria-label=\"\" role=\"img\" ><\/div>\n\t\t\t\t\t\t\t\t\t\t\t<div class=\"elementor-gallery-item__overlay\"><\/div>\n\t\t\t\t\t\t\t\t\t\t\t\t\t\t\t<div class=\"elementor-gallery-item__content\">\n\t\t\t\t\t\t\t\t\t\t\t\t\t\t<div class=\"elementor-gallery-item__title\">\n\t\t\t\t\t\t\t\t\t\t\t\t\t\t\t\t\t\tQualit\u00e0\t\t\t\t\t\t\t\t<\/div>\n\t\t\t\t\t\t\t\t\t\t\t\t\t\t\t<div class=\"elementor-gallery-item__description\">\n\t\t\t\t\t\t\t\t\t\t\t\t\t\t\t\t\t\tLa garanzia del successo \u00e8 la consegna di prodotti della massima qualit\u00e0. Supervisioniamo costantemente i processi produttivi per fornire ai nostri clienti falegnamerie collaudate, prive di difetti, durevoli e affidabili.\t\t\t\t\t\t\t\t<\/div>\n\t\t\t\t\t\t\t\t\t\t\t\t<\/div>\n\t\t\t\t\t\t\t\t\t<\/div>\n\t\t\t\t\t\t\t<div class=\"e-gallery-item elementor-gallery-item elementor-animated-content\" tabindex=\"0\">\n\t\t\t\t\t<div class=\"e-gallery-image elementor-gallery-item__image\" data-thumbnail=\"https:\/\/monolit-okna.pl\/wp-content\/uploads\/2022\/05\/4f.jpg\" data-width=\"600\" data-height=\"600\" aria-label=\"\" role=\"img\" ><\/div>\n\t\t\t\t\t\t\t\t\t\t\t<div class=\"elementor-gallery-item__overlay\"><\/div>\n\t\t\t\t\t\t\t\t\t\t\t\t\t\t\t<div class=\"elementor-gallery-item__content\">\n\t\t\t\t\t\t\t\t\t\t\t\t\t\t<div class=\"elementor-gallery-item__title\">\n\t\t\t\t\t\t\t\t\t\t\t\t\t\t\t\t\t\tProgetto\t\t\t\t\t\t\t\t<\/div>\n\t\t\t\t\t\t\t\t\t\t\t\t\t\t\t<div class=\"elementor-gallery-item__description\">\n\t\t\t\t\t\t\t\t\t\t\t\t\t\t\t\t\t\tUn'ampia scelta di profili, un'ampia gamma di colori e accessori e, soprattutto, finiture precise e attenzione ai pi\u00f9 piccoli dettagli estetici fanno s\u00ec che i prodotti Monolit si distinguano dalla concorrenza con il loro design unico.\t\t\t\t\t\t\t\t<\/div>\n\t\t\t\t\t\t\t\t\t\t\t\t<\/div>\n\t\t\t\t\t\t\t\t\t<\/div>\n\t\t\t\t\t\t\t<div class=\"e-gallery-item elementor-gallery-item elementor-animated-content\" tabindex=\"0\">\n\t\t\t\t\t<div class=\"e-gallery-image elementor-gallery-item__image\" data-thumbnail=\"https:\/\/monolit-okna.pl\/wp-content\/uploads\/2022\/05\/1f.jpg\" data-width=\"600\" data-height=\"600\" aria-label=\"\" role=\"img\" ><\/div>\n\t\t\t\t\t\t\t\t\t\t\t<div class=\"elementor-gallery-item__overlay\"><\/div>\n\t\t\t\t\t\t\t\t\t\t\t\t\t\t\t<div class=\"elementor-gallery-item__content\">\n\t\t\t\t\t\t\t\t\t\t\t\t\t\t<div class=\"elementor-gallery-item__title\">\n\t\t\t\t\t\t\t\t\t\t\t\t\t\t\t\t\t\tProfessionalit\u00e0\t\t\t\t\t\t\t\t<\/div>\n\t\t\t\t\t\t\t\t\t\t\t\t\t\t\t<div class=\"elementor-gallery-item__description\">\n\t\t\t\t\t\t\t\t\t\t\t\t\t\t\t\t\t\tUn team di specialisti altamente qualificati ed esperti garantisce il massimo livello di servizio. In fase di ordine offriamo supporto da parte degli uffici commerciali e tecnologici nonch\u00e9 supporto marketing per la vendita dei nostri prodotti negli showroom.\t\t\t\t\t\t\t\t<\/div>\n\t\t\t\t\t\t\t\t\t\t\t\t<\/div>\n\t\t\t\t\t\t\t\t\t<\/div>\n\t\t\t\t\t\t\t<div class=\"e-gallery-item elementor-gallery-item elementor-animated-content\" tabindex=\"0\">\n\t\t\t\t\t<div class=\"e-gallery-image elementor-gallery-item__image\" data-thumbnail=\"https:\/\/monolit-okna.pl\/wp-content\/uploads\/2022\/05\/3f.jpg\" data-width=\"600\" data-height=\"600\" aria-label=\"\" role=\"img\" ><\/div>\n\t\t\t\t\t\t\t\t\t\t\t<div class=\"elementor-gallery-item__overlay\"><\/div>\n\t\t\t\t\t\t\t\t\t\t\t\t\t\t\t<div class=\"elementor-gallery-item__content\">\n\t\t\t\t\t\t\t\t\t\t\t\t\t\t<div class=\"elementor-gallery-item__title\">\n\t\t\t\t\t\t\t\t\t\t\t\t\t\t\t\t\t\tInnovazione\t\t\t\t\t\t\t\t<\/div>\n\t\t\t\t\t\t\t\t\t\t\t\t\t\t\t<div class=\"elementor-gallery-item__description\">\n\t\t\t\t\t\t\t\t\t\t\t\t\t\t\t\t\t\tUn parco macchine tra i pi\u00f9 moderni e la collaborazione con i migliori fornitori di componenti ci permettono di implementare nuove soluzioni tecnologiche che soddisfano le aspettative del mercato attuale.\t\t\t\t\t\t\t\t<\/div>\n\t\t\t\t\t\t\t\t\t\t\t\t<\/div>\n\t\t\t\t\t\t\t\t\t<\/div>\n\t\t\t\t\t<\/div>\n\t\t\t\t\t<\/div>\n\t\t\t\t<div class=\"elementor-element elementor-element-51813d1 elementor-widget elementor-widget-heading\" data-id=\"51813d1\" data-element_type=\"widget\" data-widget_type=\"heading.default\">\n\t\t\t\t\t<h2 class=\"elementor-heading-title elementor-size-default\">La nostra storia<\/h2>\t\t\t\t<\/div>\n\t\t\t\t<div class=\"elementor-element elementor-element-f6fd1e3 elementor-widget elementor-widget-image\" data-id=\"f6fd1e3\" data-element_type=\"widget\" data-no-translation=\"\" data-widget_type=\"image.default\">\n\t\t\t\t\t<style>.elementor-element-f6fd1e3{display:none !important}<\/style>\t\t\t\t<\/div>\n\t\t\t\t<div class=\"elementor-element elementor-element-e78c1a8 elementor-widget elementor-widget-image\" data-id=\"e78c1a8\" data-element_type=\"widget\" data-no-translation=\"\" data-widget_type=\"image.default\">\n\t\t\t\t\t<style>.elementor-element-e78c1a8{display:none !important}<\/style>\t\t\t\t<\/div>\n\t\t\t\t<div class=\"elementor-element elementor-element-9ee9e1a elementor-widget elementor-widget-image\" data-id=\"9ee9e1a\" data-element_type=\"widget\" data-no-translation=\"\" data-widget_type=\"image.default\">\n\t\t\t\t\t<style>.elementor-element-9ee9e1a{display:none !important}<\/style>\t\t\t\t<\/div>\n\t\t\t\t<div class=\"elementor-element elementor-element-e471ac4 elementor-widget elementor-widget-image\" data-id=\"e471ac4\" data-element_type=\"widget\" data-no-translation=\"\" data-widget_type=\"image.default\">\n\t\t\t\t\t<style>.elementor-element-e471ac4{display:none !important}<\/style>\t\t\t\t<\/div>\n\t\t\t\t\t<\/div>\n\t\t<\/div>\n\t\t\t\t\t<\/div>\n\t\t<\/section>\n\t\t\t\t<\/div>","protected":false},"excerpt":{"rendered":"<p>O firmie dlaczego monolit Na przestrzeni lat nasza firma przesz\u0142a transformacj\u0119, kt\u00f3ra z ma\u0142ej firmy uczyni\u0142a nas czo\u0142owym dostawc\u0105 stolarki okiennej i drzwiowej PVC i Aluminium w Polsce oraz poza jej granicami. Dzi\u0119ki zaanga\u017cowaniu, pasji oraz wiedzy zespo\u0142u profesjonalist\u00f3w, uda\u0142o si\u0119 zbudowa\u0107 solidne fundamenty, na kt\u00f3rych opieramy codzienn\u0105 dzia\u0142alno\u015b\u0107. Dzi\u015b mo\u017cemy z dum\u0105 stwierdzi\u0107, \u017ce [&hellip;]<\/p>\n","protected":false},"author":8,"featured_media":0,"parent":0,"menu_order":0,"comment_status":"closed","ping_status":"closed","template":"","meta":{"footnotes":""},"categories":[],"tags":[163,162,164,147,184,183,187,159,74,134,65,137,181,161,155,157,70,182,149,158,152,160,186,72,185,154,71,129,146,148,140,156,153,144],"class_list":["post-230","page","type-page","status-publish","hentry","tag-drzwi-pcv-na-wymiar","tag-drzwi-zewnetrzne-pcv","tag-drzwi-zewnetrzne-pcv-cennik","tag-fabryka-okien","tag-firma-okien","tag-firmy-okien","tag-firmy-z-oknami","tag-katalog-okien","tag-monolit","tag-monolit-15-lat-firmy","tag-monolit-okna","tag-monolit-producent-okien-i-drzwi-pcv","tag-okna-firmy","tag-okna-online","tag-okna-pcv","tag-okna-pcv-producenci","tag-okna-pcv-producent","tag-okna-plastikowe-producent","tag-okna-producent","tag-okna-zambrow","tag-producenci-okien","tag-producenci-okien-pcv","tag-producent-drzwi-pcv","tag-producent-okien","tag-producent-okien-cennik","tag-producent-okien-i-drzwi","tag-producent-okien-pcv","tag-producent-okien-podlaskie","tag-producent-okna","tag-producent-okna-pcv","tag-produkcja-aluminium","tag-produkcja-okien-pcv","tag-program-czyste-powietrze","tag-zgrzew-v-perfect"],"_links":{"self":[{"href":"https:\/\/monolit-okna.pl\/it\/wp-json\/wp\/v2\/pages\/230","targetHints":{"allow":["GET"]}}],"collection":[{"href":"https:\/\/monolit-okna.pl\/it\/wp-json\/wp\/v2\/pages"}],"about":[{"href":"https:\/\/monolit-okna.pl\/it\/wp-json\/wp\/v2\/types\/page"}],"author":[{"embeddable":true,"href":"https:\/\/monolit-okna.pl\/it\/wp-json\/wp\/v2\/users\/8"}],"replies":[{"embeddable":true,"href":"https:\/\/monolit-okna.pl\/it\/wp-json\/wp\/v2\/comments?post=230"}],"version-history":[{"count":15,"href":"https:\/\/monolit-okna.pl\/it\/wp-json\/wp\/v2\/pages\/230\/revisions"}],"predecessor-version":[{"id":13531,"href":"https:\/\/monolit-okna.pl\/it\/wp-json\/wp\/v2\/pages\/230\/revisions\/13531"}],"wp:attachment":[{"href":"https:\/\/monolit-okna.pl\/it\/wp-json\/wp\/v2\/media?parent=230"}],"wp:term":[{"taxonomy":"category","embeddable":true,"href":"https:\/\/monolit-okna.pl\/it\/wp-json\/wp\/v2\/categories?post=230"},{"taxonomy":"post_tag","embeddable":true,"href":"https:\/\/monolit-okna.pl\/it\/wp-json\/wp\/v2\/tags?post=230"}],"curies":[{"name":"wp","href":"https:\/\/api.w.org\/{rel}","templated":true}]}}