{"id":4409,"date":"2023-01-11T08:47:58","date_gmt":"2023-01-11T07:47:58","guid":{"rendered":"https:\/\/monolit-okna.pl\/?page_id=4409"},"modified":"2023-09-05T13:53:31","modified_gmt":"2023-09-05T11:53:31","slug":"klauzula-informacyjna-rodo","status":"publish","type":"page","link":"https:\/\/monolit-okna.pl\/fr\/klauzula-informacyjna-rodo\/","title":{"rendered":"Clause d&#039;information RGPD"},"content":{"rendered":"<div data-elementor-type=\"wp-page\" data-elementor-id=\"4409\" class=\"elementor elementor-4409\" data-elementor-post-type=\"page\">\n\t\t\t\t\t\t<section class=\"elementor-section elementor-top-section elementor-element elementor-element-5991b5e0 elementor-section-boxed elementor-section-height-default elementor-section-height-default\" data-id=\"5991b5e0\" data-element_type=\"section\">\n\t\t\t\t\t\t<div class=\"elementor-container elementor-column-gap-default\">\n\t\t\t\t\t<div class=\"elementor-column elementor-col-100 elementor-top-column elementor-element elementor-element-47544bc9\" data-id=\"47544bc9\" data-element_type=\"column\">\n\t\t\t<div class=\"elementor-widget-wrap elementor-element-populated\">\n\t\t\t\t\t\t<div class=\"elementor-element elementor-element-40f89d5 elementor-widget elementor-widget-text-editor\" data-id=\"40f89d5\" data-element_type=\"widget\" data-widget_type=\"text-editor.default\">\n\t\t\t\t\t\t\t\t\t<h2>Politique de s\u00e9curit\u00e9 - Clause d&#039;information RGPD<\/h2><p><b> <\/b><span style=\"letter-spacing: 0.4px; color: var( --e-global-color-text ); font-family: var( --e-global-typography-text-font-family ), Sans-serif; font-weight: var( --e-global-typography-text-font-weight );\"> Conform\u00e9ment \u00e0 l\u2019article 13, paragraphes 1 et 2, du r\u00e8glement (UE) 2016\/679 du Parlement europ\u00e9en et du Conseil du 27 avril 2016 relatif \u00e0 la protection des personnes physiques \u00e0 l\u2019\u00e9gard du traitement des donn\u00e9es \u00e0 caract\u00e8re personnel et \u00e0 la libre circulation de ces donn\u00e9es, et abrogeant la directive 95\/46\/CE (r\u00e8glement g\u00e9n\u00e9ral sur la protection des donn\u00e9es), nous vous informons que\u00a0: <\/span><\/p><ol><li value=\"1\">L&#039;administrateur de vos donn\u00e9es personnelles est MONOLIT Micha\u0142 Godlewski, 18300 Zambr\u00f3w, ul.<br \/>Stand de tir 12, NIP : 7231542265, REGON : 200164221.<\/li><\/ol><ol><li value=\"2\">Pour toute question relative \u00e0 la protection des donn\u00e9es personnelles, veuillez contacter la direction de l&#039;entreprise \u00e0 l&#039;adresse indiqu\u00e9e ci-dessus.<\/li><\/ol><ol><li value=\"3\">Vos donn\u00e9es personnelles seront trait\u00e9es aux fins suivantes\u00a0:<\/li><\/ol><p>\u00a0<\/p><ol>a. afin d&#039;ex\u00e9cuter le contrat et sur la base du contrat conclu par vous avec le responsable du traitement (article 6, paragraphe 1, point b) du R\u00e8glement g\u00e9n\u00e9ral sur la protection des donn\u00e9es),<\/ol><ol>b. afin de remplir les obligations l\u00e9gales qui incombent au responsable du traitement, d\u00e9coulant notamment de la loi comptable, de la loi sur l&#039;imp\u00f4t sur les soci\u00e9t\u00e9s, de la loi sur l&#039;ordonnance fiscale, de la loi relative \u00e0 la lutte contre le blanchiment d&#039;argent et le financement du terrorisme, de la loi sur les entrepreneurs et autres (article 6, paragraphe 1, point c du R\u00e8glement g\u00e9n\u00e9ral sur la protection des donn\u00e9es),<\/ol><ol>c. \u00e0 des fins de preuve, afin d\u2019\u00e9tablir des faits et afin de permettre au responsable du traitement d\u2019\u00e9tablir, de d\u00e9fendre et de poursuivre des droits, ce qui constitue notre int\u00e9r\u00eat l\u00e9gitime (article 6, paragraphe 1, point f du R\u00e8glement g\u00e9n\u00e9ral sur la protection des donn\u00e9es).,<\/ol><ol>d. la cr\u00e9ation d\u2019analyses, de r\u00e9sum\u00e9s et de statistiques pour le responsable du traitement, ce qui constitue notre int\u00e9r\u00eat l\u00e9gitime (article 6, paragraphe 1, point f du R\u00e8glement g\u00e9n\u00e9ral sur la protection des donn\u00e9es).<\/ol><p>\u00a0<\/p><ol><li value=\"4\">Les sous-traitants de vos donn\u00e9es personnelles peuvent \u00eatre des entit\u00e9s fournissant des services au responsable du traitement des donn\u00e9es.<br \/>services de conseil, d&#039;administration, de comptabilit\u00e9, de marketing, juridiques, informatiques, d&#039;assurance, banques, interm\u00e9diaires financiers et d&#039;assurance, op\u00e9rateurs postaux, entreprises de messagerie, chambres de compensation et interm\u00e9diaires de r\u00e8glement, auditeurs externes, autorit\u00e9s de surveillance.<\/li><\/ol><ol><li value=\"5\">Vos donn\u00e9es personnelles seront conserv\u00e9es pendant une p\u00e9riode de 10 ans \u00e0 compter de la fin de la relation mutuelle.,<br \/>sauf si la r\u00e9glementation exige sp\u00e9cifiquement un traitement sur une p\u00e9riode plus longue.<\/li><\/ol><ol><li value=\"6\">Vous avez le droit d&#039;acc\u00e9der \u00e0 vos donn\u00e9es et le droit de les rectifier, si n\u00e9cessaire.<br \/>incoh\u00e9rence avec l&#039;\u00e9tat actuel, suppression, limitation du traitement, droit \u00e0 la portabilit\u00e9 des donn\u00e9es, droit \u00e0 l&#039;oubli, droit d&#039;opposition, droit de retirer son consentement \u00e0 tout moment sans que cela n&#039;affecte la lic\u00e9it\u00e9 du traitement (si le traitement est fond\u00e9 sur le consentement), lequel traitement a \u00e9t\u00e9 effectu\u00e9 sur la base du consentement avant son retrait.<\/li><\/ol><ol><li value=\"7\">Vous avez le droit de d\u00e9poser une plainte aupr\u00e8s de l&#039;Office de la protection des donn\u00e9es personnelles si vous estimez que<br \/>Le traitement de vos donn\u00e9es personnelles enfreint les dispositions du R\u00e8glement g\u00e9n\u00e9ral sur la protection des donn\u00e9es (RGPD).<br \/>protection des donn\u00e9es.<\/li><\/ol><ol><li value=\"8\">La possession de vos donn\u00e9es personnelles est n\u00e9cessaire \u00e0 l&#039;ex\u00e9cution du contrat ou \u00e0 l&#039;ex\u00e9cution des obligations<br \/>Administrateur d\u00e9sign\u00e9 en vertu des dispositions l\u00e9gales.<\/li><\/ol><p>\u00a0<\/p>\t\t\t\t\t\t\t\t<\/div>\n\t\t\t\t\t<\/div>\n\t\t<\/div>\n\t\t\t\t\t<\/div>\n\t\t<\/section>\n\t\t\t\t<\/div>","protected":false},"excerpt":{"rendered":"<p>Polityka Bezpiecze\u0144stwa &#8211; klauzula informacyjna RODO Zgodnie z art. 13 ust. 1 i ust. 2 Rozporz\u0105dzenia Parlamentu Europejskiego i Rady (UE) 2016\/679 z dnia 27 kwietnia 2016r. w sprawie ochrony os\u00f3b fizycznych w zwi\u0105zku z przetwarzaniem danych osobowych i w sprawie swobodnego przep\u0142ywu takich danych oraz uchylenia dyrektywy 95\/46\/WE (og\u00f3lne rozporz\u0105dzenie o ochronie danych) informujemy, [&hellip;]<\/p>\n","protected":false},"author":8,"featured_media":0,"parent":0,"menu_order":0,"comment_status":"closed","ping_status":"closed","template":"","meta":{"footnotes":""},"categories":[],"tags":[163,162,164,147,184,183,187,159,74,65,137,181,161,155,157,70,182,149,158,152,160,186,72,185,154,71,129,146,148,140,156,153,144],"class_list":["post-4409","page","type-page","status-publish","hentry","tag-drzwi-pcv-na-wymiar","tag-drzwi-zewnetrzne-pcv","tag-drzwi-zewnetrzne-pcv-cennik","tag-fabryka-okien","tag-firma-okien","tag-firmy-okien","tag-firmy-z-oknami","tag-katalog-okien","tag-monolit","tag-monolit-okna","tag-monolit-producent-okien-i-drzwi-pcv","tag-okna-firmy","tag-okna-online","tag-okna-pcv","tag-okna-pcv-producenci","tag-okna-pcv-producent","tag-okna-plastikowe-producent","tag-okna-producent","tag-okna-zambrow","tag-producenci-okien","tag-producenci-okien-pcv","tag-producent-drzwi-pcv","tag-producent-okien","tag-producent-okien-cennik","tag-producent-okien-i-drzwi","tag-producent-okien-pcv","tag-producent-okien-podlaskie","tag-producent-okna","tag-producent-okna-pcv","tag-produkcja-aluminium","tag-produkcja-okien-pcv","tag-program-czyste-powietrze","tag-zgrzew-v-perfect"],"_links":{"self":[{"href":"https:\/\/monolit-okna.pl\/fr\/wp-json\/wp\/v2\/pages\/4409","targetHints":{"allow":["GET"]}}],"collection":[{"href":"https:\/\/monolit-okna.pl\/fr\/wp-json\/wp\/v2\/pages"}],"about":[{"href":"https:\/\/monolit-okna.pl\/fr\/wp-json\/wp\/v2\/types\/page"}],"author":[{"embeddable":true,"href":"https:\/\/monolit-okna.pl\/fr\/wp-json\/wp\/v2\/users\/8"}],"replies":[{"embeddable":true,"href":"https:\/\/monolit-okna.pl\/fr\/wp-json\/wp\/v2\/comments?post=4409"}],"version-history":[{"count":0,"href":"https:\/\/monolit-okna.pl\/fr\/wp-json\/wp\/v2\/pages\/4409\/revisions"}],"wp:attachment":[{"href":"https:\/\/monolit-okna.pl\/fr\/wp-json\/wp\/v2\/media?parent=4409"}],"wp:term":[{"taxonomy":"category","embeddable":true,"href":"https:\/\/monolit-okna.pl\/fr\/wp-json\/wp\/v2\/categories?post=4409"},{"taxonomy":"post_tag","embeddable":true,"href":"https:\/\/monolit-okna.pl\/fr\/wp-json\/wp\/v2\/tags?post=4409"}],"curies":[{"name":"wp","href":"https:\/\/api.w.org\/{rel}","templated":true}]}}