{"id":3826,"date":"2021-04-01T14:12:34","date_gmt":"2021-04-01T12:12:34","guid":{"rendered":"https:\/\/monolit-okna.pl\/?page_id=3826"},"modified":"2025-06-26T13:06:02","modified_gmt":"2025-06-26T11:06:02","slug":"wsparcie-unijne","status":"publish","type":"page","link":"https:\/\/monolit-okna.pl\/fr\/wsparcie-unijne\/","title":{"rendered":"soutien de l&#039;UE"},"content":{"rendered":"<div data-elementor-type=\"wp-post\" data-elementor-id=\"3826\" class=\"elementor elementor-3826\" data-elementor-post-type=\"page\">\n\t\t\t\t\t\t<section class=\"elementor-section elementor-top-section elementor-element elementor-element-c94ae90 elementor-section-boxed elementor-section-height-default elementor-section-height-default\" data-id=\"c94ae90\" data-element_type=\"section\">\n\t\t\t\t\t\t<div class=\"elementor-container elementor-column-gap-default\">\n\t\t\t\t\t<div class=\"elementor-column elementor-col-100 elementor-top-column elementor-element elementor-element-e386d7c\" data-id=\"e386d7c\" data-element_type=\"column\" data-settings=\"{&quot;background_background&quot;:&quot;classic&quot;}\">\n\t\t\t<div class=\"elementor-widget-wrap elementor-element-populated\">\n\t\t\t\t\t\t<div class=\"elementor-element elementor-element-6693d44 elementor-widget elementor-widget-image\" data-id=\"6693d44\" data-element_type=\"widget\" data-widget_type=\"image.default\">\n\t\t\t\t\t\t\t\t\t\t\t\t\t\t\t<img fetchpriority=\"high\" decoding=\"async\" width=\"800\" height=\"110\" src=\"https:\/\/monolit-okna.pl\/wp-content\/uploads\/2022\/09\/xunia-1024x141.jpg\" class=\"attachment-large size-large wp-image-3787\" alt=\"\" srcset=\"https:\/\/monolit-okna.pl\/wp-content\/uploads\/2022\/09\/xunia-1024x141.jpg 1024w, https:\/\/monolit-okna.pl\/wp-content\/uploads\/2022\/09\/xunia-300x41.jpg 300w, https:\/\/monolit-okna.pl\/wp-content\/uploads\/2022\/09\/xunia-768x106.jpg 768w, https:\/\/monolit-okna.pl\/wp-content\/uploads\/2022\/09\/xunia-1536x212.jpg 1536w, https:\/\/monolit-okna.pl\/wp-content\/uploads\/2022\/09\/xunia.jpg 1597w\" sizes=\"(max-width: 800px) 100vw, 800px\" title=\"\">\t\t\t\t\t\t\t\t\t\t\t\t\t\t\t<\/div>\n\t\t\t\t\t<\/div>\n\t\t<\/div>\n\t\t\t\t\t<\/div>\n\t\t<\/section>\n\t\t\t\t<section class=\"elementor-section elementor-top-section elementor-element elementor-element-0615152 elementor-section-boxed elementor-section-height-default elementor-section-height-default\" data-id=\"0615152\" data-element_type=\"section\">\n\t\t\t\t\t\t<div class=\"elementor-container elementor-column-gap-default\">\n\t\t\t\t\t<div class=\"elementor-column elementor-col-100 elementor-top-column elementor-element elementor-element-83192ea\" data-id=\"83192ea\" data-element_type=\"column\">\n\t\t\t<div class=\"elementor-widget-wrap elementor-element-populated\">\n\t\t\t\t\t\t<div class=\"elementor-element elementor-element-ff125c0 elementor-grid-3 elementor-grid-tablet-2 elementor-grid-mobile-1 elementor-posts--thumbnail-top elementor-widget elementor-widget-posts\" data-id=\"ff125c0\" data-element_type=\"widget\" data-settings=\"{&quot;pagination_type&quot;:&quot;numbers&quot;,&quot;classic_columns&quot;:&quot;3&quot;,&quot;classic_columns_tablet&quot;:&quot;2&quot;,&quot;classic_columns_mobile&quot;:&quot;1&quot;,&quot;classic_row_gap&quot;:{&quot;unit&quot;:&quot;px&quot;,&quot;size&quot;:35,&quot;sizes&quot;:[]},&quot;classic_row_gap_tablet&quot;:{&quot;unit&quot;:&quot;px&quot;,&quot;size&quot;:&quot;&quot;,&quot;sizes&quot;:[]},&quot;classic_row_gap_mobile&quot;:{&quot;unit&quot;:&quot;px&quot;,&quot;size&quot;:&quot;&quot;,&quot;sizes&quot;:[]}}\" data-widget_type=\"posts.classic\">\n\t\t\t\t<div class=\"elementor-widget-container\">\n\t\t\t\t\t\t\t<div class=\"elementor-posts-container elementor-posts elementor-posts--skin-classic elementor-grid\" role=\"list\">\n\t\t\t\t<article class=\"elementor-post elementor-grid-item post-12139 post type-post status-publish format-standard hentry category-wu tag-fabryka-okien tag-ideal-neo-md tag-monolit tag-monolit-okna tag-monolit-producent-okien-i-drzwi-pcv tag-okna-producent tag-producent-okien tag-producent-okien-pcv tag-producent-okien-podlaskie tag-producent-okna tag-producent-okna-pcv tag-produkcja-aluminium tag-zgrzew-v-perfect\" role=\"listitem\">\n\t\t\t\t<div class=\"elementor-post__text\">\n\t\t\t\t<h2 class=\"elementor-post__title\">\n\t\t\t<a href=\"https:\/\/monolit-okna.pl\/fr\/przedsiebiorstwo-monolit-michal-godlewski-uzyskalo-dotacje-z-unii-europejskiej-na-kolejny-projekt\/\" >\n\t\t\t\tLa soci\u00e9t\u00e9 Monolit Micha\u0142 Godlewski a re\u00e7u une subvention de l&#039;Union europ\u00e9enne pour un autre projet\u2026\t\t\t<\/a>\n\t\t<\/h2>\n\t\t\t\t<div class=\"elementor-post__excerpt\">\n\t\t\t<p>L&#039;entreprise \u201e MONOLIT \u201d de Micha\u0142 Godlewski a re\u00e7u une subvention de l&#039;Union europ\u00e9enne pour le projet \u201e D\u00e9veloppement d&#039;un mod\u00e8le \u00e9conomique pour la transformation de l&#039;entreprise Monolit dans le domaine de l&#039;\u00e9conomie circulaire \u201d. Ce projet porte sur l&#039;acquisition d&#039;une prestation de conseil en vue du d\u00e9veloppement d&#039;un mod\u00e8le \u00e9conomique pour la transformation de l&#039;entreprise Monolit dans le domaine de l&#039;\u00e9conomie circulaire. Le mod\u00e8le \u00e9conomique d\u00e9velopp\u00e9 comprendra des \u00e9l\u00e9ments d\u00e9taill\u00e9s.<\/p>\n\t\t<\/div>\n\t\t\n\t\t<a class=\"elementor-post__read-more\" href=\"https:\/\/monolit-okna.pl\/fr\/przedsiebiorstwo-monolit-michal-godlewski-uzyskalo-dotacje-z-unii-europejskiej-na-kolejny-projekt\/\" aria-label=\"Read more about Przedsi\u0119biorstwo Monolit Micha\u0142 Godlewski uzyska\u0142o dotacj\u0119 z Unii Europejskiej na kolejny projekt \u2026\" tabindex=\"-1\" >\n\t\t\tEn savoir plus &quot;\u00bb\t\t<\/a>\n\n\t\t\t\t<\/div>\n\t\t\t\t<\/article>\n\t\t\t\t<article class=\"elementor-post elementor-grid-item post-11276 post type-post status-publish format-standard hentry category-wu tag-fabryka-okien tag-ideal-neo-md tag-monolit tag-monolit-okna tag-monolit-producent-okien-i-drzwi-pcv tag-okna-producent tag-producent-okien tag-producent-okien-pcv tag-producent-okien-podlaskie tag-producent-okna tag-producent-okna-pcv tag-produkcja-aluminium tag-zgrzew-v-perfect\" role=\"listitem\">\n\t\t\t\t<div class=\"elementor-post__text\">\n\t\t\t\t<h2 class=\"elementor-post__title\">\n\t\t\t<a href=\"https:\/\/monolit-okna.pl\/fr\/przedsiebiorstwo-monolit-michal-godlewski-uzyskalo-dotacje-z-unii-europejskiej\/\" >\n\t\t\t\tLa soci\u00e9t\u00e9 Monolit Micha\u0142 Godlewski a re\u00e7u une subvention de l&#039;Union europ\u00e9enne.\t\t\t<\/a>\n\t\t<\/h2>\n\t\t\t\t<div class=\"elementor-post__excerpt\">\n\t\t\t<p>L&#039;entreprise \u201e Monolit \u201d de Micha\u0142 Godlewski a re\u00e7u une subvention de l&#039;Union europ\u00e9enne pour le projet \u201e Transformation de l&#039;entreprise vers l&#039;Industrie 4.0 par l&#039;automatisation et la robotisation des processus de production dans le domaine de la menuiserie aluminium \u201d. Ce projet vise \u00e0 transformer l&#039;entreprise Monolit pour l&#039;adapter \u00e0 l&#039;Industrie 4.0 gr\u00e2ce \u00e0 l&#039;automatisation et \u00e0 la robotisation des processus de production dans le domaine de la menuiserie aluminium.<\/p>\n\t\t<\/div>\n\t\t\n\t\t<a class=\"elementor-post__read-more\" href=\"https:\/\/monolit-okna.pl\/fr\/przedsiebiorstwo-monolit-michal-godlewski-uzyskalo-dotacje-z-unii-europejskiej\/\" aria-label=\"Read more about Przedsi\u0119biorstwo Monolit Micha\u0142 Godlewski uzyska\u0142o dotacj\u0119 z Unii Europejskiej\" tabindex=\"-1\" >\n\t\t\tEn savoir plus &quot;\u00bb\t\t<\/a>\n\n\t\t\t\t<\/div>\n\t\t\t\t<\/article>\n\t\t\t\t<article class=\"elementor-post elementor-grid-item post-3840 post type-post status-publish format-standard hentry category-wu tag-fabryka-okien tag-ideal-neo-md tag-monolit tag-monolit-okna tag-monolit-producent-okien-i-drzwi-pcv tag-okna-producent tag-producent-okien tag-producent-okien-pcv tag-producent-okien-podlaskie tag-producent-okna tag-producent-okna-pcv tag-produkcja-aluminium tag-zgrzew-v-perfect\" role=\"listitem\">\n\t\t\t\t<div class=\"elementor-post__text\">\n\t\t\t\t<h2 class=\"elementor-post__title\">\n\t\t\t<a href=\"https:\/\/monolit-okna.pl\/fr\/zastosowanie-innowacyjnego-proekologicznego-ukladu-melioracyjno-izolacyjnego-w-produkcji-stolarki-okiennej-z-pvc\/\" >\n\t\t\t\tL&#039;utilisation d&#039;un syst\u00e8me de drainage et d&#039;isolation innovant et pro-\u00e9cologique dans la production de menuiseries de fen\u00eatres en PVC\t\t\t<\/a>\n\t\t<\/h2>\n\t\t\t\t<div class=\"elementor-post__excerpt\">\n\t\t\t<p>\u201eL&#039;entreprise \u201d Monolit \u201e Micha\u0142 Godlewski met en \u0153uvre un projet intitul\u00e9 \u201d Application d&#039;un syst\u00e8me innovant et \u00e9cologique de drainage et d&#039;isolation dans la production de fen\u00eatres en PVC \u00bb. Objectifs et r\u00e9sultats attendus du projet : Ce projet vise \u00e0 int\u00e9grer \u00e0 l&#039;offre de l&#039;entreprise des fen\u00eatres innovantes dot\u00e9es d&#039;un syst\u00e8me innovant de drainage et d&#039;isolation, fruit des travaux de recherche et d\u00e9veloppement men\u00e9s. La mise en \u0153uvre de ce projet permettra de commercialiser ces fen\u00eatres.<\/p>\n\t\t<\/div>\n\t\t\n\t\t<a class=\"elementor-post__read-more\" href=\"https:\/\/monolit-okna.pl\/fr\/zastosowanie-innowacyjnego-proekologicznego-ukladu-melioracyjno-izolacyjnego-w-produkcji-stolarki-okiennej-z-pvc\/\" aria-label=\"Read more about Zastosowanie innowacyjnego, proekologicznego uk\u0142adu melioracyjno-izolacyjnego w produkcji stolarki okiennej z PVC\" tabindex=\"-1\" >\n\t\t\tEn savoir plus &quot;\u00bb\t\t<\/a>\n\n\t\t\t\t<\/div>\n\t\t\t\t<\/article>\n\t\t\t\t<\/div>\n\t\t\n\t\t\t\t\t\t<\/div>\n\t\t\t\t<\/div>\n\t\t\t\t\t<\/div>\n\t\t<\/div>\n\t\t\t\t\t<\/div>\n\t\t<\/section>\n\t\t\t\t<\/div>","protected":false},"excerpt":{"rendered":"","protected":false},"author":8,"featured_media":0,"parent":0,"menu_order":0,"comment_status":"closed","ping_status":"closed","template":"elementor_header_footer","meta":{"footnotes":""},"categories":[],"tags":[163,162,164,147,184,183,187,159,74,65,137,181,161,155,157,70,182,149,158,152,160,186,72,185,154,71,129,146,148,140,156,153,144],"class_list":["post-3826","page","type-page","status-publish","hentry","tag-drzwi-pcv-na-wymiar","tag-drzwi-zewnetrzne-pcv","tag-drzwi-zewnetrzne-pcv-cennik","tag-fabryka-okien","tag-firma-okien","tag-firmy-okien","tag-firmy-z-oknami","tag-katalog-okien","tag-monolit","tag-monolit-okna","tag-monolit-producent-okien-i-drzwi-pcv","tag-okna-firmy","tag-okna-online","tag-okna-pcv","tag-okna-pcv-producenci","tag-okna-pcv-producent","tag-okna-plastikowe-producent","tag-okna-producent","tag-okna-zambrow","tag-producenci-okien","tag-producenci-okien-pcv","tag-producent-drzwi-pcv","tag-producent-okien","tag-producent-okien-cennik","tag-producent-okien-i-drzwi","tag-producent-okien-pcv","tag-producent-okien-podlaskie","tag-producent-okna","tag-producent-okna-pcv","tag-produkcja-aluminium","tag-produkcja-okien-pcv","tag-program-czyste-powietrze","tag-zgrzew-v-perfect"],"_links":{"self":[{"href":"https:\/\/monolit-okna.pl\/fr\/wp-json\/wp\/v2\/pages\/3826","targetHints":{"allow":["GET"]}}],"collection":[{"href":"https:\/\/monolit-okna.pl\/fr\/wp-json\/wp\/v2\/pages"}],"about":[{"href":"https:\/\/monolit-okna.pl\/fr\/wp-json\/wp\/v2\/types\/page"}],"author":[{"embeddable":true,"href":"https:\/\/monolit-okna.pl\/fr\/wp-json\/wp\/v2\/users\/8"}],"replies":[{"embeddable":true,"href":"https:\/\/monolit-okna.pl\/fr\/wp-json\/wp\/v2\/comments?post=3826"}],"version-history":[{"count":15,"href":"https:\/\/monolit-okna.pl\/fr\/wp-json\/wp\/v2\/pages\/3826\/revisions"}],"predecessor-version":[{"id":12250,"href":"https:\/\/monolit-okna.pl\/fr\/wp-json\/wp\/v2\/pages\/3826\/revisions\/12250"}],"wp:attachment":[{"href":"https:\/\/monolit-okna.pl\/fr\/wp-json\/wp\/v2\/media?parent=3826"}],"wp:term":[{"taxonomy":"category","embeddable":true,"href":"https:\/\/monolit-okna.pl\/fr\/wp-json\/wp\/v2\/categories?post=3826"},{"taxonomy":"post_tag","embeddable":true,"href":"https:\/\/monolit-okna.pl\/fr\/wp-json\/wp\/v2\/tags?post=3826"}],"curies":[{"name":"wp","href":"https:\/\/api.w.org\/{rel}","templated":true}]}}