{"id":3576,"date":"2022-08-05T12:02:21","date_gmt":"2022-08-05T10:02:21","guid":{"rendered":"https:\/\/monolit-okna.pl\/?page_id=3576"},"modified":"2023-09-05T14:26:09","modified_gmt":"2023-09-05T12:26:09","slug":"regulamin","status":"publish","type":"page","link":"https:\/\/monolit-okna.pl\/fr\/regulamin\/","title":{"rendered":"Loi"},"content":{"rendered":"<div data-elementor-type=\"wp-page\" data-elementor-id=\"3576\" class=\"elementor elementor-3576\" data-elementor-post-type=\"page\">\n\t\t\t\t\t\t<section class=\"elementor-section elementor-top-section elementor-element elementor-element-5991b5e0 elementor-section-boxed elementor-section-height-default elementor-section-height-default\" data-id=\"5991b5e0\" data-element_type=\"section\">\n\t\t\t\t\t\t<div class=\"elementor-container elementor-column-gap-default\">\n\t\t\t\t\t<div class=\"elementor-column elementor-col-100 elementor-top-column elementor-element elementor-element-47544bc9\" data-id=\"47544bc9\" data-element_type=\"column\">\n\t\t\t<div class=\"elementor-widget-wrap elementor-element-populated\">\n\t\t\t\t\t\t<div class=\"elementor-element elementor-element-40f89d5 elementor-widget elementor-widget-text-editor\" data-id=\"40f89d5\" data-element_type=\"widget\" data-widget_type=\"text-editor.default\">\n\t\t\t\t\t\t\t\t\t<h1>LOI<\/h1>\n<h2>Dispositions g\u00e9n\u00e9rales<\/h2>\nCe site web est exploit\u00e9 par MONOLIT Micha\u0142 Godlewski, dont le si\u00e8ge social est situ\u00e9 \u00e0 Zambr\u00f3w 18-300, ul. Strzelnicza 12, NIP 723-154-22-65 (ci-apr\u00e8s d\u00e9nomm\u00e9 le propri\u00e9taire). Les pr\u00e9sentes conditions g\u00e9n\u00e9rales d&#039;utilisation du site web www.monolit-okna.pl (ci-apr\u00e8s d\u00e9nomm\u00e9 les \u201e\u00a0Conditions G\u00e9n\u00e9rales\u00a0\u201d) d\u00e9finissent les modalit\u00e9s d&#039;utilisation du site web www.monolit-okna.pl (ci-apr\u00e8s d\u00e9nomm\u00e9 le \u201e\u00a0Site\u00a0\u201d) ainsi que les droits et obligations du propri\u00e9taire et des utilisateurs du Site. En acc\u00e9dant \u00e0 ce Site, vous acceptez le caract\u00e8re contraignant des pr\u00e9sentes mentions l\u00e9gales. Si vous n&#039;acceptez pas d&#039;\u00eatre li\u00e9 par les dispositions des pr\u00e9sentes mentions l\u00e9gales, veuillez ne pas utiliser le Site.\n\n<\/=h2>droits de propri\u00e9t\u00e9 intellectuelle<\/h2>\nL&#039;ensemble du contenu publi\u00e9 sur le site web www.monolit-okna.pl est prot\u00e9g\u00e9 par le droit d&#039;auteur et est la propri\u00e9t\u00e9 de ce site. Les visiteurs sont enti\u00e8rement responsables de tout dommage caus\u00e9 au propri\u00e9taire du site r\u00e9sultant de l&#039;utilisation de tout contenu du site www.monolit-okna.pl sans autorisation \u00e9crite expresse. Toute utilisation d&#039;\u00e9l\u00e9ments (\u00e0 l&#039;exception de l&#039;onglet T\u00c9L\u00c9CHARGEMENTS) du contenu du site www.monolit-okna.pl sans l&#039;autorisation \u00e9crite expresse du propri\u00e9taire constitue une violation de ses droits d&#039;auteur et engage sa responsabilit\u00e9 civile et p\u00e9nale. Les utilisateurs peuvent imprimer, t\u00e9l\u00e9charger et transmettre les documents publi\u00e9s sur le site web uniquement \u00e0 partir de l&#039;onglet T\u00c9L\u00c9CHARGEMENTS, \u00e0 condition de le faire exclusivement \u00e0 des fins d&#039;information ou \u00e0 d&#039;autres fins autoris\u00e9es par la loi applicable.\n\n&nbsp;\n<h2>Responsabilit\u00e9 du contenu du site web<\/h2>\nCe site web et son contenu sont exclusivement destin\u00e9s \u00e0 fournir des informations g\u00e9n\u00e9rales sur MONOLIT et ses produits. Ils n&#039;ont pas pour objet d&#039;\u00e9tablir, de modifier ou de mettre fin \u00e0 des relations contractuelles. Les informations contenues sur ce site ne constituent pas une offre au sens du Code civil et sont publi\u00e9es \u00e0 titre purement informatif, sans aucune responsabilit\u00e9 de la part de MONOLIT. Les sch\u00e9mas, coupes et photos publi\u00e9s sur le site sont pr\u00e9sent\u00e9s \u00e0 titre indicatif uniquement. MONOLIT se r\u00e9serve le droit de modifier les caract\u00e9ristiques techniques des produits pr\u00e9sent\u00e9s sur le site. Le propri\u00e9taire du site est seul responsable de son contenu.\n<ol>\n \t<li>Les informations publi\u00e9es par le propri\u00e9taire sur le site web sont constamment mises \u00e0 jour et pr\u00e9par\u00e9es avec soin ; toutefois, le propri\u00e9taire ne garantit pas l\u2019exactitude, l\u2019actualit\u00e9, l\u2019exhaustivit\u00e9 ni la disponibilit\u00e9 constante du site web.<\/li>\n \t<li>Le propri\u00e9taire se r\u00e9serve le droit de modifier, compl\u00e9ter, raccourcir ou retirer int\u00e9gralement l&#039;offre en ligne. Il ne garantit pas non plus que le contenu de l&#039;offre en ligne soit adapt\u00e9 \u00e0 l&#039;utilisateur et \u00e0 ses besoins.<\/li>\n \t<li>Le site web peut contenir des liens vers des sites web tiers sur lesquels le propri\u00e9taire n&#039;a aucun contr\u00f4le. Le contenu des sites web li\u00e9s rel\u00e8ve de la seule responsabilit\u00e9 de leurs exploitants.<\/li>\n \t<li>Le propri\u00e9taire demande \u00e0 \u00eatre imm\u00e9diatement inform\u00e9 si un utilisateur acc\u00e8de \u00e0 des liens pr\u00e9sents sur le site web qui semblent inappropri\u00e9s. Ces liens seront supprim\u00e9s sans d\u00e9lai d\u00e8s que toute infraction \u00e0 la loi sera constat\u00e9e. Cette d\u00e9claration s&#039;applique \u00e0 tous les liens pr\u00e9sents sur le site web du propri\u00e9taire.<\/li>\n<\/ol>\nMONOLIT d\u00e9cline toute responsabilit\u00e9 pour les dommages r\u00e9sultant de l&#039;utilisation de ce site web.\n<h2><span style=\"color: #000000; font-family: 'Encode Sans', sans-serif; font-size: 24px; letter-spacing: 0.4px;\">Contact<\/span><\/h2>\nPour toute question ou r\u00e9clamation concernant le fonctionnement de ce site web, veuillez utiliser les coordonn\u00e9es ci-dessous\u00a0: MONOLIT Micha\u0142 Godlewski ul. Strzelnicza 12 18-300 Zambr\u00f3w biuro@monolit-okna.pl\t\t\t\t\t\t\t\t<\/div>\n\t\t\t\t\t<\/div>\n\t\t<\/div>\n\t\t\t\t\t<\/div>\n\t\t<\/section>\n\t\t\t\t<\/div>","protected":false},"excerpt":{"rendered":"<p>REGULAMIN Postanowienia og\u00f3lne Niniejsza strona internetowa jest prowadzona przez firm\u0119 MONOLIT Micha\u0142 Godlewski z siedzib\u0105 w Zambrowie 18-300, ul. Strzelnicza 12 NIP 723-154-22-65 (zwan\u0105 dalej w\u0142a\u015bcicielem) Niniejszy regulamin strony www.monolit-okna.pl (zwany dalej &#8222;Regulaminem&#8221;) okre\u015bla warunki korzystania ze strony www.monolit-okna.pl (dalej &#8222;Strona&#8221;) oraz prawa i obowi\u0105zki w\u0142a\u015bciciela, oraz u\u017cytkownik\u00f3w strony. Wej\u015bcie na t\u0119 stron\u0119 internetow\u0105 r\u00f3wnoznaczne [&hellip;]<\/p>\n","protected":false},"author":8,"featured_media":0,"parent":0,"menu_order":0,"comment_status":"closed","ping_status":"open","template":"","meta":{"footnotes":""},"categories":[],"tags":[163,162,164,147,184,183,187,159,74,65,137,181,161,155,157,70,182,149,158,152,160,186,72,185,154,71,129,146,148,140,156,153,144],"class_list":["post-3576","page","type-page","status-publish","hentry","tag-drzwi-pcv-na-wymiar","tag-drzwi-zewnetrzne-pcv","tag-drzwi-zewnetrzne-pcv-cennik","tag-fabryka-okien","tag-firma-okien","tag-firmy-okien","tag-firmy-z-oknami","tag-katalog-okien","tag-monolit","tag-monolit-okna","tag-monolit-producent-okien-i-drzwi-pcv","tag-okna-firmy","tag-okna-online","tag-okna-pcv","tag-okna-pcv-producenci","tag-okna-pcv-producent","tag-okna-plastikowe-producent","tag-okna-producent","tag-okna-zambrow","tag-producenci-okien","tag-producenci-okien-pcv","tag-producent-drzwi-pcv","tag-producent-okien","tag-producent-okien-cennik","tag-producent-okien-i-drzwi","tag-producent-okien-pcv","tag-producent-okien-podlaskie","tag-producent-okna","tag-producent-okna-pcv","tag-produkcja-aluminium","tag-produkcja-okien-pcv","tag-program-czyste-powietrze","tag-zgrzew-v-perfect"],"_links":{"self":[{"href":"https:\/\/monolit-okna.pl\/fr\/wp-json\/wp\/v2\/pages\/3576","targetHints":{"allow":["GET"]}}],"collection":[{"href":"https:\/\/monolit-okna.pl\/fr\/wp-json\/wp\/v2\/pages"}],"about":[{"href":"https:\/\/monolit-okna.pl\/fr\/wp-json\/wp\/v2\/types\/page"}],"author":[{"embeddable":true,"href":"https:\/\/monolit-okna.pl\/fr\/wp-json\/wp\/v2\/users\/8"}],"replies":[{"embeddable":true,"href":"https:\/\/monolit-okna.pl\/fr\/wp-json\/wp\/v2\/comments?post=3576"}],"version-history":[{"count":0,"href":"https:\/\/monolit-okna.pl\/fr\/wp-json\/wp\/v2\/pages\/3576\/revisions"}],"wp:attachment":[{"href":"https:\/\/monolit-okna.pl\/fr\/wp-json\/wp\/v2\/media?parent=3576"}],"wp:term":[{"taxonomy":"category","embeddable":true,"href":"https:\/\/monolit-okna.pl\/fr\/wp-json\/wp\/v2\/categories?post=3576"},{"taxonomy":"post_tag","embeddable":true,"href":"https:\/\/monolit-okna.pl\/fr\/wp-json\/wp\/v2\/tags?post=3576"}],"curies":[{"name":"wp","href":"https:\/\/api.w.org\/{rel}","templated":true}]}}