{"id":3,"date":"2022-05-19T08:54:50","date_gmt":"2022-05-19T06:54:50","guid":{"rendered":"https:\/\/monolit-okna.pl\/?page_id=3"},"modified":"2023-09-05T14:24:36","modified_gmt":"2023-09-05T12:24:36","slug":"polityka-prywatnosci-2","status":"publish","type":"page","link":"https:\/\/monolit-okna.pl\/fr\/polityka-prywatnosci-2\/","title":{"rendered":"Politique relative aux cookies"},"content":{"rendered":"<div data-elementor-type=\"wp-page\" data-elementor-id=\"3\" class=\"elementor elementor-3\" data-elementor-post-type=\"page\">\n\t\t\t\t\t\t<section class=\"elementor-section elementor-top-section elementor-element elementor-element-5991b5e0 elementor-section-boxed elementor-section-height-default elementor-section-height-default\" data-id=\"5991b5e0\" data-element_type=\"section\">\n\t\t\t\t\t\t<div class=\"elementor-container elementor-column-gap-default\">\n\t\t\t\t\t<div class=\"elementor-column elementor-col-100 elementor-top-column elementor-element elementor-element-47544bc9\" data-id=\"47544bc9\" data-element_type=\"column\">\n\t\t\t<div class=\"elementor-widget-wrap elementor-element-populated\">\n\t\t\t\t\t\t<div class=\"elementor-element elementor-element-40f89d5 elementor-widget elementor-widget-text-editor\" data-id=\"40f89d5\" data-element_type=\"widget\" data-widget_type=\"text-editor.default\">\n\t\t\t\t\t\t\t\t\t<h2>POLITYKA PLIK\u00d3W COOKIES<\/h2><p><span style=\"letter-spacing: 0.4px; color: var( --e-global-color-text ); font-family: var( --e-global-typography-text-font-family ), Sans-serif;\"><b>Pliki cookies<\/b><\/span><span style=\"letter-spacing: 0.4px; color: var( --e-global-color-text ); font-family: var( --e-global-typography-text-font-family ), Sans-serif; font-weight: var( --e-global-typography-text-font-weight );\"> (ciasteczka) to niewielkie dane informatyczne, szczeg\u00f3lnie pliki tekstowe, zachowywane na komputerze u\u017cytkownika. Ciasteczka u\u017cywane s\u0105 przede wszystkim w celu optymalizacji i personalizacji procesu korzystania ze stron internetowych:<\/span><\/p><ol><li>Dostosowania zawarto\u015bci stron internetowych Serwisu do preferencji U\u017cytkownika oraz ulepszania korzystania ze stron internetowych; w szczeg\u00f3lno\u015bci pliki te pozwalaj\u0105 rozpozna\u0107 urz\u0105dzenie U\u017cytkownika Serwisu i odpowiednio wy\u015bwietli\u0107 stron\u0119 internetow\u0105, dostosowan\u0105 do jego indywidualnych potrzeb;<\/li><li>Tworzenia anonimowych statystyk, kt\u00f3re pomagaj\u0105 zrozumie\u0107, w jaki spos\u00f3b U\u017cytkownicy Serwisu korzystaj\u0105 ze strony internetowej,<\/li><li>Utrzymanie sesji U\u017cytkownika Serwisu (po zalogowaniu), dzi\u0119ki kt\u00f3rej U\u017cytkownik nie musi na ka\u017cdej podstronie Serwisu ponownie wpisywa\u0107 loginu has\u0142a.<\/li><\/ol><p class=\"translation-block\"><span style=\"letter-spacing: 0.4px; color: var( --e-global-color-text ); font-family: var( --e-global-typography-text-font-family ), Sans-serif; font-weight: var( --e-global-typography-text-font-weight );\">Na stronie monolit-okna.pl stosowane s\u0105 nast\u0119puj\u0105ce rodzaje plik\u00f3w cookies: sesyjne, sta\u0142e oraz analityczne<\/span><br><span style=\"letter-spacing: 0.4px; color: var( --e-global-color-text ); font-family: var( --e-global-typography-text-font-family ), Sans-serif; font-weight: var( --e-global-typography-text-font-weight );\">Cookies sesyjne s\u0105 plikami tymczasowymi, kt\u00f3re przechowywane s\u0105 urz\u0105dzeniu ko\u0144cowym u\u017cytkownika do czasu opuszczenia strony.<\/span><br><span style=\"letter-spacing: 0.4px; color: var( --e-global-color-text ); font-family: var( --e-global-typography-text-font-family ), Sans-serif; font-weight: var( --e-global-typography-text-font-weight );\">Sta\u0142e pliki cookies przechowywane s\u0105 w urz\u0105dzeniu ko\u0144cowym u\u017cytkownika przez czas okre\u015blony w parametrach plik\u00f3w \u201ecookies\u201d lub do czasu ich usuni\u0119cia przez u\u017cytkownika.<\/span><\/p><p><span style=\"letter-spacing: 0.4px; color: var( --e-global-color-text ); font-family: var( --e-global-typography-text-font-family ), Sans-serif; font-weight: var( --e-global-typography-text-font-weight );\">Cookies analityczne umo\u017cliwiaj\u0105 lepsze poznanie sposobu interakcji u\u017cytkownika w zakresie zawarto\u015bci strony, lepiej zorganizowa\u0107 jego uk\u0142ad.<\/span><\/p><p>Analityczne cookies gromadz\u0105 informacje o sposobie korzystania ze strony internetowej przez u\u017cytkownika, typie strony, z jakiej u\u017cytkownika zosta\u0142 przekierowany, oraz liczbie odwiedzin i czasie wizyty u\u017cytkownika na stronie internetowej. Informacje te nie rejestruj\u0105 konkretnych danych osobowych u\u017cytkownika, lecz s\u0142u\u017c\u0105 do opracowania statystyk korzystania ze strony.<\/p><p>U\u017cytkownik ma prawo zadecydowania w zakresie dost\u0119pu plik\u00f3w \u201ecookies&#8221; do swojego komputera poprzez ich uprzedni wyb\u00f3r w oknie swojej przegl\u0105darki. Szczeg\u00f3\u0142owe informacje o mo\u017cliwo\u015bci i sposobach obs\u0142ugi plik\u00f3w \u201ecookies&#8221; dost\u0119pne s\u0105 w ustawieniach oprogramowania (przegl\u0105darki internetowej).<\/p><p>Strona monolit-okna.pl informuje, \u017ce ograniczenia stosowania plik\u00f3w cookies mog\u0105 wp\u0142yn\u0105\u0107 na niekt\u00f3re funkcjonalno\u015bci dost\u0119pne na tej stronie.<\/p><p><span style=\"letter-spacing: 0.4px; color: var( --e-global-color-text ); font-family: var( --e-global-typography-text-font-family ), Sans-serif; font-weight: var( --e-global-typography-text-font-weight );\">\u00a0<\/span><\/p><p>\u00a0<\/p>\t\t\t\t\t\t\t\t<\/div>\n\t\t\t\t\t<\/div>\n\t\t<\/div>\n\t\t\t\t\t<\/div>\n\t\t<\/section>\n\t\t\t\t<\/div>","protected":false},"excerpt":{"rendered":"<p>POLITYKA PLIK\u00d3W COOKIES Pliki cookies (ciasteczka) to niewielkie dane informatyczne, szczeg\u00f3lnie pliki tekstowe, zachowywane na komputerze u\u017cytkownika. Ciasteczka u\u017cywane s\u0105 przede wszystkim w celu optymalizacji i personalizacji procesu korzystania ze stron internetowych: Dostosowania zawarto\u015bci stron internetowych Serwisu do preferencji U\u017cytkownika oraz ulepszania korzystania ze stron internetowych; w szczeg\u00f3lno\u015bci pliki te pozwalaj\u0105 rozpozna\u0107 urz\u0105dzenie U\u017cytkownika Serwisu [&hellip;]<\/p>\n","protected":false},"author":8,"featured_media":0,"parent":0,"menu_order":0,"comment_status":"closed","ping_status":"open","template":"","meta":{"footnotes":""},"categories":[],"tags":[163,162,164,147,184,183,187,159,74,65,137,181,161,155,157,70,182,149,158,152,160,186,72,185,154,71,129,146,148,140,156,153,144],"class_list":["post-3","page","type-page","status-publish","hentry","tag-drzwi-pcv-na-wymiar","tag-drzwi-zewnetrzne-pcv","tag-drzwi-zewnetrzne-pcv-cennik","tag-fabryka-okien","tag-firma-okien","tag-firmy-okien","tag-firmy-z-oknami","tag-katalog-okien","tag-monolit","tag-monolit-okna","tag-monolit-producent-okien-i-drzwi-pcv","tag-okna-firmy","tag-okna-online","tag-okna-pcv","tag-okna-pcv-producenci","tag-okna-pcv-producent","tag-okna-plastikowe-producent","tag-okna-producent","tag-okna-zambrow","tag-producenci-okien","tag-producenci-okien-pcv","tag-producent-drzwi-pcv","tag-producent-okien","tag-producent-okien-cennik","tag-producent-okien-i-drzwi","tag-producent-okien-pcv","tag-producent-okien-podlaskie","tag-producent-okna","tag-producent-okna-pcv","tag-produkcja-aluminium","tag-produkcja-okien-pcv","tag-program-czyste-powietrze","tag-zgrzew-v-perfect"],"_links":{"self":[{"href":"https:\/\/monolit-okna.pl\/fr\/wp-json\/wp\/v2\/pages\/3","targetHints":{"allow":["GET"]}}],"collection":[{"href":"https:\/\/monolit-okna.pl\/fr\/wp-json\/wp\/v2\/pages"}],"about":[{"href":"https:\/\/monolit-okna.pl\/fr\/wp-json\/wp\/v2\/types\/page"}],"author":[{"embeddable":true,"href":"https:\/\/monolit-okna.pl\/fr\/wp-json\/wp\/v2\/users\/8"}],"replies":[{"embeddable":true,"href":"https:\/\/monolit-okna.pl\/fr\/wp-json\/wp\/v2\/comments?post=3"}],"version-history":[{"count":0,"href":"https:\/\/monolit-okna.pl\/fr\/wp-json\/wp\/v2\/pages\/3\/revisions"}],"wp:attachment":[{"href":"https:\/\/monolit-okna.pl\/fr\/wp-json\/wp\/v2\/media?parent=3"}],"wp:term":[{"taxonomy":"category","embeddable":true,"href":"https:\/\/monolit-okna.pl\/fr\/wp-json\/wp\/v2\/categories?post=3"},{"taxonomy":"post_tag","embeddable":true,"href":"https:\/\/monolit-okna.pl\/fr\/wp-json\/wp\/v2\/tags?post=3"}],"curies":[{"name":"wp","href":"https:\/\/api.w.org\/{rel}","templated":true}]}}