{"id":230,"date":"2022-05-25T12:10:53","date_gmt":"2022-05-25T10:10:53","guid":{"rendered":"https:\/\/monolit-okna.pl\/?page_id=230"},"modified":"2026-04-13T11:06:05","modified_gmt":"2026-04-13T09:06:05","slug":"o-firmie","status":"publish","type":"page","link":"https:\/\/monolit-okna.pl\/fr\/o-firmie\/","title":{"rendered":"\u00c0 propos de l&#039;entreprise"},"content":{"rendered":"<div data-elementor-type=\"wp-post\" data-elementor-id=\"230\" class=\"elementor elementor-230\" data-elementor-post-type=\"page\">\n\t\t\t\t\t\t<section class=\"elementor-section elementor-top-section elementor-element elementor-element-c94ae90 elementor-section-full_width elementor-section-height-default elementor-section-height-default\" data-id=\"c94ae90\" data-element_type=\"section\">\n\t\t\t\t\t\t<div class=\"elementor-container elementor-column-gap-default\">\n\t\t\t\t\t<div class=\"elementor-column elementor-col-100 elementor-top-column elementor-element elementor-element-e386d7c\" data-id=\"e386d7c\" data-element_type=\"column\" data-settings=\"{&quot;background_background&quot;:&quot;classic&quot;}\">\n\t\t\t<div class=\"elementor-widget-wrap elementor-element-populated\">\n\t\t\t\t\t\t<div class=\"elementor-element elementor-element-307ed09 elementor-widget elementor-widget-heading\" data-id=\"307ed09\" data-element_type=\"widget\" data-widget_type=\"heading.default\">\n\t\t\t\t\t<h1 class=\"elementor-heading-title elementor-size-default\">\u00c0 propos de l&#039;entreprise<\/h1>\t\t\t\t<\/div>\n\t\t\t\t\t<\/div>\n\t\t<\/div>\n\t\t\t\t\t<\/div>\n\t\t<\/section>\n\t\t\t\t<section class=\"elementor-section elementor-top-section elementor-element elementor-element-aeb0459 elementor-section-boxed elementor-section-height-default elementor-section-height-default\" data-id=\"aeb0459\" data-element_type=\"section\">\n\t\t\t\t\t\t<div class=\"elementor-container elementor-column-gap-default\">\n\t\t\t\t\t<div class=\"elementor-column elementor-col-100 elementor-top-column elementor-element elementor-element-f418d7a\" data-id=\"f418d7a\" data-element_type=\"column\">\n\t\t\t<div class=\"elementor-widget-wrap elementor-element-populated\">\n\t\t\t\t\t\t<div class=\"elementor-element elementor-element-e27500a elementor-widget elementor-widget-heading\" data-id=\"e27500a\" data-element_type=\"widget\" data-widget_type=\"heading.default\">\n\t\t\t\t\t<h2 class=\"elementor-heading-title elementor-size-default\">pourquoi monolithe<\/h2>\t\t\t\t<\/div>\n\t\t\t\t<div class=\"elementor-element elementor-element-bbd60bc elementor-widget elementor-widget-text-editor\" data-id=\"bbd60bc\" data-element_type=\"widget\" data-widget_type=\"text-editor.default\">\n\t\t\t\t\t\t\t\t\t<p>Au fil des ans, notre entreprise a connu une transformation qui nous a fait passer d&#039;une petite entreprise \u00e0 un fournisseur leader de menuiseries pour fen\u00eatres et portes. <b>PVC et aluminium<\/b> En Pologne comme \u00e0 l&#039;\u00e9tranger, gr\u00e2ce \u00e0 l&#039;engagement, la passion et le savoir-faire de notre \u00e9quipe de professionnels, nous avons b\u00e2ti des fondations solides sur lesquelles reposent nos activit\u00e9s quotidiennes. Aujourd&#039;hui, nous sommes fiers de proposer des produits de la plus haute qualit\u00e9, r\u00e9pondant aux attentes des clients les plus exigeants.<\/p><p align=\"justify\">Notre offre comprend une vaste gamme de produits, notamment des menuiseries PVC, des syst\u00e8mes coulissants, des \u00e9l\u00e9ments en aluminium, des sous-planchers, des moustiquaires, des appuis de fen\u00eatre et des portes de garage. Chaque produit est con\u00e7u et fabriqu\u00e9 avec soin pour garantir un confort et une fonctionnalit\u00e9 optimaux.<\/p><p align=\"justify\">Notre objectif strat\u00e9gique est de consolider durablement notre position sur les march\u00e9s polonais et internationaux. Pour ce faire, nous \u0153uvrons sans cesse \u00e0 d\u00e9velopper et \u00e0 am\u00e9liorer notre offre de produits. Nous proposons des solutions innovantes qui nous permettent de nous d\u00e9marquer de la concurrence.<\/p><p align=\"justify\">L&#039;un des piliers de notre entreprise est notre engagement envers la qualit\u00e9. Nous accordons une importance primordiale au soin apport\u00e9 \u00e0 chaque \u00e9tape de la production, de la s\u00e9lection des mati\u00e8res premi\u00e8res aux finitions de nos produits. L&#039;esth\u00e9tique est \u00e9galement au c\u0153ur de nos pr\u00e9occupations. Conscients que les fen\u00eatres et les portes sont \u00e0 la fois fonctionnelles et d\u00e9coratives, nous proposons une vaste gamme de couleurs et de motifs, nous permettant ainsi de personnaliser nos produits selon les besoins et les go\u00fbts de chacun de nos clients.<\/p><p align=\"justify\">Nous investissons constamment dans le d\u00e9veloppement technologique afin de garantir la qualit\u00e9 et l&#039;innovation optimales de nos produits. Nous collaborons avec des fournisseurs de mati\u00e8res premi\u00e8res de renom (notamment Aluplast, Rehau, Wital, Procural, Aluprof et Aluron) et utilisons les technologies de production les plus r\u00e9centes. Par exemple, nous utilisons des machines CNC modernes qui permettent une d\u00e9coupe et un usinage pr\u00e9cis des mat\u00e9riaux, ce qui se traduit par une qualit\u00e9 et une durabilit\u00e9 accrues de nos produits. Les soudures en V sont r\u00e9alis\u00e9es de s\u00e9rie, assurant un assemblage parfait des profil\u00e9s, des soudures fines, l&#039;\u00e9limination totale des bavures lors de l&#039;assemblage et un meilleur contr\u00f4le de la pression de soudage.<\/p><p align=\"justify\">La satisfaction de nos clients est notre priorit\u00e9. C&#039;est pourquoi nous mettons tout en \u0153uvre pour que chaque \u00e9tape de leur collaboration avec notre entreprise soit aussi agr\u00e9able et satisfaisante que possible. Nous proposons une gamme compl\u00e8te de services, du conseil technique \u00e0 la conception, en passant par l&#039;installation et la maintenance.<\/p><p align=\"justify\">Nous ne nous limitons pas au march\u00e9 national. Nous d\u00e9veloppons \u00e9galement avec succ\u00e8s nos activit\u00e9s d&#039;exportation, en livrant nos produits dans de nombreux pays \u00e0 travers le monde. Cela nous permet de partager notre passion pour les fen\u00eatres et les portes avec des clients du monde entier.<\/p><p align=\"justify\">Nous sommes convaincus que nos clients m\u00e9ritent un espace de vie, de d\u00e9tente ou de partage avec leurs proches qui soit \u00e0 la fois fonctionnel et esth\u00e9tique. C&#039;est pourquoi nous mettons tout en \u0153uvre pour que nos produits r\u00e9pondent \u00e0 leurs attentes. Notre objectif est de cr\u00e9er des solutions qui simplifient le quotidien et le rendent plus agr\u00e9able et confortable.<\/p>\t\t\t\t\t\t\t\t<\/div>\n\t\t\t\t<div class=\"elementor-element elementor-element-cf06478 elementor-widget elementor-widget-gallery\" data-id=\"cf06478\" data-element_type=\"widget\" data-settings=\"{&quot;columns&quot;:2,&quot;aspect_ratio&quot;:&quot;1:1&quot;,&quot;columns_mobile&quot;:2,&quot;gap_mobile&quot;:{&quot;unit&quot;:&quot;px&quot;,&quot;size&quot;:9,&quot;sizes&quot;:[]},&quot;overlay_title&quot;:&quot;title&quot;,&quot;overlay_description&quot;:&quot;description&quot;,&quot;gap&quot;:{&quot;unit&quot;:&quot;px&quot;,&quot;size&quot;:20,&quot;sizes&quot;:[]},&quot;lazyload&quot;:&quot;yes&quot;,&quot;gallery_layout&quot;:&quot;grid&quot;,&quot;columns_tablet&quot;:2,&quot;gap_tablet&quot;:{&quot;unit&quot;:&quot;px&quot;,&quot;size&quot;:10,&quot;sizes&quot;:[]},&quot;overlay_background&quot;:&quot;yes&quot;,&quot;content_hover_animation&quot;:&quot;fade-in&quot;}\" data-widget_type=\"gallery.default\">\n\t\t\t\t\t\t\t<div class=\"elementor-gallery__container\">\n\t\t\t\t\t\t\t<div class=\"e-gallery-item elementor-gallery-item elementor-animated-content\" tabindex=\"0\">\n\t\t\t\t\t<div class=\"e-gallery-image elementor-gallery-item__image\" data-thumbnail=\"https:\/\/monolit-okna.pl\/wp-content\/uploads\/2022\/05\/2f.jpg\" data-width=\"600\" data-height=\"600\" aria-label=\"\" role=\"img\" ><\/div>\n\t\t\t\t\t\t\t\t\t\t\t<div class=\"elementor-gallery-item__overlay\"><\/div>\n\t\t\t\t\t\t\t\t\t\t\t\t\t\t\t<div class=\"elementor-gallery-item__content\">\n\t\t\t\t\t\t\t\t\t\t\t\t\t\t<div class=\"elementor-gallery-item__title\">\n\t\t\t\t\t\t\t\t\t\t\t\t\t\t\t\t\t\tQualit\u00e9\t\t\t\t\t\t\t\t<\/div>\n\t\t\t\t\t\t\t\t\t\t\t\t\t\t\t<div class=\"elementor-gallery-item__description\">\n\t\t\t\t\t\t\t\t\t\t\t\t\t\t\t\t\t\tNotre succ\u00e8s repose sur la fourniture de produits de la plus haute qualit\u00e9. Nous contr\u00f4lons constamment nos processus de production afin d&#039;assurer \u00e0 nos clients des menuiseries \u00e9prouv\u00e9es, sans d\u00e9faut, durables et fiables.\t\t\t\t\t\t\t\t<\/div>\n\t\t\t\t\t\t\t\t\t\t\t\t<\/div>\n\t\t\t\t\t\t\t\t\t<\/div>\n\t\t\t\t\t\t\t<div class=\"e-gallery-item elementor-gallery-item elementor-animated-content\" tabindex=\"0\">\n\t\t\t\t\t<div class=\"e-gallery-image elementor-gallery-item__image\" data-thumbnail=\"https:\/\/monolit-okna.pl\/wp-content\/uploads\/2022\/05\/4f.jpg\" data-width=\"600\" data-height=\"600\" aria-label=\"\" role=\"img\" ><\/div>\n\t\t\t\t\t\t\t\t\t\t\t<div class=\"elementor-gallery-item__overlay\"><\/div>\n\t\t\t\t\t\t\t\t\t\t\t\t\t\t\t<div class=\"elementor-gallery-item__content\">\n\t\t\t\t\t\t\t\t\t\t\t\t\t\t<div class=\"elementor-gallery-item__title\">\n\t\t\t\t\t\t\t\t\t\t\t\t\t\t\t\t\t\tConception\t\t\t\t\t\t\t\t<\/div>\n\t\t\t\t\t\t\t\t\t\t\t\t\t\t\t<div class=\"elementor-gallery-item__description\">\n\t\t\t\t\t\t\t\t\t\t\t\t\t\t\t\t\t\tUn large choix de profils, une vaste gamme de couleurs et d&#039;accessoires, et surtout une finition pr\u00e9cise et une attention particuli\u00e8re aux moindres d\u00e9tails esth\u00e9tiques font que les produits Monolit se distinguent de la concurrence par leur design unique.\t\t\t\t\t\t\t\t<\/div>\n\t\t\t\t\t\t\t\t\t\t\t\t<\/div>\n\t\t\t\t\t\t\t\t\t<\/div>\n\t\t\t\t\t\t\t<div class=\"e-gallery-item elementor-gallery-item elementor-animated-content\" tabindex=\"0\">\n\t\t\t\t\t<div class=\"e-gallery-image elementor-gallery-item__image\" data-thumbnail=\"https:\/\/monolit-okna.pl\/wp-content\/uploads\/2022\/05\/1f.jpg\" data-width=\"600\" data-height=\"600\" aria-label=\"\" role=\"img\" ><\/div>\n\t\t\t\t\t\t\t\t\t\t\t<div class=\"elementor-gallery-item__overlay\"><\/div>\n\t\t\t\t\t\t\t\t\t\t\t\t\t\t\t<div class=\"elementor-gallery-item__content\">\n\t\t\t\t\t\t\t\t\t\t\t\t\t\t<div class=\"elementor-gallery-item__title\">\n\t\t\t\t\t\t\t\t\t\t\t\t\t\t\t\t\t\tProfessionnalisme\t\t\t\t\t\t\t\t<\/div>\n\t\t\t\t\t\t\t\t\t\t\t\t\t\t\t<div class=\"elementor-gallery-item__description\">\n\t\t\t\t\t\t\t\t\t\t\t\t\t\t\t\t\t\tUne \u00e9quipe de sp\u00e9cialistes hautement qualifi\u00e9s et exp\u00e9riment\u00e9s garantit un service de qualit\u00e9 sup\u00e9rieure. Nos services commerciaux et techniques vous accompagnent tout au long du processus de commande, et vous apportent un soutien marketing pour la vente de nos produits dans nos showrooms.\t\t\t\t\t\t\t\t<\/div>\n\t\t\t\t\t\t\t\t\t\t\t\t<\/div>\n\t\t\t\t\t\t\t\t\t<\/div>\n\t\t\t\t\t\t\t<div class=\"e-gallery-item elementor-gallery-item elementor-animated-content\" tabindex=\"0\">\n\t\t\t\t\t<div class=\"e-gallery-image elementor-gallery-item__image\" data-thumbnail=\"https:\/\/monolit-okna.pl\/wp-content\/uploads\/2022\/05\/3f.jpg\" data-width=\"600\" data-height=\"600\" aria-label=\"\" role=\"img\" ><\/div>\n\t\t\t\t\t\t\t\t\t\t\t<div class=\"elementor-gallery-item__overlay\"><\/div>\n\t\t\t\t\t\t\t\t\t\t\t\t\t\t\t<div class=\"elementor-gallery-item__content\">\n\t\t\t\t\t\t\t\t\t\t\t\t\t\t<div class=\"elementor-gallery-item__title\">\n\t\t\t\t\t\t\t\t\t\t\t\t\t\t\t\t\t\tInnovation\t\t\t\t\t\t\t\t<\/div>\n\t\t\t\t\t\t\t\t\t\t\t\t\t\t\t<div class=\"elementor-gallery-item__description\">\n\t\t\t\t\t\t\t\t\t\t\t\t\t\t\t\t\t\tUn parc de machines parmi les plus modernes et une coop\u00e9ration avec les meilleurs fournisseurs de composants nous permettent de mettre en \u0153uvre des solutions technologiques toujours plus innovantes qui r\u00e9pondent aux attentes du march\u00e9 actuel.\t\t\t\t\t\t\t\t<\/div>\n\t\t\t\t\t\t\t\t\t\t\t\t<\/div>\n\t\t\t\t\t\t\t\t\t<\/div>\n\t\t\t\t\t<\/div>\n\t\t\t\t\t<\/div>\n\t\t\t\t<div class=\"elementor-element elementor-element-51813d1 elementor-widget elementor-widget-heading\" data-id=\"51813d1\" data-element_type=\"widget\" data-widget_type=\"heading.default\">\n\t\t\t\t\t<h2 class=\"elementor-heading-title elementor-size-default\">Notre histoire<\/h2>\t\t\t\t<\/div>\n\t\t\t\t<div class=\"elementor-element elementor-element-f6fd1e3 elementor-widget elementor-widget-image\" data-id=\"f6fd1e3\" data-element_type=\"widget\" data-no-translation=\"\" data-widget_type=\"image.default\">\n\t\t\t\t\t<style>.elementor-element-f6fd1e3{display:none !important}<\/style>\t\t\t\t<\/div>\n\t\t\t\t<div class=\"elementor-element elementor-element-e78c1a8 elementor-widget elementor-widget-image\" data-id=\"e78c1a8\" data-element_type=\"widget\" data-no-translation=\"\" data-widget_type=\"image.default\">\n\t\t\t\t\t<style>.elementor-element-e78c1a8{display:none !important}<\/style>\t\t\t\t<\/div>\n\t\t\t\t<div class=\"elementor-element elementor-element-9ee9e1a elementor-widget elementor-widget-image\" data-id=\"9ee9e1a\" data-element_type=\"widget\" data-no-translation=\"\" data-widget_type=\"image.default\">\n\t\t\t\t\t<style>.elementor-element-9ee9e1a{display:none !important}<\/style>\t\t\t\t<\/div>\n\t\t\t\t<div class=\"elementor-element elementor-element-e471ac4 elementor-widget elementor-widget-image\" data-id=\"e471ac4\" data-element_type=\"widget\" data-no-translation=\"\" data-widget_type=\"image.default\">\n\t\t\t\t\t<style>.elementor-element-e471ac4{display:none !important}<\/style>\t\t\t\t<\/div>\n\t\t\t\t\t<\/div>\n\t\t<\/div>\n\t\t\t\t\t<\/div>\n\t\t<\/section>\n\t\t\t\t<\/div>","protected":false},"excerpt":{"rendered":"<p>O firmie dlaczego monolit Na przestrzeni lat nasza firma przesz\u0142a transformacj\u0119, kt\u00f3ra z ma\u0142ej firmy uczyni\u0142a nas czo\u0142owym dostawc\u0105 stolarki okiennej i drzwiowej PVC i Aluminium w Polsce oraz poza jej granicami. Dzi\u0119ki zaanga\u017cowaniu, pasji oraz wiedzy zespo\u0142u profesjonalist\u00f3w, uda\u0142o si\u0119 zbudowa\u0107 solidne fundamenty, na kt\u00f3rych opieramy codzienn\u0105 dzia\u0142alno\u015b\u0107. Dzi\u015b mo\u017cemy z dum\u0105 stwierdzi\u0107, \u017ce [&hellip;]<\/p>\n","protected":false},"author":8,"featured_media":0,"parent":0,"menu_order":0,"comment_status":"closed","ping_status":"closed","template":"","meta":{"footnotes":""},"categories":[],"tags":[163,162,164,147,184,183,187,159,74,134,65,137,181,161,155,157,70,182,149,158,152,160,186,72,185,154,71,129,146,148,140,156,153,144],"class_list":["post-230","page","type-page","status-publish","hentry","tag-drzwi-pcv-na-wymiar","tag-drzwi-zewnetrzne-pcv","tag-drzwi-zewnetrzne-pcv-cennik","tag-fabryka-okien","tag-firma-okien","tag-firmy-okien","tag-firmy-z-oknami","tag-katalog-okien","tag-monolit","tag-monolit-15-lat-firmy","tag-monolit-okna","tag-monolit-producent-okien-i-drzwi-pcv","tag-okna-firmy","tag-okna-online","tag-okna-pcv","tag-okna-pcv-producenci","tag-okna-pcv-producent","tag-okna-plastikowe-producent","tag-okna-producent","tag-okna-zambrow","tag-producenci-okien","tag-producenci-okien-pcv","tag-producent-drzwi-pcv","tag-producent-okien","tag-producent-okien-cennik","tag-producent-okien-i-drzwi","tag-producent-okien-pcv","tag-producent-okien-podlaskie","tag-producent-okna","tag-producent-okna-pcv","tag-produkcja-aluminium","tag-produkcja-okien-pcv","tag-program-czyste-powietrze","tag-zgrzew-v-perfect"],"_links":{"self":[{"href":"https:\/\/monolit-okna.pl\/fr\/wp-json\/wp\/v2\/pages\/230","targetHints":{"allow":["GET"]}}],"collection":[{"href":"https:\/\/monolit-okna.pl\/fr\/wp-json\/wp\/v2\/pages"}],"about":[{"href":"https:\/\/monolit-okna.pl\/fr\/wp-json\/wp\/v2\/types\/page"}],"author":[{"embeddable":true,"href":"https:\/\/monolit-okna.pl\/fr\/wp-json\/wp\/v2\/users\/8"}],"replies":[{"embeddable":true,"href":"https:\/\/monolit-okna.pl\/fr\/wp-json\/wp\/v2\/comments?post=230"}],"version-history":[{"count":15,"href":"https:\/\/monolit-okna.pl\/fr\/wp-json\/wp\/v2\/pages\/230\/revisions"}],"predecessor-version":[{"id":13531,"href":"https:\/\/monolit-okna.pl\/fr\/wp-json\/wp\/v2\/pages\/230\/revisions\/13531"}],"wp:attachment":[{"href":"https:\/\/monolit-okna.pl\/fr\/wp-json\/wp\/v2\/media?parent=230"}],"wp:term":[{"taxonomy":"category","embeddable":true,"href":"https:\/\/monolit-okna.pl\/fr\/wp-json\/wp\/v2\/categories?post=230"},{"taxonomy":"post_tag","embeddable":true,"href":"https:\/\/monolit-okna.pl\/fr\/wp-json\/wp\/v2\/tags?post=230"}],"curies":[{"name":"wp","href":"https:\/\/api.w.org\/{rel}","templated":true}]}}