{"id":4409,"date":"2023-01-11T08:47:58","date_gmt":"2023-01-11T07:47:58","guid":{"rendered":"https:\/\/monolit-okna.pl\/?page_id=4409"},"modified":"2023-09-05T13:53:31","modified_gmt":"2023-09-05T11:53:31","slug":"klauzula-informacyjna-rodo","status":"publish","type":"page","link":"https:\/\/monolit-okna.pl\/en\/klauzula-informacyjna-rodo\/","title":{"rendered":"GDPR Information Clause"},"content":{"rendered":"<div data-elementor-type=\"wp-page\" data-elementor-id=\"4409\" class=\"elementor elementor-4409\" data-elementor-post-type=\"page\">\n\t\t\t\t\t\t<section class=\"elementor-section elementor-top-section elementor-element elementor-element-5991b5e0 elementor-section-boxed elementor-section-height-default elementor-section-height-default\" data-id=\"5991b5e0\" data-element_type=\"section\">\n\t\t\t\t\t\t<div class=\"elementor-container elementor-column-gap-default\">\n\t\t\t\t\t<div class=\"elementor-column elementor-col-100 elementor-top-column elementor-element elementor-element-47544bc9\" data-id=\"47544bc9\" data-element_type=\"column\">\n\t\t\t<div class=\"elementor-widget-wrap elementor-element-populated\">\n\t\t\t\t\t\t<div class=\"elementor-element elementor-element-40f89d5 elementor-widget elementor-widget-text-editor\" data-id=\"40f89d5\" data-element_type=\"widget\" data-widget_type=\"text-editor.default\">\n\t\t\t\t\t\t\t\t\t<h2>Security Policy - GDPR information clause<\/h2><p><b> <\/b><span style=\"letter-spacing: 0.4px; color: var( --e-global-color-text ); font-family: var( --e-global-typography-text-font-family ), Sans-serif; font-weight: var( --e-global-typography-text-font-weight );\"> In accordance with Article 13 paragraphs 1 and 2 of Regulation (EU) 2016\/679 of the European Parliament and of the Council of 27 April 2016 on the protection of natural persons with regard to the processing of personal data and on the free movement of such data, and repealing Directive 95\/46\/EC (General Data Protection Regulation), we inform you that: <\/span><\/p><ol><li value=\"1\">The administrator of your personal data is MONOLIT Micha\u0142 Godlewski, 18300 Zambr\u00f3w, ul.<br \/>Shooting range 12, NIP: 7231542265, REGON: 200164221.<\/li><\/ol><ol><li value=\"2\">In matters of personal data protection, please contact the company&#039;s management, address as above.<\/li><\/ol><ol><li value=\"3\">Your personal data will be processed for the following purposes:<\/li><\/ol><p>\u00a0<\/p><ol>a. in order to perform the contract and on the basis of the contract concluded by you with the Controller (Article 6 paragraph 1 letter B of the General Data Protection Regulation),<\/ol><ol>b. in order to fulfill the legal obligations incumbent on the Controller, resulting in particular from the Accounting Act, the Corporate Income Tax Act, the Tax Ordinance Act, the Act on Counteracting Money Laundering and Terrorist Financing, the Entrepreneurs&#039; Law Act and others (Article 6, paragraph 1, letter c of the General Data Protection Regulation),<\/ol><ol>c. for evidentiary purposes, for the purpose of proving facts and for the purpose of establishing, defending and pursuing claims by the Controller, which is our legitimate interest (Article 6, paragraph 1, letter f of the General Data Protection Regulation),<\/ol><ol>d. creating analyses, summaries and statistics for the Controller, which is our legitimate interest (Article 6, paragraph 1, letter f of the General Data Protection Regulation).<\/ol><p>\u00a0<\/p><ol><li value=\"4\">The processors of your personal data may be entities providing services to the Data Controller.<br \/>advisory, administrative, accounting, marketing, legal, IT, insurance, banks, financial and insurance intermediaries, postal operators, courier companies, clearing houses and settlement intermediaries, external auditors, supervisory authorities.<\/li><\/ol><ol><li value=\"5\">Your personal data will be stored for a period of 10 years from the moment the mutual relationship ends,<br \/>unless the regulations specifically require processing over a longer period.<\/li><\/ol><ol><li value=\"6\">You have the right to access your data and the right to rectify it, if necessary.<br \/>inconsistency with the actual state, deletion, restriction of processing, the right to data portability, the right to be forgotten, the right to object, the right to withdraw consent at any time without affecting the lawfulness of processing (if the processing is based on consent), which was carried out on the basis of consent before its withdrawal.<\/li><\/ol><ol><li value=\"7\">You have the right to lodge a complaint with the Personal Data Protection Office if you consider that<br \/>the processing of your personal data violates the provisions of the General Data Protection Regulation<br \/>data protection.<\/li><\/ol><ol><li value=\"8\">Possession of your personal data is necessary for the performance of the contract or the performance of obligations<br \/>Administrator arising from legal provisions.<\/li><\/ol><p>\u00a0<\/p>\t\t\t\t\t\t\t\t<\/div>\n\t\t\t\t\t<\/div>\n\t\t<\/div>\n\t\t\t\t\t<\/div>\n\t\t<\/section>\n\t\t\t\t<\/div>","protected":false},"excerpt":{"rendered":"<p>Polityka Bezpiecze\u0144stwa &#8211; klauzula informacyjna RODO Zgodnie z art. 13 ust. 1 i ust. 2 Rozporz\u0105dzenia Parlamentu Europejskiego i Rady (UE) 2016\/679 z dnia 27 kwietnia 2016r. w sprawie ochrony os\u00f3b fizycznych w zwi\u0105zku z przetwarzaniem danych osobowych i w sprawie swobodnego przep\u0142ywu takich danych oraz uchylenia dyrektywy 95\/46\/WE (og\u00f3lne rozporz\u0105dzenie o ochronie danych) informujemy, [&hellip;]<\/p>\n","protected":false},"author":8,"featured_media":0,"parent":0,"menu_order":0,"comment_status":"closed","ping_status":"closed","template":"","meta":{"footnotes":""},"categories":[],"tags":[163,162,164,147,184,183,187,159,74,65,137,181,161,155,157,70,182,149,158,152,160,186,72,185,154,71,129,146,148,140,156,153,144],"class_list":["post-4409","page","type-page","status-publish","hentry","tag-drzwi-pcv-na-wymiar","tag-drzwi-zewnetrzne-pcv","tag-drzwi-zewnetrzne-pcv-cennik","tag-fabryka-okien","tag-firma-okien","tag-firmy-okien","tag-firmy-z-oknami","tag-katalog-okien","tag-monolit","tag-monolit-okna","tag-monolit-producent-okien-i-drzwi-pcv","tag-okna-firmy","tag-okna-online","tag-okna-pcv","tag-okna-pcv-producenci","tag-okna-pcv-producent","tag-okna-plastikowe-producent","tag-okna-producent","tag-okna-zambrow","tag-producenci-okien","tag-producenci-okien-pcv","tag-producent-drzwi-pcv","tag-producent-okien","tag-producent-okien-cennik","tag-producent-okien-i-drzwi","tag-producent-okien-pcv","tag-producent-okien-podlaskie","tag-producent-okna","tag-producent-okna-pcv","tag-produkcja-aluminium","tag-produkcja-okien-pcv","tag-program-czyste-powietrze","tag-zgrzew-v-perfect"],"_links":{"self":[{"href":"https:\/\/monolit-okna.pl\/en\/wp-json\/wp\/v2\/pages\/4409","targetHints":{"allow":["GET"]}}],"collection":[{"href":"https:\/\/monolit-okna.pl\/en\/wp-json\/wp\/v2\/pages"}],"about":[{"href":"https:\/\/monolit-okna.pl\/en\/wp-json\/wp\/v2\/types\/page"}],"author":[{"embeddable":true,"href":"https:\/\/monolit-okna.pl\/en\/wp-json\/wp\/v2\/users\/8"}],"replies":[{"embeddable":true,"href":"https:\/\/monolit-okna.pl\/en\/wp-json\/wp\/v2\/comments?post=4409"}],"version-history":[{"count":0,"href":"https:\/\/monolit-okna.pl\/en\/wp-json\/wp\/v2\/pages\/4409\/revisions"}],"wp:attachment":[{"href":"https:\/\/monolit-okna.pl\/en\/wp-json\/wp\/v2\/media?parent=4409"}],"wp:term":[{"taxonomy":"category","embeddable":true,"href":"https:\/\/monolit-okna.pl\/en\/wp-json\/wp\/v2\/categories?post=4409"},{"taxonomy":"post_tag","embeddable":true,"href":"https:\/\/monolit-okna.pl\/en\/wp-json\/wp\/v2\/tags?post=4409"}],"curies":[{"name":"wp","href":"https:\/\/api.w.org\/{rel}","templated":true}]}}