{"id":3576,"date":"2022-08-05T12:02:21","date_gmt":"2022-08-05T10:02:21","guid":{"rendered":"https:\/\/monolit-okna.pl\/?page_id=3576"},"modified":"2023-09-05T14:26:09","modified_gmt":"2023-09-05T12:26:09","slug":"regulamin","status":"publish","type":"page","link":"https:\/\/monolit-okna.pl\/en\/regulamin\/","title":{"rendered":"Statute"},"content":{"rendered":"<div data-elementor-type=\"wp-page\" data-elementor-id=\"3576\" class=\"elementor elementor-3576\" data-elementor-post-type=\"page\">\n\t\t\t\t\t\t<section class=\"elementor-section elementor-top-section elementor-element elementor-element-5991b5e0 elementor-section-boxed elementor-section-height-default elementor-section-height-default\" data-id=\"5991b5e0\" data-element_type=\"section\">\n\t\t\t\t\t\t<div class=\"elementor-container elementor-column-gap-default\">\n\t\t\t\t\t<div class=\"elementor-column elementor-col-100 elementor-top-column elementor-element elementor-element-47544bc9\" data-id=\"47544bc9\" data-element_type=\"column\">\n\t\t\t<div class=\"elementor-widget-wrap elementor-element-populated\">\n\t\t\t\t\t\t<div class=\"elementor-element elementor-element-40f89d5 elementor-widget elementor-widget-text-editor\" data-id=\"40f89d5\" data-element_type=\"widget\" data-widget_type=\"text-editor.default\">\n\t\t\t\t\t\t\t\t\t<h1>REGULATIONS<\/h1>\n<h2>General provisions<\/h2>\nThis website is operated by MONOLIT Micha\u0142 Godlewski with its registered office in Zambr\u00f3w 18-300, ul. Strzelnicza 12, NIP 723-154-22-65 (hereinafter the \"Owner\") These regulations of the www.monolit-okna.pl website (hereinafter the \"Regulations\") define the terms and conditions of using the www.monolit-okna.pl website (hereinafter the \"Website\") as well as the rights and obligations of the owner and users of the Website. By accessing this website, you accept the binding nature of this legal notice. The user who does not agree to comply with the provisions of this notice is requested not to use the website.\n\n<\/=h2>Intellectual property rights<\/h2>\nAll content on the www.monolit-okna.pl website enjoys copyright protection and is the property of this website. The visitor is fully liable for any damage caused to the owner resulting from the use of any content on www.monolit-okna.pl, without express permission. The use by anyone, without the express written consent of the owner of the website, of the elements making up the content of the website www.monolit-okna.pl (except for the DOWNLOAD section) constitutes an infringement of the owner's copyright and will result in civil and criminal liability. The user of the website may only print, download and pass on to others the material posted on the website under the DOWNLOAD section, provided that he\/she does so solely for information purposes or for other purposes permitted under applicable law.\n\n&nbsp;\n<h2>Responsibility for website content<\/h2>\nThis website and its contents are intended solely as general information about MONOLIT and its products and do not aim to conclude, amend or terminate any legal relationships. All information contained on this website does not constitute an offer within the meaning of the Civil Code and is published for information purposes without any liability. Drawings, cross-sections and photographs on the website are for illustrative purposes only. MONOLIT reserves the right to change the technical parameters of the products on the website. The website owner is only responsible for his own content on the website.\n<ol>\n \t<li>The information posted by the Owner on the website is kept up to date and compiled with care, but the Owner does not guarantee the correctness, timeliness, completeness and constant availability of the website.<\/li>\n \t<li>The owner reserves the right to change the online offer, to supplement, abridge or completely withdraw it. He also does not guarantee that the content of the online offer is suitable for the user and his\/her purposes.<\/li>\n \t<li>The website may contain links to third-party websites, the content of which is beyond the control of the Owner. The content of linked addresses is the sole responsibility of their operators.<\/li>\n \t<li>The owner requests immediate notification if the user, using the links provided on the website, goes to addresses whose content appears questionable to the user. The removal of such links will take place as soon as the content of the linked addresses becomes known to be in breach of the law. This statement applies to all links on the Owner's website.<\/li>\n<\/ol>\nMONOLIT shall not be liable for any damages arising from the use of this website.\n<h2><span style=\"color: #000000; font-family: 'Encode Sans', sans-serif; font-size: 24px; letter-spacing: 0.4px;\">CONTACT<\/span><\/h2>\nIf you have any questions or complaints regarding the operation of this website, please use the contact details below: MONOLIT Micha\u0142 Godlewski ul. Strzelnicza 12 18-300 Zambr\u00f3w biuro@monolit-okna.pl\t\t\t\t\t\t\t\t<\/div>\n\t\t\t\t\t<\/div>\n\t\t<\/div>\n\t\t\t\t\t<\/div>\n\t\t<\/section>\n\t\t\t\t<\/div>","protected":false},"excerpt":{"rendered":"<p>REGULAMIN Postanowienia og\u00f3lne Niniejsza strona internetowa jest prowadzona przez firm\u0119 MONOLIT Micha\u0142 Godlewski z siedzib\u0105 w Zambrowie 18-300, ul. Strzelnicza 12 NIP 723-154-22-65 (zwan\u0105 dalej w\u0142a\u015bcicielem) Niniejszy regulamin strony www.monolit-okna.pl (zwany dalej &#8222;Regulaminem&#8221;) okre\u015bla warunki korzystania ze strony www.monolit-okna.pl (dalej &#8222;Strona&#8221;) oraz prawa i obowi\u0105zki w\u0142a\u015bciciela, oraz u\u017cytkownik\u00f3w strony. Wej\u015bcie na t\u0119 stron\u0119 internetow\u0105 r\u00f3wnoznaczne [&hellip;]<\/p>\n","protected":false},"author":8,"featured_media":0,"parent":0,"menu_order":0,"comment_status":"closed","ping_status":"open","template":"","meta":{"footnotes":""},"categories":[],"tags":[163,162,164,147,184,183,187,159,74,65,137,181,161,155,157,70,182,149,158,152,160,186,72,185,154,71,129,146,148,140,156,153,144],"class_list":["post-3576","page","type-page","status-publish","hentry","tag-drzwi-pcv-na-wymiar","tag-drzwi-zewnetrzne-pcv","tag-drzwi-zewnetrzne-pcv-cennik","tag-fabryka-okien","tag-firma-okien","tag-firmy-okien","tag-firmy-z-oknami","tag-katalog-okien","tag-monolit","tag-monolit-okna","tag-monolit-producent-okien-i-drzwi-pcv","tag-okna-firmy","tag-okna-online","tag-okna-pcv","tag-okna-pcv-producenci","tag-okna-pcv-producent","tag-okna-plastikowe-producent","tag-okna-producent","tag-okna-zambrow","tag-producenci-okien","tag-producenci-okien-pcv","tag-producent-drzwi-pcv","tag-producent-okien","tag-producent-okien-cennik","tag-producent-okien-i-drzwi","tag-producent-okien-pcv","tag-producent-okien-podlaskie","tag-producent-okna","tag-producent-okna-pcv","tag-produkcja-aluminium","tag-produkcja-okien-pcv","tag-program-czyste-powietrze","tag-zgrzew-v-perfect"],"_links":{"self":[{"href":"https:\/\/monolit-okna.pl\/en\/wp-json\/wp\/v2\/pages\/3576","targetHints":{"allow":["GET"]}}],"collection":[{"href":"https:\/\/monolit-okna.pl\/en\/wp-json\/wp\/v2\/pages"}],"about":[{"href":"https:\/\/monolit-okna.pl\/en\/wp-json\/wp\/v2\/types\/page"}],"author":[{"embeddable":true,"href":"https:\/\/monolit-okna.pl\/en\/wp-json\/wp\/v2\/users\/8"}],"replies":[{"embeddable":true,"href":"https:\/\/monolit-okna.pl\/en\/wp-json\/wp\/v2\/comments?post=3576"}],"version-history":[{"count":0,"href":"https:\/\/monolit-okna.pl\/en\/wp-json\/wp\/v2\/pages\/3576\/revisions"}],"wp:attachment":[{"href":"https:\/\/monolit-okna.pl\/en\/wp-json\/wp\/v2\/media?parent=3576"}],"wp:term":[{"taxonomy":"category","embeddable":true,"href":"https:\/\/monolit-okna.pl\/en\/wp-json\/wp\/v2\/categories?post=3576"},{"taxonomy":"post_tag","embeddable":true,"href":"https:\/\/monolit-okna.pl\/en\/wp-json\/wp\/v2\/tags?post=3576"}],"curies":[{"name":"wp","href":"https:\/\/api.w.org\/{rel}","templated":true}]}}