{"id":3,"date":"2022-05-19T08:54:50","date_gmt":"2022-05-19T06:54:50","guid":{"rendered":"https:\/\/monolit-okna.pl\/?page_id=3"},"modified":"2023-09-05T14:24:36","modified_gmt":"2023-09-05T12:24:36","slug":"polityka-prywatnosci-2","status":"publish","type":"page","link":"https:\/\/monolit-okna.pl\/en\/polityka-prywatnosci-2\/","title":{"rendered":"Cookie policy"},"content":{"rendered":"<div data-elementor-type=\"wp-page\" data-elementor-id=\"3\" class=\"elementor elementor-3\" data-elementor-post-type=\"page\">\n\t\t\t\t\t\t<section class=\"elementor-section elementor-top-section elementor-element elementor-element-5991b5e0 elementor-section-boxed elementor-section-height-default elementor-section-height-default\" data-id=\"5991b5e0\" data-element_type=\"section\">\n\t\t\t\t\t\t<div class=\"elementor-container elementor-column-gap-default\">\n\t\t\t\t\t<div class=\"elementor-column elementor-col-100 elementor-top-column elementor-element elementor-element-47544bc9\" data-id=\"47544bc9\" data-element_type=\"column\">\n\t\t\t<div class=\"elementor-widget-wrap elementor-element-populated\">\n\t\t\t\t\t\t<div class=\"elementor-element elementor-element-40f89d5 elementor-widget elementor-widget-text-editor\" data-id=\"40f89d5\" data-element_type=\"widget\" data-widget_type=\"text-editor.default\">\n\t\t\t\t\t\t\t\t\t<h2>COOKIE POLICY<\/h2><p><span style=\"letter-spacing: 0.4px; color: var( --e-global-color-text ); font-family: var( --e-global-typography-text-font-family ), Sans-serif;\"><b>Cookies<\/b><\/span><span style=\"letter-spacing: 0.4px; color: var( --e-global-color-text ); font-family: var( --e-global-typography-text-font-family ), Sans-serif; font-weight: var( --e-global-typography-text-font-weight );\"> are small pieces of data, especially text files, which are stored on the user's computer. Cookies are used primarily to optimise and personalise the use of websites:<\/span><\/p><ol><li>To adapt the content of the Website's pages to the User's preferences and to improve the use of the Website; in particular, these files allow the Website User's device to be recognised and the Website to be properly displayed, adapted to the User's individual needs;<\/li><li>To create anonymous statistics to help us understand how Website Users use the Website,<\/li><li>To maintain the session of the Service User (after logging in), thanks to which the User does not have to re-enter his\/her login and password on each sub-page of the Service.<\/li><\/ol><p class=\"translation-block\">The following types of cookies are used on the monolit-okna.pl website: session, permanent and analytical. Session cookies are temporary files that are stored on the user's end device until they leave the website. Persistent cookies are stored on the user's end device for the time specified in the \"cookie\" file parameters or until they are deleted by the user.<\/p><p><span style=\"letter-spacing: 0.4px; color: var( --e-global-color-text ); font-family: var( --e-global-typography-text-font-family ), Sans-serif; font-weight: var( --e-global-typography-text-font-weight );\">Analytical cookies allow us to better understand how the user interacts with the content of the website, to better organise its layout.<\/span><\/p><p>Analytical cookies collect information about the user's experience on the website, the type of website from which the user was redirected, and the number of visits and the length of time the user visited the website. This information does not record your specific personal data, but is used to compile statistics on the use of the website.<\/p><p>The user has the right to decide on the access of cookies to his\/her computer by selecting them in advance in his\/her browser window. Detailed information on the possibility and handling of cookies is available in the settings of your software (web browser).<\/p><p>The monolit-okna.pl website informs that restrictions on the use of cookies may affect some of the functionality available on this website.<\/p><p><span style=\"letter-spacing: 0.4px; color: var( --e-global-color-text ); font-family: var( --e-global-typography-text-font-family ), Sans-serif; font-weight: var( --e-global-typography-text-font-weight );\">\u00a0<\/span><\/p><p>\u00a0<\/p>\t\t\t\t\t\t\t\t<\/div>\n\t\t\t\t\t<\/div>\n\t\t<\/div>\n\t\t\t\t\t<\/div>\n\t\t<\/section>\n\t\t\t\t<\/div>","protected":false},"excerpt":{"rendered":"<p>POLITYKA PLIK\u00d3W COOKIES Pliki cookies (ciasteczka) to niewielkie dane informatyczne, szczeg\u00f3lnie pliki tekstowe, zachowywane na komputerze u\u017cytkownika. Ciasteczka u\u017cywane s\u0105 przede wszystkim w celu optymalizacji i personalizacji procesu korzystania ze stron internetowych: Dostosowania zawarto\u015bci stron internetowych Serwisu do preferencji U\u017cytkownika oraz ulepszania korzystania ze stron internetowych; w szczeg\u00f3lno\u015bci pliki te pozwalaj\u0105 rozpozna\u0107 urz\u0105dzenie U\u017cytkownika Serwisu [&hellip;]<\/p>\n","protected":false},"author":8,"featured_media":0,"parent":0,"menu_order":0,"comment_status":"closed","ping_status":"open","template":"","meta":{"footnotes":""},"categories":[],"tags":[163,162,164,147,184,183,187,159,74,65,137,181,161,155,157,70,182,149,158,152,160,186,72,185,154,71,129,146,148,140,156,153,144],"class_list":["post-3","page","type-page","status-publish","hentry","tag-drzwi-pcv-na-wymiar","tag-drzwi-zewnetrzne-pcv","tag-drzwi-zewnetrzne-pcv-cennik","tag-fabryka-okien","tag-firma-okien","tag-firmy-okien","tag-firmy-z-oknami","tag-katalog-okien","tag-monolit","tag-monolit-okna","tag-monolit-producent-okien-i-drzwi-pcv","tag-okna-firmy","tag-okna-online","tag-okna-pcv","tag-okna-pcv-producenci","tag-okna-pcv-producent","tag-okna-plastikowe-producent","tag-okna-producent","tag-okna-zambrow","tag-producenci-okien","tag-producenci-okien-pcv","tag-producent-drzwi-pcv","tag-producent-okien","tag-producent-okien-cennik","tag-producent-okien-i-drzwi","tag-producent-okien-pcv","tag-producent-okien-podlaskie","tag-producent-okna","tag-producent-okna-pcv","tag-produkcja-aluminium","tag-produkcja-okien-pcv","tag-program-czyste-powietrze","tag-zgrzew-v-perfect"],"_links":{"self":[{"href":"https:\/\/monolit-okna.pl\/en\/wp-json\/wp\/v2\/pages\/3","targetHints":{"allow":["GET"]}}],"collection":[{"href":"https:\/\/monolit-okna.pl\/en\/wp-json\/wp\/v2\/pages"}],"about":[{"href":"https:\/\/monolit-okna.pl\/en\/wp-json\/wp\/v2\/types\/page"}],"author":[{"embeddable":true,"href":"https:\/\/monolit-okna.pl\/en\/wp-json\/wp\/v2\/users\/8"}],"replies":[{"embeddable":true,"href":"https:\/\/monolit-okna.pl\/en\/wp-json\/wp\/v2\/comments?post=3"}],"version-history":[{"count":0,"href":"https:\/\/monolit-okna.pl\/en\/wp-json\/wp\/v2\/pages\/3\/revisions"}],"wp:attachment":[{"href":"https:\/\/monolit-okna.pl\/en\/wp-json\/wp\/v2\/media?parent=3"}],"wp:term":[{"taxonomy":"category","embeddable":true,"href":"https:\/\/monolit-okna.pl\/en\/wp-json\/wp\/v2\/categories?post=3"},{"taxonomy":"post_tag","embeddable":true,"href":"https:\/\/monolit-okna.pl\/en\/wp-json\/wp\/v2\/tags?post=3"}],"curies":[{"name":"wp","href":"https:\/\/api.w.org\/{rel}","templated":true}]}}