{"id":267,"date":"2022-05-25T15:18:30","date_gmt":"2022-05-25T13:18:30","guid":{"rendered":"https:\/\/monolit-okna.pl\/?page_id=267"},"modified":"2026-04-13T11:05:15","modified_gmt":"2026-04-13T09:05:15","slug":"kontakt","status":"publish","type":"page","link":"https:\/\/monolit-okna.pl\/en\/kontakt\/","title":{"rendered":"CONTACT"},"content":{"rendered":"<div data-elementor-type=\"wp-page\" data-elementor-id=\"267\" class=\"elementor elementor-267\" data-elementor-post-type=\"page\">\n\t\t\t\t\t\t<section class=\"elementor-section elementor-top-section elementor-element elementor-element-c94ae90 elementor-section-full_width elementor-section-height-default elementor-section-height-default\" data-id=\"c94ae90\" data-element_type=\"section\">\n\t\t\t\t\t\t<div class=\"elementor-container elementor-column-gap-default\">\n\t\t\t\t\t<div class=\"elementor-column elementor-col-100 elementor-top-column elementor-element elementor-element-e386d7c\" data-id=\"e386d7c\" data-element_type=\"column\" data-settings=\"{&quot;background_background&quot;:&quot;classic&quot;}\">\n\t\t\t<div class=\"elementor-widget-wrap elementor-element-populated\">\n\t\t\t\t\t\t<div class=\"elementor-element elementor-element-307ed09 elementor-widget elementor-widget-heading\" data-id=\"307ed09\" data-element_type=\"widget\" data-widget_type=\"heading.default\">\n\t\t\t\t\t<h1 class=\"elementor-heading-title elementor-size-default\">CONTACT<\/h1>\t\t\t\t<\/div>\n\t\t\t\t\t<\/div>\n\t\t<\/div>\n\t\t\t\t\t<\/div>\n\t\t<\/section>\n\t\t\t\t<section class=\"elementor-section elementor-top-section elementor-element elementor-element-3621f24c elementor-section-height-min-height elementor-section-content-middle elementor-section-items-top elementor-section-boxed elementor-section-height-default\" data-id=\"3621f24c\" data-element_type=\"section\">\n\t\t\t\t\t\t<div class=\"elementor-container elementor-column-gap-no\">\n\t\t\t\t\t<div class=\"elementor-column elementor-col-33 elementor-top-column elementor-element elementor-element-358d1f8\" data-id=\"358d1f8\" data-element_type=\"column\">\n\t\t\t<div class=\"elementor-widget-wrap elementor-element-populated\">\n\t\t\t\t\t\t<div class=\"elementor-element elementor-element-b730c39 elementor-widget elementor-widget-image\" data-id=\"b730c39\" data-element_type=\"widget\" data-widget_type=\"image.default\">\n\t\t\t\t\t\t\t\t\t\t\t\t\t\t\t<img fetchpriority=\"high\" decoding=\"async\" width=\"800\" height=\"450\" src=\"https:\/\/monolit-okna.pl\/wp-content\/uploads\/2022\/06\/firma-1024x576.jpg\" class=\"attachment-large size-large wp-image-3023\" alt=\"monolith company\" srcset=\"https:\/\/monolit-okna.pl\/wp-content\/uploads\/2022\/06\/firma-1024x576.jpg 1024w, https:\/\/monolit-okna.pl\/wp-content\/uploads\/2022\/06\/firma-300x169.jpg 300w, https:\/\/monolit-okna.pl\/wp-content\/uploads\/2022\/06\/firma-768x432.jpg 768w, https:\/\/monolit-okna.pl\/wp-content\/uploads\/2022\/06\/firma.jpg 1260w\" sizes=\"(max-width: 800px) 100vw, 800px\" title=\"\">\t\t\t\t\t\t\t\t\t\t\t\t\t\t\t<\/div>\n\t\t\t\t\t<\/div>\n\t\t<\/div>\n\t\t\t\t<div class=\"elementor-column elementor-col-33 elementor-top-column elementor-element elementor-element-c6a2211\" data-id=\"c6a2211\" data-element_type=\"column\">\n\t\t\t<div class=\"elementor-widget-wrap elementor-element-populated\">\n\t\t\t\t\t\t<div class=\"elementor-element elementor-element-aaf8340 elementor-widget elementor-widget-heading\" data-id=\"aaf8340\" data-element_type=\"widget\" data-widget_type=\"heading.default\">\n\t\t\t\t\t<h2 class=\"elementor-heading-title elementor-size-default translation-block\">CONTACT <br> INFO<\/h2>\t\t\t\t<\/div>\n\t\t\t\t<div class=\"elementor-element elementor-element-b4a88e4 elementor-widget elementor-widget-text-editor\" data-id=\"b4a88e4\" data-element_type=\"widget\" data-widget_type=\"text-editor.default\">\n\t\t\t\t\t\t\t\t\t<p>MONOLITH MICHA\u0141 GODLEWSKI<br>Strzelnicza Street 12, <br>18-300 Zambr\u00f3w<br>+48 509 149 757<br>Tax Identification Number: 723-154-22-65<br>biuro@monolitokna.pl<br>www.monolit-okna.pl<\/p>\t\t\t\t\t\t\t\t<\/div>\n\t\t\t\t\t<\/div>\n\t\t<\/div>\n\t\t\t\t<div class=\"elementor-column elementor-col-33 elementor-top-column elementor-element elementor-element-14938bc\" data-id=\"14938bc\" data-element_type=\"column\">\n\t\t\t<div class=\"elementor-widget-wrap elementor-element-populated\">\n\t\t\t\t\t\t<div class=\"elementor-element elementor-element-e130895 elementor-widget elementor-widget-heading\" data-id=\"e130895\" data-element_type=\"widget\" data-widget_type=\"heading.default\">\n\t\t\t\t\t<h2 class=\"elementor-heading-title elementor-size-default translation-block\">SHOWROOM<\/h2>\t\t\t\t<\/div>\n\t\t\t\t<div class=\"elementor-element elementor-element-1065b9c elementor-widget elementor-widget-text-editor\" data-id=\"1065b9c\" data-element_type=\"widget\" data-widget_type=\"text-editor.default\">\n\t\t\t\t\t\t\t\t\t<p>Aleja Wojska Polskiego 16<br \/>18-300 Zambr\u00f3w<br \/>+48 511 445 628<br \/>salon@monolitokna.pl<\/p><p>OPENING HOURS:<br \/>Mon \u2013 Fri 08:00 \u2013 16:00<\/p>\t\t\t\t\t\t\t\t<\/div>\n\t\t\t\t\t<\/div>\n\t\t<\/div>\n\t\t\t\t\t<\/div>\n\t\t<\/section>\n\t\t<div class=\"elementor-element elementor-element-46dd7bc e-flex e-con-boxed e-con e-parent\" data-id=\"46dd7bc\" data-element_type=\"container\">\n\t\t\t\t\t<div class=\"e-con-inner\">\n\t\t\t\t<div class=\"elementor-element elementor-element-0d05a99 elementor-widget elementor-widget-heading\" data-id=\"0d05a99\" data-element_type=\"widget\" data-widget_type=\"heading.default\">\n\t\t\t\t\t<h2 class=\"elementor-heading-title elementor-size-default\">SALES DEPARTMENT POLAND<\/h2>\t\t\t\t<\/div>\n\t\t\t\t<div class=\"elementor-element elementor-element-0627dc4 elementor-widget elementor-widget-text-editor\" data-id=\"0627dc4\" data-element_type=\"widget\" data-widget_type=\"text-editor.default\">\n\t\t\t\t\t\t\t\t\t<h3><span style=\"font-weight: normal;\">Commercial Director<br \/><\/span><span style=\"font-weight: normal;\">El\u017cbieta Jemielita<br \/>+48 530 626 887<br \/>elzbieta.jemielita@monolitokna.pl<\/span><\/h3>\t\t\t\t\t\t\t\t<\/div>\n\t\t\t\t<div class=\"elementor-element elementor-element-a7f3fde elementor-widget elementor-widget-text-editor\" data-id=\"a7f3fde\" data-element_type=\"widget\" data-widget_type=\"text-editor.default\">\n\t\t\t\t\t\t\t\t\t<h3 style=\"font-weight: normal;\">Sales Department Manager<br \/><span style=\"font-size: 80%;\">Region: Podlaskie, Warmian-Masurian, Lublin, \u015awi\u0119tokrzyskie, Subcarpathian, Lesser Poland<br \/><\/span><span style=\"font-weight: normal;\">Karol Suski<br \/>+48 506 956 251<br \/>karol.suski@monolitokna.pl<\/span><\/h3>\t\t\t\t\t\t\t\t<\/div>\n\t\t\t\t\t<\/div>\n\t\t\t\t<\/div>\n\t\t\t\t<section class=\"elementor-section elementor-top-section elementor-element elementor-element-0b27ab1 elementor-section-height-min-height elementor-section-content-middle elementor-section-boxed elementor-section-height-default elementor-section-items-middle\" data-id=\"0b27ab1\" data-element_type=\"section\">\n\t\t\t\t\t\t<div class=\"elementor-container elementor-column-gap-no\">\n\t\t\t\t\t<div class=\"elementor-column elementor-col-100 elementor-top-column elementor-element elementor-element-d93efd0\" data-id=\"d93efd0\" data-element_type=\"column\">\n\t\t\t<div class=\"elementor-widget-wrap elementor-element-populated\">\n\t\t\t\t\t\t<div class=\"elementor-element elementor-element-659846d elementor-widget elementor-widget-text-editor\" data-id=\"659846d\" data-element_type=\"widget\" data-widget_type=\"text-editor.default\">\n\t\t\t\t\t\t\t\t\t<p><div id=\"image-map-pro-4401\"><\/div><\/p>\t\t\t\t\t\t\t\t<\/div>\n\t\t\t\t\t<\/div>\n\t\t<\/div>\n\t\t\t\t\t<\/div>\n\t\t<\/section>\n\t\t\t\t<section class=\"elementor-section elementor-top-section elementor-element elementor-element-9b6b509 elementor-section-boxed elementor-section-height-default elementor-section-height-default\" data-id=\"9b6b509\" data-element_type=\"section\">\n\t\t\t\t\t\t<div class=\"elementor-container elementor-column-gap-default\">\n\t\t\t\t\t<div class=\"elementor-column elementor-col-50 elementor-top-column elementor-element elementor-element-8704acb\" data-id=\"8704acb\" data-element_type=\"column\">\n\t\t\t<div class=\"elementor-widget-wrap elementor-element-populated\">\n\t\t\t\t\t\t<div class=\"elementor-element elementor-element-3625f9b elementor-widget elementor-widget-heading\" data-id=\"3625f9b\" data-element_type=\"widget\" data-widget_type=\"heading.default\">\n\t\t\t\t\t<h2 class=\"elementor-heading-title elementor-size-default translation-block\">EXPORT DEPARTMENT<\/h2>\t\t\t\t<\/div>\n\t\t\t\t<div class=\"elementor-element elementor-element-f0eb5f1 elementor-widget elementor-widget-text-editor\" data-id=\"f0eb5f1\" data-element_type=\"widget\" data-widget_type=\"text-editor.default\">\n\t\t\t\t\t\t\t\t\t<p>CZECH REPUBLIC, SLOVAKIA<br \/>Export Manager \u2013 Agnieszka Czerwi\u0144ska<br \/><span style=\"letter-spacing: 0.4px;\">+48 690 918 916<\/span><br \/>agnieszka.czerwinska@monolitokna.pl<\/p><p>AUSTRIA, GERMANY<br \/>Export Manager \u2013 Piotr Szachogluchowicz <br \/><span style=\"letter-spacing: 0.4px;\">+48 508 054 937<\/span><br \/>verkauf@monolitokna.pl<\/p><p>LITHUANIA, LATVIA<br \/>Customer Service Representative \u2013 Illia Dziubii<br \/><span style=\"letter-spacing: 0.4px;\">+48 570 516 511<br \/>illia.dziubii@monolitokna.pl<br \/><\/span><\/p><p>SLOVENIA, CROATIA <br \/>Customer Service Representative \u2013 Aneta Modzelewska<br \/><span style=\"letter-spacing: 0.4px;\">+48 577 719 716<\/span><br \/>aneta.modzelewska@monolitokna.pl<\/p>\t\t\t\t\t\t\t\t<\/div>\n\t\t\t\t\t<\/div>\n\t\t<\/div>\n\t\t\t\t<div class=\"elementor-column elementor-col-50 elementor-top-column elementor-element elementor-element-79d77e9\" data-id=\"79d77e9\" data-element_type=\"column\">\n\t\t\t<div class=\"elementor-widget-wrap elementor-element-populated\">\n\t\t\t\t\t\t<div class=\"elementor-element elementor-element-0805718 elementor-widget elementor-widget-heading\" data-id=\"0805718\" data-element_type=\"widget\" data-widget_type=\"heading.default\">\n\t\t\t\t\t<h2 class=\"elementor-heading-title elementor-size-default\">DEPARTMENT <br> SALE OF FOUNDATIONS<\/h2>\t\t\t\t<\/div>\n\t\t\t\t<div class=\"elementor-element elementor-element-aed9ebd elementor-widget elementor-widget-text-editor\" data-id=\"aed9ebd\" data-element_type=\"widget\" data-widget_type=\"text-editor.default\">\n\t\t\t\t\t\t\t\t\t<p>Foundation Department \u2013 Office<br \/>+48 506 956 223<\/p><p>Sales Coordinator \u2013 Marta Fiedorczuk<br \/>+48 506 067 495<br \/>marta.fiedorczuk@monolitokna.pl<\/p>\t\t\t\t\t\t\t\t<\/div>\n\t\t\t\t<div class=\"elementor-element elementor-element-66952fb elementor-widget elementor-widget-heading\" data-id=\"66952fb\" data-element_type=\"widget\" data-widget_type=\"heading.default\">\n\t\t\t\t\t<h3 class=\"elementor-heading-title elementor-size-default\">DEPARTMENT <br> SHOPPING<\/h3>\t\t\t\t<\/div>\n\t\t\t\t<div class=\"elementor-element elementor-element-4a94a16 elementor-widget elementor-widget-text-editor\" data-id=\"4a94a16\" data-element_type=\"widget\" data-widget_type=\"text-editor.default\">\n\t\t\t\t\t\t\t\t\t<p>Purchasing Manager \u2013 Bogumi\u0142 Dybowski<br \/>+48 510 922 547<br \/>bogumil.dybowski@monolitokna.pl<\/p>\t\t\t\t\t\t\t\t<\/div>\n\t\t\t\t<div class=\"elementor-element elementor-element-b2fa99c elementor-widget elementor-widget-text-editor\" data-id=\"b2fa99c\" data-element_type=\"widget\" data-widget_type=\"text-editor.default\">\n\t\t\t\t\t\t\t\t\t<p>Purchasing Specialist \u2013 Magdalena \u0141ada<br \/>+48 502 351 534<br \/>magdalena.lada@monolitokna.pl<\/p>\t\t\t\t\t\t\t\t<\/div>\n\t\t\t\t\t<\/div>\n\t\t<\/div>\n\t\t\t\t\t<\/div>\n\t\t<\/section>\n\t\t\t\t<section class=\"elementor-section elementor-top-section elementor-element elementor-element-6cf0915 elementor-section-height-min-height elementor-section-content-middle elementor-section-boxed elementor-section-height-default elementor-section-items-middle\" data-id=\"6cf0915\" data-element_type=\"section\">\n\t\t\t\t\t\t<div class=\"elementor-container elementor-column-gap-no\">\n\t\t\t\t\t<div class=\"elementor-column elementor-col-100 elementor-top-column elementor-element elementor-element-580b671\" data-id=\"580b671\" data-element_type=\"column\">\n\t\t\t<div class=\"elementor-widget-wrap elementor-element-populated\">\n\t\t\t\t\t\t<div class=\"elementor-element elementor-element-6ab85cb elementor-widget elementor-widget-heading\" data-id=\"6ab85cb\" data-element_type=\"widget\" data-widget_type=\"heading.default\">\n\t\t\t\t\t<h2 class=\"elementor-heading-title elementor-size-default\">FINANCE AND ACCOUNTING DEPARTMENT<\/h2>\t\t\t\t<\/div>\n\t\t\t\t<section class=\"elementor-section elementor-inner-section elementor-element elementor-element-0a23887 elementor-section-boxed elementor-section-height-default elementor-section-height-default\" data-id=\"0a23887\" data-element_type=\"section\">\n\t\t\t\t\t\t<div class=\"elementor-container elementor-column-gap-default\">\n\t\t\t\t\t<div class=\"elementor-column elementor-col-33 elementor-inner-column elementor-element elementor-element-f964ef3\" data-id=\"f964ef3\" data-element_type=\"column\">\n\t\t\t<div class=\"elementor-widget-wrap elementor-element-populated\">\n\t\t\t\t\t\t<div class=\"elementor-element elementor-element-1bb695d elementor-widget elementor-widget-text-editor\" data-id=\"1bb695d\" data-element_type=\"widget\" data-widget_type=\"text-editor.default\">\n\t\t\t\t\t\t\t\t\t<p>INVOICES<br \/>Head of the Invoice Department \u2013 Joanna Wodzy\u0144ska<br \/>joanna.wodzynska@monolitokna.pl<\/p><p>Monika Modzelewska<br \/><span style=\"letter-spacing: 0.4px;\">+48 537 869 694<\/span><br \/>monika.modzelewska@monolitokna.pl<\/p><p><span style=\"letter-spacing: 0.4px;\">Elizabeth Godlewska<\/span><br style=\"letter-spacing: 0.4px;\" \/><span style=\"letter-spacing: 0.4px;\">+48 518 568 812<br \/><\/span><span style=\"letter-spacing: 0.4px;\">barbara.godlewska@monolitokna.pl<\/span><\/p>\t\t\t\t\t\t\t\t<\/div>\n\t\t\t\t\t<\/div>\n\t\t<\/div>\n\t\t\t\t<div class=\"elementor-column elementor-col-33 elementor-inner-column elementor-element elementor-element-987ebaf\" data-id=\"987ebaf\" data-element_type=\"column\">\n\t\t\t<div class=\"elementor-widget-wrap elementor-element-populated\">\n\t\t\t\t\t\t<div class=\"elementor-element elementor-element-b6a2ba6 elementor-widget elementor-widget-text-editor\" data-id=\"b6a2ba6\" data-element_type=\"widget\" data-widget_type=\"text-editor.default\">\n\t\t\t\t\t\t\t\t\t<p>BOOKKEEPING<br \/>+48 517 249 514<br \/>ksiegowe@monolitokna.pl<\/p><p>accountant \u2013 Aneta Sutkowska<\/p><p>accountant \u2013 Monika Bauer<\/p><p>PAYMENTS<br \/>Margaret Kos <br \/>+48 510 787 452<br \/>ksiegowe@monolitokna.pl<\/p><p>Human Resources Department<br \/>+48 506 067 519<\/p><p>Head of Human Resources Department<br \/>Ma\u0142gorzata \u0141uniewska<br \/>malgorzata.luniewska@monolitokna.pl<\/p><p>HR and Payroll Specialist<br \/>Martyna Rybak<br \/>martyna.rybak@monolitokna.pl<\/p>\t\t\t\t\t\t\t\t<\/div>\n\t\t\t\t\t<\/div>\n\t\t<\/div>\n\t\t\t\t<div class=\"elementor-column elementor-col-33 elementor-inner-column elementor-element elementor-element-96268c7\" data-id=\"96268c7\" data-element_type=\"column\">\n\t\t\t<div class=\"elementor-widget-wrap elementor-element-populated\">\n\t\t\t\t\t\t<div class=\"elementor-element elementor-element-faee48e elementor-widget elementor-widget-text-editor\" data-id=\"faee48e\" data-element_type=\"widget\" data-widget_type=\"text-editor.default\">\n\t\t\t\t\t\t\t\t\t<p>DEBT COLLECTION<br \/>Monika Modzelewska<br \/><span style=\"letter-spacing: 0.4px;\">+48 537 869 694<\/span><br \/>monika.modzelewska@monolitokna.pl<br \/><br \/><\/p>\t\t\t\t\t\t\t\t<\/div>\n\t\t\t\t\t<\/div>\n\t\t<\/div>\n\t\t\t\t\t<\/div>\n\t\t<\/section>\n\t\t\t\t\t<\/div>\n\t\t<\/div>\n\t\t\t\t\t<\/div>\n\t\t<\/section>\n\t\t\t\t<section class=\"elementor-section elementor-top-section elementor-element elementor-element-dcdf233 elementor-section-height-min-height elementor-section-content-middle elementor-section-boxed elementor-section-height-default elementor-section-items-middle\" data-id=\"dcdf233\" data-element_type=\"section\">\n\t\t\t\t\t\t<div class=\"elementor-container elementor-column-gap-no\">\n\t\t\t\t\t<div class=\"elementor-column elementor-col-100 elementor-top-column elementor-element elementor-element-c00c054\" data-id=\"c00c054\" data-element_type=\"column\">\n\t\t\t<div class=\"elementor-widget-wrap elementor-element-populated\">\n\t\t\t\t\t\t<section class=\"elementor-section elementor-inner-section elementor-element elementor-element-f9f8957 elementor-section-boxed elementor-section-height-default elementor-section-height-default\" data-id=\"f9f8957\" data-element_type=\"section\">\n\t\t\t\t\t\t<div class=\"elementor-container elementor-column-gap-default\">\n\t\t\t\t\t<div class=\"elementor-column elementor-col-33 elementor-inner-column elementor-element elementor-element-9d234bc\" data-id=\"9d234bc\" data-element_type=\"column\">\n\t\t\t<div class=\"elementor-widget-wrap elementor-element-populated\">\n\t\t\t\t\t\t<div class=\"elementor-element elementor-element-00d0c08 elementor-widget elementor-widget-heading\" data-id=\"00d0c08\" data-element_type=\"widget\" data-widget_type=\"heading.default\">\n\t\t\t\t\t<h3 class=\"elementor-heading-title elementor-size-default translation-block\">logistics department<\/h3>\t\t\t\t<\/div>\n\t\t\t\t<div class=\"elementor-element elementor-element-8b0c6bd elementor-widget elementor-widget-text-editor\" data-id=\"8b0c6bd\" data-element_type=\"widget\" data-widget_type=\"text-editor.default\">\n\t\t\t\t\t\t\t\t\t<p>Logistician \u2013 Anita Sta\u0144czyk<br \/>+48 511 474 601<br \/>logistyka@monolitokna.pl<\/p>\t\t\t\t\t\t\t\t<\/div>\n\t\t\t\t<div class=\"elementor-element elementor-element-ceda088 elementor-widget elementor-widget-text-editor\" data-id=\"ceda088\" data-element_type=\"widget\" data-widget_type=\"text-editor.default\">\n\t\t\t\t\t\t\t\t\t<p>Logistician \u2013 Jakub Sadowski<br \/>+48 577 718 711<br \/>logistyka2@monolitokna.pl<\/p>\t\t\t\t\t\t\t\t<\/div>\n\t\t\t\t\t<\/div>\n\t\t<\/div>\n\t\t\t\t<div class=\"elementor-column elementor-col-33 elementor-inner-column elementor-element elementor-element-64f4f6e\" data-id=\"64f4f6e\" data-element_type=\"column\">\n\t\t\t<div class=\"elementor-widget-wrap elementor-element-populated\">\n\t\t\t\t\t\t<div class=\"elementor-element elementor-element-c1ea00d elementor-widget elementor-widget-heading\" data-id=\"c1ea00d\" data-element_type=\"widget\" data-widget_type=\"heading.default\">\n\t\t\t\t\t<h3 class=\"elementor-heading-title elementor-size-default\">DEPARTMENT<br>MARKETING<\/h3>\t\t\t\t<\/div>\n\t\t\t\t<div class=\"elementor-element elementor-element-7572593 elementor-widget elementor-widget-text-editor\" data-id=\"7572593\" data-element_type=\"widget\" data-widget_type=\"text-editor.default\">\n\t\t\t\t\t\t\t\t\t<p>Marketing and Promotion Manager<br \/>Aleksandra Rosiak<br \/>+48 502 488 729<br \/>marketing@monolitokna.pl<\/p>\t\t\t\t\t\t\t\t<\/div>\n\t\t\t\t\t<\/div>\n\t\t<\/div>\n\t\t\t\t<div class=\"elementor-column elementor-col-33 elementor-inner-column elementor-element elementor-element-c3d881a\" data-id=\"c3d881a\" data-element_type=\"column\">\n\t\t\t<div class=\"elementor-widget-wrap elementor-element-populated\">\n\t\t\t\t\t\t<div class=\"elementor-element elementor-element-e6097ab elementor-widget elementor-widget-heading\" data-id=\"e6097ab\" data-element_type=\"widget\" data-widget_type=\"heading.default\">\n\t\t\t\t\t<h3 class=\"elementor-heading-title elementor-size-default translation-block\">complaints <br> department<\/h3>\t\t\t\t<\/div>\n\t\t\t\t<div class=\"elementor-element elementor-element-751a3b8 elementor-widget elementor-widget-text-editor\" data-id=\"751a3b8\" data-element_type=\"widget\" data-widget_type=\"text-editor.default\">\n\t\t\t\t\t\t\t\t\t<p>DEALER COMPLAINTS<br \/>Ewelina Wierciszewska<br \/>+48 570 616 612<br \/>ewelina.wierciszewska@monolitokna.pl<\/p><p>DEALER COMPLAINTS (Export, Subcarpathian, \u015awi\u0119tokrzyskie, Lesser Poland)<br \/>Wiktoria Modzelewska<br \/>+48 570 616 612<br \/>wiktoria.modzelewska@monolitokna.pl<\/p><p>ASSEMBLIES AND COMPLAINTS PRIVATE INDIVIDUALS<br \/>+48 501 347 454<br \/>detal@monolitokna.pl<\/p>\t\t\t\t\t\t\t\t<\/div>\n\t\t\t\t\t<\/div>\n\t\t<\/div>\n\t\t\t\t\t<\/div>\n\t\t<\/section>\n\t\t\t\t\t<\/div>\n\t\t<\/div>\n\t\t\t\t\t<\/div>\n\t\t<\/section>\n\t\t\t\t<\/div>","protected":false},"excerpt":{"rendered":"<p>Kontakt informacjekontaktowe MONOLIT MICHA\u0141 GODLEWSKIul. Strzelnicza 12, 18-300 Zambr\u00f3w+48 509 149 757NIP: 723-154-22-65biuro@monolitokna.plwww.monolit-okna.pl Salonsprzeda\u017cy ul. Aleja Wojska Polskiego 1618-300 Zambr\u00f3w+48 511 445 628salon@monolitokna.pl GODZINY OTWARCIA:Pon &#8211; Pt\u00a0 08:00 &#8211; 16:00 DZIA\u0141 SPRZEDA\u017bY POLSKA Dyrektor HandlowyEl\u017cbieta Jemielita+48 530 626 887elzbieta.jemielita@monolitokna.pl Manager Dzia\u0142u Sprzeda\u017cyRegion: podlaskie, warmi\u0144sko-mazurskie, lubelskie, \u015bwi\u0119tokrzyskie, podkarpackie, ma\u0142opolskieKarol Suski+48 506 956 251karol.suski@monolitokna.pl Dzia\u0142 EKSPORTU CZECHY, [&hellip;]<\/p>\n","protected":false},"author":8,"featured_media":0,"parent":0,"menu_order":0,"comment_status":"closed","ping_status":"closed","template":"","meta":{"footnotes":""},"categories":[],"tags":[163,162,164,147,184,183,187,159,74,65,137,181,161,155,157,70,182,149,158,152,160,186,72,185,154,71,129,146,148,140,156,153,144],"class_list":["post-267","page","type-page","status-publish","hentry","tag-drzwi-pcv-na-wymiar","tag-drzwi-zewnetrzne-pcv","tag-drzwi-zewnetrzne-pcv-cennik","tag-fabryka-okien","tag-firma-okien","tag-firmy-okien","tag-firmy-z-oknami","tag-katalog-okien","tag-monolit","tag-monolit-okna","tag-monolit-producent-okien-i-drzwi-pcv","tag-okna-firmy","tag-okna-online","tag-okna-pcv","tag-okna-pcv-producenci","tag-okna-pcv-producent","tag-okna-plastikowe-producent","tag-okna-producent","tag-okna-zambrow","tag-producenci-okien","tag-producenci-okien-pcv","tag-producent-drzwi-pcv","tag-producent-okien","tag-producent-okien-cennik","tag-producent-okien-i-drzwi","tag-producent-okien-pcv","tag-producent-okien-podlaskie","tag-producent-okna","tag-producent-okna-pcv","tag-produkcja-aluminium","tag-produkcja-okien-pcv","tag-program-czyste-powietrze","tag-zgrzew-v-perfect"],"_links":{"self":[{"href":"https:\/\/monolit-okna.pl\/en\/wp-json\/wp\/v2\/pages\/267","targetHints":{"allow":["GET"]}}],"collection":[{"href":"https:\/\/monolit-okna.pl\/en\/wp-json\/wp\/v2\/pages"}],"about":[{"href":"https:\/\/monolit-okna.pl\/en\/wp-json\/wp\/v2\/types\/page"}],"author":[{"embeddable":true,"href":"https:\/\/monolit-okna.pl\/en\/wp-json\/wp\/v2\/users\/8"}],"replies":[{"embeddable":true,"href":"https:\/\/monolit-okna.pl\/en\/wp-json\/wp\/v2\/comments?post=267"}],"version-history":[{"count":42,"href":"https:\/\/monolit-okna.pl\/en\/wp-json\/wp\/v2\/pages\/267\/revisions"}],"predecessor-version":[{"id":13524,"href":"https:\/\/monolit-okna.pl\/en\/wp-json\/wp\/v2\/pages\/267\/revisions\/13524"}],"wp:attachment":[{"href":"https:\/\/monolit-okna.pl\/en\/wp-json\/wp\/v2\/media?parent=267"}],"wp:term":[{"taxonomy":"category","embeddable":true,"href":"https:\/\/monolit-okna.pl\/en\/wp-json\/wp\/v2\/categories?post=267"},{"taxonomy":"post_tag","embeddable":true,"href":"https:\/\/monolit-okna.pl\/en\/wp-json\/wp\/v2\/tags?post=267"}],"curies":[{"name":"wp","href":"https:\/\/api.w.org\/{rel}","templated":true}]}}