{"id":1373,"date":"2022-06-02T09:45:53","date_gmt":"2022-06-02T07:45:53","guid":{"rendered":"https:\/\/monolit-okna.pl\/?page_id=1373"},"modified":"2026-04-13T11:06:42","modified_gmt":"2026-04-13T09:06:42","slug":"podwaliny","status":"publish","type":"page","link":"https:\/\/monolit-okna.pl\/en\/podwaliny\/","title":{"rendered":"WINDOW SILLS"},"content":{"rendered":"<div data-elementor-type=\"wp-post\" data-elementor-id=\"1373\" class=\"elementor elementor-1373\" data-elementor-post-type=\"page\">\n\t\t\t\t\t\t<section class=\"elementor-section elementor-top-section elementor-element elementor-element-6d25add9 elementor-section-full_width elementor-section-height-default elementor-section-height-default\" data-id=\"6d25add9\" data-element_type=\"section\">\n\t\t\t\t\t\t<div class=\"elementor-container elementor-column-gap-default\">\n\t\t\t\t\t<div class=\"elementor-column elementor-col-100 elementor-top-column elementor-element elementor-element-548afcbc\" data-id=\"548afcbc\" data-element_type=\"column\" data-settings=\"{&quot;background_background&quot;:&quot;classic&quot;}\">\n\t\t\t<div class=\"elementor-widget-wrap elementor-element-populated\">\n\t\t\t\t\t\t<div class=\"elementor-element elementor-element-3016ef26 elementor-widget elementor-widget-heading\" data-id=\"3016ef26\" data-element_type=\"widget\" data-widget_type=\"heading.default\">\n\t\t\t\t\t<h2 class=\"elementor-heading-title elementor-size-default\">WINDOW SILLS<\/h2>\t\t\t\t<\/div>\n\t\t\t\t\t<\/div>\n\t\t<\/div>\n\t\t\t\t\t<\/div>\n\t\t<\/section>\n\t\t\t\t<section class=\"elementor-section elementor-top-section elementor-element elementor-element-5e7b25d3 elementor-section-boxed elementor-section-height-default elementor-section-height-default\" data-id=\"5e7b25d3\" data-element_type=\"section\">\n\t\t\t\t\t\t<div class=\"elementor-container elementor-column-gap-default\">\n\t\t\t\t\t<div class=\"elementor-column elementor-col-100 elementor-top-column elementor-element elementor-element-6d489c8e\" data-id=\"6d489c8e\" data-element_type=\"column\">\n\t\t\t<div class=\"elementor-widget-wrap elementor-element-populated\">\n\t\t\t\t\t\t<div class=\"elementor-element elementor-element-7a46efad elementor-widget elementor-widget-heading\" data-id=\"7a46efad\" data-element_type=\"widget\" data-widget_type=\"heading.default\">\n\t\t\t\t\t<h1 class=\"elementor-heading-title elementor-size-default translation-block\">FOUNDATIONS, WARM WINDOW <b>SILLS\nFOR TODAY \u2019S NEEDS<\/b><\/h1>\t\t\t\t<\/div>\n\t\t\t\t<div class=\"elementor-element elementor-element-7cf83570 elementor-widget elementor-widget-text-editor\" data-id=\"7cf83570\" data-element_type=\"widget\" data-widget_type=\"text-editor.default\">\n\t\t\t\t\t\t\t\t\t<p style=\"text-align: center;\">Monolit presents innovative solutions that will ideally replace standard foam and door point supports.<\/p>\n<p style=\"text-align: center;\"><strong>The remarkable properties of MonoTHERM perfectly seal and isolate the\nwindow from the surface, and it\u2019s able to withstand much greater loads\nwithout bending or damage.<\/strong><\/p>\n<p style=\"text-align: center;\">Exclusive discounts and free delivery on products from the offer mentioned below, purchased with Monolit windows and doors.<\/p>\t\t\t\t\t\t\t\t<\/div>\n\t\t\t\t\t<\/div>\n\t\t<\/div>\n\t\t\t\t\t<\/div>\n\t\t<\/section>\n\t\t\t\t<section class=\"elementor-section elementor-top-section elementor-element elementor-element-bb5c610 elementor-section-boxed elementor-section-height-default elementor-section-height-default\" data-id=\"bb5c610\" data-element_type=\"section\">\n\t\t\t\t\t\t<div class=\"elementor-container elementor-column-gap-default\">\n\t\t\t\t\t<div class=\"elementor-column elementor-col-25 elementor-top-column elementor-element elementor-element-4132415\" data-id=\"4132415\" data-element_type=\"column\">\n\t\t\t<div class=\"elementor-widget-wrap elementor-element-populated\">\n\t\t\t\t\t\t<div class=\"elementor-element elementor-element-c11dc56 elementor-widget elementor-widget-image\" data-id=\"c11dc56\" data-element_type=\"widget\" data-widget_type=\"image.default\">\n\t\t\t\t\t\t\t\t\t\t\t\t<figure class=\"wp-caption\">\n\t\t\t\t\t\t\t\t\t\t\t<a href=\"https:\/\/monolit-okna.pl\/en\/podwaliny\/termoparapet-monocore-plus\/\">\n\t\t\t\t\t\t\t<img fetchpriority=\"high\" decoding=\"async\" width=\"800\" height=\"802\" src=\"https:\/\/monolit-okna.pl\/wp-content\/uploads\/2025\/07\/MonoCORE_PLUS-1021x1024.jpg\" class=\"elementor-animation-shrink attachment-large size-large wp-image-12790\" alt=\"MonoCORE PLUS\" srcset=\"https:\/\/monolit-okna.pl\/wp-content\/uploads\/2025\/07\/MonoCORE_PLUS-1021x1024.jpg 1021w, https:\/\/monolit-okna.pl\/wp-content\/uploads\/2025\/07\/MonoCORE_PLUS-300x300.jpg 300w, https:\/\/monolit-okna.pl\/wp-content\/uploads\/2025\/07\/MonoCORE_PLUS-150x150.jpg 150w, https:\/\/monolit-okna.pl\/wp-content\/uploads\/2025\/07\/MonoCORE_PLUS-768x770.jpg 768w, https:\/\/monolit-okna.pl\/wp-content\/uploads\/2025\/07\/MonoCORE_PLUS-1532x1536.jpg 1532w, https:\/\/monolit-okna.pl\/wp-content\/uploads\/2025\/07\/MonoCORE_PLUS-2043x2048.jpg 2043w, https:\/\/monolit-okna.pl\/wp-content\/uploads\/2025\/07\/MonoCORE_PLUS-12x12.jpg 12w\" sizes=\"(max-width: 800px) 100vw, 800px\" title=\"\">\t\t\t\t\t\t\t\t<\/a>\n\t\t\t\t\t\t\t\t\t\t\t<figcaption class=\"widget-image-caption wp-caption-text\">MonoCORE PLUS thermo window sill<\/figcaption>\n\t\t\t\t\t\t\t\t\t\t<\/figure>\n\t\t\t\t\t\t\t\t\t<\/div>\n\t\t\t\t\t<\/div>\n\t\t<\/div>\n\t\t\t\t<div class=\"elementor-column elementor-col-25 elementor-top-column elementor-element elementor-element-1da6b41\" data-id=\"1da6b41\" data-element_type=\"column\">\n\t\t\t<div class=\"elementor-widget-wrap elementor-element-populated\">\n\t\t\t\t\t\t<div class=\"elementor-element elementor-element-bebf562 elementor-widget elementor-widget-image\" data-id=\"bebf562\" data-element_type=\"widget\" data-widget_type=\"image.default\">\n\t\t\t\t\t\t\t\t\t\t\t\t<figure class=\"wp-caption\">\n\t\t\t\t\t\t\t\t\t\t\t<a href=\"https:\/\/monolit-okna.pl\/en\/podwaliny\/termoparapet-monocore-pur\/\">\n\t\t\t\t\t\t\t<img decoding=\"async\" width=\"800\" height=\"788\" src=\"https:\/\/monolit-okna.pl\/wp-content\/uploads\/2024\/05\/MonoCORE_PURE-1024x1008.jpg\" class=\"elementor-animation-shrink attachment-large size-large wp-image-9990\" alt=\"\" srcset=\"https:\/\/monolit-okna.pl\/wp-content\/uploads\/2024\/05\/MonoCORE_PURE-1024x1008.jpg 1024w, https:\/\/monolit-okna.pl\/wp-content\/uploads\/2024\/05\/MonoCORE_PURE-300x295.jpg 300w, https:\/\/monolit-okna.pl\/wp-content\/uploads\/2024\/05\/MonoCORE_PURE-768x756.jpg 768w, https:\/\/monolit-okna.pl\/wp-content\/uploads\/2024\/05\/MonoCORE_PURE-1536x1513.jpg 1536w, https:\/\/monolit-okna.pl\/wp-content\/uploads\/2024\/05\/MonoCORE_PURE-2048x2017.jpg 2048w, https:\/\/monolit-okna.pl\/wp-content\/uploads\/2024\/05\/MonoCORE_PURE-12x12.jpg 12w, https:\/\/monolit-okna.pl\/wp-content\/uploads\/2024\/05\/MonoCORE_PURE-600x591.jpg 600w\" sizes=\"(max-width: 800px) 100vw, 800px\" title=\"\">\t\t\t\t\t\t\t\t<\/a>\n\t\t\t\t\t\t\t\t\t\t\t<figcaption class=\"widget-image-caption wp-caption-text\">MonoCORE PUR thermo window sill<\/figcaption>\n\t\t\t\t\t\t\t\t\t\t<\/figure>\n\t\t\t\t\t\t\t\t\t<\/div>\n\t\t\t\t\t<\/div>\n\t\t<\/div>\n\t\t\t\t<div class=\"elementor-column elementor-col-25 elementor-top-column elementor-element elementor-element-323e1b8\" data-id=\"323e1b8\" data-element_type=\"column\">\n\t\t\t<div class=\"elementor-widget-wrap elementor-element-populated\">\n\t\t\t\t\t\t<div class=\"elementor-element elementor-element-fc9f233 elementor-widget elementor-widget-image\" data-id=\"fc9f233\" data-element_type=\"widget\" data-widget_type=\"image.default\">\n\t\t\t\t\t\t\t\t\t\t\t\t<figure class=\"wp-caption\">\n\t\t\t\t\t\t\t\t\t\t\t<a href=\"https:\/\/monolit-okna.pl\/en\/podwaliny\/termoparapet-xps-2\/\">\n\t\t\t\t\t\t\t<img decoding=\"async\" width=\"800\" height=\"624\" src=\"https:\/\/monolit-okna.pl\/wp-content\/uploads\/2025\/07\/Termoparapet-XPS.webp\" class=\"elementor-animation-shrink attachment-large size-large wp-image-12801\" alt=\"XPS thermo window sill\" srcset=\"https:\/\/monolit-okna.pl\/wp-content\/uploads\/2025\/07\/Termoparapet-XPS.webp 983w, https:\/\/monolit-okna.pl\/wp-content\/uploads\/2025\/07\/Termoparapet-XPS-300x234.webp 300w, https:\/\/monolit-okna.pl\/wp-content\/uploads\/2025\/07\/Termoparapet-XPS-768x599.webp 768w, https:\/\/monolit-okna.pl\/wp-content\/uploads\/2025\/07\/Termoparapet-XPS-15x12.webp 15w\" sizes=\"(max-width: 800px) 100vw, 800px\" title=\"\">\t\t\t\t\t\t\t\t<\/a>\n\t\t\t\t\t\t\t\t\t\t\t<figcaption class=\"widget-image-caption wp-caption-text\">XPS thermo window sill<\/figcaption>\n\t\t\t\t\t\t\t\t\t\t<\/figure>\n\t\t\t\t\t\t\t\t\t<\/div>\n\t\t\t\t\t<\/div>\n\t\t<\/div>\n\t\t\t\t<div class=\"elementor-column elementor-col-25 elementor-top-column elementor-element elementor-element-53591cc\" data-id=\"53591cc\" data-element_type=\"column\">\n\t\t\t<div class=\"elementor-widget-wrap elementor-element-populated\">\n\t\t\t\t\t\t<div class=\"elementor-element elementor-element-b0b6599 elementor-widget elementor-widget-image\" data-id=\"b0b6599\" data-element_type=\"widget\" data-widget_type=\"image.default\">\n\t\t\t\t\t\t\t\t\t\t\t\t<figure class=\"wp-caption\">\n\t\t\t\t\t\t\t\t\t\t\t<a href=\"https:\/\/monolit-okna.pl\/en\/podwaliny\/termoparapet-monocore-white\/\">\n\t\t\t\t\t\t\t<img loading=\"lazy\" decoding=\"async\" width=\"800\" height=\"863\" src=\"https:\/\/monolit-okna.pl\/wp-content\/uploads\/2025\/07\/MONOCORE-WHITE-949x1024.webp\" class=\"elementor-animation-shrink attachment-large size-large wp-image-12791\" alt=\"MONOCORE WHITE\" srcset=\"https:\/\/monolit-okna.pl\/wp-content\/uploads\/2025\/07\/MONOCORE-WHITE-949x1024.webp 949w, https:\/\/monolit-okna.pl\/wp-content\/uploads\/2025\/07\/MONOCORE-WHITE-278x300.webp 278w, https:\/\/monolit-okna.pl\/wp-content\/uploads\/2025\/07\/MONOCORE-WHITE-768x829.webp 768w, https:\/\/monolit-okna.pl\/wp-content\/uploads\/2025\/07\/MONOCORE-WHITE-11x12.webp 11w, https:\/\/monolit-okna.pl\/wp-content\/uploads\/2025\/07\/MONOCORE-WHITE.webp 983w\" sizes=\"(max-width: 800px) 100vw, 800px\" title=\"\">\t\t\t\t\t\t\t\t<\/a>\n\t\t\t\t\t\t\t\t\t\t\t<figcaption class=\"widget-image-caption wp-caption-text\">MonoCORE WHITE thermosill<\/figcaption>\n\t\t\t\t\t\t\t\t\t\t<\/figure>\n\t\t\t\t\t\t\t\t\t<\/div>\n\t\t\t\t\t<\/div>\n\t\t<\/div>\n\t\t\t\t\t<\/div>\n\t\t<\/section>\n\t\t\t\t<section class=\"elementor-section elementor-top-section elementor-element elementor-element-b2a4b7c elementor-section-boxed elementor-section-height-default elementor-section-height-default\" data-id=\"b2a4b7c\" data-element_type=\"section\">\n\t\t\t\t\t\t<div class=\"elementor-container elementor-column-gap-default\">\n\t\t\t\t\t<div class=\"elementor-column elementor-col-25 elementor-top-column elementor-element elementor-element-3b06efe\" data-id=\"3b06efe\" data-element_type=\"column\">\n\t\t\t<div class=\"elementor-widget-wrap elementor-element-populated\">\n\t\t\t\t\t\t<div class=\"elementor-element elementor-element-a9414e4 elementor-widget elementor-widget-image\" data-id=\"a9414e4\" data-element_type=\"widget\" data-widget_type=\"image.default\">\n\t\t\t\t\t\t\t\t\t\t\t\t<figure class=\"wp-caption\">\n\t\t\t\t\t\t\t\t\t\t\t<a href=\"https:\/\/monolit-okna.pl\/en\/podwaliny\/termoparapet-monocore-green\/\">\n\t\t\t\t\t\t\t<img loading=\"lazy\" decoding=\"async\" width=\"660\" height=\"563\" src=\"https:\/\/monolit-okna.pl\/wp-content\/uploads\/2025\/07\/monotherm-green.png\" class=\"elementor-animation-shrink attachment-large size-large wp-image-12692\" alt=\"Monotherm Green\" srcset=\"https:\/\/monolit-okna.pl\/wp-content\/uploads\/2025\/07\/monotherm-green.png 660w, https:\/\/monolit-okna.pl\/wp-content\/uploads\/2025\/07\/monotherm-green-300x256.png 300w, https:\/\/monolit-okna.pl\/wp-content\/uploads\/2025\/07\/monotherm-green-14x12.png 14w\" sizes=\"(max-width: 660px) 100vw, 660px\" title=\"\">\t\t\t\t\t\t\t\t<\/a>\n\t\t\t\t\t\t\t\t\t\t\t<figcaption class=\"widget-image-caption wp-caption-text\">MonoCORE GREEN thermo window sill<\/figcaption>\n\t\t\t\t\t\t\t\t\t\t<\/figure>\n\t\t\t\t\t\t\t\t\t<\/div>\n\t\t\t\t\t<\/div>\n\t\t<\/div>\n\t\t\t\t<div class=\"elementor-column elementor-col-25 elementor-top-column elementor-element elementor-element-d12b028\" data-id=\"d12b028\" data-element_type=\"column\">\n\t\t\t<div class=\"elementor-widget-wrap elementor-element-populated\">\n\t\t\t\t\t\t<div class=\"elementor-element elementor-element-1e5ea9f elementor-widget elementor-widget-image\" data-id=\"1e5ea9f\" data-element_type=\"widget\" data-widget_type=\"image.default\">\n\t\t\t\t\t\t\t\t\t\t\t\t<figure class=\"wp-caption\">\n\t\t\t\t\t\t\t\t\t\t\t<a href=\"https:\/\/monolit-okna.pl\/en\/podwaliny\/monotherm\/\">\n\t\t\t\t\t\t\t<img loading=\"lazy\" decoding=\"async\" width=\"800\" height=\"534\" src=\"https:\/\/monolit-okna.pl\/wp-content\/uploads\/2024\/05\/1_MonoTHERM_50_60_70-1024x683.jpg\" class=\"elementor-animation-shrink attachment-large size-large wp-image-10098\" alt=\"\" srcset=\"https:\/\/monolit-okna.pl\/wp-content\/uploads\/2024\/05\/1_MonoTHERM_50_60_70-1024x683.jpg 1024w, https:\/\/monolit-okna.pl\/wp-content\/uploads\/2024\/05\/1_MonoTHERM_50_60_70-300x200.jpg 300w, https:\/\/monolit-okna.pl\/wp-content\/uploads\/2024\/05\/1_MonoTHERM_50_60_70-768x512.jpg 768w, https:\/\/monolit-okna.pl\/wp-content\/uploads\/2024\/05\/1_MonoTHERM_50_60_70-1536x1024.jpg 1536w, https:\/\/monolit-okna.pl\/wp-content\/uploads\/2024\/05\/1_MonoTHERM_50_60_70-2048x1365.jpg 2048w, https:\/\/monolit-okna.pl\/wp-content\/uploads\/2024\/05\/1_MonoTHERM_50_60_70-18x12.jpg 18w, https:\/\/monolit-okna.pl\/wp-content\/uploads\/2024\/05\/1_MonoTHERM_50_60_70-600x400.jpg 600w\" sizes=\"(max-width: 800px) 100vw, 800px\" title=\"\">\t\t\t\t\t\t\t\t<\/a>\n\t\t\t\t\t\t\t\t\t\t\t<figcaption class=\"widget-image-caption wp-caption-text\">MonoTHERM<\/figcaption>\n\t\t\t\t\t\t\t\t\t\t<\/figure>\n\t\t\t\t\t\t\t\t\t<\/div>\n\t\t\t\t\t<\/div>\n\t\t<\/div>\n\t\t\t\t<div class=\"elementor-column elementor-col-25 elementor-top-column elementor-element elementor-element-06285ec\" data-id=\"06285ec\" data-element_type=\"column\">\n\t\t\t<div class=\"elementor-widget-wrap elementor-element-populated\">\n\t\t\t\t\t\t<div class=\"elementor-element elementor-element-3d8818e elementor-widget elementor-widget-image\" data-id=\"3d8818e\" data-element_type=\"widget\" data-widget_type=\"image.default\">\n\t\t\t\t\t\t\t\t\t\t\t\t<figure class=\"wp-caption\">\n\t\t\t\t\t\t\t\t\t\t\t<a href=\"https:\/\/monolit-okna.pl\/en\/podwaliny\/pur-monotherm\/\">\n\t\t\t\t\t\t\t<img loading=\"lazy\" decoding=\"async\" width=\"800\" height=\"482\" src=\"https:\/\/monolit-okna.pl\/wp-content\/uploads\/2025\/07\/Monotherm-Pur-1024x617.webp\" class=\"elementor-animation-shrink attachment-large size-large wp-image-12542\" alt=\"\" srcset=\"https:\/\/monolit-okna.pl\/wp-content\/uploads\/2025\/07\/Monotherm-Pur-1024x617.webp 1024w, https:\/\/monolit-okna.pl\/wp-content\/uploads\/2025\/07\/Monotherm-Pur-300x181.webp 300w, https:\/\/monolit-okna.pl\/wp-content\/uploads\/2025\/07\/Monotherm-Pur-768x463.webp 768w, https:\/\/monolit-okna.pl\/wp-content\/uploads\/2025\/07\/Monotherm-Pur-18x12.webp 18w, https:\/\/monolit-okna.pl\/wp-content\/uploads\/2025\/07\/Monotherm-Pur.webp 1280w\" sizes=\"(max-width: 800px) 100vw, 800px\" title=\"\">\t\t\t\t\t\t\t\t<\/a>\n\t\t\t\t\t\t\t\t\t\t\t<figcaption class=\"widget-image-caption wp-caption-text\">MonoTHERM PUR<\/figcaption>\n\t\t\t\t\t\t\t\t\t\t<\/figure>\n\t\t\t\t\t\t\t\t\t<\/div>\n\t\t\t\t\t<\/div>\n\t\t<\/div>\n\t\t\t\t<div class=\"elementor-column elementor-col-25 elementor-top-column elementor-element elementor-element-3f1e58a\" data-id=\"3f1e58a\" data-element_type=\"column\">\n\t\t\t<div class=\"elementor-widget-wrap elementor-element-populated\">\n\t\t\t\t\t\t<div class=\"elementor-element elementor-element-a32ad9e elementor-widget elementor-widget-image\" data-id=\"a32ad9e\" data-element_type=\"widget\" data-widget_type=\"image.default\">\n\t\t\t\t\t\t\t\t\t\t\t\t<figure class=\"wp-caption\">\n\t\t\t\t\t\t\t\t\t\t\t<a href=\"https:\/\/monolit-okna.pl\/en\/podwaliny\/monotherm-pur-x-pvc\/\">\n\t\t\t\t\t\t\t<img loading=\"lazy\" decoding=\"async\" width=\"800\" height=\"449\" src=\"https:\/\/monolit-okna.pl\/wp-content\/uploads\/2025\/07\/MONOTHERM-PUR-X-PVCURE-1024x575.webp\" class=\"elementor-animation-shrink attachment-large size-large wp-image-12541\" alt=\"\" srcset=\"https:\/\/monolit-okna.pl\/wp-content\/uploads\/2025\/07\/MONOTHERM-PUR-X-PVCURE-1024x575.webp 1024w, https:\/\/monolit-okna.pl\/wp-content\/uploads\/2025\/07\/MONOTHERM-PUR-X-PVCURE-300x169.webp 300w, https:\/\/monolit-okna.pl\/wp-content\/uploads\/2025\/07\/MONOTHERM-PUR-X-PVCURE-768x431.webp 768w, https:\/\/monolit-okna.pl\/wp-content\/uploads\/2025\/07\/MONOTHERM-PUR-X-PVCURE-18x10.webp 18w, https:\/\/monolit-okna.pl\/wp-content\/uploads\/2025\/07\/MONOTHERM-PUR-X-PVCURE.webp 1280w\" sizes=\"(max-width: 800px) 100vw, 800px\" title=\"\">\t\t\t\t\t\t\t\t<\/a>\n\t\t\t\t\t\t\t\t\t\t\t<figcaption class=\"widget-image-caption wp-caption-text\">MonoTHERM PUR X PVC<\/figcaption>\n\t\t\t\t\t\t\t\t\t\t<\/figure>\n\t\t\t\t\t\t\t\t\t<\/div>\n\t\t\t\t\t<\/div>\n\t\t<\/div>\n\t\t\t\t\t<\/div>\n\t\t<\/section>\n\t\t\t\t<section class=\"elementor-section elementor-top-section elementor-element elementor-element-fb3ed23 elementor-section-boxed elementor-section-height-default elementor-section-height-default\" data-id=\"fb3ed23\" data-element_type=\"section\">\n\t\t\t\t\t\t<div class=\"elementor-container elementor-column-gap-default\">\n\t\t\t\t\t<div class=\"elementor-column elementor-col-25 elementor-top-column elementor-element elementor-element-5ac4eb1\" data-id=\"5ac4eb1\" data-element_type=\"column\">\n\t\t\t<div class=\"elementor-widget-wrap elementor-element-populated\">\n\t\t\t\t\t\t<div class=\"elementor-element elementor-element-ab0b637 elementor-widget elementor-widget-image\" data-id=\"ab0b637\" data-element_type=\"widget\" data-widget_type=\"image.default\">\n\t\t\t\t\t\t\t\t\t\t\t\t<figure class=\"wp-caption\">\n\t\t\t\t\t\t\t\t\t\t\t<a href=\"https:\/\/monolit-okna.pl\/en\/podwaliny\/monotherm-white-750\/\">\n\t\t\t\t\t\t\t<img loading=\"lazy\" decoding=\"async\" width=\"800\" height=\"434\" src=\"https:\/\/monolit-okna.pl\/wp-content\/uploads\/2025\/07\/MONOTHERM-WHITE-1024x555.webp\" class=\"elementor-animation-shrink attachment-large size-large wp-image-12540\" alt=\"\" srcset=\"https:\/\/monolit-okna.pl\/wp-content\/uploads\/2025\/07\/MONOTHERM-WHITE-1024x555.webp 1024w, https:\/\/monolit-okna.pl\/wp-content\/uploads\/2025\/07\/MONOTHERM-WHITE-300x163.webp 300w, https:\/\/monolit-okna.pl\/wp-content\/uploads\/2025\/07\/MONOTHERM-WHITE-768x416.webp 768w, https:\/\/monolit-okna.pl\/wp-content\/uploads\/2025\/07\/MONOTHERM-WHITE-18x10.webp 18w, https:\/\/monolit-okna.pl\/wp-content\/uploads\/2025\/07\/MONOTHERM-WHITE.webp 1280w\" sizes=\"(max-width: 800px) 100vw, 800px\" title=\"\">\t\t\t\t\t\t\t\t<\/a>\n\t\t\t\t\t\t\t\t\t\t\t<figcaption class=\"widget-image-caption wp-caption-text\">MonoTHERM WHITE 750<\/figcaption>\n\t\t\t\t\t\t\t\t\t\t<\/figure>\n\t\t\t\t\t\t\t\t\t<\/div>\n\t\t\t\t\t<\/div>\n\t\t<\/div>\n\t\t\t\t<div class=\"elementor-column elementor-col-25 elementor-top-column elementor-element elementor-element-067d1d9\" data-id=\"067d1d9\" data-element_type=\"column\">\n\t\t\t<div class=\"elementor-widget-wrap elementor-element-populated\">\n\t\t\t\t\t\t<div class=\"elementor-element elementor-element-ba2e08a elementor-widget elementor-widget-image\" data-id=\"ba2e08a\" data-element_type=\"widget\" data-widget_type=\"image.default\">\n\t\t\t\t\t\t\t\t\t\t\t\t<figure class=\"wp-caption\">\n\t\t\t\t\t\t\t\t\t\t\t<a href=\"https:\/\/monolit-okna.pl\/en\/podwaliny\/monotherm-green\/\">\n\t\t\t\t\t\t\t<img loading=\"lazy\" decoding=\"async\" width=\"800\" height=\"492\" src=\"https:\/\/monolit-okna.pl\/wp-content\/uploads\/2025\/07\/MONOTHERM-GREEN-1024x630.webp\" class=\"elementor-animation-shrink attachment-large size-large wp-image-12539\" alt=\"\" srcset=\"https:\/\/monolit-okna.pl\/wp-content\/uploads\/2025\/07\/MONOTHERM-GREEN-1024x630.webp 1024w, https:\/\/monolit-okna.pl\/wp-content\/uploads\/2025\/07\/MONOTHERM-GREEN-300x185.webp 300w, https:\/\/monolit-okna.pl\/wp-content\/uploads\/2025\/07\/MONOTHERM-GREEN-768x473.webp 768w, https:\/\/monolit-okna.pl\/wp-content\/uploads\/2025\/07\/MONOTHERM-GREEN-18x12.webp 18w, https:\/\/monolit-okna.pl\/wp-content\/uploads\/2025\/07\/MONOTHERM-GREEN.webp 1280w\" sizes=\"(max-width: 800px) 100vw, 800px\" title=\"\">\t\t\t\t\t\t\t\t<\/a>\n\t\t\t\t\t\t\t\t\t\t\t<figcaption class=\"widget-image-caption wp-caption-text\">MonoTHERM GREEN<\/figcaption>\n\t\t\t\t\t\t\t\t\t\t<\/figure>\n\t\t\t\t\t\t\t\t\t<\/div>\n\t\t\t\t\t<\/div>\n\t\t<\/div>\n\t\t\t\t<div class=\"elementor-column elementor-col-25 elementor-top-column elementor-element elementor-element-cfa62e6\" data-id=\"cfa62e6\" data-element_type=\"column\">\n\t\t\t<div class=\"elementor-widget-wrap elementor-element-populated\">\n\t\t\t\t\t\t<div class=\"elementor-element elementor-element-7e6d2ab elementor-widget elementor-widget-image\" data-id=\"7e6d2ab\" data-element_type=\"widget\" data-widget_type=\"image.default\">\n\t\t\t\t\t\t\t\t\t\t\t\t<figure class=\"wp-caption\">\n\t\t\t\t\t\t\t\t\t\t\t<a href=\"https:\/\/monolit-okna.pl\/en\/podwaliny\/monotherm-green\/\">\n\t\t\t\t\t\t\t<img loading=\"lazy\" decoding=\"async\" width=\"800\" height=\"516\" src=\"https:\/\/monolit-okna.pl\/wp-content\/uploads\/2026\/02\/prog-garazowy-1024x660.webp\" class=\"elementor-animation-shrink attachment-large size-large wp-image-13182\" alt=\"Garage threshold\" srcset=\"https:\/\/monolit-okna.pl\/wp-content\/uploads\/2026\/02\/prog-garazowy-1024x660.webp 1024w, https:\/\/monolit-okna.pl\/wp-content\/uploads\/2026\/02\/prog-garazowy-300x194.webp 300w, https:\/\/monolit-okna.pl\/wp-content\/uploads\/2026\/02\/prog-garazowy-768x495.webp 768w, https:\/\/monolit-okna.pl\/wp-content\/uploads\/2026\/02\/prog-garazowy-18x12.webp 18w, https:\/\/monolit-okna.pl\/wp-content\/uploads\/2026\/02\/prog-garazowy.webp 1062w\" sizes=\"(max-width: 800px) 100vw, 800px\" title=\"\">\t\t\t\t\t\t\t\t<\/a>\n\t\t\t\t\t\t\t\t\t\t\t<figcaption class=\"widget-image-caption wp-caption-text\">Garage threshold<\/figcaption>\n\t\t\t\t\t\t\t\t\t\t<\/figure>\n\t\t\t\t\t\t\t\t\t<\/div>\n\t\t\t\t\t<\/div>\n\t\t<\/div>\n\t\t\t\t<div class=\"elementor-column elementor-col-25 elementor-top-column elementor-element elementor-element-aca3135\" data-id=\"aca3135\" data-element_type=\"column\">\n\t\t\t<div class=\"elementor-widget-wrap\">\n\t\t\t\t\t\t\t<\/div>\n\t\t<\/div>\n\t\t\t\t\t<\/div>\n\t\t<\/section>\n\t\t\t\t<\/div>","protected":false},"excerpt":{"rendered":"<p>podwaliny PODWALINY, CIEP\u0141E PARAPETY NA MIAR\u0118 DZISIEJSZYCH POTRZEB Monolit prezentuje innowacyjne rozwi\u0105zania, kt\u00f3re idealnie zast\u0105pi\u0105 standardowo stosowan\u0105 pian\u0119 i podparcia punktowe drzwi. Niezwyk\u0142e w\u0142a\u015bciwo\u015bci MonoTHERM sprawiaj\u0105, \u017ce okno jest idealnie uszczelnione, odizolowane od powierzchni, a tak\u017ce jest w stanie wytrzyma\u0107 du\u017co wi\u0119ksze obci\u0105\u017cenia bez uginania si\u0119 i uszkodze\u0144. Wyj\u0105tkowe rabaty oraz darmowa dostawa na produkty [&hellip;]<\/p>\n","protected":false},"author":8,"featured_media":0,"parent":0,"menu_order":0,"comment_status":"closed","ping_status":"closed","template":"elementor_header_footer","meta":{"footnotes":""},"categories":[],"tags":[163,162,164,147,184,183,187,159,74,65,137,181,161,155,157,70,182,149,158,152,160,186,72,185,154,71,129,146,148,140,156,153,144],"class_list":["post-1373","page","type-page","status-publish","hentry","tag-drzwi-pcv-na-wymiar","tag-drzwi-zewnetrzne-pcv","tag-drzwi-zewnetrzne-pcv-cennik","tag-fabryka-okien","tag-firma-okien","tag-firmy-okien","tag-firmy-z-oknami","tag-katalog-okien","tag-monolit","tag-monolit-okna","tag-monolit-producent-okien-i-drzwi-pcv","tag-okna-firmy","tag-okna-online","tag-okna-pcv","tag-okna-pcv-producenci","tag-okna-pcv-producent","tag-okna-plastikowe-producent","tag-okna-producent","tag-okna-zambrow","tag-producenci-okien","tag-producenci-okien-pcv","tag-producent-drzwi-pcv","tag-producent-okien","tag-producent-okien-cennik","tag-producent-okien-i-drzwi","tag-producent-okien-pcv","tag-producent-okien-podlaskie","tag-producent-okna","tag-producent-okna-pcv","tag-produkcja-aluminium","tag-produkcja-okien-pcv","tag-program-czyste-powietrze","tag-zgrzew-v-perfect"],"_links":{"self":[{"href":"https:\/\/monolit-okna.pl\/en\/wp-json\/wp\/v2\/pages\/1373","targetHints":{"allow":["GET"]}}],"collection":[{"href":"https:\/\/monolit-okna.pl\/en\/wp-json\/wp\/v2\/pages"}],"about":[{"href":"https:\/\/monolit-okna.pl\/en\/wp-json\/wp\/v2\/types\/page"}],"author":[{"embeddable":true,"href":"https:\/\/monolit-okna.pl\/en\/wp-json\/wp\/v2\/users\/8"}],"replies":[{"embeddable":true,"href":"https:\/\/monolit-okna.pl\/en\/wp-json\/wp\/v2\/comments?post=1373"}],"version-history":[{"count":60,"href":"https:\/\/monolit-okna.pl\/en\/wp-json\/wp\/v2\/pages\/1373\/revisions"}],"predecessor-version":[{"id":13535,"href":"https:\/\/monolit-okna.pl\/en\/wp-json\/wp\/v2\/pages\/1373\/revisions\/13535"}],"wp:attachment":[{"href":"https:\/\/monolit-okna.pl\/en\/wp-json\/wp\/v2\/media?parent=1373"}],"wp:term":[{"taxonomy":"category","embeddable":true,"href":"https:\/\/monolit-okna.pl\/en\/wp-json\/wp\/v2\/categories?post=1373"},{"taxonomy":"post_tag","embeddable":true,"href":"https:\/\/monolit-okna.pl\/en\/wp-json\/wp\/v2\/tags?post=1373"}],"curies":[{"name":"wp","href":"https:\/\/api.w.org\/{rel}","templated":true}]}}