{"id":1308,"date":"2022-06-01T15:48:21","date_gmt":"2022-06-01T13:48:21","guid":{"rendered":"https:\/\/monolit-okna.pl\/?page_id=1308"},"modified":"2026-04-13T11:58:34","modified_gmt":"2026-04-13T09:58:34","slug":"aluprof","status":"publish","type":"page","link":"https:\/\/monolit-okna.pl\/en\/aluminium\/aluprof\/","title":{"rendered":"Aluprof"},"content":{"rendered":"<div data-elementor-type=\"wp-post\" data-elementor-id=\"1308\" class=\"elementor elementor-1308\" data-elementor-post-type=\"page\">\n\t\t\t\t\t\t<section class=\"elementor-section elementor-top-section elementor-element elementor-element-6d25add9 elementor-section-full_width elementor-section-height-default elementor-section-height-default\" data-id=\"6d25add9\" data-element_type=\"section\">\n\t\t\t\t\t\t<div class=\"elementor-container elementor-column-gap-default\">\n\t\t\t\t\t<div class=\"elementor-column elementor-col-100 elementor-top-column elementor-element elementor-element-548afcbc\" data-id=\"548afcbc\" data-element_type=\"column\" data-settings=\"{&quot;background_background&quot;:&quot;classic&quot;}\">\n\t\t\t<div class=\"elementor-widget-wrap elementor-element-populated\">\n\t\t\t\t\t\t<div class=\"elementor-element elementor-element-3016ef26 elementor-widget elementor-widget-heading\" data-id=\"3016ef26\" data-element_type=\"widget\" data-widget_type=\"heading.default\">\n\t\t\t\t\t<h1 class=\"elementor-heading-title elementor-size-default\">Aluprof<\/h1>\t\t\t\t<\/div>\n\t\t\t\t<div class=\"elementor-element elementor-element-bfe56ba elementor-widget elementor-widget-shortcode\" data-id=\"bfe56ba\" data-element_type=\"widget\" data-widget_type=\"shortcode.default\">\n\t\t\t\t\t\t\t<div class=\"elementor-shortcode\">\t\t<div data-elementor-type=\"page\" data-elementor-id=\"1203\" class=\"elementor elementor-1203\" data-elementor-post-type=\"elementor_library\">\n\t\t\t\t<div class=\"elementor-element elementor-element-f7a1e86 e-con-full e-flex e-con e-parent\" data-id=\"f7a1e86\" data-element_type=\"container\" data-settings=\"{&quot;background_background&quot;:&quot;classic&quot;}\">\n\t\t<div class=\"elementor-element elementor-element-59e721e e-con-full e-flex e-con e-child\" data-id=\"59e721e\" data-element_type=\"container\">\n\t\t\t\t<div class=\"elementor-element elementor-element-2101851 elementor-widget__width-auto elementor-widget elementor-widget-heading\" data-id=\"2101851\" data-element_type=\"widget\" data-widget_type=\"heading.default\">\n\t\t\t\t\t<div class=\"elementor-heading-title elementor-size-default\"><a href=\"https:\/\/monolit-okna.pl\/en\/aluminium\/ponzio\/\">PROCURAL<\/a><\/div>\t\t\t\t<\/div>\n\t\t\t\t<div class=\"elementor-element elementor-element-c83d216 elementor-widget__width-auto elementor-widget elementor-widget-heading\" data-id=\"c83d216\" data-element_type=\"widget\" data-widget_type=\"heading.default\">\n\t\t\t\t\t<div class=\"elementor-heading-title elementor-size-default\"><a href=\"https:\/\/monolit-okna.pl\/en\/aluminium\/aluprof\/\">ALUPROF<\/a><\/div>\t\t\t\t<\/div>\n\t\t\t\t<div class=\"elementor-element elementor-element-8a3e838 elementor-widget__width-auto elementor-widget elementor-widget-heading\" data-id=\"8a3e838\" data-element_type=\"widget\" data-widget_type=\"heading.default\">\n\t\t\t\t\t<div class=\"elementor-heading-title elementor-size-default\"><a href=\"https:\/\/monolit-okna.pl\/en\/aluminium\/aluplast\/\">ALUPLAST<\/a><\/div>\t\t\t\t<\/div>\n\t\t\t\t<\/div>\n\t\t\t\t<\/div>\n\t\t\t\t<\/div>\n\t\t<\/div>\n\t\t\t\t\t\t<\/div>\n\t\t\t\t\t<\/div>\n\t\t<\/div>\n\t\t\t\t\t<\/div>\n\t\t<\/section>\n\t\t<div class=\"elementor-element elementor-element-9dd8035 e-flex e-con-boxed e-con e-parent\" data-id=\"9dd8035\" data-element_type=\"container\">\n\t\t\t\t\t<div class=\"e-con-inner\">\n\t\t<div class=\"elementor-element elementor-element-751b876 e-con-full e-flex e-con e-child\" data-id=\"751b876\" data-element_type=\"container\">\n\t\t\t\t<div class=\"elementor-element elementor-element-dcc1098 elementor-widget elementor-widget-image\" data-id=\"dcc1098\" data-element_type=\"widget\" data-widget_type=\"image.default\">\n\t\t\t\t\t\t\t\t\t\t\t\t<figure class=\"wp-caption\">\n\t\t\t\t\t\t\t\t\t\t\t<a href=\"https:\/\/monolit-okna.pl\/en\/aluminium\/aluprof\/aluprof-mb45\/\">\n\t\t\t\t\t\t\t<img fetchpriority=\"high\" decoding=\"async\" width=\"545\" height=\"811\" src=\"https:\/\/monolit-okna.pl\/wp-content\/uploads\/2022\/06\/MB45.png\" class=\"elementor-animation-shrink attachment-large size-large wp-image-1333\" alt=\"\" srcset=\"https:\/\/monolit-okna.pl\/wp-content\/uploads\/2022\/06\/MB45.png 545w, https:\/\/monolit-okna.pl\/wp-content\/uploads\/2022\/06\/MB45-202x300.png 202w\" sizes=\"(max-width: 545px) 100vw, 545px\" title=\"\">\t\t\t\t\t\t\t\t<\/a>\n\t\t\t\t\t\t\t\t\t\t\t<figcaption class=\"widget-image-caption wp-caption-text\">MB-45<\/figcaption>\n\t\t\t\t\t\t\t\t\t\t<\/figure>\n\t\t\t\t\t\t\t\t\t<\/div>\n\t\t\t\t<\/div>\n\t\t<div class=\"elementor-element elementor-element-388c6d3 e-con-full e-flex e-con e-child\" data-id=\"388c6d3\" data-element_type=\"container\">\n\t\t\t\t<div class=\"elementor-element elementor-element-427e559 elementor-widget elementor-widget-image\" data-id=\"427e559\" data-element_type=\"widget\" data-widget_type=\"image.default\">\n\t\t\t\t\t\t\t\t\t\t\t\t<figure class=\"wp-caption\">\n\t\t\t\t\t\t\t\t\t\t\t<a href=\"https:\/\/monolit-okna.pl\/en\/aluminium\/aluprof\/aluprof-mb-79n\/\">\n\t\t\t\t\t\t\t<img decoding=\"async\" width=\"800\" height=\"800\" src=\"https:\/\/monolit-okna.pl\/wp-content\/uploads\/2026\/02\/MB-79N-1024x1024.webp\" class=\"elementor-animation-shrink attachment-large size-large wp-image-13199\" alt=\"\" srcset=\"https:\/\/monolit-okna.pl\/wp-content\/uploads\/2026\/02\/MB-79N-1024x1024.webp 1024w, https:\/\/monolit-okna.pl\/wp-content\/uploads\/2026\/02\/MB-79N-300x300.webp 300w, https:\/\/monolit-okna.pl\/wp-content\/uploads\/2026\/02\/MB-79N-150x150.webp 150w, https:\/\/monolit-okna.pl\/wp-content\/uploads\/2026\/02\/MB-79N-768x768.webp 768w, https:\/\/monolit-okna.pl\/wp-content\/uploads\/2026\/02\/MB-79N-12x12.webp 12w, https:\/\/monolit-okna.pl\/wp-content\/uploads\/2026\/02\/MB-79N.webp 1200w\" sizes=\"(max-width: 800px) 100vw, 800px\" title=\"\">\t\t\t\t\t\t\t\t<\/a>\n\t\t\t\t\t\t\t\t\t\t\t<figcaption class=\"widget-image-caption wp-caption-text\">MB-79N<\/figcaption>\n\t\t\t\t\t\t\t\t\t\t<\/figure>\n\t\t\t\t\t\t\t\t\t<\/div>\n\t\t\t\t<\/div>\n\t\t<div class=\"elementor-element elementor-element-7880db6 e-con-full e-flex e-con e-child\" data-id=\"7880db6\" data-element_type=\"container\">\n\t\t\t\t<div class=\"elementor-element elementor-element-6afddd6 elementor-widget elementor-widget-image\" data-id=\"6afddd6\" data-element_type=\"widget\" data-widget_type=\"image.default\">\n\t\t\t\t\t\t\t\t\t\t\t\t<figure class=\"wp-caption\">\n\t\t\t\t\t\t\t\t\t\t\t<a href=\"https:\/\/monolit-okna.pl\/en\/aluminium\/aluprof\/aluprof-mb-86n\/\">\n\t\t\t\t\t\t\t<img decoding=\"async\" width=\"800\" height=\"800\" src=\"https:\/\/monolit-okna.pl\/wp-content\/uploads\/2026\/02\/MB-79N-1024x1024.webp\" class=\"elementor-animation-shrink attachment-large size-large wp-image-13199\" alt=\"\" srcset=\"https:\/\/monolit-okna.pl\/wp-content\/uploads\/2026\/02\/MB-79N-1024x1024.webp 1024w, https:\/\/monolit-okna.pl\/wp-content\/uploads\/2026\/02\/MB-79N-300x300.webp 300w, https:\/\/monolit-okna.pl\/wp-content\/uploads\/2026\/02\/MB-79N-150x150.webp 150w, https:\/\/monolit-okna.pl\/wp-content\/uploads\/2026\/02\/MB-79N-768x768.webp 768w, https:\/\/monolit-okna.pl\/wp-content\/uploads\/2026\/02\/MB-79N-12x12.webp 12w, https:\/\/monolit-okna.pl\/wp-content\/uploads\/2026\/02\/MB-79N.webp 1200w\" sizes=\"(max-width: 800px) 100vw, 800px\" title=\"\">\t\t\t\t\t\t\t\t<\/a>\n\t\t\t\t\t\t\t\t\t\t\t<figcaption class=\"widget-image-caption wp-caption-text\">MB-86N<\/figcaption>\n\t\t\t\t\t\t\t\t\t\t<\/figure>\n\t\t\t\t\t\t\t\t\t<\/div>\n\t\t\t\t<\/div>\n\t\t<div class=\"elementor-element elementor-element-68e59c8 e-con-full e-flex e-con e-child\" data-id=\"68e59c8\" data-element_type=\"container\">\n\t\t\t\t<div class=\"elementor-element elementor-element-537e3c8 elementor-widget elementor-widget-image\" data-id=\"537e3c8\" data-element_type=\"widget\" data-widget_type=\"image.default\">\n\t\t\t\t\t\t\t\t\t\t\t\t<figure class=\"wp-caption\">\n\t\t\t\t\t\t\t\t\t\t\t<a href=\"https:\/\/monolit-okna.pl\/en\/aluminium\/aluprof\/mb-104\/\">\n\t\t\t\t\t\t\t<img decoding=\"async\" width=\"614\" height=\"614\" src=\"https:\/\/monolit-okna.pl\/wp-content\/uploads\/2026\/02\/mb-104.webp\" class=\"elementor-animation-shrink attachment-large size-large wp-image-13203\" alt=\"\" srcset=\"https:\/\/monolit-okna.pl\/wp-content\/uploads\/2026\/02\/mb-104.webp 614w, https:\/\/monolit-okna.pl\/wp-content\/uploads\/2026\/02\/mb-104-300x300.webp 300w, https:\/\/monolit-okna.pl\/wp-content\/uploads\/2026\/02\/mb-104-150x150.webp 150w, https:\/\/monolit-okna.pl\/wp-content\/uploads\/2026\/02\/mb-104-12x12.webp 12w\" sizes=\"(max-width: 614px) 100vw, 614px\" title=\"\">\t\t\t\t\t\t\t\t<\/a>\n\t\t\t\t\t\t\t\t\t\t\t<figcaption class=\"widget-image-caption wp-caption-text\">MB-104<\/figcaption>\n\t\t\t\t\t\t\t\t\t\t<\/figure>\n\t\t\t\t\t\t\t\t\t<\/div>\n\t\t\t\t<\/div>\n\t\t<div class=\"elementor-element elementor-element-10d9d03 e-con-full e-flex e-con e-child\" data-id=\"10d9d03\" data-element_type=\"container\">\n\t\t\t\t<div class=\"elementor-element elementor-element-d858571 elementor-widget elementor-widget-image\" data-id=\"d858571\" data-element_type=\"widget\" data-widget_type=\"image.default\">\n\t\t\t\t\t\t\t\t\t\t\t\t<figure class=\"wp-caption\">\n\t\t\t\t\t\t\t\t\t\t\t<a href=\"https:\/\/monolit-okna.pl\/en\/aluminium\/aluprof\/aluprof-mb-77-hs\/\">\n\t\t\t\t\t\t\t<img loading=\"lazy\" decoding=\"async\" width=\"574\" height=\"811\" src=\"https:\/\/monolit-okna.pl\/wp-content\/uploads\/2022\/06\/MB-77-HS.png\" class=\"elementor-animation-shrink attachment-large size-large wp-image-1338\" alt=\"\" srcset=\"https:\/\/monolit-okna.pl\/wp-content\/uploads\/2022\/06\/MB-77-HS.png 574w, https:\/\/monolit-okna.pl\/wp-content\/uploads\/2022\/06\/MB-77-HS-212x300.png 212w\" sizes=\"(max-width: 574px) 100vw, 574px\" title=\"\">\t\t\t\t\t\t\t\t<\/a>\n\t\t\t\t\t\t\t\t\t\t\t<figcaption class=\"widget-image-caption wp-caption-text\">MB-77HS<\/figcaption>\n\t\t\t\t\t\t\t\t\t\t<\/figure>\n\t\t\t\t\t\t\t\t\t<\/div>\n\t\t\t\t<\/div>\n\t\t<div class=\"elementor-element elementor-element-086b0d9 e-con-full e-flex e-con e-child\" data-id=\"086b0d9\" data-element_type=\"container\">\n\t\t\t\t<div class=\"elementor-element elementor-element-9838115 elementor-widget elementor-widget-image\" data-id=\"9838115\" data-element_type=\"widget\" data-widget_type=\"image.default\">\n\t\t\t\t\t\t\t\t\t\t\t\t<figure class=\"wp-caption\">\n\t\t\t\t\t\t\t\t\t\t\t<a href=\"https:\/\/monolit-okna.pl\/en\/aluminium\/aluprof\/aluprof-mb-82hs\/\">\n\t\t\t\t\t\t\t<img loading=\"lazy\" decoding=\"async\" width=\"800\" height=\"800\" src=\"https:\/\/monolit-okna.pl\/wp-content\/uploads\/2026\/02\/MB-82HS-1024x1024.webp\" class=\"elementor-animation-shrink attachment-large size-large wp-image-13200\" alt=\"\" srcset=\"https:\/\/monolit-okna.pl\/wp-content\/uploads\/2026\/02\/MB-82HS-1024x1024.webp 1024w, https:\/\/monolit-okna.pl\/wp-content\/uploads\/2026\/02\/MB-82HS-300x300.webp 300w, https:\/\/monolit-okna.pl\/wp-content\/uploads\/2026\/02\/MB-82HS-150x150.webp 150w, https:\/\/monolit-okna.pl\/wp-content\/uploads\/2026\/02\/MB-82HS-768x768.webp 768w, https:\/\/monolit-okna.pl\/wp-content\/uploads\/2026\/02\/MB-82HS-12x12.webp 12w, https:\/\/monolit-okna.pl\/wp-content\/uploads\/2026\/02\/MB-82HS.webp 1200w\" sizes=\"(max-width: 800px) 100vw, 800px\" title=\"\">\t\t\t\t\t\t\t\t<\/a>\n\t\t\t\t\t\t\t\t\t\t\t<figcaption class=\"widget-image-caption wp-caption-text\">MB-82HS<\/figcaption>\n\t\t\t\t\t\t\t\t\t\t<\/figure>\n\t\t\t\t\t\t\t\t\t<\/div>\n\t\t\t\t<\/div>\n\t\t<div class=\"elementor-element elementor-element-e388f04 e-con-full e-flex e-con e-child\" data-id=\"e388f04\" data-element_type=\"container\">\n\t\t\t\t<div class=\"elementor-element elementor-element-b8c0a64 elementor-widget elementor-widget-image\" data-id=\"b8c0a64\" data-element_type=\"widget\" data-widget_type=\"image.default\">\n\t\t\t\t\t\t\t\t\t\t\t\t<figure class=\"wp-caption\">\n\t\t\t\t\t\t\t\t\t\t\t<a href=\"https:\/\/monolit-okna.pl\/en\/aluminium\/aluprof\/mb-86-fold-line\/\">\n\t\t\t\t\t\t\t<img loading=\"lazy\" decoding=\"async\" width=\"800\" height=\"800\" src=\"https:\/\/monolit-okna.pl\/wp-content\/uploads\/2026\/02\/MB-86_FOLDLINE-1024x1024.webp\" class=\"elementor-animation-shrink attachment-large size-large wp-image-13201\" alt=\"\" srcset=\"https:\/\/monolit-okna.pl\/wp-content\/uploads\/2026\/02\/MB-86_FOLDLINE-1024x1024.webp 1024w, https:\/\/monolit-okna.pl\/wp-content\/uploads\/2026\/02\/MB-86_FOLDLINE-300x300.webp 300w, https:\/\/monolit-okna.pl\/wp-content\/uploads\/2026\/02\/MB-86_FOLDLINE-150x150.webp 150w, https:\/\/monolit-okna.pl\/wp-content\/uploads\/2026\/02\/MB-86_FOLDLINE-768x768.webp 768w, https:\/\/monolit-okna.pl\/wp-content\/uploads\/2026\/02\/MB-86_FOLDLINE-12x12.webp 12w, https:\/\/monolit-okna.pl\/wp-content\/uploads\/2026\/02\/MB-86_FOLDLINE.webp 1087w\" sizes=\"(max-width: 800px) 100vw, 800px\" title=\"\">\t\t\t\t\t\t\t\t<\/a>\n\t\t\t\t\t\t\t\t\t\t\t<figcaption class=\"widget-image-caption wp-caption-text\">MB-86 FOLD LINE<\/figcaption>\n\t\t\t\t\t\t\t\t\t\t<\/figure>\n\t\t\t\t\t\t\t\t\t<\/div>\n\t\t\t\t<\/div>\n\t\t<div class=\"elementor-element elementor-element-a76feb4 e-con-full e-flex e-con e-child\" data-id=\"a76feb4\" data-element_type=\"container\">\n\t\t\t\t<div class=\"elementor-element elementor-element-0ff90e8 elementor-widget elementor-widget-image\" data-id=\"0ff90e8\" data-element_type=\"widget\" data-widget_type=\"image.default\">\n\t\t\t\t\t\t\t\t\t\t\t\t<figure class=\"wp-caption\">\n\t\t\t\t\t\t\t\t\t\t\t<a href=\"https:\/\/monolit-okna.pl\/en\/aluminium\/aluprof\/aluprof-mb-sr50-n\/\">\n\t\t\t\t\t\t\t<img loading=\"lazy\" decoding=\"async\" width=\"581\" height=\"656\" src=\"https:\/\/monolit-okna.pl\/wp-content\/uploads\/2022\/06\/MB-SR-50N.png\" class=\"elementor-animation-shrink attachment-large size-large wp-image-1328\" alt=\"\" srcset=\"https:\/\/monolit-okna.pl\/wp-content\/uploads\/2022\/06\/MB-SR-50N.png 581w, https:\/\/monolit-okna.pl\/wp-content\/uploads\/2022\/06\/MB-SR-50N-266x300.png 266w\" sizes=\"(max-width: 581px) 100vw, 581px\" title=\"\">\t\t\t\t\t\t\t\t<\/a>\n\t\t\t\t\t\t\t\t\t\t\t<figcaption class=\"widget-image-caption wp-caption-text\">MB-SR50N<\/figcaption>\n\t\t\t\t\t\t\t\t\t\t<\/figure>\n\t\t\t\t\t\t\t\t\t<\/div>\n\t\t\t\t<\/div>\n\t\t\t\t\t<\/div>\n\t\t\t\t<\/div>\n\t\t\t\t<section class=\"elementor-section elementor-top-section elementor-element elementor-element-5e7b25d3 elementor-section-boxed elementor-section-height-default elementor-section-height-default\" data-id=\"5e7b25d3\" data-element_type=\"section\">\n\t\t\t\t\t\t<div class=\"elementor-container elementor-column-gap-default\">\n\t\t\t\t\t<div class=\"elementor-column elementor-col-100 elementor-top-column elementor-element elementor-element-6d489c8e\" data-id=\"6d489c8e\" data-element_type=\"column\">\n\t\t\t<div class=\"elementor-widget-wrap elementor-element-populated\">\n\t\t\t\t\t\t<div class=\"elementor-element elementor-element-7a46efad elementor-widget elementor-widget-heading\" data-id=\"7a46efad\" data-element_type=\"widget\" data-widget_type=\"heading.default\">\n\t\t\t\t\t<h2 class=\"elementor-heading-title elementor-size-default translation-block\">MODERN <b>ALUMINUM<\/b> SYSTEMS<\/h2>\t\t\t\t<\/div>\n\t\t\t\t<div class=\"elementor-element elementor-element-7cf83570 elementor-widget elementor-widget-text-editor\" data-id=\"7cf83570\" data-element_type=\"widget\" data-widget_type=\"text-editor.default\">\n\t\t\t\t\t\t\t\t\t<p>The Aluprof aluminium systems enable the\nproduction of various types of windows and\ndoors, depending on the scope of use and detailed\nrequirements in terms of functionality, aesthetics,\nthermal insulation, burglary protection, smoke\nprotection, or fire resistance.<\/p>\t\t\t\t\t\t\t\t<\/div>\n\t\t\t\t\t<\/div>\n\t\t<\/div>\n\t\t\t\t\t<\/div>\n\t\t<\/section>\n\t\t<div class=\"elementor-element elementor-element-a7d94f2 e-con-full e-flex e-con e-parent\" data-id=\"a7d94f2\" data-element_type=\"container\">\n\t\t\t\t<div class=\"elementor-element elementor-element-9ef4760 elementor-widget elementor-widget-image\" data-id=\"9ef4760\" data-element_type=\"widget\" data-widget_type=\"image.default\">\n\t\t\t\t\t\t\t\t\t\t\t\t\t\t\t<img loading=\"lazy\" decoding=\"async\" width=\"1920\" height=\"1344\" src=\"https:\/\/monolit-okna.pl\/wp-content\/uploads\/2026\/04\/Aluprof_fotp.webp\" class=\"attachment-full size-full wp-image-13611\" alt=\"\" srcset=\"https:\/\/monolit-okna.pl\/wp-content\/uploads\/2026\/04\/Aluprof_fotp.webp 1920w, https:\/\/monolit-okna.pl\/wp-content\/uploads\/2026\/04\/Aluprof_fotp-300x210.webp 300w, https:\/\/monolit-okna.pl\/wp-content\/uploads\/2026\/04\/Aluprof_fotp-1024x717.webp 1024w, https:\/\/monolit-okna.pl\/wp-content\/uploads\/2026\/04\/Aluprof_fotp-768x538.webp 768w, https:\/\/monolit-okna.pl\/wp-content\/uploads\/2026\/04\/Aluprof_fotp-1536x1075.webp 1536w, https:\/\/monolit-okna.pl\/wp-content\/uploads\/2026\/04\/Aluprof_fotp-18x12.webp 18w\" sizes=\"(max-width: 1920px) 100vw, 1920px\" title=\"\">\t\t\t\t\t\t\t\t\t\t\t\t\t\t\t<\/div>\n\t\t\t\t<\/div>\n\t\t\t\t<\/div>","protected":false},"excerpt":{"rendered":"<p>Aluprof MB-45 MB-79N MB-86N MB-104 MB-77HS MB-82HS MB-86 FOLD LINE MB-SR50N NOWOCZESNE SYSTEMY ALUMINIOWE Systemy aluminiowe Aluprof umo\u017cliwiaj\u0105 budow\u0119 wielu r\u00f3\u017cnych rodzaj\u00f3w okien i drzwi w zale\u017cno\u015bci od zakresu zastosowania i szczeg\u00f3\u0142owych wymaga\u0144 dotycz\u0105cych funkcjonalno\u015bci, estetyki, izolacji termicznej, odporno\u015bci na w\u0142amanie, dymoszczelno\u015bci lub odporno\u015bci ogniowej.<\/p>","protected":false},"author":8,"featured_media":0,"parent":634,"menu_order":0,"comment_status":"closed","ping_status":"closed","template":"elementor_header_footer","meta":{"footnotes":""},"categories":[],"tags":[163,162,164,147,184,183,187,159,74,65,137,181,161,155,157,70,182,149,158,152,160,186,72,185,154,71,129,146,148,140,156,153,144],"class_list":["post-1308","page","type-page","status-publish","hentry","tag-drzwi-pcv-na-wymiar","tag-drzwi-zewnetrzne-pcv","tag-drzwi-zewnetrzne-pcv-cennik","tag-fabryka-okien","tag-firma-okien","tag-firmy-okien","tag-firmy-z-oknami","tag-katalog-okien","tag-monolit","tag-monolit-okna","tag-monolit-producent-okien-i-drzwi-pcv","tag-okna-firmy","tag-okna-online","tag-okna-pcv","tag-okna-pcv-producenci","tag-okna-pcv-producent","tag-okna-plastikowe-producent","tag-okna-producent","tag-okna-zambrow","tag-producenci-okien","tag-producenci-okien-pcv","tag-producent-drzwi-pcv","tag-producent-okien","tag-producent-okien-cennik","tag-producent-okien-i-drzwi","tag-producent-okien-pcv","tag-producent-okien-podlaskie","tag-producent-okna","tag-producent-okna-pcv","tag-produkcja-aluminium","tag-produkcja-okien-pcv","tag-program-czyste-powietrze","tag-zgrzew-v-perfect"],"_links":{"self":[{"href":"https:\/\/monolit-okna.pl\/en\/wp-json\/wp\/v2\/pages\/1308","targetHints":{"allow":["GET"]}}],"collection":[{"href":"https:\/\/monolit-okna.pl\/en\/wp-json\/wp\/v2\/pages"}],"about":[{"href":"https:\/\/monolit-okna.pl\/en\/wp-json\/wp\/v2\/types\/page"}],"author":[{"embeddable":true,"href":"https:\/\/monolit-okna.pl\/en\/wp-json\/wp\/v2\/users\/8"}],"replies":[{"embeddable":true,"href":"https:\/\/monolit-okna.pl\/en\/wp-json\/wp\/v2\/comments?post=1308"}],"version-history":[{"count":12,"href":"https:\/\/monolit-okna.pl\/en\/wp-json\/wp\/v2\/pages\/1308\/revisions"}],"predecessor-version":[{"id":13614,"href":"https:\/\/monolit-okna.pl\/en\/wp-json\/wp\/v2\/pages\/1308\/revisions\/13614"}],"up":[{"embeddable":true,"href":"https:\/\/monolit-okna.pl\/en\/wp-json\/wp\/v2\/pages\/634"}],"wp:attachment":[{"href":"https:\/\/monolit-okna.pl\/en\/wp-json\/wp\/v2\/media?parent=1308"}],"wp:term":[{"taxonomy":"category","embeddable":true,"href":"https:\/\/monolit-okna.pl\/en\/wp-json\/wp\/v2\/categories?post=1308"},{"taxonomy":"post_tag","embeddable":true,"href":"https:\/\/monolit-okna.pl\/en\/wp-json\/wp\/v2\/tags?post=1308"}],"curies":[{"name":"wp","href":"https:\/\/api.w.org\/{rel}","templated":true}]}}