{"id":1291,"date":"2022-06-01T15:38:29","date_gmt":"2022-06-01T13:38:29","guid":{"rendered":"https:\/\/monolit-okna.pl\/?page_id=1291"},"modified":"2026-04-13T11:59:24","modified_gmt":"2026-04-13T09:59:24","slug":"ponzio","status":"publish","type":"page","link":"https:\/\/monolit-okna.pl\/en\/aluminium\/ponzio\/","title":{"rendered":"Procural"},"content":{"rendered":"<div data-elementor-type=\"wp-post\" data-elementor-id=\"1291\" class=\"elementor elementor-1291\" data-elementor-post-type=\"page\">\n\t\t\t\t\t\t<section class=\"elementor-section elementor-top-section elementor-element elementor-element-6d25add9 elementor-section-full_width elementor-section-height-default elementor-section-height-default\" data-id=\"6d25add9\" data-element_type=\"section\">\n\t\t\t\t\t\t<div class=\"elementor-container elementor-column-gap-default\">\n\t\t\t\t\t<div class=\"elementor-column elementor-col-100 elementor-top-column elementor-element elementor-element-548afcbc\" data-id=\"548afcbc\" data-element_type=\"column\" data-settings=\"{&quot;background_background&quot;:&quot;classic&quot;}\">\n\t\t\t<div class=\"elementor-widget-wrap elementor-element-populated\">\n\t\t\t\t\t\t<div class=\"elementor-element elementor-element-3016ef26 elementor-widget elementor-widget-heading\" data-id=\"3016ef26\" data-element_type=\"widget\" data-widget_type=\"heading.default\">\n\t\t\t\t\t<h1 class=\"elementor-heading-title elementor-size-default\">Procural<\/h1>\t\t\t\t<\/div>\n\t\t\t\t<div class=\"elementor-element elementor-element-bfe56ba elementor-widget elementor-widget-shortcode\" data-id=\"bfe56ba\" data-element_type=\"widget\" data-widget_type=\"shortcode.default\">\n\t\t\t\t\t\t\t<div class=\"elementor-shortcode\">\t\t<div data-elementor-type=\"page\" data-elementor-id=\"1203\" class=\"elementor elementor-1203\" data-elementor-post-type=\"elementor_library\">\n\t\t\t\t<div class=\"elementor-element elementor-element-f7a1e86 e-con-full e-flex e-con e-parent\" data-id=\"f7a1e86\" data-element_type=\"container\" data-settings=\"{&quot;background_background&quot;:&quot;classic&quot;}\">\n\t\t<div class=\"elementor-element elementor-element-59e721e e-con-full e-flex e-con e-child\" data-id=\"59e721e\" data-element_type=\"container\">\n\t\t\t\t<div class=\"elementor-element elementor-element-2101851 elementor-widget__width-auto elementor-widget elementor-widget-heading\" data-id=\"2101851\" data-element_type=\"widget\" data-widget_type=\"heading.default\">\n\t\t\t\t\t<div class=\"elementor-heading-title elementor-size-default\"><a href=\"https:\/\/monolit-okna.pl\/en\/aluminium\/ponzio\/\">PROCURAL<\/a><\/div>\t\t\t\t<\/div>\n\t\t\t\t<div class=\"elementor-element elementor-element-c83d216 elementor-widget__width-auto elementor-widget elementor-widget-heading\" data-id=\"c83d216\" data-element_type=\"widget\" data-widget_type=\"heading.default\">\n\t\t\t\t\t<div class=\"elementor-heading-title elementor-size-default\"><a href=\"https:\/\/monolit-okna.pl\/en\/aluminium\/aluprof\/\">ALUPROF<\/a><\/div>\t\t\t\t<\/div>\n\t\t\t\t<div class=\"elementor-element elementor-element-8a3e838 elementor-widget__width-auto elementor-widget elementor-widget-heading\" data-id=\"8a3e838\" data-element_type=\"widget\" data-widget_type=\"heading.default\">\n\t\t\t\t\t<div class=\"elementor-heading-title elementor-size-default\"><a href=\"https:\/\/monolit-okna.pl\/en\/aluminium\/aluplast\/\">ALUPLAST<\/a><\/div>\t\t\t\t<\/div>\n\t\t\t\t<\/div>\n\t\t\t\t<\/div>\n\t\t\t\t<\/div>\n\t\t<\/div>\n\t\t\t\t\t\t<\/div>\n\t\t\t\t\t<\/div>\n\t\t<\/div>\n\t\t\t\t\t<\/div>\n\t\t<\/section>\n\t\t<div class=\"elementor-element elementor-element-dba7df0 e-flex e-con-boxed e-con e-parent\" data-id=\"dba7df0\" data-element_type=\"container\">\n\t\t\t\t\t<div class=\"e-con-inner\">\n\t\t<div class=\"elementor-element elementor-element-a634188 e-con-full e-flex e-con e-child\" data-id=\"a634188\" data-element_type=\"container\">\n\t\t\t\t<div class=\"elementor-element elementor-element-5066420 elementor-widget elementor-widget-image\" data-id=\"5066420\" data-element_type=\"widget\" data-widget_type=\"image.default\">\n\t\t\t\t\t\t\t\t\t\t\t\t<figure class=\"wp-caption\">\n\t\t\t\t\t\t\t\t\t\t\t<a href=\"https:\/\/monolit-okna.pl\/en\/aluminium\/ponzio\/pe50\/\">\n\t\t\t\t\t\t\t<img fetchpriority=\"high\" decoding=\"async\" width=\"439\" height=\"807\" src=\"https:\/\/monolit-okna.pl\/wp-content\/uploads\/2022\/06\/PE50.png\" class=\"elementor-animation-shrink attachment-large size-large wp-image-1243\" alt=\"\" srcset=\"https:\/\/monolit-okna.pl\/wp-content\/uploads\/2022\/06\/PE50.png 439w, https:\/\/monolit-okna.pl\/wp-content\/uploads\/2022\/06\/PE50-163x300.png 163w\" sizes=\"(max-width: 439px) 100vw, 439px\" title=\"\">\t\t\t\t\t\t\t\t<\/a>\n\t\t\t\t\t\t\t\t\t\t\t<figcaption class=\"widget-image-caption wp-caption-text\">PE50<\/figcaption>\n\t\t\t\t\t\t\t\t\t\t<\/figure>\n\t\t\t\t\t\t\t\t\t<\/div>\n\t\t\t\t<\/div>\n\t\t<div class=\"elementor-element elementor-element-636f9b2 e-con-full e-flex e-con e-child\" data-id=\"636f9b2\" data-element_type=\"container\">\n\t\t\t\t<div class=\"elementor-element elementor-element-7299e50 elementor-widget elementor-widget-image\" data-id=\"7299e50\" data-element_type=\"widget\" data-widget_type=\"image.default\">\n\t\t\t\t\t\t\t\t\t\t\t\t<figure class=\"wp-caption\">\n\t\t\t\t\t\t\t\t\t\t\t<a href=\"https:\/\/monolit-okna.pl\/en\/aluminium\/ponzio\/ponzio-pe68\/\">\n\t\t\t\t\t\t\t<img decoding=\"async\" width=\"507\" height=\"815\" src=\"https:\/\/monolit-okna.pl\/wp-content\/uploads\/2022\/06\/PE68.png\" class=\"elementor-animation-shrink attachment-large size-large wp-image-1236\" alt=\"PE68\" srcset=\"https:\/\/monolit-okna.pl\/wp-content\/uploads\/2022\/06\/PE68.png 507w, https:\/\/monolit-okna.pl\/wp-content\/uploads\/2022\/06\/PE68-187x300.png 187w\" sizes=\"(max-width: 507px) 100vw, 507px\" title=\"\">\t\t\t\t\t\t\t\t<\/a>\n\t\t\t\t\t\t\t\t\t\t\t<figcaption class=\"widget-image-caption wp-caption-text\">PE68<\/figcaption>\n\t\t\t\t\t\t\t\t\t\t<\/figure>\n\t\t\t\t\t\t\t\t\t<\/div>\n\t\t\t\t<\/div>\n\t\t<div class=\"elementor-element elementor-element-860164e e-con-full e-flex e-con e-child\" data-id=\"860164e\" data-element_type=\"container\">\n\t\t\t\t<div class=\"elementor-element elementor-element-066e1bd elementor-widget elementor-widget-image\" data-id=\"066e1bd\" data-element_type=\"widget\" data-widget_type=\"image.default\">\n\t\t\t\t\t\t\t\t\t\t\t\t<figure class=\"wp-caption\">\n\t\t\t\t\t\t\t\t\t\t\t<a href=\"https:\/\/monolit-okna.pl\/en\/aluminium\/ponzio\/procural-pe96\/\">\n\t\t\t\t\t\t\t<img decoding=\"async\" width=\"800\" height=\"800\" src=\"https:\/\/monolit-okna.pl\/wp-content\/uploads\/2026\/02\/PROCURAL_PE96.webp\" class=\"elementor-animation-shrink attachment-large size-large wp-image-13195\" alt=\"\" srcset=\"https:\/\/monolit-okna.pl\/wp-content\/uploads\/2026\/02\/PROCURAL_PE96.webp 960w, https:\/\/monolit-okna.pl\/wp-content\/uploads\/2026\/02\/PROCURAL_PE96-300x300.webp 300w, https:\/\/monolit-okna.pl\/wp-content\/uploads\/2026\/02\/PROCURAL_PE96-150x150.webp 150w, https:\/\/monolit-okna.pl\/wp-content\/uploads\/2026\/02\/PROCURAL_PE96-768x768.webp 768w, https:\/\/monolit-okna.pl\/wp-content\/uploads\/2026\/02\/PROCURAL_PE96-12x12.webp 12w\" sizes=\"(max-width: 800px) 100vw, 800px\" title=\"\">\t\t\t\t\t\t\t\t<\/a>\n\t\t\t\t\t\t\t\t\t\t\t<figcaption class=\"widget-image-caption wp-caption-text\">PE96<\/figcaption>\n\t\t\t\t\t\t\t\t\t\t<\/figure>\n\t\t\t\t\t\t\t\t\t<\/div>\n\t\t\t\t<\/div>\n\t\t<div class=\"elementor-element elementor-element-30b4490 e-con-full e-flex e-con e-child\" data-id=\"30b4490\" data-element_type=\"container\">\n\t\t\t\t<div class=\"elementor-element elementor-element-9aee110 elementor-widget elementor-widget-image\" data-id=\"9aee110\" data-element_type=\"widget\" data-widget_type=\"image.default\">\n\t\t\t\t\t\t\t\t\t\t\t\t<figure class=\"wp-caption\">\n\t\t\t\t\t\t\t\t\t\t\t<a href=\"https:\/\/monolit-okna.pl\/en\/aluminium\/ponzio\/ponzio-pe78n\/\">\n\t\t\t\t\t\t\t<img loading=\"lazy\" decoding=\"async\" width=\"483\" height=\"806\" src=\"https:\/\/monolit-okna.pl\/wp-content\/uploads\/2022\/06\/PE78N.png\" class=\"elementor-animation-shrink attachment-large size-large wp-image-1249\" alt=\"\" srcset=\"https:\/\/monolit-okna.pl\/wp-content\/uploads\/2022\/06\/PE78N.png 483w, https:\/\/monolit-okna.pl\/wp-content\/uploads\/2022\/06\/PE78N-180x300.png 180w\" sizes=\"(max-width: 483px) 100vw, 483px\" title=\"\">\t\t\t\t\t\t\t\t<\/a>\n\t\t\t\t\t\t\t\t\t\t\t<figcaption class=\"widget-image-caption wp-caption-text\">PE78N<\/figcaption>\n\t\t\t\t\t\t\t\t\t\t<\/figure>\n\t\t\t\t\t\t\t\t\t<\/div>\n\t\t\t\t<\/div>\n\t\t<div class=\"elementor-element elementor-element-890ab66 e-con-full e-flex e-con e-child\" data-id=\"890ab66\" data-element_type=\"container\">\n\t\t\t\t<div class=\"elementor-element elementor-element-2766a6e elementor-widget elementor-widget-image\" data-id=\"2766a6e\" data-element_type=\"widget\" data-widget_type=\"image.default\">\n\t\t\t\t\t\t\t\t\t\t\t\t<figure class=\"wp-caption\">\n\t\t\t\t\t\t\t\t\t\t\t<a href=\"https:\/\/monolit-okna.pl\/en\/aluminium\/ponzio\/procural-pe78-fold\/\">\n\t\t\t\t\t\t\t<img loading=\"lazy\" decoding=\"async\" width=\"800\" height=\"800\" src=\"https:\/\/monolit-okna.pl\/wp-content\/uploads\/2026\/02\/PE78N_FOLD.webp\" class=\"elementor-animation-shrink attachment-large size-large wp-image-13204\" alt=\"\" srcset=\"https:\/\/monolit-okna.pl\/wp-content\/uploads\/2026\/02\/PE78N_FOLD.webp 960w, https:\/\/monolit-okna.pl\/wp-content\/uploads\/2026\/02\/PE78N_FOLD-300x300.webp 300w, https:\/\/monolit-okna.pl\/wp-content\/uploads\/2026\/02\/PE78N_FOLD-150x150.webp 150w, https:\/\/monolit-okna.pl\/wp-content\/uploads\/2026\/02\/PE78N_FOLD-768x768.webp 768w, https:\/\/monolit-okna.pl\/wp-content\/uploads\/2026\/02\/PE78N_FOLD-12x12.webp 12w\" sizes=\"(max-width: 800px) 100vw, 800px\" title=\"\">\t\t\t\t\t\t\t\t<\/a>\n\t\t\t\t\t\t\t\t\t\t\t<figcaption class=\"widget-image-caption wp-caption-text\">PE78 FOLD<\/figcaption>\n\t\t\t\t\t\t\t\t\t\t<\/figure>\n\t\t\t\t\t\t\t\t\t<\/div>\n\t\t\t\t<\/div>\n\t\t<div class=\"elementor-element elementor-element-ed6a31c e-con-full e-flex e-con e-child\" data-id=\"ed6a31c\" data-element_type=\"container\">\n\t\t\t\t<div class=\"elementor-element elementor-element-9451f52 elementor-widget elementor-widget-image\" data-id=\"9451f52\" data-element_type=\"widget\" data-widget_type=\"image.default\">\n\t\t\t\t\t\t\t\t\t\t\t\t<figure class=\"wp-caption\">\n\t\t\t\t\t\t\t\t\t\t\t<a href=\"https:\/\/monolit-okna.pl\/en\/aluminium\/ponzio\/ponzio-sl1600\/\">\n\t\t\t\t\t\t\t<img loading=\"lazy\" decoding=\"async\" width=\"529\" height=\"851\" src=\"https:\/\/monolit-okna.pl\/wp-content\/uploads\/2022\/06\/SL1600.png\" class=\"elementor-animation-shrink attachment-large size-large wp-image-1256\" alt=\"SL1600\" srcset=\"https:\/\/monolit-okna.pl\/wp-content\/uploads\/2022\/06\/SL1600.png 529w, https:\/\/monolit-okna.pl\/wp-content\/uploads\/2022\/06\/SL1600-186x300.png 186w\" sizes=\"(max-width: 529px) 100vw, 529px\" title=\"\">\t\t\t\t\t\t\t\t<\/a>\n\t\t\t\t\t\t\t\t\t\t\t<figcaption class=\"widget-image-caption wp-caption-text\">SL1600<\/figcaption>\n\t\t\t\t\t\t\t\t\t\t<\/figure>\n\t\t\t\t\t\t\t\t\t<\/div>\n\t\t\t\t<\/div>\n\t\t<div class=\"elementor-element elementor-element-c08fe2d e-con-full e-flex e-con e-child\" data-id=\"c08fe2d\" data-element_type=\"container\">\n\t\t\t\t<div class=\"elementor-element elementor-element-6967f5a elementor-widget elementor-widget-image\" data-id=\"6967f5a\" data-element_type=\"widget\" data-widget_type=\"image.default\">\n\t\t\t\t\t\t\t\t\t\t\t\t<figure class=\"wp-caption\">\n\t\t\t\t\t\t\t\t\t\t\t<a href=\"https:\/\/monolit-okna.pl\/en\/aluminium\/ponzio\/procural-sl1800\/\">\n\t\t\t\t\t\t\t<img loading=\"lazy\" decoding=\"async\" width=\"800\" height=\"800\" src=\"https:\/\/monolit-okna.pl\/wp-content\/uploads\/2026\/02\/PROCURAL_SL1800.webp\" class=\"elementor-animation-shrink attachment-large size-large wp-image-13197\" alt=\"\" srcset=\"https:\/\/monolit-okna.pl\/wp-content\/uploads\/2026\/02\/PROCURAL_SL1800.webp 960w, https:\/\/monolit-okna.pl\/wp-content\/uploads\/2026\/02\/PROCURAL_SL1800-300x300.webp 300w, https:\/\/monolit-okna.pl\/wp-content\/uploads\/2026\/02\/PROCURAL_SL1800-150x150.webp 150w, https:\/\/monolit-okna.pl\/wp-content\/uploads\/2026\/02\/PROCURAL_SL1800-768x768.webp 768w, https:\/\/monolit-okna.pl\/wp-content\/uploads\/2026\/02\/PROCURAL_SL1800-12x12.webp 12w\" sizes=\"(max-width: 800px) 100vw, 800px\" title=\"\">\t\t\t\t\t\t\t\t<\/a>\n\t\t\t\t\t\t\t\t\t\t\t<figcaption class=\"widget-image-caption wp-caption-text\">SL1800<\/figcaption>\n\t\t\t\t\t\t\t\t\t\t<\/figure>\n\t\t\t\t\t\t\t\t\t<\/div>\n\t\t\t\t<\/div>\n\t\t<div class=\"elementor-element elementor-element-d081765 e-con-full e-flex e-con e-child\" data-id=\"d081765\" data-element_type=\"container\">\n\t\t\t\t<div class=\"elementor-element elementor-element-977ccfb elementor-widget elementor-widget-image\" data-id=\"977ccfb\" data-element_type=\"widget\" data-widget_type=\"image.default\">\n\t\t\t\t\t\t\t\t\t\t\t\t<figure class=\"wp-caption\">\n\t\t\t\t\t\t\t\t\t\t\t<a href=\"https:\/\/monolit-okna.pl\/en\/aluminium\/ponzio\/ponzio-pf152\/\">\n\t\t\t\t\t\t\t<img loading=\"lazy\" decoding=\"async\" width=\"800\" height=\"800\" src=\"https:\/\/monolit-okna.pl\/wp-content\/uploads\/2026\/02\/PROCURAL_PF152.webp\" class=\"elementor-animation-shrink attachment-large size-large wp-image-13196\" alt=\"\" srcset=\"https:\/\/monolit-okna.pl\/wp-content\/uploads\/2026\/02\/PROCURAL_PF152.webp 960w, https:\/\/monolit-okna.pl\/wp-content\/uploads\/2026\/02\/PROCURAL_PF152-300x300.webp 300w, https:\/\/monolit-okna.pl\/wp-content\/uploads\/2026\/02\/PROCURAL_PF152-150x150.webp 150w, https:\/\/monolit-okna.pl\/wp-content\/uploads\/2026\/02\/PROCURAL_PF152-768x768.webp 768w, https:\/\/monolit-okna.pl\/wp-content\/uploads\/2026\/02\/PROCURAL_PF152-12x12.webp 12w\" sizes=\"(max-width: 800px) 100vw, 800px\" title=\"\">\t\t\t\t\t\t\t\t<\/a>\n\t\t\t\t\t\t\t\t\t\t\t<figcaption class=\"widget-image-caption wp-caption-text\">PF152<\/figcaption>\n\t\t\t\t\t\t\t\t\t\t<\/figure>\n\t\t\t\t\t\t\t\t\t<\/div>\n\t\t\t\t<\/div>\n\t\t\t\t\t<\/div>\n\t\t\t\t<\/div>\n\t\t\t\t<section class=\"elementor-section elementor-top-section elementor-element elementor-element-5e7b25d3 elementor-section-boxed elementor-section-height-default elementor-section-height-default\" data-id=\"5e7b25d3\" data-element_type=\"section\">\n\t\t\t\t\t\t<div class=\"elementor-container elementor-column-gap-default\">\n\t\t\t\t\t<div class=\"elementor-column elementor-col-100 elementor-top-column elementor-element elementor-element-6d489c8e\" data-id=\"6d489c8e\" data-element_type=\"column\">\n\t\t\t<div class=\"elementor-widget-wrap elementor-element-populated\">\n\t\t\t\t\t\t<div class=\"elementor-element elementor-element-7a46efad elementor-widget elementor-widget-heading\" data-id=\"7a46efad\" data-element_type=\"widget\" data-widget_type=\"heading.default\">\n\t\t\t\t\t<h2 class=\"elementor-heading-title elementor-size-default translation-block\">MODERN <b>ALUMINUM<\/b> SYSTEMS<\/h2>\t\t\t\t<\/div>\n\t\t\t\t<div class=\"elementor-element elementor-element-7cf83570 elementor-widget elementor-widget-text-editor\" data-id=\"7cf83570\" data-element_type=\"widget\" data-widget_type=\"text-editor.default\">\n\t\t\t\t\t\t\t\t\t<p>PROCURAL aluminum building systems are used in window and door structures, facade walls, winter gardens, sunshades, as well as in various specialized solutions, including fire-resistant structures.<\/p>\n<p><strong>The innovative system solutions used in buildings\nwith various purposes meet the strict energy\nefficiency, comfort and security requirements.<\/strong><\/p>\n<p>The specialised window fittings ensure that after unlocking, the sash moves freely and with\nno resistance on the carriage, relative to the unopened parts of the structure. The locking\nmechanism provides gentle sash closing within the frame, thus enabling easy handling of\nthe slide doors.<\/p>\t\t\t\t\t\t\t\t<\/div>\n\t\t\t\t\t<\/div>\n\t\t<\/div>\n\t\t\t\t\t<\/div>\n\t\t<\/section>\n\t\t<div class=\"elementor-element elementor-element-59552c0 e-con-full e-flex e-con e-parent\" data-id=\"59552c0\" data-element_type=\"container\">\n\t\t\t\t<div class=\"elementor-element elementor-element-5262a5b elementor-widget elementor-widget-image\" data-id=\"5262a5b\" data-element_type=\"widget\" data-widget_type=\"image.default\">\n\t\t\t\t\t\t\t\t\t\t\t\t\t\t\t<img loading=\"lazy\" decoding=\"async\" width=\"1920\" height=\"1280\" src=\"https:\/\/monolit-okna.pl\/wp-content\/uploads\/2026\/04\/Procural_foto.webp\" class=\"attachment-full size-full wp-image-13615\" alt=\"\" srcset=\"https:\/\/monolit-okna.pl\/wp-content\/uploads\/2026\/04\/Procural_foto.webp 1920w, https:\/\/monolit-okna.pl\/wp-content\/uploads\/2026\/04\/Procural_foto-300x200.webp 300w, https:\/\/monolit-okna.pl\/wp-content\/uploads\/2026\/04\/Procural_foto-1024x683.webp 1024w, https:\/\/monolit-okna.pl\/wp-content\/uploads\/2026\/04\/Procural_foto-768x512.webp 768w, https:\/\/monolit-okna.pl\/wp-content\/uploads\/2026\/04\/Procural_foto-1536x1024.webp 1536w, https:\/\/monolit-okna.pl\/wp-content\/uploads\/2026\/04\/Procural_foto-18x12.webp 18w\" sizes=\"(max-width: 1920px) 100vw, 1920px\" title=\"\">\t\t\t\t\t\t\t\t\t\t\t\t\t\t\t<\/div>\n\t\t\t\t<\/div>\n\t\t\t\t<\/div>","protected":false},"excerpt":{"rendered":"<p>Procural PE50 PE68 PE96 PE78N PE78 FOLD SL1600 SL1800 PF152 NOWOCZESNE SYSTEMY ALUMINIOWE Aluminiowe systemy budowlane PROCURAL wykorzystywane s\u0105 w konstrukcjach okienno-drzwiowych, \u015bcianach fasadowych, ogrodach zimowych, os\u0142onach przeciws\u0142onecznych, jak r\u00f3wnie\u017c w wyspecjalizowanych rozwi\u0105zaniach r\u00f3\u017cnego typu, m.in. w konstrukcjach przeciwpo\u017carowych. Innowacyjne rozwi\u0105zania systemowe, zastosowane w budynkach o r\u00f3\u017cnorodnym przeznaczeniu, spe\u0142niaj\u0105 rygorystyczne wymogi energooszcz\u0119dno\u015bci, komfortu oraz bezpiecze\u0144stwa. [&hellip;]<\/p>\n","protected":false},"author":8,"featured_media":0,"parent":634,"menu_order":0,"comment_status":"closed","ping_status":"closed","template":"elementor_header_footer","meta":{"footnotes":""},"categories":[],"tags":[163,162,164,147,184,183,187,159,74,65,137,181,161,155,157,70,182,149,158,152,160,186,72,185,154,71,129,146,148,140,156,153,144],"class_list":["post-1291","page","type-page","status-publish","hentry","tag-drzwi-pcv-na-wymiar","tag-drzwi-zewnetrzne-pcv","tag-drzwi-zewnetrzne-pcv-cennik","tag-fabryka-okien","tag-firma-okien","tag-firmy-okien","tag-firmy-z-oknami","tag-katalog-okien","tag-monolit","tag-monolit-okna","tag-monolit-producent-okien-i-drzwi-pcv","tag-okna-firmy","tag-okna-online","tag-okna-pcv","tag-okna-pcv-producenci","tag-okna-pcv-producent","tag-okna-plastikowe-producent","tag-okna-producent","tag-okna-zambrow","tag-producenci-okien","tag-producenci-okien-pcv","tag-producent-drzwi-pcv","tag-producent-okien","tag-producent-okien-cennik","tag-producent-okien-i-drzwi","tag-producent-okien-pcv","tag-producent-okien-podlaskie","tag-producent-okna","tag-producent-okna-pcv","tag-produkcja-aluminium","tag-produkcja-okien-pcv","tag-program-czyste-powietrze","tag-zgrzew-v-perfect"],"_links":{"self":[{"href":"https:\/\/monolit-okna.pl\/en\/wp-json\/wp\/v2\/pages\/1291","targetHints":{"allow":["GET"]}}],"collection":[{"href":"https:\/\/monolit-okna.pl\/en\/wp-json\/wp\/v2\/pages"}],"about":[{"href":"https:\/\/monolit-okna.pl\/en\/wp-json\/wp\/v2\/types\/page"}],"author":[{"embeddable":true,"href":"https:\/\/monolit-okna.pl\/en\/wp-json\/wp\/v2\/users\/8"}],"replies":[{"embeddable":true,"href":"https:\/\/monolit-okna.pl\/en\/wp-json\/wp\/v2\/comments?post=1291"}],"version-history":[{"count":18,"href":"https:\/\/monolit-okna.pl\/en\/wp-json\/wp\/v2\/pages\/1291\/revisions"}],"predecessor-version":[{"id":13618,"href":"https:\/\/monolit-okna.pl\/en\/wp-json\/wp\/v2\/pages\/1291\/revisions\/13618"}],"up":[{"embeddable":true,"href":"https:\/\/monolit-okna.pl\/en\/wp-json\/wp\/v2\/pages\/634"}],"wp:attachment":[{"href":"https:\/\/monolit-okna.pl\/en\/wp-json\/wp\/v2\/media?parent=1291"}],"wp:term":[{"taxonomy":"category","embeddable":true,"href":"https:\/\/monolit-okna.pl\/en\/wp-json\/wp\/v2\/categories?post=1291"},{"taxonomy":"post_tag","embeddable":true,"href":"https:\/\/monolit-okna.pl\/en\/wp-json\/wp\/v2\/tags?post=1291"}],"curies":[{"name":"wp","href":"https:\/\/api.w.org\/{rel}","templated":true}]}}