{"id":5576,"date":"2023-04-20T09:16:06","date_gmt":"2023-04-20T07:16:06","guid":{"rendered":"https:\/\/monolit-okna.pl\/?page_id=5576"},"modified":"2025-12-10T10:31:11","modified_gmt":"2025-12-10T09:31:11","slug":"katalog-wersje-jezykowe","status":"publish","type":"page","link":"https:\/\/monolit-okna.pl\/de\/katalog-wersje-jezykowe\/","title":{"rendered":"Katalog \u2013 Sprachversionen"},"content":{"rendered":"<div data-elementor-type=\"wp-post\" data-elementor-id=\"5576\" class=\"elementor elementor-5576\" data-elementor-post-type=\"page\">\n\t\t\t\t\t\t<section class=\"elementor-section elementor-top-section elementor-element elementor-element-c94ae90 elementor-section-boxed elementor-section-height-default elementor-section-height-default\" data-id=\"c94ae90\" data-element_type=\"section\">\n\t\t\t\t\t\t<div class=\"elementor-container elementor-column-gap-default\">\n\t\t\t\t\t<div class=\"elementor-column elementor-col-100 elementor-top-column elementor-element elementor-element-e386d7c\" data-id=\"e386d7c\" data-element_type=\"column\" data-settings=\"{&quot;background_background&quot;:&quot;classic&quot;}\">\n\t\t\t<div class=\"elementor-widget-wrap elementor-element-populated\">\n\t\t\t\t\t\t<div class=\"elementor-element elementor-element-307ed09 elementor-widget elementor-widget-heading\" data-id=\"307ed09\" data-element_type=\"widget\" data-widget_type=\"heading.default\">\n\t\t\t\t\t<h1 class=\"elementor-heading-title elementor-size-default\">ZUM HERUNTERLADEN<\/h1>\t\t\t\t<\/div>\n\t\t\t\t\t<\/div>\n\t\t<\/div>\n\t\t\t\t\t<\/div>\n\t\t<\/section>\n\t\t\t\t<section class=\"elementor-section elementor-top-section elementor-element elementor-element-aeb0459 elementor-section-full_width elementor-section-height-default elementor-section-height-default\" data-id=\"aeb0459\" data-element_type=\"section\">\n\t\t\t\t\t\t<div class=\"elementor-container elementor-column-gap-default\">\n\t\t\t\t\t<div class=\"elementor-column elementor-col-100 elementor-top-column elementor-element elementor-element-f418d7a\" data-id=\"f418d7a\" data-element_type=\"column\">\n\t\t\t<div class=\"elementor-widget-wrap elementor-element-populated\">\n\t\t\t\t\t\t<div class=\"elementor-element elementor-element-51813d1 elementor-widget elementor-widget-heading\" data-id=\"51813d1\" data-element_type=\"widget\" data-widget_type=\"heading.default\">\n\t\t\t\t\t<h2 class=\"elementor-heading-title elementor-size-default\">Dokumente zum Herunterladen<\/h2>\t\t\t\t<\/div>\n\t\t\t\t<div class=\"elementor-element elementor-element-d61f060 elementor-widget-divider--view-line_text elementor-widget-divider--element-align-center elementor-widget elementor-widget-divider\" data-id=\"d61f060\" data-element_type=\"widget\" data-widget_type=\"divider.default\">\n\t\t\t\t\t\t\t<div class=\"elementor-divider\">\n\t\t\t<span class=\"elementor-divider-separator\">\n\t\t\t\t\t\t\t<h3 class=\"elementor-divider__text elementor-divider__element\">\n\t\t\t\tSprachversionen der Kataloge\t\t\t\t<\/h3>\n\t\t\t\t\t\t<\/span>\n\t\t<\/div>\n\t\t\t\t\t\t<\/div>\n\t\t\t\t<section class=\"elementor-section elementor-inner-section elementor-element elementor-element-1791652 elementor-section-full_width elementor-section-height-default elementor-section-height-default\" data-id=\"1791652\" data-element_type=\"section\">\n\t\t\t\t\t\t<div class=\"elementor-container elementor-column-gap-default\">\n\t\t\t\t\t<div class=\"elementor-column elementor-col-14 elementor-inner-column elementor-element elementor-element-982712f\" data-id=\"982712f\" data-element_type=\"column\">\n\t\t\t<div class=\"elementor-widget-wrap elementor-element-populated\">\n\t\t\t\t\t\t<div class=\"elementor-element elementor-element-0e987eb elementor-position-top elementor-widget elementor-widget-image-box\" data-id=\"0e987eb\" data-element_type=\"widget\" data-widget_type=\"image-box.default\">\n\t\t\t\t\t<div class=\"elementor-image-box-wrapper\"><figure class=\"elementor-image-box-img\"><img decoding=\"async\" width=\"128\" height=\"96\" src=\"https:\/\/monolit-okna.pl\/wp-content\/uploads\/2022\/06\/pl-1.jpg\" class=\"attachment-full size-full wp-image-3224\" alt=\"\" title=\"\"><\/figure><div class=\"elementor-image-box-content\"><div class=\"elementor-image-box-title\">Polnisch<\/div><\/div><\/div>\t\t\t\t<\/div>\n\t\t\t\t<div class=\"elementor-element elementor-element-d1f7800 elementor-widget elementor-widget-heading\" data-id=\"d1f7800\" data-element_type=\"widget\" data-widget_type=\"heading.default\">\n\t\t\t\t\t<h3 class=\"elementor-heading-title elementor-size-default\"><a href=\"https:\/\/monolit-okna.pl\/wp-content\/uploads\/2025\/12\/Katalog_Monolit_PL.pdf\">PL-Katalog<\/a><\/h3>\t\t\t\t<\/div>\n\t\t\t\t\t<\/div>\n\t\t<\/div>\n\t\t\t\t<div class=\"elementor-column elementor-col-14 elementor-inner-column elementor-element elementor-element-b6b55e7\" data-id=\"b6b55e7\" data-element_type=\"column\">\n\t\t\t<div class=\"elementor-widget-wrap elementor-element-populated\">\n\t\t\t\t\t\t<div class=\"elementor-element elementor-element-3e16608 elementor-position-top elementor-widget elementor-widget-image-box\" data-id=\"3e16608\" data-element_type=\"widget\" data-widget_type=\"image-box.default\">\n\t\t\t\t\t<div class=\"elementor-image-box-wrapper\"><figure class=\"elementor-image-box-img\"><img decoding=\"async\" width=\"128\" height=\"96\" src=\"https:\/\/monolit-okna.pl\/wp-content\/uploads\/2022\/06\/eng.jpg\" class=\"attachment-full size-full wp-image-3252\" alt=\"\" title=\"\"><\/figure><div class=\"elementor-image-box-content\"><div class=\"elementor-image-box-title\">Englisch<\/div><\/div><\/div>\t\t\t\t<\/div>\n\t\t\t\t<div class=\"elementor-element elementor-element-d03bc8b elementor-widget elementor-widget-heading\" data-id=\"d03bc8b\" data-element_type=\"widget\" data-widget_type=\"heading.default\">\n\t\t\t\t\t<h3 class=\"elementor-heading-title elementor-size-default\"><a href=\"https:\/\/monolit-okna.pl\/wp-content\/uploads\/2025\/12\/Katalog_Monolit_EN_08_12_2025.pdf\">EN-Katalog<\/a><\/h3>\t\t\t\t<\/div>\n\t\t\t\t\t<\/div>\n\t\t<\/div>\n\t\t\t\t<div class=\"elementor-column elementor-col-14 elementor-inner-column elementor-element elementor-element-1211ba3\" data-id=\"1211ba3\" data-element_type=\"column\">\n\t\t\t<div class=\"elementor-widget-wrap elementor-element-populated\">\n\t\t\t\t\t\t<div class=\"elementor-element elementor-element-a628fbd elementor-position-top elementor-widget elementor-widget-image-box\" data-id=\"a628fbd\" data-element_type=\"widget\" data-widget_type=\"image-box.default\">\n\t\t\t\t\t<div class=\"elementor-image-box-wrapper\"><figure class=\"elementor-image-box-img\"><img decoding=\"async\" width=\"128\" height=\"96\" src=\"https:\/\/monolit-okna.pl\/wp-content\/uploads\/2022\/06\/de.jpg\" class=\"attachment-full size-full wp-image-3266\" alt=\"Deutsch\" title=\"\"><\/figure><div class=\"elementor-image-box-content\"><div class=\"elementor-image-box-title\">Deutsch<\/div><\/div><\/div>\t\t\t\t<\/div>\n\t\t\t\t<div class=\"elementor-element elementor-element-1e1e255 elementor-widget elementor-widget-heading\" data-id=\"1e1e255\" data-element_type=\"widget\" data-widget_type=\"heading.default\">\n\t\t\t\t\t<h3 class=\"elementor-heading-title elementor-size-default\"><a href=\"https:\/\/monolit-okna.pl\/wp-content\/uploads\/2025\/12\/Katalog_Monolit_DE_03_12_2025.pdf\">DE-Katalog<\/a><\/h3>\t\t\t\t<\/div>\n\t\t\t\t\t<\/div>\n\t\t<\/div>\n\t\t\t\t<div class=\"elementor-column elementor-col-14 elementor-inner-column elementor-element elementor-element-4b0f626\" data-id=\"4b0f626\" data-element_type=\"column\">\n\t\t\t<div class=\"elementor-widget-wrap elementor-element-populated\">\n\t\t\t\t\t\t<div class=\"elementor-element elementor-element-073c553 elementor-widget__width-initial elementor-position-top elementor-widget elementor-widget-image-box\" data-id=\"073c553\" data-element_type=\"widget\" data-widget_type=\"image-box.default\">\n\t\t\t\t\t<div class=\"elementor-image-box-wrapper\"><figure class=\"elementor-image-box-img\"><img loading=\"lazy\" decoding=\"async\" width=\"128\" height=\"96\" src=\"https:\/\/monolit-okna.pl\/wp-content\/uploads\/2023\/04\/rosyja.jpg\" class=\"attachment-full size-full wp-image-5514\" alt=\"\" title=\"\" srcset=\"https:\/\/monolit-okna.pl\/wp-content\/uploads\/2023\/04\/rosyja.jpg 128w, https:\/\/monolit-okna.pl\/wp-content\/uploads\/2023\/04\/rosyja-16x12.jpg 16w\" sizes=\"(max-width: 128px) 100vw, 128px\" \/><\/figure><div class=\"elementor-image-box-content\"><div class=\"elementor-image-box-title\">Russisch<\/div><\/div><\/div>\t\t\t\t<\/div>\n\t\t\t\t<div class=\"elementor-element elementor-element-270ea0d elementor-widget elementor-widget-heading\" data-id=\"270ea0d\" data-element_type=\"widget\" data-widget_type=\"heading.default\">\n\t\t\t\t\t<h3 class=\"elementor-heading-title elementor-size-default\"><a href=\"https:\/\/monolit-okna.pl\/wp-content\/uploads\/2023\/06\/katalog_RU_2023_internet.pdf\">RU-Katalog<\/a><\/h3>\t\t\t\t<\/div>\n\t\t\t\t\t<\/div>\n\t\t<\/div>\n\t\t\t\t<div class=\"elementor-column elementor-col-14 elementor-inner-column elementor-element elementor-element-ec48f5c\" data-id=\"ec48f5c\" data-element_type=\"column\">\n\t\t\t<div class=\"elementor-widget-wrap elementor-element-populated\">\n\t\t\t\t\t\t<div class=\"elementor-element elementor-element-d4195e1 elementor-position-top elementor-widget elementor-widget-image-box\" data-id=\"d4195e1\" data-element_type=\"widget\" data-widget_type=\"image-box.default\">\n\t\t\t\t\t<div class=\"elementor-image-box-wrapper\"><figure class=\"elementor-image-box-img\"><img loading=\"lazy\" decoding=\"async\" width=\"128\" height=\"94\" src=\"https:\/\/monolit-okna.pl\/wp-content\/uploads\/2022\/08\/SLOWACKI.jpg\" class=\"attachment-full size-full wp-image-3708\" alt=\"\" title=\"\"><\/figure><div class=\"elementor-image-box-content\"><div class=\"elementor-image-box-title\">Slowakisch<\/div><\/div><\/div>\t\t\t\t<\/div>\n\t\t\t\t<div class=\"elementor-element elementor-element-22ea3c3 elementor-widget elementor-widget-heading\" data-id=\"22ea3c3\" data-element_type=\"widget\" data-widget_type=\"heading.default\">\n\t\t\t\t\t<h3 class=\"elementor-heading-title elementor-size-default\"><a href=\"https:\/\/monolit-okna.pl\/wp-content\/uploads\/2024\/02\/katalog_SK_2024_internet.pdf\">SK-Katalog<\/a><\/h3>\t\t\t\t<\/div>\n\t\t\t\t\t<\/div>\n\t\t<\/div>\n\t\t\t\t<div class=\"elementor-column elementor-col-14 elementor-inner-column elementor-element elementor-element-9011978\" data-id=\"9011978\" data-element_type=\"column\">\n\t\t\t<div class=\"elementor-widget-wrap elementor-element-populated\">\n\t\t\t\t\t\t<div class=\"elementor-element elementor-element-34459c7 elementor-position-top elementor-widget elementor-widget-image-box\" data-id=\"34459c7\" data-element_type=\"widget\" data-widget_type=\"image-box.default\">\n\t\t\t\t\t<div class=\"elementor-image-box-wrapper\"><figure class=\"elementor-image-box-img\"><img loading=\"lazy\" decoding=\"async\" width=\"128\" height=\"94\" src=\"https:\/\/monolit-okna.pl\/wp-content\/uploads\/2022\/09\/WEGIERSKI.jpg\" class=\"attachment-full size-full wp-image-3911\" alt=\"\" title=\"\"><\/figure><div class=\"elementor-image-box-content\"><div class=\"elementor-image-box-title\">Ungarisch<\/div><\/div><\/div>\t\t\t\t<\/div>\n\t\t\t\t<div class=\"elementor-element elementor-element-9d9f4a7 elementor-widget elementor-widget-heading\" data-id=\"9d9f4a7\" data-element_type=\"widget\" data-widget_type=\"heading.default\">\n\t\t\t\t\t<h3 class=\"elementor-heading-title elementor-size-default\"><a href=\"https:\/\/monolit-okna.pl\/wp-content\/uploads\/2023\/06\/katalog_HU_2023_internet.pdf\">HU-Katalog<\/a><\/h3>\t\t\t\t<\/div>\n\t\t\t\t\t<\/div>\n\t\t<\/div>\n\t\t\t\t<div class=\"elementor-column elementor-col-14 elementor-inner-column elementor-element elementor-element-3d4c546\" data-id=\"3d4c546\" data-element_type=\"column\">\n\t\t\t<div class=\"elementor-widget-wrap elementor-element-populated\">\n\t\t\t\t\t\t<div class=\"elementor-element elementor-element-c364581 elementor-position-top elementor-widget elementor-widget-image-box\" data-id=\"c364581\" data-element_type=\"widget\" data-widget_type=\"image-box.default\">\n\t\t\t\t\t<div class=\"elementor-image-box-wrapper\"><figure class=\"elementor-image-box-img\"><img loading=\"lazy\" decoding=\"async\" width=\"128\" height=\"94\" src=\"https:\/\/monolit-okna.pl\/wp-content\/uploads\/2023\/11\/WLOSKI-jpg.webp\" class=\"attachment-full size-full wp-image-9127\" alt=\"\" title=\"\" srcset=\"https:\/\/monolit-okna.pl\/wp-content\/uploads\/2023\/11\/WLOSKI-jpg.webp 128w, https:\/\/monolit-okna.pl\/wp-content\/uploads\/2023\/11\/WLOSKI-16x12.webp 16w\" sizes=\"(max-width: 128px) 100vw, 128px\" \/><\/figure><div class=\"elementor-image-box-content\"><div class=\"elementor-image-box-title\">ITALIENISCH<\/div><\/div><\/div>\t\t\t\t<\/div>\n\t\t\t\t<div class=\"elementor-element elementor-element-b89bd52 elementor-widget elementor-widget-heading\" data-id=\"b89bd52\" data-element_type=\"widget\" data-widget_type=\"heading.default\">\n\t\t\t\t\t<h3 class=\"elementor-heading-title elementor-size-default\"><a href=\"https:\/\/monolit-okna.pl\/wp-content\/uploads\/2024\/08\/Catalogo_prodotti_IT_2024_internet.pdf\">IT-Katalog<\/a><\/h3>\t\t\t\t<\/div>\n\t\t\t\t\t<\/div>\n\t\t<\/div>\n\t\t\t\t\t<\/div>\n\t\t<\/section>\n\t\t\t\t\t<\/div>\n\t\t<\/div>\n\t\t\t\t\t<\/div>\n\t\t<\/section>\n\t\t\t\t<\/div>","protected":false},"excerpt":{"rendered":"<p>Do pobrania Dokumenty do pobrania Wersje j\u0119zykowe Katalog\u00f3w Polski Katalog PL Angielski Katalog EN Niemiecki Katalog DE Rosyjski Katalog RU S\u0141OWACKI Katalog SK W\u0118GIERSKI Katalog HU W\u0141OSKI Katalog IT<\/p>","protected":false},"author":8,"featured_media":0,"parent":0,"menu_order":0,"comment_status":"closed","ping_status":"closed","template":"elementor_header_footer","meta":{"footnotes":""},"categories":[],"tags":[163,162,164,147,184,183,187,159,74,65,137,181,161,155,157,70,182,149,158,152,160,186,72,185,154,71,129,146,148,140,156,153,144],"class_list":["post-5576","page","type-page","status-publish","hentry","tag-drzwi-pcv-na-wymiar","tag-drzwi-zewnetrzne-pcv","tag-drzwi-zewnetrzne-pcv-cennik","tag-fabryka-okien","tag-firma-okien","tag-firmy-okien","tag-firmy-z-oknami","tag-katalog-okien","tag-monolit","tag-monolit-okna","tag-monolit-producent-okien-i-drzwi-pcv","tag-okna-firmy","tag-okna-online","tag-okna-pcv","tag-okna-pcv-producenci","tag-okna-pcv-producent","tag-okna-plastikowe-producent","tag-okna-producent","tag-okna-zambrow","tag-producenci-okien","tag-producenci-okien-pcv","tag-producent-drzwi-pcv","tag-producent-okien","tag-producent-okien-cennik","tag-producent-okien-i-drzwi","tag-producent-okien-pcv","tag-producent-okien-podlaskie","tag-producent-okna","tag-producent-okna-pcv","tag-produkcja-aluminium","tag-produkcja-okien-pcv","tag-program-czyste-powietrze","tag-zgrzew-v-perfect"],"_links":{"self":[{"href":"https:\/\/monolit-okna.pl\/de\/wp-json\/wp\/v2\/pages\/5576","targetHints":{"allow":["GET"]}}],"collection":[{"href":"https:\/\/monolit-okna.pl\/de\/wp-json\/wp\/v2\/pages"}],"about":[{"href":"https:\/\/monolit-okna.pl\/de\/wp-json\/wp\/v2\/types\/page"}],"author":[{"embeddable":true,"href":"https:\/\/monolit-okna.pl\/de\/wp-json\/wp\/v2\/users\/8"}],"replies":[{"embeddable":true,"href":"https:\/\/monolit-okna.pl\/de\/wp-json\/wp\/v2\/comments?post=5576"}],"version-history":[{"count":4,"href":"https:\/\/monolit-okna.pl\/de\/wp-json\/wp\/v2\/pages\/5576\/revisions"}],"predecessor-version":[{"id":13139,"href":"https:\/\/monolit-okna.pl\/de\/wp-json\/wp\/v2\/pages\/5576\/revisions\/13139"}],"wp:attachment":[{"href":"https:\/\/monolit-okna.pl\/de\/wp-json\/wp\/v2\/media?parent=5576"}],"wp:term":[{"taxonomy":"category","embeddable":true,"href":"https:\/\/monolit-okna.pl\/de\/wp-json\/wp\/v2\/categories?post=5576"},{"taxonomy":"post_tag","embeddable":true,"href":"https:\/\/monolit-okna.pl\/de\/wp-json\/wp\/v2\/tags?post=5576"}],"curies":[{"name":"wp","href":"https:\/\/api.w.org\/{rel}","templated":true}]}}