{"id":4409,"date":"2023-01-11T08:47:58","date_gmt":"2023-01-11T07:47:58","guid":{"rendered":"https:\/\/monolit-okna.pl\/?page_id=4409"},"modified":"2023-09-05T13:53:31","modified_gmt":"2023-09-05T11:53:31","slug":"klauzula-informacyjna-rodo","status":"publish","type":"page","link":"https:\/\/monolit-okna.pl\/de\/klauzula-informacyjna-rodo\/","title":{"rendered":"DSGVO-Informationsklausel"},"content":{"rendered":"<div data-elementor-type=\"wp-page\" data-elementor-id=\"4409\" class=\"elementor elementor-4409\" data-elementor-post-type=\"page\">\n\t\t\t\t\t\t<section class=\"elementor-section elementor-top-section elementor-element elementor-element-5991b5e0 elementor-section-boxed elementor-section-height-default elementor-section-height-default\" data-id=\"5991b5e0\" data-element_type=\"section\">\n\t\t\t\t\t\t<div class=\"elementor-container elementor-column-gap-default\">\n\t\t\t\t\t<div class=\"elementor-column elementor-col-100 elementor-top-column elementor-element elementor-element-47544bc9\" data-id=\"47544bc9\" data-element_type=\"column\">\n\t\t\t<div class=\"elementor-widget-wrap elementor-element-populated\">\n\t\t\t\t\t\t<div class=\"elementor-element elementor-element-40f89d5 elementor-widget elementor-widget-text-editor\" data-id=\"40f89d5\" data-element_type=\"widget\" data-widget_type=\"text-editor.default\">\n\t\t\t\t\t\t\t\t\t<h2>Sicherheitsrichtlinie \u2013 DSGVO-Informationsklausel<\/h2><p><b> <\/b><span style=\"letter-spacing: 0.4px; color: var( --e-global-color-text ); font-family: var( --e-global-typography-text-font-family ), Sans-serif; font-weight: var( --e-global-typography-text-font-weight );\"> Gem\u00e4\u00df Artikel 13 Abs\u00e4tze 1 und 2 der Verordnung (EU) 2016\/679 des Europ\u00e4ischen Parlaments und des Rates vom 27. April 2016 zum Schutz nat\u00fcrlicher Personen bei der Verarbeitung personenbezogener Daten, zum freien Datenverkehr und zur Aufhebung der Richtlinie 95\/46\/EG (Datenschutz-Grundverordnung) informieren wir Sie dar\u00fcber, dass: <\/span><\/p><ol><li value=\"1\">Der Administrator Ihrer pers\u00f6nlichen Daten ist MONOLIT Micha\u0142 Godlewski, 18300 Zambr\u00f3w, ul.<br \/>Schie\u00dfstand 12, NIP: 7231542265, REGON: 200164221.<\/li><\/ol><ol><li value=\"2\">Bei Fragen zum Schutz personenbezogener Daten wenden Sie sich bitte an die Gesch\u00e4ftsleitung des Unternehmens unter der oben genannten Adresse.<\/li><\/ol><ol><li value=\"3\">Ihre personenbezogenen Daten werden zu folgenden Zwecken verarbeitet:<\/li><\/ol><p>\u00a0<\/p><ol>a. zur Erf\u00fcllung des Vertrags und auf Grundlage des von Ihnen mit dem Verantwortlichen geschlossenen Vertrags (Artikel 6 Absatz 1 Buchstabe b der Datenschutz-Grundverordnung),<\/ol><ol>b. zur Erf\u00fcllung der dem Verantwortlichen obliegenden gesetzlichen Verpflichtungen, insbesondere nach dem Rechnungslegungsgesetz, dem K\u00f6rperschaftsteuergesetz, dem Abgabengesetz, dem Gesetz zur Bek\u00e4mpfung von Geldw\u00e4sche und Terrorismusfinanzierung, dem Unternehmergesetz und anderen Gesetzen (Artikel 6 Absatz 1 Buchstabe c der Datenschutz-Grundverordnung).<\/ol><ol>c. zu Beweiszwecken, zum Zweck der Feststellung von Tatsachen und zur Geltendmachung, Abwehr und Verfolgung von Anspr\u00fcchen des Verantwortlichen, was unser berechtigtes Interesse darstellt (Artikel 6 Absatz 1 Buchstabe f der Datenschutz-Grundverordnung).<\/ol><ol>d. Erstellung von Analysen, Zusammenfassungen und Statistiken f\u00fcr den Verantwortlichen, was unser berechtigtes Interesse darstellt (Artikel 6 Absatz 1 Buchstabe f der Datenschutz-Grundverordnung).<\/ol><p>\u00a0<\/p><ol><li value=\"4\">Die Verarbeiter Ihrer personenbezogenen Daten k\u00f6nnen Unternehmen sein, die Dienstleistungen f\u00fcr den Datenverantwortlichen erbringen.<br \/>Beratung, Verwaltung, Buchhaltung, Marketing, Recht, IT, Versicherung, Banken, Finanz- und Versicherungsvermittler, Postbetreiber, Kurierdienste, Clearingstellen und Abwicklungsstellen, externe Wirtschaftspr\u00fcfer, Aufsichtsbeh\u00f6rden.<\/li><\/ol><ol><li value=\"5\">Ihre personenbezogenen Daten werden f\u00fcr einen Zeitraum von 10 Jahren ab dem Zeitpunkt der Beendigung der gegenseitigen Gesch\u00e4ftsbeziehung gespeichert.<br \/>es sei denn, die Vorschriften schreiben ausdr\u00fccklich eine l\u00e4ngere Bearbeitungszeit vor.<\/li><\/ol><ol><li value=\"6\">Sie haben das Recht, auf Ihre Daten zuzugreifen und diese gegebenenfalls zu berichtigen.<br \/>Unvereinbarkeit mit dem Ist-Zustand, L\u00f6schung, Einschr\u00e4nkung der Verarbeitung, Recht auf Daten\u00fcbertragbarkeit, Recht auf Vergessenwerden, Widerspruchsrecht, Recht auf jederzeitigen Widerruf der Einwilligung ohne Beeintr\u00e4chtigung der Rechtm\u00e4\u00dfigkeit der Verarbeitung (sofern die Verarbeitung auf der Einwilligung beruht), die vor dem Widerruf auf der Grundlage der Einwilligung erfolgte.<\/li><\/ol><ol><li value=\"7\">Sie haben das Recht, eine Beschwerde beim Amt f\u00fcr den Schutz personenbezogener Daten einzureichen, wenn Sie der Ansicht sind, dass<br \/>Die Verarbeitung Ihrer personenbezogenen Daten verst\u00f6\u00dft gegen die Bestimmungen der Datenschutz-Grundverordnung.<br \/>Datenschutz.<\/li><\/ol><ol><li value=\"8\">Der Besitz Ihrer personenbezogenen Daten ist f\u00fcr die Erf\u00fcllung des Vertrags oder der Verpflichtungen erforderlich.<br \/>Administrator aufgrund gesetzlicher Bestimmungen.<\/li><\/ol><p>\u00a0<\/p>\t\t\t\t\t\t\t\t<\/div>\n\t\t\t\t\t<\/div>\n\t\t<\/div>\n\t\t\t\t\t<\/div>\n\t\t<\/section>\n\t\t\t\t<\/div>","protected":false},"excerpt":{"rendered":"<p>Polityka Bezpiecze\u0144stwa &#8211; klauzula informacyjna RODO Zgodnie z art. 13 ust. 1 i ust. 2 Rozporz\u0105dzenia Parlamentu Europejskiego i Rady (UE) 2016\/679 z dnia 27 kwietnia 2016r. w sprawie ochrony os\u00f3b fizycznych w zwi\u0105zku z przetwarzaniem danych osobowych i w sprawie swobodnego przep\u0142ywu takich danych oraz uchylenia dyrektywy 95\/46\/WE (og\u00f3lne rozporz\u0105dzenie o ochronie danych) informujemy, [&hellip;]<\/p>\n","protected":false},"author":8,"featured_media":0,"parent":0,"menu_order":0,"comment_status":"closed","ping_status":"closed","template":"","meta":{"footnotes":""},"categories":[],"tags":[163,162,164,147,184,183,187,159,74,65,137,181,161,155,157,70,182,149,158,152,160,186,72,185,154,71,129,146,148,140,156,153,144],"class_list":["post-4409","page","type-page","status-publish","hentry","tag-drzwi-pcv-na-wymiar","tag-drzwi-zewnetrzne-pcv","tag-drzwi-zewnetrzne-pcv-cennik","tag-fabryka-okien","tag-firma-okien","tag-firmy-okien","tag-firmy-z-oknami","tag-katalog-okien","tag-monolit","tag-monolit-okna","tag-monolit-producent-okien-i-drzwi-pcv","tag-okna-firmy","tag-okna-online","tag-okna-pcv","tag-okna-pcv-producenci","tag-okna-pcv-producent","tag-okna-plastikowe-producent","tag-okna-producent","tag-okna-zambrow","tag-producenci-okien","tag-producenci-okien-pcv","tag-producent-drzwi-pcv","tag-producent-okien","tag-producent-okien-cennik","tag-producent-okien-i-drzwi","tag-producent-okien-pcv","tag-producent-okien-podlaskie","tag-producent-okna","tag-producent-okna-pcv","tag-produkcja-aluminium","tag-produkcja-okien-pcv","tag-program-czyste-powietrze","tag-zgrzew-v-perfect"],"_links":{"self":[{"href":"https:\/\/monolit-okna.pl\/de\/wp-json\/wp\/v2\/pages\/4409","targetHints":{"allow":["GET"]}}],"collection":[{"href":"https:\/\/monolit-okna.pl\/de\/wp-json\/wp\/v2\/pages"}],"about":[{"href":"https:\/\/monolit-okna.pl\/de\/wp-json\/wp\/v2\/types\/page"}],"author":[{"embeddable":true,"href":"https:\/\/monolit-okna.pl\/de\/wp-json\/wp\/v2\/users\/8"}],"replies":[{"embeddable":true,"href":"https:\/\/monolit-okna.pl\/de\/wp-json\/wp\/v2\/comments?post=4409"}],"version-history":[{"count":0,"href":"https:\/\/monolit-okna.pl\/de\/wp-json\/wp\/v2\/pages\/4409\/revisions"}],"wp:attachment":[{"href":"https:\/\/monolit-okna.pl\/de\/wp-json\/wp\/v2\/media?parent=4409"}],"wp:term":[{"taxonomy":"category","embeddable":true,"href":"https:\/\/monolit-okna.pl\/de\/wp-json\/wp\/v2\/categories?post=4409"},{"taxonomy":"post_tag","embeddable":true,"href":"https:\/\/monolit-okna.pl\/de\/wp-json\/wp\/v2\/tags?post=4409"}],"curies":[{"name":"wp","href":"https:\/\/api.w.org\/{rel}","templated":true}]}}