{"id":3576,"date":"2022-08-05T12:02:21","date_gmt":"2022-08-05T10:02:21","guid":{"rendered":"https:\/\/monolit-okna.pl\/?page_id=3576"},"modified":"2023-09-05T14:26:09","modified_gmt":"2023-09-05T12:26:09","slug":"regulamin","status":"publish","type":"page","link":"https:\/\/monolit-okna.pl\/de\/regulamin\/","title":{"rendered":"GESCH\u00c4FTSORDNUNG"},"content":{"rendered":"<div data-elementor-type=\"wp-page\" data-elementor-id=\"3576\" class=\"elementor elementor-3576\" data-elementor-post-type=\"page\">\n\t\t\t\t\t\t<section class=\"elementor-section elementor-top-section elementor-element elementor-element-5991b5e0 elementor-section-boxed elementor-section-height-default elementor-section-height-default\" data-id=\"5991b5e0\" data-element_type=\"section\">\n\t\t\t\t\t\t<div class=\"elementor-container elementor-column-gap-default\">\n\t\t\t\t\t<div class=\"elementor-column elementor-col-100 elementor-top-column elementor-element elementor-element-47544bc9\" data-id=\"47544bc9\" data-element_type=\"column\">\n\t\t\t<div class=\"elementor-widget-wrap elementor-element-populated\">\n\t\t\t\t\t\t<div class=\"elementor-element elementor-element-40f89d5 elementor-widget elementor-widget-text-editor\" data-id=\"40f89d5\" data-element_type=\"widget\" data-widget_type=\"text-editor.default\">\n\t\t\t\t\t\t\t\t\t<h1>GESCH\u00c4FTSORDNUNG<\/h1>\n<h2>Allgemeine Bestimmungen<\/h2>\nGesch\u00e4ftsordnung der Website www.monolit-okna.pl (im Folgenden als \u201eGesch\u00e4ftsordnung\u201c bezeichnet) definiert die Bedingungen f\u00fcr die Nutzung der Website www.monolit-okna.pl (im Folgenden als \u201eWebsite\u201c bezeichnet) sowie die Rechte und Pflichten des Eigent\u00fcmers und der Benutzer der Website. Mit dem Zugriff auf diese Website akzeptieren Sie die Verbindlichkeit dieses rechtlichen Hinweises. Der Benutzer, der sich nicht an die Bestimmungen dieses Hinweises h\u00e4lt, wird aufgefordert, die Website nicht zu benutzen. Geistige Eigentumsrechte. Alle Inhalte auf www.monolit-okna.pl sind urheberrechtlich gesch\u00fctzt und sind Eigentum dieser Website.\n\n<\/=h2>Der Besucher haftet<\/h2>\nin vollem Umfang f\u00fcr alle Sch\u00e4den, die dem Eigent\u00fcmer durch die Verwendung von Inhalten auf www.monolit-okna.pl ohne ausdr\u00fcckliche Genehmigung entstehen. Die Verwendung von Elementen, die den Inhalt der Website www.monolit-okna.pl ausmachen (mit Ausnahme des Reiters HERUNTERLADEN), durch Dritte ohne die ausdr\u00fcckliche schriftliche Zustimmung des Eigent\u00fcmers der Website stellt eine Verletzung des Urheberrechts des Eigent\u00fcmers dar und zieht zivil- und strafrechtliche Folgen nach sich. Der Benutzer der Website darf das auf der Website im Reiter HERUNTERLADEN bereitgestellte Material nur dann ausdrucken, herunterladen und an andere weitergeben, wenn er dies ausschlie\u00dflich zu Informationszwecken oder zu anderen nach geltendem Recht zul\u00e4ssigen Zwecken tut.\u00a0\n\n&nbsp;\n<h2>Verantwortung f\u00fcr den Inhalt der Website<\/h2>\nDiese Website und ihre Inhalte dienen ausschlie\u00dflich der allgemeinen Information \u00fcber MONOLIT und ihre Produkte und bezwecken nicht den Abschluss, die \u00c4nderung oder Beendigung von Rechtsverh\u00e4ltnissen. Alle auf dieser Website enthaltenen Informationen stellen kein Angebot im Sinne des Zivilgesetzbuches dar und werden zu Informationszwecken ohne jegliche Haftung ver\u00f6ffentlicht. Die Zeichnungen, Querschnitte und Fotos auf der Website dienen nur zur Veranschaulichung. MONOLIT beh\u00e4lt sich das Recht vor, die technischen Parameter der Produkte auf der Website zu \u00e4ndern. Der Inhaber der Website ist nur f\u00fcr seine eigenen Inhalte auf der Website verantwortlich.\n<ol>\n \t<li>Die vom Eigent\u00fcmer auf der Website eingestellten Informationen werden mit Sorgfalt zusammengestellt und auf dem neuesten Stand gehalten, jedoch \u00fcbernimmt der Eigent\u00fcmer keine Gew\u00e4hr f\u00fcr die Richtigkeit, Aktualit\u00e4t, Vollst\u00e4ndigkeit und st\u00e4ndige Verf\u00fcgbarkeit der Website.<\/li>\n \t<li>Der Eigent\u00fcmer beh\u00e4lt sich das Recht vor, das Online-Angebot zu \u00e4ndern, zu erg\u00e4nzen, zu k\u00fcrzen oder ganz zur\u00fcckzuziehen. Sie garantiert auch nicht, dass der Inhalt des Online-Angebots f\u00fcr den Benutzer und seine Zwecke geeignet ist.<\/li>\n \t<li>Die Website kann Links zu Websites Dritter enthalten, auf deren Inhalt der Eigent\u00fcmer keinen Einfluss hat. F\u00fcr den Inhalt der verlinkten Adressen sind ausschlie\u00dflich deren Betreiber verantwortlich.<\/li>\n \t<li>Der Betreiber bittet um sofortige Benachrichtigung, wenn der Benutzer \u00fcber die auf der Website bereitgestellten Links zu Adressen gelangt, deren Inhalt dem Benutzer fragw\u00fcrdig erscheint. Die L\u00f6schung solcher Links erfolgt, sobald bekannt wird, dass der Inhalt der verlinkten Adressen gegen geltendes Recht verst\u00f6\u00dft. Diese Erkl\u00e4rung gilt f\u00fcr alle auf der Website des Eigent\u00fcmers angebrachten Links.<\/li>\n<\/ol>\nMONOLIT haftet nicht f\u00fcr Sch\u00e4den, die durch die Nutzung dieser Website entstehen.\n<h2><span style=\"color: #000000; font-family: 'Encode Sans', sans-serif; font-size: 24px; letter-spacing: 0.4px;\">Kontakt<\/span><\/h2>\nSollten Sie Fragen oder Beschwerden bez\u00fcglich des Betriebs dieser Website haben, verwenden Sie bitte die nachstehenden Kontaktangaben: MONOLIT Micha\u0142 Godlewski ul. Strzelnicza 12 18-300 Zambr\u00f3w biuro@monolit-okna.pl\t\t\t\t\t\t\t\t<\/div>\n\t\t\t\t\t<\/div>\n\t\t<\/div>\n\t\t\t\t\t<\/div>\n\t\t<\/section>\n\t\t\t\t<\/div>","protected":false},"excerpt":{"rendered":"<p>REGULAMIN Postanowienia og\u00f3lne Niniejsza strona internetowa jest prowadzona przez firm\u0119 MONOLIT Micha\u0142 Godlewski z siedzib\u0105 w Zambrowie 18-300, ul. Strzelnicza 12 NIP 723-154-22-65 (zwan\u0105 dalej w\u0142a\u015bcicielem) Niniejszy regulamin strony www.monolit-okna.pl (zwany dalej &#8222;Regulaminem&#8221;) okre\u015bla warunki korzystania ze strony www.monolit-okna.pl (dalej &#8222;Strona&#8221;) oraz prawa i obowi\u0105zki w\u0142a\u015bciciela, oraz u\u017cytkownik\u00f3w strony. Wej\u015bcie na t\u0119 stron\u0119 internetow\u0105 r\u00f3wnoznaczne [&hellip;]<\/p>\n","protected":false},"author":8,"featured_media":0,"parent":0,"menu_order":0,"comment_status":"closed","ping_status":"open","template":"","meta":{"footnotes":""},"categories":[],"tags":[163,162,164,147,184,183,187,159,74,65,137,181,161,155,157,70,182,149,158,152,160,186,72,185,154,71,129,146,148,140,156,153,144],"class_list":["post-3576","page","type-page","status-publish","hentry","tag-drzwi-pcv-na-wymiar","tag-drzwi-zewnetrzne-pcv","tag-drzwi-zewnetrzne-pcv-cennik","tag-fabryka-okien","tag-firma-okien","tag-firmy-okien","tag-firmy-z-oknami","tag-katalog-okien","tag-monolit","tag-monolit-okna","tag-monolit-producent-okien-i-drzwi-pcv","tag-okna-firmy","tag-okna-online","tag-okna-pcv","tag-okna-pcv-producenci","tag-okna-pcv-producent","tag-okna-plastikowe-producent","tag-okna-producent","tag-okna-zambrow","tag-producenci-okien","tag-producenci-okien-pcv","tag-producent-drzwi-pcv","tag-producent-okien","tag-producent-okien-cennik","tag-producent-okien-i-drzwi","tag-producent-okien-pcv","tag-producent-okien-podlaskie","tag-producent-okna","tag-producent-okna-pcv","tag-produkcja-aluminium","tag-produkcja-okien-pcv","tag-program-czyste-powietrze","tag-zgrzew-v-perfect"],"_links":{"self":[{"href":"https:\/\/monolit-okna.pl\/de\/wp-json\/wp\/v2\/pages\/3576","targetHints":{"allow":["GET"]}}],"collection":[{"href":"https:\/\/monolit-okna.pl\/de\/wp-json\/wp\/v2\/pages"}],"about":[{"href":"https:\/\/monolit-okna.pl\/de\/wp-json\/wp\/v2\/types\/page"}],"author":[{"embeddable":true,"href":"https:\/\/monolit-okna.pl\/de\/wp-json\/wp\/v2\/users\/8"}],"replies":[{"embeddable":true,"href":"https:\/\/monolit-okna.pl\/de\/wp-json\/wp\/v2\/comments?post=3576"}],"version-history":[{"count":0,"href":"https:\/\/monolit-okna.pl\/de\/wp-json\/wp\/v2\/pages\/3576\/revisions"}],"wp:attachment":[{"href":"https:\/\/monolit-okna.pl\/de\/wp-json\/wp\/v2\/media?parent=3576"}],"wp:term":[{"taxonomy":"category","embeddable":true,"href":"https:\/\/monolit-okna.pl\/de\/wp-json\/wp\/v2\/categories?post=3576"},{"taxonomy":"post_tag","embeddable":true,"href":"https:\/\/monolit-okna.pl\/de\/wp-json\/wp\/v2\/tags?post=3576"}],"curies":[{"name":"wp","href":"https:\/\/api.w.org\/{rel}","templated":true}]}}