{"id":3,"date":"2022-05-19T08:54:50","date_gmt":"2022-05-19T06:54:50","guid":{"rendered":"https:\/\/monolit-okna.pl\/?page_id=3"},"modified":"2023-09-05T14:24:36","modified_gmt":"2023-09-05T12:24:36","slug":"polityka-prywatnosci-2","status":"publish","type":"page","link":"https:\/\/monolit-okna.pl\/de\/polityka-prywatnosci-2\/","title":{"rendered":"Cookie-Richtlinie"},"content":{"rendered":"<div data-elementor-type=\"wp-page\" data-elementor-id=\"3\" class=\"elementor elementor-3\" data-elementor-post-type=\"page\">\n\t\t\t\t\t\t<section class=\"elementor-section elementor-top-section elementor-element elementor-element-5991b5e0 elementor-section-boxed elementor-section-height-default elementor-section-height-default\" data-id=\"5991b5e0\" data-element_type=\"section\">\n\t\t\t\t\t\t<div class=\"elementor-container elementor-column-gap-default\">\n\t\t\t\t\t<div class=\"elementor-column elementor-col-100 elementor-top-column elementor-element elementor-element-47544bc9\" data-id=\"47544bc9\" data-element_type=\"column\">\n\t\t\t<div class=\"elementor-widget-wrap elementor-element-populated\">\n\t\t\t\t\t\t<div class=\"elementor-element elementor-element-40f89d5 elementor-widget elementor-widget-text-editor\" data-id=\"40f89d5\" data-element_type=\"widget\" data-widget_type=\"text-editor.default\">\n\t\t\t\t\t\t\t\t\t<h2>COOKIES-RICHTILINIE<\/h2><p><span style=\"letter-spacing: 0.4px; color: var( --e-global-color-text ); font-family: var( --e-global-typography-text-font-family ), Sans-serif;\"><b>Cookies sind kleine<\/b><\/span><span style=\"letter-spacing: 0.4px; color: var( --e-global-color-text ); font-family: var( --e-global-typography-text-font-family ), Sans-serif; font-weight: var( --e-global-typography-text-font-weight );\"> IT-Daten, insbesondere Textdateien, die auf dem Computer des Nutzers gespeichert werden. Cookies werden in erster Linie zur Optimierung und Personalisierung der Nutzung von Websites verwendet:<\/span><\/p><ol><li>Um den Inhalt der Webseiten im Service an die Pr\u00e4ferenzen des Benutzers anzupassen und die Nutzung der Webseite zu verbessern; insbesondere erm\u00f6glichen diese Dateien die Erkennung des Ger\u00e4ts des Webseitenbenutzers und die korrekte Anzeige der Webseite, die an die individuellen Bed\u00fcrfnisse des Benutzers angepasst ist;<\/li><li>Um anonyme Statistiken zu erstellen, die uns helfen zu verstehen, wie die Website-Nutzer die Website nutzen,<\/li><li>Um die Session des Service-Benutzers (nach dem Einloggen)aufrechtzuerhalten, wodurch der Benutzer nicht auf jeder Service-Unterseite erneut das Kenn- und Passwort eingeben muss;<\/li><\/ol><p class=\"translation-block\">Auf der Website monolit-okna.pl werden folgende Arten von Cookies verwendet: Session-, permanente und analytische Cookies.\nSession-Cookies sind tempor\u00e4re Dateien, die auf dem Endger\u00e4t des Benutzers gespeichert werden, bis der Benutzer die Website verl\u00e4sst.\nPermanente Cookies werden auf dem Endger\u00e4t des Benutzers f\u00fcr die Dauer gespeichert, die in den Parametern der Cookies angegeben ist, oder bis sie vom Benutzer gel\u00f6scht werden.<\/p><p><span style=\"letter-spacing: 0.4px; color: var( --e-global-color-text ); font-family: var( --e-global-typography-text-font-family ), Sans-serif; font-weight: var( --e-global-typography-text-font-weight );\">Analytische Cookies erm\u00f6glichen es uns, besser zu verstehen, wie der Benutzer mit dem Inhalt der Website interagiert, um ihr Layout besser zu gestalten.<\/span><\/p><p>Analytische Cookies sammeln Informationen \u00fcber die Nutzung der Website durch den Benutzer, die Art der Website, von der der Benutzer weitergeleitet wurde, sowie die Anzahl der Besuche und die Dauer des Besuchs des Benutzers auf der Website. Diese Informationen erfassen nicht spezifischen pers\u00f6nlichen Daten des Benutzers, sondern dienen der Erstellung von Statistiken \u00fcber die Nutzung der Website.<\/p><p>Der Benutzer hat das Recht, \u00fcber den Zugang von \u201eCookies\u201c zu seinem Computer zu entscheiden, indem er sie im Voraus in seinem Browserfenster ausw\u00e4hlt. Detaillierte Informationen \u00fcber die M\u00f6glichkeit und Methoden der Verwendung von \u201eCookies\u201c finden Sie in den Einstellungen Ihrer Software (Browser).<\/p><p>Die Website monolit-okna.pl informiert Sie dar\u00fcber, dass Einschr\u00e4nkungen bei der Verwendung von Cookies einige der auf dieser Website verf\u00fcgbaren Funktionen beeintr\u00e4chtigen k\u00f6nnen.<\/p><p><span style=\"letter-spacing: 0.4px; color: var( --e-global-color-text ); font-family: var( --e-global-typography-text-font-family ), Sans-serif; font-weight: var( --e-global-typography-text-font-weight );\">\u00a0<\/span><\/p><p>\u00a0<\/p>\t\t\t\t\t\t\t\t<\/div>\n\t\t\t\t\t<\/div>\n\t\t<\/div>\n\t\t\t\t\t<\/div>\n\t\t<\/section>\n\t\t\t\t<\/div>","protected":false},"excerpt":{"rendered":"<p>POLITYKA PLIK\u00d3W COOKIES Pliki cookies (ciasteczka) to niewielkie dane informatyczne, szczeg\u00f3lnie pliki tekstowe, zachowywane na komputerze u\u017cytkownika. Ciasteczka u\u017cywane s\u0105 przede wszystkim w celu optymalizacji i personalizacji procesu korzystania ze stron internetowych: Dostosowania zawarto\u015bci stron internetowych Serwisu do preferencji U\u017cytkownika oraz ulepszania korzystania ze stron internetowych; w szczeg\u00f3lno\u015bci pliki te pozwalaj\u0105 rozpozna\u0107 urz\u0105dzenie U\u017cytkownika Serwisu [&hellip;]<\/p>\n","protected":false},"author":8,"featured_media":0,"parent":0,"menu_order":0,"comment_status":"closed","ping_status":"open","template":"","meta":{"footnotes":""},"categories":[],"tags":[163,162,164,147,184,183,187,159,74,65,137,181,161,155,157,70,182,149,158,152,160,186,72,185,154,71,129,146,148,140,156,153,144],"class_list":["post-3","page","type-page","status-publish","hentry","tag-drzwi-pcv-na-wymiar","tag-drzwi-zewnetrzne-pcv","tag-drzwi-zewnetrzne-pcv-cennik","tag-fabryka-okien","tag-firma-okien","tag-firmy-okien","tag-firmy-z-oknami","tag-katalog-okien","tag-monolit","tag-monolit-okna","tag-monolit-producent-okien-i-drzwi-pcv","tag-okna-firmy","tag-okna-online","tag-okna-pcv","tag-okna-pcv-producenci","tag-okna-pcv-producent","tag-okna-plastikowe-producent","tag-okna-producent","tag-okna-zambrow","tag-producenci-okien","tag-producenci-okien-pcv","tag-producent-drzwi-pcv","tag-producent-okien","tag-producent-okien-cennik","tag-producent-okien-i-drzwi","tag-producent-okien-pcv","tag-producent-okien-podlaskie","tag-producent-okna","tag-producent-okna-pcv","tag-produkcja-aluminium","tag-produkcja-okien-pcv","tag-program-czyste-powietrze","tag-zgrzew-v-perfect"],"_links":{"self":[{"href":"https:\/\/monolit-okna.pl\/de\/wp-json\/wp\/v2\/pages\/3","targetHints":{"allow":["GET"]}}],"collection":[{"href":"https:\/\/monolit-okna.pl\/de\/wp-json\/wp\/v2\/pages"}],"about":[{"href":"https:\/\/monolit-okna.pl\/de\/wp-json\/wp\/v2\/types\/page"}],"author":[{"embeddable":true,"href":"https:\/\/monolit-okna.pl\/de\/wp-json\/wp\/v2\/users\/8"}],"replies":[{"embeddable":true,"href":"https:\/\/monolit-okna.pl\/de\/wp-json\/wp\/v2\/comments?post=3"}],"version-history":[{"count":0,"href":"https:\/\/monolit-okna.pl\/de\/wp-json\/wp\/v2\/pages\/3\/revisions"}],"wp:attachment":[{"href":"https:\/\/monolit-okna.pl\/de\/wp-json\/wp\/v2\/media?parent=3"}],"wp:term":[{"taxonomy":"category","embeddable":true,"href":"https:\/\/monolit-okna.pl\/de\/wp-json\/wp\/v2\/categories?post=3"},{"taxonomy":"post_tag","embeddable":true,"href":"https:\/\/monolit-okna.pl\/de\/wp-json\/wp\/v2\/tags?post=3"}],"curies":[{"name":"wp","href":"https:\/\/api.w.org\/{rel}","templated":true}]}}