{"id":230,"date":"2022-05-25T12:10:53","date_gmt":"2022-05-25T10:10:53","guid":{"rendered":"https:\/\/monolit-okna.pl\/?page_id=230"},"modified":"2026-04-13T11:06:05","modified_gmt":"2026-04-13T09:06:05","slug":"o-firmie","status":"publish","type":"page","link":"https:\/\/monolit-okna.pl\/de\/o-firmie\/","title":{"rendered":"\u00dcber das Unternehmen"},"content":{"rendered":"<div data-elementor-type=\"wp-post\" data-elementor-id=\"230\" class=\"elementor elementor-230\" data-elementor-post-type=\"page\">\n\t\t\t\t\t\t<section class=\"elementor-section elementor-top-section elementor-element elementor-element-c94ae90 elementor-section-full_width elementor-section-height-default elementor-section-height-default\" data-id=\"c94ae90\" data-element_type=\"section\">\n\t\t\t\t\t\t<div class=\"elementor-container elementor-column-gap-default\">\n\t\t\t\t\t<div class=\"elementor-column elementor-col-100 elementor-top-column elementor-element elementor-element-e386d7c\" data-id=\"e386d7c\" data-element_type=\"column\" data-settings=\"{&quot;background_background&quot;:&quot;classic&quot;}\">\n\t\t\t<div class=\"elementor-widget-wrap elementor-element-populated\">\n\t\t\t\t\t\t<div class=\"elementor-element elementor-element-307ed09 elementor-widget elementor-widget-heading\" data-id=\"307ed09\" data-element_type=\"widget\" data-widget_type=\"heading.default\">\n\t\t\t\t\t<h1 class=\"elementor-heading-title elementor-size-default\">\u00dcber das Unternehmen<\/h1>\t\t\t\t<\/div>\n\t\t\t\t\t<\/div>\n\t\t<\/div>\n\t\t\t\t\t<\/div>\n\t\t<\/section>\n\t\t\t\t<section class=\"elementor-section elementor-top-section elementor-element elementor-element-aeb0459 elementor-section-boxed elementor-section-height-default elementor-section-height-default\" data-id=\"aeb0459\" data-element_type=\"section\">\n\t\t\t\t\t\t<div class=\"elementor-container elementor-column-gap-default\">\n\t\t\t\t\t<div class=\"elementor-column elementor-col-100 elementor-top-column elementor-element elementor-element-f418d7a\" data-id=\"f418d7a\" data-element_type=\"column\">\n\t\t\t<div class=\"elementor-widget-wrap elementor-element-populated\">\n\t\t\t\t\t\t<div class=\"elementor-element elementor-element-e27500a elementor-widget elementor-widget-heading\" data-id=\"e27500a\" data-element_type=\"widget\" data-widget_type=\"heading.default\">\n\t\t\t\t\t<h2 class=\"elementor-heading-title elementor-size-default\">WARUM MONOLIT<\/h2>\t\t\t\t<\/div>\n\t\t\t\t<div class=\"elementor-element elementor-element-bbd60bc elementor-widget elementor-widget-text-editor\" data-id=\"bbd60bc\" data-element_type=\"widget\" data-widget_type=\"text-editor.default\">\n\t\t\t\t\t\t\t\t\t<p>Im Laufe der Jahre hat unser Unternehmen einen Wandel durchgemacht, der uns von einem kleinen Unternehmen zu einem f\u00fchrenden Anbieter von Fenstern und T\u00fcren gemacht hat <b>PVC und Aluminium<\/b> in Polen und im Ausland. Dank des Engagements, der Leidenschaft und des Wissens eines Teams von Fachleuten ist es uns gelungen, ein solides Fundament zu schaffen, auf dem wir unsere t\u00e4glichen Aktivit\u00e4ten aufbauen. Heute k\u00f6nnen wir mit Stolz sagen, dass wir Produkte von h\u00f6chster Qualit\u00e4t anbieten, die die Erwartungen der anspruchsvollsten Kunden erf\u00fcllen.<\/p><p align=\"justify\">Unser Angebot umfasst ein breites Sortiment, darunter: PVC-Tischlerei, Schiebesysteme, Aluminium, Fundamente, Moskitonetze, Fensterb\u00e4nke und Garagentore. Jedes dieser Produkte wird sorgf\u00e4ltig entworfen und hergestellt, um ein H\u00f6chstma\u00df an Bedienkomfort und Funktionalit\u00e4t zu gew\u00e4hrleisten.<\/p><p align=\"justify\">Das strategische Ziel unserer Organisation ist die konsequente St\u00e4rkung unserer Position auf dem polnischen und ausl\u00e4ndischen Markt. Um dies zu erreichen, arbeiten wir kontinuierlich daran, unser Produktangebot systematisch zu erweitern und zu verbessern. Wir stellen innovative L\u00f6sungen vor, die es uns erm\u00f6glichen, uns von der Konkurrenz abzuheben.<\/p><p align=\"justify\">Einer der Schl\u00fcsselaspekte unserer T\u00e4tigkeit ist die Beachtung der Qualit\u00e4t. Wir legen gro\u00dfen Wert auf Sorgfalt in jeder Phase der Produktion, von der Auswahl der Rohstoffe bis zur Endbearbeitung der Produkte. Auch die \u00c4sthetik vergessen wir nicht. Da wir wissen, dass Fenster und T\u00fcren nicht nur funktionale, sondern auch dekorative Elemente sind, bieten wir eine gro\u00dfe Auswahl an Farben und Mustern an, die es uns erm\u00f6glichen, die Produkte an die individuellen Bed\u00fcrfnisse und Geschm\u00e4cker unserer Kunden anzupassen.<\/p><p align=\"justify\">Wir investieren st\u00e4ndig in die technologische Entwicklung, um h\u00f6chste Qualit\u00e4t und Innovation der von uns angebotenen Produkte sicherzustellen. Wir kooperieren mit namhaften Rohstofflieferanten (u.a. Aluplast, Rehau, Wital, Procural, Aluprof, Aluron) und nutzen modernste Produktionstechnologien. Ein Beispiel ist der Einsatz moderner CNC-Maschinen, die ein pr\u00e4zises Schneiden und Bearbeiten von Materialien erm\u00f6glichen, was sich in der Qualit\u00e4t und Haltbarkeit der Produkte niederschl\u00e4gt. Der Standard sind V-Perfekt-Schwei\u00dfn\u00e4hte, die eine perfekte Verbindung von Profilen erm\u00f6glichen und das sogenannte erreichen d\u00fcnne Schwei\u00dfn\u00e4hte und vollst\u00e4ndige Eliminierung der Gratbildung beim Verbinden von Profilen sowie eine verbesserte Kontrolle des Schwei\u00dfdrucks.<\/p><p align=\"justify\">Kundenzufriedenheit ist unsere Priorit\u00e4t. Deshalb versuchen wir, jede Phase der Zusammenarbeit mit unserem Unternehmen f\u00fcr sie so angenehm und zufriedenstellend wie m\u00f6glich zu gestalten. Wir bieten umfassenden Service, von der technischen Beratung \u00fcber die Konstruktion bis hin zur Installation und dem Service.<\/p><p align=\"justify\">Wir beschr\u00e4nken uns nicht nur auf den heimischen Markt. Wir entwickeln erfolgreich Exportaktivit\u00e4ten und liefern unsere Produkte in viele L\u00e4nder auf der ganzen Welt. Dadurch k\u00f6nnen wir unsere Leidenschaft f\u00fcr Fenster und T\u00fcren mit Kunden aus aller Welt teilen.<\/p><p align=\"justify\">Wir glauben, dass unsere Empf\u00e4nger es verdienen, dass der Raum, in dem sie leben, sich ausruhen oder Zeit mit ihren Lieben verbringen, nicht nur funktional, sondern auch \u00e4sthetisch ist. Deshalb unternehmen wir alle Anstrengungen, um sicherzustellen, dass unsere Produkte ihren Anforderungen entsprechen. Unser Ziel ist es, L\u00f6sungen zu schaffen, die den Alltag nicht nur einfacher, sondern auch angenehmer und komfortabler machen.<\/p>\t\t\t\t\t\t\t\t<\/div>\n\t\t\t\t<div class=\"elementor-element elementor-element-cf06478 elementor-widget elementor-widget-gallery\" data-id=\"cf06478\" data-element_type=\"widget\" data-settings=\"{&quot;columns&quot;:2,&quot;aspect_ratio&quot;:&quot;1:1&quot;,&quot;columns_mobile&quot;:2,&quot;gap_mobile&quot;:{&quot;unit&quot;:&quot;px&quot;,&quot;size&quot;:9,&quot;sizes&quot;:[]},&quot;overlay_title&quot;:&quot;title&quot;,&quot;overlay_description&quot;:&quot;description&quot;,&quot;gap&quot;:{&quot;unit&quot;:&quot;px&quot;,&quot;size&quot;:20,&quot;sizes&quot;:[]},&quot;lazyload&quot;:&quot;yes&quot;,&quot;gallery_layout&quot;:&quot;grid&quot;,&quot;columns_tablet&quot;:2,&quot;gap_tablet&quot;:{&quot;unit&quot;:&quot;px&quot;,&quot;size&quot;:10,&quot;sizes&quot;:[]},&quot;overlay_background&quot;:&quot;yes&quot;,&quot;content_hover_animation&quot;:&quot;fade-in&quot;}\" data-widget_type=\"gallery.default\">\n\t\t\t\t\t\t\t<div class=\"elementor-gallery__container\">\n\t\t\t\t\t\t\t<div class=\"e-gallery-item elementor-gallery-item elementor-animated-content\" tabindex=\"0\">\n\t\t\t\t\t<div class=\"e-gallery-image elementor-gallery-item__image\" data-thumbnail=\"https:\/\/monolit-okna.pl\/wp-content\/uploads\/2022\/05\/2f.jpg\" data-width=\"600\" data-height=\"600\" aria-label=\"\" role=\"img\" ><\/div>\n\t\t\t\t\t\t\t\t\t\t\t<div class=\"elementor-gallery-item__overlay\"><\/div>\n\t\t\t\t\t\t\t\t\t\t\t\t\t\t\t<div class=\"elementor-gallery-item__content\">\n\t\t\t\t\t\t\t\t\t\t\t\t\t\t<div class=\"elementor-gallery-item__title\">\n\t\t\t\t\t\t\t\t\t\t\t\t\t\t\t\t\t\tQualit\u00e4t\t\t\t\t\t\t\t\t<\/div>\n\t\t\t\t\t\t\t\t\t\t\t\t\t\t\t<div class=\"elementor-gallery-item__description\">\n\t\t\t\t\t\t\t\t\t\t\t\t\t\t\t\t\t\tDie Garantie f\u00fcr den Erfolg ist die Lieferung von Produkten h\u00f6chster Qualit\u00e4t. Wir \u00fcberwachen st\u00e4ndig unsere Produktionsprozesse, um unseren Kunden bew\u00e4hrte, fehlerfreie, langlebige und zuverl\u00e4ssige Tischlerarbeiten zu liefern.\t\t\t\t\t\t\t\t<\/div>\n\t\t\t\t\t\t\t\t\t\t\t\t<\/div>\n\t\t\t\t\t\t\t\t\t<\/div>\n\t\t\t\t\t\t\t<div class=\"e-gallery-item elementor-gallery-item elementor-animated-content\" tabindex=\"0\">\n\t\t\t\t\t<div class=\"e-gallery-image elementor-gallery-item__image\" data-thumbnail=\"https:\/\/monolit-okna.pl\/wp-content\/uploads\/2022\/05\/4f.jpg\" data-width=\"600\" data-height=\"600\" aria-label=\"\" role=\"img\" ><\/div>\n\t\t\t\t\t\t\t\t\t\t\t<div class=\"elementor-gallery-item__overlay\"><\/div>\n\t\t\t\t\t\t\t\t\t\t\t\t\t\t\t<div class=\"elementor-gallery-item__content\">\n\t\t\t\t\t\t\t\t\t\t\t\t\t\t<div class=\"elementor-gallery-item__title\">\n\t\t\t\t\t\t\t\t\t\t\t\t\t\t\t\t\t\tDesign\t\t\t\t\t\t\t\t<\/div>\n\t\t\t\t\t\t\t\t\t\t\t\t\t\t\t<div class=\"elementor-gallery-item__description\">\n\t\t\t\t\t\t\t\t\t\t\t\t\t\t\t\t\t\tEine gro\u00dfe Auswahl an Profilen, eine breite Palette an Farben und Zubeh\u00f6r und vor allem die pr\u00e4zise Verarbeitung und die Liebe zum kleinsten \u00e4sthetischen Detail heben die Monolit-Produkte durch ihr unvergleichliches Design von der Konkurrenz ab.\t\t\t\t\t\t\t\t<\/div>\n\t\t\t\t\t\t\t\t\t\t\t\t<\/div>\n\t\t\t\t\t\t\t\t\t<\/div>\n\t\t\t\t\t\t\t<div class=\"e-gallery-item elementor-gallery-item elementor-animated-content\" tabindex=\"0\">\n\t\t\t\t\t<div class=\"e-gallery-image elementor-gallery-item__image\" data-thumbnail=\"https:\/\/monolit-okna.pl\/wp-content\/uploads\/2022\/05\/1f.jpg\" data-width=\"600\" data-height=\"600\" aria-label=\"\" role=\"img\" ><\/div>\n\t\t\t\t\t\t\t\t\t\t\t<div class=\"elementor-gallery-item__overlay\"><\/div>\n\t\t\t\t\t\t\t\t\t\t\t\t\t\t\t<div class=\"elementor-gallery-item__content\">\n\t\t\t\t\t\t\t\t\t\t\t\t\t\t<div class=\"elementor-gallery-item__title\">\n\t\t\t\t\t\t\t\t\t\t\t\t\t\t\t\t\t\tProfessionalit\u00e4t\t\t\t\t\t\t\t\t<\/div>\n\t\t\t\t\t\t\t\t\t\t\t\t\t\t\t<div class=\"elementor-gallery-item__description\">\n\t\t\t\t\t\t\t\t\t\t\t\t\t\t\t\t\t\tHochqualifizierte, erfahrene Fachleute sind eine Garantie f\u00fcr Dienstleistungen auf h\u00f6chstem Niveau. In der Beschaffungsphase bieten wir Unterst\u00fctzung durch die Vertriebs- und Technikabteilung und Marketingunterst\u00fctzung f\u00fcr den Verkauf unserer Produkte in Ausstellungsr\u00e4umen.\t\t\t\t\t\t\t\t<\/div>\n\t\t\t\t\t\t\t\t\t\t\t\t<\/div>\n\t\t\t\t\t\t\t\t\t<\/div>\n\t\t\t\t\t\t\t<div class=\"e-gallery-item elementor-gallery-item elementor-animated-content\" tabindex=\"0\">\n\t\t\t\t\t<div class=\"e-gallery-image elementor-gallery-item__image\" data-thumbnail=\"https:\/\/monolit-okna.pl\/wp-content\/uploads\/2022\/05\/3f.jpg\" data-width=\"600\" data-height=\"600\" aria-label=\"\" role=\"img\" ><\/div>\n\t\t\t\t\t\t\t\t\t\t\t<div class=\"elementor-gallery-item__overlay\"><\/div>\n\t\t\t\t\t\t\t\t\t\t\t\t\t\t\t<div class=\"elementor-gallery-item__content\">\n\t\t\t\t\t\t\t\t\t\t\t\t\t\t<div class=\"elementor-gallery-item__title\">\n\t\t\t\t\t\t\t\t\t\t\t\t\t\t\t\t\t\tInnovation\t\t\t\t\t\t\t\t<\/div>\n\t\t\t\t\t\t\t\t\t\t\t\t\t\t\t<div class=\"elementor-gallery-item__description\">\n\t\t\t\t\t\t\t\t\t\t\t\t\t\t\t\t\t\tEiner der modernsten Maschinenparks und die Zusammenarbeit mit den besten Komponentenlieferanten erm\u00f6glichen es uns, immer neue technologische L\u00f6sungen zu implementieren, um den Erwartungen des aktuellen Marktes gerecht zu werden.\t\t\t\t\t\t\t\t<\/div>\n\t\t\t\t\t\t\t\t\t\t\t\t<\/div>\n\t\t\t\t\t\t\t\t\t<\/div>\n\t\t\t\t\t<\/div>\n\t\t\t\t\t<\/div>\n\t\t\t\t<div class=\"elementor-element elementor-element-51813d1 elementor-widget elementor-widget-heading\" data-id=\"51813d1\" data-element_type=\"widget\" data-widget_type=\"heading.default\">\n\t\t\t\t\t<h2 class=\"elementor-heading-title elementor-size-default\">UNSERE GESCHICHTE<\/h2>\t\t\t\t<\/div>\n\t\t\t\t<div class=\"elementor-element elementor-element-f6fd1e3 elementor-widget elementor-widget-image\" data-id=\"f6fd1e3\" data-element_type=\"widget\" data-no-translation=\"\" data-widget_type=\"image.default\">\n\t\t\t\t\t<style>.elementor-element-f6fd1e3{display:none !important}<\/style>\t\t\t\t<\/div>\n\t\t\t\t<div class=\"elementor-element elementor-element-e78c1a8 elementor-widget elementor-widget-image\" data-id=\"e78c1a8\" data-element_type=\"widget\" data-no-translation=\"\" data-widget_type=\"image.default\">\n\t\t\t\t\t\t\t\t\t\t\t\t\t\t\t\t<a href=\"https:\/\/monolit-okna.pl\/wp-content\/uploads\/2026\/02\/OS-CZASU_strona_niemiecki.png\" data-elementor-open-lightbox=\"yes\" data-e-action-hash=\"#elementor-action%3Aaction%3Dlightbox%26settings%3DeyJpZCI6MTMxMjEsInVybCI6Imh0dHBzOlwvXC9tb25vbGl0LW9rbmEucGxcL3dwLWNvbnRlbnRcL3VwbG9hZHNcLzIwMjZcLzAyXC9PUy1DWkFTVV9zdHJvbmFfbmllbWllY2tpLnBuZyJ9\">\n\t\t\t\t\t\t\t<img fetchpriority=\"high\" decoding=\"async\" width=\"1366\" height=\"722\" src=\"https:\/\/monolit-okna.pl\/wp-content\/uploads\/2026\/02\/OS-CZASU_strona_niemiecki.png\" class=\"attachment-full size-full wp-image-13121\" alt=\"\" srcset=\"https:\/\/monolit-okna.pl\/wp-content\/uploads\/2026\/02\/OS-CZASU_strona_niemiecki.png 1366w, https:\/\/monolit-okna.pl\/wp-content\/uploads\/2026\/02\/OS-CZASU_strona_niemiecki-300x159.png 300w, https:\/\/monolit-okna.pl\/wp-content\/uploads\/2026\/02\/OS-CZASU_strona_niemiecki-1024x541.png 1024w, https:\/\/monolit-okna.pl\/wp-content\/uploads\/2026\/02\/OS-CZASU_strona_niemiecki-768x406.png 768w, https:\/\/monolit-okna.pl\/wp-content\/uploads\/2026\/02\/OS-CZASU_strona_niemiecki-18x10.png 18w\" sizes=\"(max-width: 1366px) 100vw, 1366px\" title=\"\">\t\t\t\t\t\t\t\t<\/a>\n\t\t\t\t\t\t\t\t\t\t\t\t\t\t\t<\/div>\n\t\t\t\t<div class=\"elementor-element elementor-element-9ee9e1a elementor-widget elementor-widget-image\" data-id=\"9ee9e1a\" data-element_type=\"widget\" data-no-translation=\"\" data-widget_type=\"image.default\">\n\t\t\t\t\t<style>.elementor-element-9ee9e1a{display:none !important}<\/style>\t\t\t\t<\/div>\n\t\t\t\t<div class=\"elementor-element elementor-element-e471ac4 elementor-widget elementor-widget-image\" data-id=\"e471ac4\" data-element_type=\"widget\" data-no-translation=\"\" data-widget_type=\"image.default\">\n\t\t\t\t\t<style>.elementor-element-e471ac4{display:none !important}<\/style>\t\t\t\t<\/div>\n\t\t\t\t\t<\/div>\n\t\t<\/div>\n\t\t\t\t\t<\/div>\n\t\t<\/section>\n\t\t\t\t<\/div>","protected":false},"excerpt":{"rendered":"<p>O firmie dlaczego monolit Na przestrzeni lat nasza firma przesz\u0142a transformacj\u0119, kt\u00f3ra z ma\u0142ej firmy uczyni\u0142a nas czo\u0142owym dostawc\u0105 stolarki okiennej i drzwiowej PVC i Aluminium w Polsce oraz poza jej granicami. Dzi\u0119ki zaanga\u017cowaniu, pasji oraz wiedzy zespo\u0142u profesjonalist\u00f3w, uda\u0142o si\u0119 zbudowa\u0107 solidne fundamenty, na kt\u00f3rych opieramy codzienn\u0105 dzia\u0142alno\u015b\u0107. Dzi\u015b mo\u017cemy z dum\u0105 stwierdzi\u0107, \u017ce [&hellip;]<\/p>\n","protected":false},"author":8,"featured_media":0,"parent":0,"menu_order":0,"comment_status":"closed","ping_status":"closed","template":"","meta":{"footnotes":""},"categories":[],"tags":[163,162,164,147,184,183,187,159,74,134,65,137,181,161,155,157,70,182,149,158,152,160,186,72,185,154,71,129,146,148,140,156,153,144],"class_list":["post-230","page","type-page","status-publish","hentry","tag-drzwi-pcv-na-wymiar","tag-drzwi-zewnetrzne-pcv","tag-drzwi-zewnetrzne-pcv-cennik","tag-fabryka-okien","tag-firma-okien","tag-firmy-okien","tag-firmy-z-oknami","tag-katalog-okien","tag-monolit","tag-monolit-15-lat-firmy","tag-monolit-okna","tag-monolit-producent-okien-i-drzwi-pcv","tag-okna-firmy","tag-okna-online","tag-okna-pcv","tag-okna-pcv-producenci","tag-okna-pcv-producent","tag-okna-plastikowe-producent","tag-okna-producent","tag-okna-zambrow","tag-producenci-okien","tag-producenci-okien-pcv","tag-producent-drzwi-pcv","tag-producent-okien","tag-producent-okien-cennik","tag-producent-okien-i-drzwi","tag-producent-okien-pcv","tag-producent-okien-podlaskie","tag-producent-okna","tag-producent-okna-pcv","tag-produkcja-aluminium","tag-produkcja-okien-pcv","tag-program-czyste-powietrze","tag-zgrzew-v-perfect"],"_links":{"self":[{"href":"https:\/\/monolit-okna.pl\/de\/wp-json\/wp\/v2\/pages\/230","targetHints":{"allow":["GET"]}}],"collection":[{"href":"https:\/\/monolit-okna.pl\/de\/wp-json\/wp\/v2\/pages"}],"about":[{"href":"https:\/\/monolit-okna.pl\/de\/wp-json\/wp\/v2\/types\/page"}],"author":[{"embeddable":true,"href":"https:\/\/monolit-okna.pl\/de\/wp-json\/wp\/v2\/users\/8"}],"replies":[{"embeddable":true,"href":"https:\/\/monolit-okna.pl\/de\/wp-json\/wp\/v2\/comments?post=230"}],"version-history":[{"count":15,"href":"https:\/\/monolit-okna.pl\/de\/wp-json\/wp\/v2\/pages\/230\/revisions"}],"predecessor-version":[{"id":13531,"href":"https:\/\/monolit-okna.pl\/de\/wp-json\/wp\/v2\/pages\/230\/revisions\/13531"}],"wp:attachment":[{"href":"https:\/\/monolit-okna.pl\/de\/wp-json\/wp\/v2\/media?parent=230"}],"wp:term":[{"taxonomy":"category","embeddable":true,"href":"https:\/\/monolit-okna.pl\/de\/wp-json\/wp\/v2\/categories?post=230"},{"taxonomy":"post_tag","embeddable":true,"href":"https:\/\/monolit-okna.pl\/de\/wp-json\/wp\/v2\/tags?post=230"}],"curies":[{"name":"wp","href":"https:\/\/api.w.org\/{rel}","templated":true}]}}