{"id":13280,"date":"2026-02-18T17:42:00","date_gmt":"2026-02-18T16:42:00","guid":{"rendered":"https:\/\/monolit-okna.pl\/?page_id=13280"},"modified":"2026-02-18T17:55:20","modified_gmt":"2026-02-18T16:55:20","slug":"aluplast","status":"publish","type":"page","link":"https:\/\/monolit-okna.pl\/de\/aluminium\/aluplast\/","title":{"rendered":"Aluplast"},"content":{"rendered":"<div data-elementor-type=\"wp-post\" data-elementor-id=\"13280\" class=\"elementor elementor-13280\" data-elementor-post-type=\"page\">\n\t\t\t\t\t\t<section class=\"elementor-section elementor-top-section elementor-element elementor-element-6d25add9 elementor-section-boxed elementor-section-height-default elementor-section-height-default\" data-id=\"6d25add9\" data-element_type=\"section\">\n\t\t\t\t\t\t<div class=\"elementor-container elementor-column-gap-default\">\n\t\t\t\t\t<div class=\"elementor-column elementor-col-100 elementor-top-column elementor-element elementor-element-548afcbc\" data-id=\"548afcbc\" data-element_type=\"column\" data-settings=\"{&quot;background_background&quot;:&quot;classic&quot;}\">\n\t\t\t<div class=\"elementor-widget-wrap elementor-element-populated\">\n\t\t\t\t\t\t<div class=\"elementor-element elementor-element-3016ef26 elementor-widget elementor-widget-heading\" data-id=\"3016ef26\" data-element_type=\"widget\" data-widget_type=\"heading.default\">\n\t\t\t\t\t<h1 class=\"elementor-heading-title elementor-size-default\">Aluplast<\/h1>\t\t\t\t<\/div>\n\t\t\t\t<div class=\"elementor-element elementor-element-bfe56ba elementor-widget elementor-widget-shortcode\" data-id=\"bfe56ba\" data-element_type=\"widget\" data-widget_type=\"shortcode.default\">\n\t\t\t\t\t\t\t<div class=\"elementor-shortcode\">\t\t<div data-elementor-type=\"page\" data-elementor-id=\"1203\" class=\"elementor elementor-1203\" data-elementor-post-type=\"elementor_library\">\n\t\t\t\t<div class=\"elementor-element elementor-element-f7a1e86 e-con-full e-flex e-con e-parent\" data-id=\"f7a1e86\" data-element_type=\"container\" data-settings=\"{&quot;background_background&quot;:&quot;classic&quot;}\">\n\t\t<div class=\"elementor-element elementor-element-59e721e e-con-full e-flex e-con e-child\" data-id=\"59e721e\" data-element_type=\"container\">\n\t\t\t\t<div class=\"elementor-element elementor-element-2101851 elementor-widget__width-auto elementor-widget elementor-widget-heading\" data-id=\"2101851\" data-element_type=\"widget\" data-widget_type=\"heading.default\">\n\t\t\t\t\t<div class=\"elementor-heading-title elementor-size-default\"><a href=\"https:\/\/monolit-okna.pl\/de\/aluminium\/ponzio\/\">PROKURAL<\/a><\/div>\t\t\t\t<\/div>\n\t\t\t\t<div class=\"elementor-element elementor-element-c83d216 elementor-widget__width-auto elementor-widget elementor-widget-heading\" data-id=\"c83d216\" data-element_type=\"widget\" data-widget_type=\"heading.default\">\n\t\t\t\t\t<div class=\"elementor-heading-title elementor-size-default\"><a href=\"https:\/\/monolit-okna.pl\/de\/aluminium\/aluprof\/\">ALUPROF<\/a><\/div>\t\t\t\t<\/div>\n\t\t\t\t<div class=\"elementor-element elementor-element-8a3e838 elementor-widget__width-auto elementor-widget elementor-widget-heading\" data-id=\"8a3e838\" data-element_type=\"widget\" data-widget_type=\"heading.default\">\n\t\t\t\t\t<div class=\"elementor-heading-title elementor-size-default\"><a href=\"https:\/\/monolit-okna.pl\/de\/aluminium\/aluplast\/\">ALUPLAST<\/a><\/div>\t\t\t\t<\/div>\n\t\t\t\t<\/div>\n\t\t\t\t<\/div>\n\t\t\t\t<\/div>\n\t\t<\/div>\n\t\t\t\t\t\t<\/div>\n\t\t\t\t\t<\/div>\n\t\t<\/div>\n\t\t\t\t\t<\/div>\n\t\t<\/section>\n\t\t<div class=\"elementor-element elementor-element-9dd8035 e-flex e-con-boxed e-con e-parent\" data-id=\"9dd8035\" data-element_type=\"container\">\n\t\t\t\t\t<div class=\"e-con-inner\">\n\t\t<div class=\"elementor-element elementor-element-751b876 e-con-full e-flex e-con e-child\" data-id=\"751b876\" data-element_type=\"container\">\n\t\t\t\t<div class=\"elementor-element elementor-element-dcc1098 elementor-widget elementor-widget-image\" data-id=\"dcc1098\" data-element_type=\"widget\" data-widget_type=\"image.default\">\n\t\t\t\t\t\t\t\t\t\t\t\t<figure class=\"wp-caption\">\n\t\t\t\t\t\t\t\t\t\t\t<a href=\"https:\/\/monolit-okna.pl\/de\/aluminium\/aluplast\/aluplast-one-75\/\">\n\t\t\t\t\t\t\t<img fetchpriority=\"high\" decoding=\"async\" width=\"800\" height=\"871\" src=\"https:\/\/monolit-okna.pl\/wp-content\/uploads\/2026\/02\/aluplast_one-75-941x1024.webp\" class=\"elementor-animation-shrink attachment-large size-large wp-image-13198\" alt=\"\" srcset=\"https:\/\/monolit-okna.pl\/wp-content\/uploads\/2026\/02\/aluplast_one-75-941x1024.webp 941w, https:\/\/monolit-okna.pl\/wp-content\/uploads\/2026\/02\/aluplast_one-75-276x300.webp 276w, https:\/\/monolit-okna.pl\/wp-content\/uploads\/2026\/02\/aluplast_one-75-768x835.webp 768w, https:\/\/monolit-okna.pl\/wp-content\/uploads\/2026\/02\/aluplast_one-75-11x12.webp 11w, https:\/\/monolit-okna.pl\/wp-content\/uploads\/2026\/02\/aluplast_one-75.webp 1140w\" sizes=\"(max-width: 800px) 100vw, 800px\" title=\"\">\t\t\t\t\t\t\t\t<\/a>\n\t\t\t\t\t\t\t\t\t\t\t<figcaption class=\"widget-image-caption wp-caption-text\">EINS 75<\/figcaption>\n\t\t\t\t\t\t\t\t\t\t<\/figure>\n\t\t\t\t\t\t\t\t\t<\/div>\n\t\t\t\t<\/div>\n\t\t\t\t\t<\/div>\n\t\t\t\t<\/div>\n\t\t\t\t<section class=\"elementor-section elementor-top-section elementor-element elementor-element-5e7b25d3 elementor-section-boxed elementor-section-height-default elementor-section-height-default\" data-id=\"5e7b25d3\" data-element_type=\"section\">\n\t\t\t\t\t\t<div class=\"elementor-container elementor-column-gap-default\">\n\t\t\t\t\t<div class=\"elementor-column elementor-col-100 elementor-top-column elementor-element elementor-element-6d489c8e\" data-id=\"6d489c8e\" data-element_type=\"column\">\n\t\t\t<div class=\"elementor-widget-wrap elementor-element-populated\">\n\t\t\t\t\t\t<div class=\"elementor-element elementor-element-7a46efad elementor-widget elementor-widget-heading\" data-id=\"7a46efad\" data-element_type=\"widget\" data-widget_type=\"heading.default\">\n\t\t\t\t\t<h2 class=\"elementor-heading-title elementor-size-default\"><strong>EINS 75<\/strong>Ein Schritt in die Zukunft<\/h2>\t\t\t\t<\/div>\n\t\t\t\t<div class=\"elementor-element elementor-element-7cf83570 elementor-widget elementor-widget-text-editor\" data-id=\"7cf83570\" data-element_type=\"widget\" data-widget_type=\"text-editor.default\">\n\t\t\t\t\t\t\t\t\t<p><strong>Entdecken Sie innovative L\u00f6sungen, die neue Ma\u00dfst\u00e4be setzen. Eine Kombination aus Modernit\u00e4t und Funktionalit\u00e4t. Sie wurden mit Blick auf \u00c4sthetik und Praktikabilit\u00e4t entwickelt und bieten unbegrenzte Individualisierungsm\u00f6glichkeiten f\u00fcr jedes Bauprojekt.<\/strong><\/p><p>Dies ist die ONE 75 Systemplattform f\u00fcr die Herstellung von Aluminiumfenstern und -t\u00fcren, die durch die Kombination von Funktionalit\u00e4t, Energieeffizienz und stilvollem Design einen sp\u00fcrbaren Unterschied macht.\u00a0<\/p><p>Das ONE 75 System bietet enorme Gestaltungsfreiheit. ONE 75 bietet vier verschiedene Designlinien \u2013 perfekt f\u00fcr alle, die Wert auf Wahlfreiheit und Kreativit\u00e4t legen.<\/p>\t\t\t\t\t\t\t\t<\/div>\n\t\t\t\t\t<\/div>\n\t\t<\/div>\n\t\t\t\t\t<\/div>\n\t\t<\/section>\n\t\t\t\t<\/div>","protected":false},"excerpt":{"rendered":"<p>Aluplast ONE 75 ONE\u00a075.\u00a0Krok w\u00a0przysz\u0142o\u015b\u0107 Poznaj innowacyjne rozwi\u0105zania, kt\u00f3re redefiniuj\u0105 standardy. Po\u0142\u0105czenie nowoczesno\u015bci i\u00a0funkcjonalno\u015bci. Projektowane z\u00a0my\u015bl\u0105 \u2028o estetyce i\u00a0praktyczno\u015bci, oferuj\u0105ce nieograniczone mo\u017cliwo\u015bci dostosowania do\u00a0ka\u017cdego projektu budowlanego. Taka jest platforma systemowa do\u00a0produkcji okien i\u00a0drzwi aluminiowych ONE 75, kt\u00f3ra wprowadza zauwa\u017caln\u0105 r\u00f3\u017cnic\u0119, \u0142\u0105cz\u0105c funkcjonalno\u015b\u0107, efektywno\u015b\u0107 energetyczn\u0105 \u2028 i\u00a0stylowy design.\u00a0 System ONE 75 oferuj\u0105 ogromn\u0105 swobod\u0119 projektow\u0105. ONE [&hellip;]<\/p>\n","protected":false},"author":1,"featured_media":0,"parent":634,"menu_order":0,"comment_status":"closed","ping_status":"closed","template":"elementor_header_footer","meta":{"footnotes":""},"categories":[],"tags":[163,162,164,147,184,183,187,159,74,65,137,181,161,155,157,70,182,149,158,152,160,186,72,185,154,71,129,146,148,140,156,153,144],"class_list":["post-13280","page","type-page","status-publish","hentry","tag-drzwi-pcv-na-wymiar","tag-drzwi-zewnetrzne-pcv","tag-drzwi-zewnetrzne-pcv-cennik","tag-fabryka-okien","tag-firma-okien","tag-firmy-okien","tag-firmy-z-oknami","tag-katalog-okien","tag-monolit","tag-monolit-okna","tag-monolit-producent-okien-i-drzwi-pcv","tag-okna-firmy","tag-okna-online","tag-okna-pcv","tag-okna-pcv-producenci","tag-okna-pcv-producent","tag-okna-plastikowe-producent","tag-okna-producent","tag-okna-zambrow","tag-producenci-okien","tag-producenci-okien-pcv","tag-producent-drzwi-pcv","tag-producent-okien","tag-producent-okien-cennik","tag-producent-okien-i-drzwi","tag-producent-okien-pcv","tag-producent-okien-podlaskie","tag-producent-okna","tag-producent-okna-pcv","tag-produkcja-aluminium","tag-produkcja-okien-pcv","tag-program-czyste-powietrze","tag-zgrzew-v-perfect"],"_links":{"self":[{"href":"https:\/\/monolit-okna.pl\/de\/wp-json\/wp\/v2\/pages\/13280","targetHints":{"allow":["GET"]}}],"collection":[{"href":"https:\/\/monolit-okna.pl\/de\/wp-json\/wp\/v2\/pages"}],"about":[{"href":"https:\/\/monolit-okna.pl\/de\/wp-json\/wp\/v2\/types\/page"}],"author":[{"embeddable":true,"href":"https:\/\/monolit-okna.pl\/de\/wp-json\/wp\/v2\/users\/1"}],"replies":[{"embeddable":true,"href":"https:\/\/monolit-okna.pl\/de\/wp-json\/wp\/v2\/comments?post=13280"}],"version-history":[{"count":8,"href":"https:\/\/monolit-okna.pl\/de\/wp-json\/wp\/v2\/pages\/13280\/revisions"}],"predecessor-version":[{"id":13304,"href":"https:\/\/monolit-okna.pl\/de\/wp-json\/wp\/v2\/pages\/13280\/revisions\/13304"}],"up":[{"embeddable":true,"href":"https:\/\/monolit-okna.pl\/de\/wp-json\/wp\/v2\/pages\/634"}],"wp:attachment":[{"href":"https:\/\/monolit-okna.pl\/de\/wp-json\/wp\/v2\/media?parent=13280"}],"wp:term":[{"taxonomy":"category","embeddable":true,"href":"https:\/\/monolit-okna.pl\/de\/wp-json\/wp\/v2\/categories?post=13280"},{"taxonomy":"post_tag","embeddable":true,"href":"https:\/\/monolit-okna.pl\/de\/wp-json\/wp\/v2\/tags?post=13280"}],"curies":[{"name":"wp","href":"https:\/\/api.w.org\/{rel}","templated":true}]}}