{"id":1105,"date":"2022-06-01T13:33:54","date_gmt":"2022-06-01T11:33:54","guid":{"rendered":"https:\/\/monolit-okna.pl\/?page_id=1105"},"modified":"2025-06-10T10:46:23","modified_gmt":"2025-06-10T08:46:23","slug":"okna-wital","status":"publish","type":"page","link":"https:\/\/monolit-okna.pl\/de\/okna\/okna-wital\/","title":{"rendered":"Vital"},"content":{"rendered":"<div data-elementor-type=\"wp-post\" data-elementor-id=\"1105\" class=\"elementor elementor-1105\" data-elementor-post-type=\"page\">\n\t\t\t\t\t\t<section class=\"elementor-section elementor-top-section elementor-element elementor-element-6d25add9 elementor-section-boxed elementor-section-height-default elementor-section-height-default\" data-id=\"6d25add9\" data-element_type=\"section\">\n\t\t\t\t\t\t<div class=\"elementor-container elementor-column-gap-default\">\n\t\t\t\t\t<div class=\"elementor-column elementor-col-100 elementor-top-column elementor-element elementor-element-548afcbc\" data-id=\"548afcbc\" data-element_type=\"column\" data-settings=\"{&quot;background_background&quot;:&quot;classic&quot;}\">\n\t\t\t<div class=\"elementor-widget-wrap elementor-element-populated\">\n\t\t\t\t\t\t<div class=\"elementor-element elementor-element-3016ef26 elementor-widget elementor-widget-heading\" data-id=\"3016ef26\" data-element_type=\"widget\" data-widget_type=\"heading.default\">\n\t\t\t\t\t<h1 class=\"elementor-heading-title elementor-size-default\">LEBENSWERT<\/h1>\t\t\t\t<\/div>\n\t\t\t\t<div class=\"elementor-element elementor-element-bfe56ba elementor-widget elementor-widget-shortcode\" data-id=\"bfe56ba\" data-element_type=\"widget\" data-widget_type=\"shortcode.default\">\n\t\t\t\t\t\t\t<div class=\"elementor-shortcode\">\t\t<div data-elementor-type=\"section\" data-elementor-id=\"883\" class=\"elementor elementor-883\" data-elementor-post-type=\"elementor_library\">\n\t\t\t<div class=\"elementor-element elementor-element-a313846 e-con-full e-flex e-con e-parent\" data-id=\"a313846\" data-element_type=\"container\" data-settings=\"{&quot;background_background&quot;:&quot;classic&quot;}\">\n\t\t<div class=\"elementor-element elementor-element-066fc9a e-con-full e-flex e-con e-child\" data-id=\"066fc9a\" data-element_type=\"container\">\n\t\t\t\t<div class=\"elementor-element elementor-element-2401410 elementor-widget__width-auto elementor-widget elementor-widget-heading\" data-id=\"2401410\" data-element_type=\"widget\" data-widget_type=\"heading.default\">\n\t\t\t\t\t<div class=\"elementor-heading-title elementor-size-default\"><a href=\"https:\/\/monolit-okna.pl\/de\/okna\/okna-aluplast\/\">ALUPLAST<\/a><\/div>\t\t\t\t<\/div>\n\t\t\t\t<div class=\"elementor-element elementor-element-d807a9f elementor-widget__width-auto elementor-widget elementor-widget-heading\" data-id=\"d807a9f\" data-element_type=\"widget\" data-widget_type=\"heading.default\">\n\t\t\t\t\t<div class=\"elementor-heading-title elementor-size-default\"><a href=\"https:\/\/monolit-okna.pl\/de\/okna\/okna-rehau\/\">REHAU<\/a><\/div>\t\t\t\t<\/div>\n\t\t\t\t<\/div>\n\t\t\t\t<\/div>\n\t\t\t\t<\/div>\n\t\t<\/div>\n\t\t\t\t\t\t<\/div>\n\t\t\t\t\t<\/div>\n\t\t<\/div>\n\t\t\t\t\t<\/div>\n\t\t<\/section>\n\t\t\t\t<section class=\"elementor-section elementor-top-section elementor-element elementor-element-b40dcf2 elementor-section-boxed elementor-section-height-default elementor-section-height-default\" data-id=\"b40dcf2\" data-element_type=\"section\">\n\t\t\t\t\t\t<div class=\"elementor-container elementor-column-gap-default\">\n\t\t\t\t\t<div class=\"elementor-column elementor-col-100 elementor-top-column elementor-element elementor-element-6da2121\" data-id=\"6da2121\" data-element_type=\"column\">\n\t\t\t<div class=\"elementor-widget-wrap\">\n\t\t\t\t\t\t\t<\/div>\n\t\t<\/div>\n\t\t\t\t\t<\/div>\n\t\t<\/section>\n\t\t\t\t<section class=\"elementor-section elementor-top-section elementor-element elementor-element-2f3e47c elementor-section-boxed elementor-section-height-default elementor-section-height-default\" data-id=\"2f3e47c\" data-element_type=\"section\">\n\t\t\t\t\t\t<div class=\"elementor-container elementor-column-gap-default\">\n\t\t\t\t\t<div class=\"elementor-column elementor-col-100 elementor-top-column elementor-element elementor-element-2ee3af3\" data-id=\"2ee3af3\" data-element_type=\"column\">\n\t\t\t<div class=\"elementor-widget-wrap elementor-element-populated\">\n\t\t\t\t\t\t<div class=\"elementor-element elementor-element-e5c10f1 elementor-widget elementor-widget-heading\" data-id=\"e5c10f1\" data-element_type=\"widget\" data-widget_type=\"heading.default\">\n\t\t\t\t\t<h2 class=\"elementor-heading-title elementor-size-default\">PVC-FENSTER<\/h2>\t\t\t\t<\/div>\n\t\t\t\t\t<\/div>\n\t\t<\/div>\n\t\t\t\t\t<\/div>\n\t\t<\/section>\n\t\t\t\t<section class=\"elementor-section elementor-top-section elementor-element elementor-element-fb3ed23 elementor-section-boxed elementor-section-height-default elementor-section-height-default\" data-id=\"fb3ed23\" data-element_type=\"section\">\n\t\t\t\t\t\t<div class=\"elementor-container elementor-column-gap-default\">\n\t\t\t\t\t<div class=\"elementor-column elementor-col-25 elementor-top-column elementor-element elementor-element-3fcecfc\" data-id=\"3fcecfc\" data-element_type=\"column\">\n\t\t\t<div class=\"elementor-widget-wrap\">\n\t\t\t\t\t\t\t<\/div>\n\t\t<\/div>\n\t\t\t\t<div class=\"elementor-column elementor-col-25 elementor-top-column elementor-element elementor-element-90c9aaf\" data-id=\"90c9aaf\" data-element_type=\"column\">\n\t\t\t<div class=\"elementor-widget-wrap elementor-element-populated\">\n\t\t\t\t\t\t<div class=\"elementor-element elementor-element-10340a0 elementor-widget elementor-widget-image\" data-id=\"10340a0\" data-element_type=\"widget\" data-widget_type=\"image.default\">\n\t\t\t\t\t\t\t\t\t\t\t\t<figure class=\"wp-caption\">\n\t\t\t\t\t\t\t\t\t\t\t<a href=\"https:\/\/monolit-okna.pl\/de\/okna\/okna-wital\/active\/\">\n\t\t\t\t\t\t\t<img fetchpriority=\"high\" decoding=\"async\" width=\"800\" height=\"800\" src=\"https:\/\/monolit-okna.pl\/wp-content\/uploads\/2022\/06\/ACTIVE-1024x1024.jpg\" class=\"elementor-animation-shrink attachment-large size-large wp-image-1136\" alt=\"AKTIV\" srcset=\"https:\/\/monolit-okna.pl\/wp-content\/uploads\/2022\/06\/ACTIVE-1024x1024.jpg 1024w, https:\/\/monolit-okna.pl\/wp-content\/uploads\/2022\/06\/ACTIVE-300x300.jpg 300w, https:\/\/monolit-okna.pl\/wp-content\/uploads\/2022\/06\/ACTIVE-150x150.jpg 150w, https:\/\/monolit-okna.pl\/wp-content\/uploads\/2022\/06\/ACTIVE-768x768.jpg 768w, https:\/\/monolit-okna.pl\/wp-content\/uploads\/2022\/06\/ACTIVE.jpg 1260w\" sizes=\"(max-width: 800px) 100vw, 800px\" title=\"\">\t\t\t\t\t\t\t\t<\/a>\n\t\t\t\t\t\t\t\t\t\t\t<figcaption class=\"widget-image-caption wp-caption-text\">AKTIV<\/figcaption>\n\t\t\t\t\t\t\t\t\t\t<\/figure>\n\t\t\t\t\t\t\t\t\t<\/div>\n\t\t\t\t\t<\/div>\n\t\t<\/div>\n\t\t\t\t<div class=\"elementor-column elementor-col-25 elementor-top-column elementor-element elementor-element-5ac4eb1\" data-id=\"5ac4eb1\" data-element_type=\"column\">\n\t\t\t<div class=\"elementor-widget-wrap elementor-element-populated\">\n\t\t\t\t\t\t<div class=\"elementor-element elementor-element-1e5ea9f elementor-widget elementor-widget-image\" data-id=\"1e5ea9f\" data-element_type=\"widget\" data-widget_type=\"image.default\">\n\t\t\t\t\t\t\t\t\t\t\t\t<figure class=\"wp-caption\">\n\t\t\t\t\t\t\t\t\t\t\t<a href=\"https:\/\/monolit-okna.pl\/de\/okna\/okna-wital\/active-plus-therm\/\">\n\t\t\t\t\t\t\t<img decoding=\"async\" width=\"800\" height=\"800\" src=\"https:\/\/monolit-okna.pl\/wp-content\/uploads\/2022\/06\/ACTIVE-PLUS-THERM-1024x1024.jpg\" class=\"elementor-animation-shrink attachment-large size-large wp-image-1164\" alt=\"ACTIVE PLUS THERM\" srcset=\"https:\/\/monolit-okna.pl\/wp-content\/uploads\/2022\/06\/ACTIVE-PLUS-THERM-1024x1024.jpg 1024w, https:\/\/monolit-okna.pl\/wp-content\/uploads\/2022\/06\/ACTIVE-PLUS-THERM-300x300.jpg 300w, https:\/\/monolit-okna.pl\/wp-content\/uploads\/2022\/06\/ACTIVE-PLUS-THERM-150x150.jpg 150w, https:\/\/monolit-okna.pl\/wp-content\/uploads\/2022\/06\/ACTIVE-PLUS-THERM-768x768.jpg 768w, https:\/\/monolit-okna.pl\/wp-content\/uploads\/2022\/06\/ACTIVE-PLUS-THERM.jpg 1260w\" sizes=\"(max-width: 800px) 100vw, 800px\" title=\"\">\t\t\t\t\t\t\t\t<\/a>\n\t\t\t\t\t\t\t\t\t\t\t<figcaption class=\"widget-image-caption wp-caption-text\">ACTIVE PLUS THERM<\/figcaption>\n\t\t\t\t\t\t\t\t\t\t<\/figure>\n\t\t\t\t\t\t\t\t\t<\/div>\n\t\t\t\t\t<\/div>\n\t\t<\/div>\n\t\t\t\t<div class=\"elementor-column elementor-col-25 elementor-top-column elementor-element elementor-element-4044741\" data-id=\"4044741\" data-element_type=\"column\">\n\t\t\t<div class=\"elementor-widget-wrap\">\n\t\t\t\t\t\t\t<\/div>\n\t\t<\/div>\n\t\t\t\t\t<\/div>\n\t\t<\/section>\n\t\t\t\t<section class=\"elementor-section elementor-top-section elementor-element elementor-element-46d6fcd elementor-section-boxed elementor-section-height-default elementor-section-height-default\" data-id=\"46d6fcd\" data-element_type=\"section\">\n\t\t\t\t\t\t<div class=\"elementor-container elementor-column-gap-default\">\n\t\t\t\t\t<div class=\"elementor-column elementor-col-100 elementor-top-column elementor-element elementor-element-007bbe7\" data-id=\"007bbe7\" data-element_type=\"column\">\n\t\t\t<div class=\"elementor-widget-wrap elementor-element-populated\">\n\t\t\t\t\t\t<div class=\"elementor-element elementor-element-3504c6e elementor-widget elementor-widget-heading\" data-id=\"3504c6e\" data-element_type=\"widget\" data-widget_type=\"heading.default\">\n\t\t\t\t\t<h2 class=\"elementor-heading-title elementor-size-default\">T\u00fcrsysteme<\/h2>\t\t\t\t<\/div>\n\t\t\t\t\t<\/div>\n\t\t<\/div>\n\t\t\t\t\t<\/div>\n\t\t<\/section>\n\t\t\t\t<section class=\"elementor-section elementor-top-section elementor-element elementor-element-1b4a7a9 elementor-section-boxed elementor-section-height-default elementor-section-height-default\" data-id=\"1b4a7a9\" data-element_type=\"section\">\n\t\t\t\t\t\t<div class=\"elementor-container elementor-column-gap-default\">\n\t\t\t\t\t<div class=\"elementor-column elementor-col-25 elementor-top-column elementor-element elementor-element-8f9b61e\" data-id=\"8f9b61e\" data-element_type=\"column\">\n\t\t\t<div class=\"elementor-widget-wrap\">\n\t\t\t\t\t\t\t<\/div>\n\t\t<\/div>\n\t\t\t\t<div class=\"elementor-column elementor-col-25 elementor-top-column elementor-element elementor-element-9fd897d\" data-id=\"9fd897d\" data-element_type=\"column\">\n\t\t\t<div class=\"elementor-widget-wrap elementor-element-populated\">\n\t\t\t\t\t\t<div class=\"elementor-element elementor-element-a354a36 elementor-widget elementor-widget-image\" data-id=\"a354a36\" data-element_type=\"widget\" data-widget_type=\"image.default\">\n\t\t\t\t\t\t\t\t\t\t\t\t<figure class=\"wp-caption\">\n\t\t\t\t\t\t\t\t\t\t\t<a href=\"https:\/\/monolit-okna.pl\/de\/okna\/okna-wital\/system-drzwiowy-active\/\">\n\t\t\t\t\t\t\t<img decoding=\"async\" width=\"800\" height=\"800\" src=\"https:\/\/monolit-okna.pl\/wp-content\/uploads\/2022\/08\/skrzydlo_posrednie_ACTIVE-1024x1024.jpg\" class=\"elementor-animation-shrink attachment-large size-large wp-image-3715\" alt=\"\" srcset=\"https:\/\/monolit-okna.pl\/wp-content\/uploads\/2022\/08\/skrzydlo_posrednie_ACTIVE-1024x1024.jpg 1024w, https:\/\/monolit-okna.pl\/wp-content\/uploads\/2022\/08\/skrzydlo_posrednie_ACTIVE-300x300.jpg 300w, https:\/\/monolit-okna.pl\/wp-content\/uploads\/2022\/08\/skrzydlo_posrednie_ACTIVE-150x150.jpg 150w, https:\/\/monolit-okna.pl\/wp-content\/uploads\/2022\/08\/skrzydlo_posrednie_ACTIVE-768x768.jpg 768w, https:\/\/monolit-okna.pl\/wp-content\/uploads\/2022\/08\/skrzydlo_posrednie_ACTIVE.jpg 1200w\" sizes=\"(max-width: 800px) 100vw, 800px\" title=\"\">\t\t\t\t\t\t\t\t<\/a>\n\t\t\t\t\t\t\t\t\t\t\t<figcaption class=\"widget-image-caption wp-caption-text\">ZWISCHENFL\u00dcGEL ACTIVE<\/figcaption>\n\t\t\t\t\t\t\t\t\t\t<\/figure>\n\t\t\t\t\t\t\t\t\t<\/div>\n\t\t\t\t\t<\/div>\n\t\t<\/div>\n\t\t\t\t<div class=\"elementor-column elementor-col-25 elementor-top-column elementor-element elementor-element-694a043\" data-id=\"694a043\" data-element_type=\"column\">\n\t\t\t<div class=\"elementor-widget-wrap elementor-element-populated\">\n\t\t\t\t\t\t<div class=\"elementor-element elementor-element-fdb156a elementor-widget elementor-widget-image\" data-id=\"fdb156a\" data-element_type=\"widget\" data-widget_type=\"image.default\">\n\t\t\t\t\t\t\t\t\t\t\t\t<figure class=\"wp-caption\">\n\t\t\t\t\t\t\t\t\t\t\t<a href=\"https:\/\/monolit-okna.pl\/de\/okna\/okna-wital\/system-drzwiowy-active-plus-therm\/\">\n\t\t\t\t\t\t\t<img loading=\"lazy\" decoding=\"async\" width=\"800\" height=\"800\" src=\"https:\/\/monolit-okna.pl\/wp-content\/uploads\/2022\/08\/system_drzwiowy_ACTIVE_PLUS_THERM-1024x1024.jpg\" class=\"elementor-animation-shrink attachment-large size-large wp-image-3725\" alt=\"ACTIVE_PLUS_THERM\" srcset=\"https:\/\/monolit-okna.pl\/wp-content\/uploads\/2022\/08\/system_drzwiowy_ACTIVE_PLUS_THERM-1024x1024.jpg 1024w, https:\/\/monolit-okna.pl\/wp-content\/uploads\/2022\/08\/system_drzwiowy_ACTIVE_PLUS_THERM-300x300.jpg 300w, https:\/\/monolit-okna.pl\/wp-content\/uploads\/2022\/08\/system_drzwiowy_ACTIVE_PLUS_THERM-150x150.jpg 150w, https:\/\/monolit-okna.pl\/wp-content\/uploads\/2022\/08\/system_drzwiowy_ACTIVE_PLUS_THERM-768x768.jpg 768w, https:\/\/monolit-okna.pl\/wp-content\/uploads\/2022\/08\/system_drzwiowy_ACTIVE_PLUS_THERM.jpg 1200w\" sizes=\"(max-width: 800px) 100vw, 800px\" title=\"\">\t\t\t\t\t\t\t\t<\/a>\n\t\t\t\t\t\t\t\t\t\t\t<figcaption class=\"widget-image-caption wp-caption-text\">T\u00dcRSYSTEM ACTIVE<\/figcaption>\n\t\t\t\t\t\t\t\t\t\t<\/figure>\n\t\t\t\t\t\t\t\t\t<\/div>\n\t\t\t\t\t<\/div>\n\t\t<\/div>\n\t\t\t\t<div class=\"elementor-column elementor-col-25 elementor-top-column elementor-element elementor-element-84e539a\" data-id=\"84e539a\" data-element_type=\"column\">\n\t\t\t<div class=\"elementor-widget-wrap\">\n\t\t\t\t\t\t\t<\/div>\n\t\t<\/div>\n\t\t\t\t\t<\/div>\n\t\t<\/section>\n\t\t\t\t<section class=\"elementor-section elementor-top-section elementor-element elementor-element-de72773 elementor-section-boxed elementor-section-height-default elementor-section-height-default\" data-id=\"de72773\" data-element_type=\"section\">\n\t\t\t\t\t\t<div class=\"elementor-container elementor-column-gap-default\">\n\t\t\t\t\t<div class=\"elementor-column elementor-col-100 elementor-top-column elementor-element elementor-element-6908eff\" data-id=\"6908eff\" data-element_type=\"column\">\n\t\t\t<div class=\"elementor-widget-wrap elementor-element-populated\">\n\t\t\t\t\t\t<div class=\"elementor-element elementor-element-6dfdbaf elementor-widget elementor-widget-heading\" data-id=\"6dfdbaf\" data-element_type=\"widget\" data-widget_type=\"heading.default\">\n\t\t\t\t\t<h2 class=\"elementor-heading-title elementor-size-default\"><br><br>Innovative Technologien<\/h2>\t\t\t\t<\/div>\n\t\t\t\t\t<\/div>\n\t\t<\/div>\n\t\t\t\t\t<\/div>\n\t\t<\/section>\n\t\t\t\t<section class=\"elementor-section elementor-top-section elementor-element elementor-element-3ba74b0 elementor-section-boxed elementor-section-height-default elementor-section-height-default\" data-id=\"3ba74b0\" data-element_type=\"section\">\n\t\t\t\t\t\t<div class=\"elementor-container elementor-column-gap-default\">\n\t\t\t\t\t<div class=\"elementor-column elementor-col-33 elementor-top-column elementor-element elementor-element-9e958a7\" data-id=\"9e958a7\" data-element_type=\"column\">\n\t\t\t<div class=\"elementor-widget-wrap\">\n\t\t\t\t\t\t\t<\/div>\n\t\t<\/div>\n\t\t\t\t<div class=\"elementor-column elementor-col-33 elementor-top-column elementor-element elementor-element-2cfe36f\" data-id=\"2cfe36f\" data-element_type=\"column\">\n\t\t\t<div class=\"elementor-widget-wrap elementor-element-populated\">\n\t\t\t\t\t\t<div class=\"elementor-element elementor-element-d7ade3e elementor-widget elementor-widget-image\" data-id=\"d7ade3e\" data-element_type=\"widget\" data-widget_type=\"image.default\">\n\t\t\t\t\t\t\t\t\t\t\t\t<figure class=\"wp-caption\">\n\t\t\t\t\t\t\t\t\t\t\t<a href=\"https:\/\/monolit-okna.pl\/wp-content\/uploads\/2022\/11\/INNOWACYJNE_TECHNOLOGIE_2.pdf\" target=\"_blank\">\n\t\t\t\t\t\t\t<img loading=\"lazy\" decoding=\"async\" width=\"800\" height=\"800\" src=\"https:\/\/monolit-okna.pl\/wp-content\/uploads\/2022\/11\/2-1024x1024.jpg\" class=\"elementor-animation-shrink attachment-large size-large wp-image-4264\" alt=\"\" srcset=\"https:\/\/monolit-okna.pl\/wp-content\/uploads\/2022\/11\/2.jpg 1024w, https:\/\/monolit-okna.pl\/wp-content\/uploads\/2022\/11\/2-300x300.jpg 300w, https:\/\/monolit-okna.pl\/wp-content\/uploads\/2022\/11\/2-150x150.jpg 150w, https:\/\/monolit-okna.pl\/wp-content\/uploads\/2022\/11\/2-768x768.jpg 768w, https:\/\/monolit-okna.pl\/wp-content\/uploads\/2022\/11\/2-12x12.jpg 12w\" sizes=\"(max-width: 800px) 100vw, 800px\" title=\"\">\t\t\t\t\t\t\t\t<\/a>\n\t\t\t\t\t\t\t\t\t\t\t<figcaption class=\"widget-image-caption wp-caption-text\">Die innovativste technologische L\u00f6sung in der PVC-Fensterindustrie. Ein umweltfreundliches Entw\u00e4sserungs- und D\u00e4mmsystem.<\/figcaption>\n\t\t\t\t\t\t\t\t\t\t<\/figure>\n\t\t\t\t\t\t\t\t\t<\/div>\n\t\t\t\t\t<\/div>\n\t\t<\/div>\n\t\t\t\t<div class=\"elementor-column elementor-col-33 elementor-top-column elementor-element elementor-element-6a8b53f\" data-id=\"6a8b53f\" data-element_type=\"column\">\n\t\t\t<div class=\"elementor-widget-wrap\">\n\t\t\t\t\t\t\t<\/div>\n\t\t<\/div>\n\t\t\t\t\t<\/div>\n\t\t<\/section>\n\t\t\t\t<\/div>","protected":false},"excerpt":{"rendered":"<p>WITAL Okna PVC ACTIVE ACTIVE PLUS THERM Systemy drzwiowe SKRZYD\u0141O PO\u015aREDNIE ACTIVE SYSTEM DRZWIOWY ACTIVE INNOWACYJNE TECHNOLOGIE Najbardziej innowacyjne rozwi\u0105zanie technologiczne w bran\u017cy stolarki okiennej PVC. PROEKOLOGICZNY UK\u0141AD MELIORACYJNO-IZOLACYJNY<\/p>","protected":false},"author":8,"featured_media":0,"parent":281,"menu_order":0,"comment_status":"closed","ping_status":"closed","template":"elementor_header_footer","meta":{"footnotes":""},"categories":[],"tags":[163,162,164,147,184,183,187,159,74,65,137,181,161,155,157,70,182,149,158,152,160,186,72,185,154,71,129,146,148,140,156,153,144],"class_list":["post-1105","page","type-page","status-publish","hentry","tag-drzwi-pcv-na-wymiar","tag-drzwi-zewnetrzne-pcv","tag-drzwi-zewnetrzne-pcv-cennik","tag-fabryka-okien","tag-firma-okien","tag-firmy-okien","tag-firmy-z-oknami","tag-katalog-okien","tag-monolit","tag-monolit-okna","tag-monolit-producent-okien-i-drzwi-pcv","tag-okna-firmy","tag-okna-online","tag-okna-pcv","tag-okna-pcv-producenci","tag-okna-pcv-producent","tag-okna-plastikowe-producent","tag-okna-producent","tag-okna-zambrow","tag-producenci-okien","tag-producenci-okien-pcv","tag-producent-drzwi-pcv","tag-producent-okien","tag-producent-okien-cennik","tag-producent-okien-i-drzwi","tag-producent-okien-pcv","tag-producent-okien-podlaskie","tag-producent-okna","tag-producent-okna-pcv","tag-produkcja-aluminium","tag-produkcja-okien-pcv","tag-program-czyste-powietrze","tag-zgrzew-v-perfect"],"_links":{"self":[{"href":"https:\/\/monolit-okna.pl\/de\/wp-json\/wp\/v2\/pages\/1105","targetHints":{"allow":["GET"]}}],"collection":[{"href":"https:\/\/monolit-okna.pl\/de\/wp-json\/wp\/v2\/pages"}],"about":[{"href":"https:\/\/monolit-okna.pl\/de\/wp-json\/wp\/v2\/types\/page"}],"author":[{"embeddable":true,"href":"https:\/\/monolit-okna.pl\/de\/wp-json\/wp\/v2\/users\/8"}],"replies":[{"embeddable":true,"href":"https:\/\/monolit-okna.pl\/de\/wp-json\/wp\/v2\/comments?post=1105"}],"version-history":[{"count":3,"href":"https:\/\/monolit-okna.pl\/de\/wp-json\/wp\/v2\/pages\/1105\/revisions"}],"predecessor-version":[{"id":12211,"href":"https:\/\/monolit-okna.pl\/de\/wp-json\/wp\/v2\/pages\/1105\/revisions\/12211"}],"up":[{"embeddable":true,"href":"https:\/\/monolit-okna.pl\/de\/wp-json\/wp\/v2\/pages\/281"}],"wp:attachment":[{"href":"https:\/\/monolit-okna.pl\/de\/wp-json\/wp\/v2\/media?parent=1105"}],"wp:term":[{"taxonomy":"category","embeddable":true,"href":"https:\/\/monolit-okna.pl\/de\/wp-json\/wp\/v2\/categories?post=1105"},{"taxonomy":"post_tag","embeddable":true,"href":"https:\/\/monolit-okna.pl\/de\/wp-json\/wp\/v2\/tags?post=1105"}],"curies":[{"name":"wp","href":"https:\/\/api.w.org\/{rel}","templated":true}]}}