{"id":4517,"date":"2023-01-30T14:24:18","date_gmt":"2023-01-30T13:24:18","guid":{"rendered":"https:\/\/monolit-okna.pl\/?page_id=4517"},"modified":"2023-09-05T11:36:07","modified_gmt":"2023-09-05T09:36:07","slug":"aluron","status":"publish","type":"page","link":"https:\/\/monolit-okna.pl\/cs\/aluminium\/aluron\/","title":{"rendered":"Aluron"},"content":{"rendered":"<div data-elementor-type=\"wp-post\" data-elementor-id=\"4517\" class=\"elementor elementor-4517\" data-elementor-post-type=\"page\">\n\t\t\t\t\t\t<section class=\"elementor-section elementor-top-section elementor-element elementor-element-6d25add9 elementor-section-boxed elementor-section-height-default elementor-section-height-default\" data-id=\"6d25add9\" data-element_type=\"section\">\n\t\t\t\t\t\t<div class=\"elementor-container elementor-column-gap-default\">\n\t\t\t\t\t<div class=\"elementor-column elementor-col-100 elementor-top-column elementor-element elementor-element-548afcbc\" data-id=\"548afcbc\" data-element_type=\"column\" data-settings=\"{&quot;background_background&quot;:&quot;classic&quot;}\">\n\t\t\t<div class=\"elementor-widget-wrap elementor-element-populated\">\n\t\t\t\t\t\t<div class=\"elementor-element elementor-element-3016ef26 elementor-widget elementor-widget-heading\" data-id=\"3016ef26\" data-element_type=\"widget\" data-widget_type=\"heading.default\">\n\t\t\t\t\t<h1 class=\"elementor-heading-title elementor-size-default\">AlURON<\/h1>\t\t\t\t<\/div>\n\t\t\t\t<div class=\"elementor-element elementor-element-bfe56ba elementor-widget elementor-widget-shortcode\" data-id=\"bfe56ba\" data-element_type=\"widget\" data-widget_type=\"shortcode.default\">\n\t\t\t\t\t\t\t<div class=\"elementor-shortcode\">\t\t<div data-elementor-type=\"page\" data-elementor-id=\"1203\" class=\"elementor elementor-1203\" data-elementor-post-type=\"elementor_library\">\n\t\t\t\t<div class=\"elementor-element elementor-element-f7a1e86 e-con-full e-flex e-con e-parent\" data-id=\"f7a1e86\" data-element_type=\"container\" data-settings=\"{&quot;background_background&quot;:&quot;classic&quot;}\">\n\t\t<div class=\"elementor-element elementor-element-59e721e e-con-full e-flex e-con e-child\" data-id=\"59e721e\" data-element_type=\"container\">\n\t\t\t\t<div class=\"elementor-element elementor-element-2101851 elementor-widget__width-auto elementor-widget elementor-widget-heading\" data-id=\"2101851\" data-element_type=\"widget\" data-widget_type=\"heading.default\">\n\t\t\t\t\t<div class=\"elementor-heading-title elementor-size-default\"><a href=\"https:\/\/monolit-okna.pl\/cs\/aluminium\/ponzio\/\">PROCURAL<\/a><\/div>\t\t\t\t<\/div>\n\t\t\t\t<div class=\"elementor-element elementor-element-c83d216 elementor-widget__width-auto elementor-widget elementor-widget-heading\" data-id=\"c83d216\" data-element_type=\"widget\" data-widget_type=\"heading.default\">\n\t\t\t\t\t<div class=\"elementor-heading-title elementor-size-default\"><a href=\"https:\/\/monolit-okna.pl\/cs\/aluminium\/aluprof\/\">ALUPROF<\/a><\/div>\t\t\t\t<\/div>\n\t\t\t\t<div class=\"elementor-element elementor-element-8a3e838 elementor-widget__width-auto elementor-widget elementor-widget-heading\" data-id=\"8a3e838\" data-element_type=\"widget\" data-widget_type=\"heading.default\">\n\t\t\t\t\t<div class=\"elementor-heading-title elementor-size-default\"><a href=\"https:\/\/monolit-okna.pl\/cs\/aluminium\/aluplast\/\">ALUPLAST<\/a><\/div>\t\t\t\t<\/div>\n\t\t\t\t<\/div>\n\t\t\t\t<\/div>\n\t\t\t\t<\/div>\n\t\t<\/div>\n\t\t\t\t\t\t<\/div>\n\t\t\t\t\t<\/div>\n\t\t<\/div>\n\t\t\t\t\t<\/div>\n\t\t<\/section>\n\t\t\t\t<section class=\"elementor-section elementor-top-section elementor-element elementor-element-b40dcf2 elementor-section-boxed elementor-section-height-default elementor-section-height-default\" data-id=\"b40dcf2\" data-element_type=\"section\">\n\t\t\t\t\t\t<div class=\"elementor-container elementor-column-gap-default\">\n\t\t\t\t\t<div class=\"elementor-column elementor-col-100 elementor-top-column elementor-element elementor-element-6da2121\" data-id=\"6da2121\" data-element_type=\"column\">\n\t\t\t<div class=\"elementor-widget-wrap\">\n\t\t\t\t\t\t\t<\/div>\n\t\t<\/div>\n\t\t\t\t\t<\/div>\n\t\t<\/section>\n\t\t\t\t<section class=\"elementor-section elementor-top-section elementor-element elementor-element-fb3ed23 elementor-section-boxed elementor-section-height-default elementor-section-height-default\" data-id=\"fb3ed23\" data-element_type=\"section\">\n\t\t\t\t\t\t<div class=\"elementor-container elementor-column-gap-default\">\n\t\t\t\t\t<div class=\"elementor-column elementor-col-25 elementor-top-column elementor-element elementor-element-75fa8ee\" data-id=\"75fa8ee\" data-element_type=\"column\">\n\t\t\t<div class=\"elementor-widget-wrap elementor-element-populated\">\n\t\t\t\t\t\t<div class=\"elementor-element elementor-element-10340a0 elementor-widget elementor-widget-image\" data-id=\"10340a0\" data-element_type=\"widget\" data-widget_type=\"image.default\">\n\t\t\t\t\t\t\t\t\t\t\t\t<figure class=\"wp-caption\">\n\t\t\t\t\t\t\t\t\t\t\t<a href=\"https:\/\/monolit-okna.pl\/cs\/aluminium\/aluprof\/aluron-acs-50\/\">\n\t\t\t\t\t\t\t<img fetchpriority=\"high\" decoding=\"async\" width=\"687\" height=\"1024\" src=\"https:\/\/monolit-okna.pl\/wp-content\/uploads\/2023\/01\/ACS-50_bez_tla-e1675327484653-687x1024.jpg\" class=\"elementor-animation-shrink attachment-large size-large wp-image-4521\" alt=\"\" srcset=\"https:\/\/monolit-okna.pl\/wp-content\/uploads\/2023\/01\/ACS-50_bez_tla-e1675327484653-687x1024.jpg 687w, https:\/\/monolit-okna.pl\/wp-content\/uploads\/2023\/01\/ACS-50_bez_tla-e1675327484653-201x300.jpg 201w, https:\/\/monolit-okna.pl\/wp-content\/uploads\/2023\/01\/ACS-50_bez_tla-e1675327484653-768x1145.jpg 768w, https:\/\/monolit-okna.pl\/wp-content\/uploads\/2023\/01\/ACS-50_bez_tla-e1675327484653-1030x1536.jpg 1030w, https:\/\/monolit-okna.pl\/wp-content\/uploads\/2023\/01\/ACS-50_bez_tla-e1675327484653-8x12.jpg 8w, https:\/\/monolit-okna.pl\/wp-content\/uploads\/2023\/01\/ACS-50_bez_tla-e1675327484653.jpg 1276w\" sizes=\"(max-width: 687px) 100vw, 687px\" title=\"\">\t\t\t\t\t\t\t\t<\/a>\n\t\t\t\t\t\t\t\t\t\t\t<figcaption class=\"widget-image-caption wp-caption-text\">ACS 50<\/figcaption>\n\t\t\t\t\t\t\t\t\t\t<\/figure>\n\t\t\t\t\t\t\t\t\t<\/div>\n\t\t\t\t<div class=\"elementor-element elementor-element-7c58a7d elementor-widget elementor-widget-image\" data-id=\"7c58a7d\" data-element_type=\"widget\" data-widget_type=\"image.default\">\n\t\t\t\t\t\t\t\t\t\t\t\t<figure class=\"wp-caption\">\n\t\t\t\t\t\t\t\t\t\t\t<a href=\"https:\/\/monolit-okna.pl\/cs\/aluminium\/aluprof\/aluron-as-178hs\/\">\n\t\t\t\t\t\t\t<img decoding=\"async\" width=\"709\" height=\"1024\" src=\"https:\/\/monolit-okna.pl\/wp-content\/uploads\/2023\/01\/AS_178HS-e1675327397433-709x1024.jpg\" class=\"elementor-animation-shrink attachment-large size-large wp-image-4524\" alt=\"\" srcset=\"https:\/\/monolit-okna.pl\/wp-content\/uploads\/2023\/01\/AS_178HS-e1675327397433-709x1024.jpg 709w, https:\/\/monolit-okna.pl\/wp-content\/uploads\/2023\/01\/AS_178HS-e1675327397433-208x300.jpg 208w, https:\/\/monolit-okna.pl\/wp-content\/uploads\/2023\/01\/AS_178HS-e1675327397433-768x1108.jpg 768w, https:\/\/monolit-okna.pl\/wp-content\/uploads\/2023\/01\/AS_178HS-e1675327397433-8x12.jpg 8w, https:\/\/monolit-okna.pl\/wp-content\/uploads\/2023\/01\/AS_178HS-e1675327397433.jpg 1006w\" sizes=\"(max-width: 709px) 100vw, 709px\" title=\"\">\t\t\t\t\t\t\t\t<\/a>\n\t\t\t\t\t\t\t\t\t\t\t<figcaption class=\"widget-image-caption wp-caption-text\">AS 178HS<\/figcaption>\n\t\t\t\t\t\t\t\t\t\t<\/figure>\n\t\t\t\t\t\t\t\t\t<\/div>\n\t\t\t\t\t<\/div>\n\t\t<\/div>\n\t\t\t\t<div class=\"elementor-column elementor-col-25 elementor-top-column elementor-element elementor-element-90c9aaf\" data-id=\"90c9aaf\" data-element_type=\"column\">\n\t\t\t<div class=\"elementor-widget-wrap elementor-element-populated\">\n\t\t\t\t\t\t<div class=\"elementor-element elementor-element-b409a43 elementor-widget elementor-widget-image\" data-id=\"b409a43\" data-element_type=\"widget\" data-widget_type=\"image.default\">\n\t\t\t\t\t\t\t\t\t\t\t\t<figure class=\"wp-caption\">\n\t\t\t\t\t\t\t\t\t\t\t<a href=\"https:\/\/monolit-okna.pl\/cs\/aluminium\/aluprof\/aluron-as-75-drzwi\/\">\n\t\t\t\t\t\t\t<img decoding=\"async\" width=\"800\" height=\"968\" src=\"https:\/\/monolit-okna.pl\/wp-content\/uploads\/2023\/01\/AS-75-drzwi-bez_tla-e1675327522785-846x1024.jpg\" class=\"elementor-animation-shrink attachment-large size-large wp-image-4525\" alt=\"\" srcset=\"https:\/\/monolit-okna.pl\/wp-content\/uploads\/2023\/01\/AS-75-drzwi-bez_tla-e1675327522785-846x1024.jpg 846w, https:\/\/monolit-okna.pl\/wp-content\/uploads\/2023\/01\/AS-75-drzwi-bez_tla-e1675327522785-248x300.jpg 248w, https:\/\/monolit-okna.pl\/wp-content\/uploads\/2023\/01\/AS-75-drzwi-bez_tla-e1675327522785-768x930.jpg 768w, https:\/\/monolit-okna.pl\/wp-content\/uploads\/2023\/01\/AS-75-drzwi-bez_tla-e1675327522785-1268x1536.jpg 1268w, https:\/\/monolit-okna.pl\/wp-content\/uploads\/2023\/01\/AS-75-drzwi-bez_tla-e1675327522785-10x12.jpg 10w, https:\/\/monolit-okna.pl\/wp-content\/uploads\/2023\/01\/AS-75-drzwi-bez_tla-e1675327522785.jpg 1612w\" sizes=\"(max-width: 800px) 100vw, 800px\" title=\"\">\t\t\t\t\t\t\t\t<\/a>\n\t\t\t\t\t\t\t\t\t\t\t<figcaption class=\"widget-image-caption wp-caption-text\">Dve\u0159e AS 75<\/figcaption>\n\t\t\t\t\t\t\t\t\t\t<\/figure>\n\t\t\t\t\t\t\t\t\t<\/div>\n\t\t\t\t\t<\/div>\n\t\t<\/div>\n\t\t\t\t<div class=\"elementor-column elementor-col-25 elementor-top-column elementor-element elementor-element-5ac4eb1\" data-id=\"5ac4eb1\" data-element_type=\"column\">\n\t\t\t<div class=\"elementor-widget-wrap elementor-element-populated\">\n\t\t\t\t\t\t<div class=\"elementor-element elementor-element-1e5ea9f elementor-widget elementor-widget-image\" data-id=\"1e5ea9f\" data-element_type=\"widget\" data-widget_type=\"image.default\">\n\t\t\t\t\t\t\t\t\t\t\t\t<figure class=\"wp-caption\">\n\t\t\t\t\t\t\t\t\t\t\t<a href=\"https:\/\/monolit-okna.pl\/cs\/aluminium\/aluprof\/aluron-as-75\/\">\n\t\t\t\t\t\t\t<img loading=\"lazy\" decoding=\"async\" width=\"743\" height=\"1024\" src=\"https:\/\/monolit-okna.pl\/wp-content\/uploads\/2023\/01\/AS-75_bez-tla-e1675327254912-743x1024.jpg\" class=\"elementor-animation-shrink attachment-large size-large wp-image-4522\" alt=\"\" srcset=\"https:\/\/monolit-okna.pl\/wp-content\/uploads\/2023\/01\/AS-75_bez-tla-e1675327254912-743x1024.jpg 743w, https:\/\/monolit-okna.pl\/wp-content\/uploads\/2023\/01\/AS-75_bez-tla-e1675327254912-218x300.jpg 218w, https:\/\/monolit-okna.pl\/wp-content\/uploads\/2023\/01\/AS-75_bez-tla-e1675327254912-768x1058.jpg 768w, https:\/\/monolit-okna.pl\/wp-content\/uploads\/2023\/01\/AS-75_bez-tla-e1675327254912-1115x1536.jpg 1115w, https:\/\/monolit-okna.pl\/wp-content\/uploads\/2023\/01\/AS-75_bez-tla-e1675327254912-9x12.jpg 9w, https:\/\/monolit-okna.pl\/wp-content\/uploads\/2023\/01\/AS-75_bez-tla-e1675327254912.jpg 1472w\" sizes=\"(max-width: 743px) 100vw, 743px\" title=\"\">\t\t\t\t\t\t\t\t<\/a>\n\t\t\t\t\t\t\t\t\t\t\t<figcaption class=\"widget-image-caption wp-caption-text\">AS 75<\/figcaption>\n\t\t\t\t\t\t\t\t\t\t<\/figure>\n\t\t\t\t\t\t\t\t\t<\/div>\n\t\t\t\t\t<\/div>\n\t\t<\/div>\n\t\t\t\t<div class=\"elementor-column elementor-col-25 elementor-top-column elementor-element elementor-element-67bca42\" data-id=\"67bca42\" data-element_type=\"column\">\n\t\t\t<div class=\"elementor-widget-wrap elementor-element-populated\">\n\t\t\t\t\t\t<div class=\"elementor-element elementor-element-3d8818e elementor-widget elementor-widget-image\" data-id=\"3d8818e\" data-element_type=\"widget\" data-widget_type=\"image.default\">\n\t\t\t\t\t\t\t\t\t\t\t\t<figure class=\"wp-caption\">\n\t\t\t\t\t\t\t\t\t\t\t<a href=\"https:\/\/monolit-okna.pl\/cs\/aluminium\/aluprof\/aluron-fasada-af-50\/\">\n\t\t\t\t\t\t\t<img loading=\"lazy\" decoding=\"async\" width=\"800\" height=\"867\" src=\"https:\/\/monolit-okna.pl\/wp-content\/uploads\/2023\/02\/AF-50_bez_tla-1-e1675326881181-945x1024.jpg\" class=\"elementor-animation-shrink attachment-large size-large wp-image-4863\" alt=\"\" srcset=\"https:\/\/monolit-okna.pl\/wp-content\/uploads\/2023\/02\/AF-50_bez_tla-1-e1675326881181-945x1024.jpg 945w, https:\/\/monolit-okna.pl\/wp-content\/uploads\/2023\/02\/AF-50_bez_tla-1-e1675326881181-277x300.jpg 277w, https:\/\/monolit-okna.pl\/wp-content\/uploads\/2023\/02\/AF-50_bez_tla-1-e1675326881181-768x833.jpg 768w, https:\/\/monolit-okna.pl\/wp-content\/uploads\/2023\/02\/AF-50_bez_tla-1-e1675326881181-1417x1536.jpg 1417w, https:\/\/monolit-okna.pl\/wp-content\/uploads\/2023\/02\/AF-50_bez_tla-1-e1675326881181-11x12.jpg 11w, https:\/\/monolit-okna.pl\/wp-content\/uploads\/2023\/02\/AF-50_bez_tla-1-e1675326881181.jpg 1664w\" sizes=\"(max-width: 800px) 100vw, 800px\" title=\"\">\t\t\t\t\t\t\t\t<\/a>\n\t\t\t\t\t\t\t\t\t\t\t<figcaption class=\"widget-image-caption wp-caption-text\">AF 50<\/figcaption>\n\t\t\t\t\t\t\t\t\t\t<\/figure>\n\t\t\t\t\t\t\t\t\t<\/div>\n\t\t\t\t\t<\/div>\n\t\t<\/div>\n\t\t\t\t\t<\/div>\n\t\t<\/section>\n\t\t\t\t<section class=\"elementor-section elementor-top-section elementor-element elementor-element-5e7b25d3 elementor-section-boxed elementor-section-height-default elementor-section-height-default\" data-id=\"5e7b25d3\" data-element_type=\"section\">\n\t\t\t\t\t\t<div class=\"elementor-container elementor-column-gap-default\">\n\t\t\t\t\t<div class=\"elementor-column elementor-col-100 elementor-top-column elementor-element elementor-element-6d489c8e\" data-id=\"6d489c8e\" data-element_type=\"column\">\n\t\t\t<div class=\"elementor-widget-wrap elementor-element-populated\">\n\t\t\t\t\t\t<div class=\"elementor-element elementor-element-7a46efad elementor-widget elementor-widget-heading\" data-id=\"7a46efad\" data-element_type=\"widget\" data-widget_type=\"heading.default\">\n\t\t\t\t\t<h2 class=\"elementor-heading-title elementor-size-default\">MODERN\u00cd SYST\u00c9MY <b>HLIN\u00cdK<\/b><\/h2>\t\t\t\t<\/div>\n\t\t\t\t<div class=\"elementor-element elementor-element-7cf83570 elementor-widget elementor-widget-text-editor\" data-id=\"7cf83570\" data-element_type=\"widget\" data-widget_type=\"text-editor.default\">\n\t\t\t\t\t\t\t\t\t<p class=\"translation-block\">P\u0159i v\u00fdvoji a v\u00fdrob\u011b syst\u00e9m\u016f ALURON byly zu\u017eitkov\u00e1ny mnohalet\u00e9 zku\u0161enosti z oblasti konstrukc\u00ed Al syst\u00e9m\u016f i autorsk\u00e1 \u0159e\u0161en\u00ed spole\u010dnosti ALURON, kter\u00e9 kladou d\u016fraz na maxim\u00e1ln\u00ed propojenost mezi jednotliv\u00fdmi syst\u00e9my p\u0159i pou\u017eit\u00ed identick\u00fdch komponent\u016f a p\u0159\u00edslu\u0161enstv\u00ed.Pro spr\u00e1vnost a p\u0159esnost v\u00fdroby dod\u00e1v\u00e1 spole\u010dnost ALURON ucelen\u00fd sortiment p\u0159\u00edpravk\u016f, \u0161ablon a v\u00fdkresov\u00e9 dokumentace. Pouze tehdy lze hovo\u0159it o ucelen\u00e9m a sv\u00e9bytn\u00e9m syst\u00e9mu.<\/p>\t\t\t\t\t\t\t\t<\/div>\n\t\t\t\t\t<\/div>\n\t\t<\/div>\n\t\t\t\t\t<\/div>\n\t\t<\/section>\n\t\t\t\t<\/div>","protected":false},"excerpt":{"rendered":"<p>AlURON ACS 50 AS 178HS DRZWI AS 75 AS 75 AF 50 NOWOCZESNE SYSTEMY ALUMINIOWE Przy tworzeniu system\u00f3w ALURON wykorzystane zosta\u0142y wieloletnie do\u015bwiadczenia konstrukcyjne. Rozwi\u0105zania te wyr\u00f3\u017cniaj\u0105 autorskie wzory u\u017cytkowe. Wszystkie systemy aluminiowe oferowane przez ALURON s\u0105 wzajemnie powi\u0105zane co umo\u017cliwia zastosowanie wielu wsp\u00f3lnych element\u00f3w i akcesori\u00f3w<\/p>","protected":false},"author":8,"featured_media":0,"parent":634,"menu_order":0,"comment_status":"closed","ping_status":"closed","template":"elementor_header_footer","meta":{"footnotes":""},"categories":[],"tags":[163,162,164,147,184,183,187,159,74,65,137,181,161,155,157,70,182,149,158,152,160,186,72,185,154,71,129,146,148,140,156,153,144],"class_list":["post-4517","page","type-page","status-publish","hentry","tag-drzwi-pcv-na-wymiar","tag-drzwi-zewnetrzne-pcv","tag-drzwi-zewnetrzne-pcv-cennik","tag-fabryka-okien","tag-firma-okien","tag-firmy-okien","tag-firmy-z-oknami","tag-katalog-okien","tag-monolit","tag-monolit-okna","tag-monolit-producent-okien-i-drzwi-pcv","tag-okna-firmy","tag-okna-online","tag-okna-pcv","tag-okna-pcv-producenci","tag-okna-pcv-producent","tag-okna-plastikowe-producent","tag-okna-producent","tag-okna-zambrow","tag-producenci-okien","tag-producenci-okien-pcv","tag-producent-drzwi-pcv","tag-producent-okien","tag-producent-okien-cennik","tag-producent-okien-i-drzwi","tag-producent-okien-pcv","tag-producent-okien-podlaskie","tag-producent-okna","tag-producent-okna-pcv","tag-produkcja-aluminium","tag-produkcja-okien-pcv","tag-program-czyste-powietrze","tag-zgrzew-v-perfect"],"_links":{"self":[{"href":"https:\/\/monolit-okna.pl\/cs\/wp-json\/wp\/v2\/pages\/4517","targetHints":{"allow":["GET"]}}],"collection":[{"href":"https:\/\/monolit-okna.pl\/cs\/wp-json\/wp\/v2\/pages"}],"about":[{"href":"https:\/\/monolit-okna.pl\/cs\/wp-json\/wp\/v2\/types\/page"}],"author":[{"embeddable":true,"href":"https:\/\/monolit-okna.pl\/cs\/wp-json\/wp\/v2\/users\/8"}],"replies":[{"embeddable":true,"href":"https:\/\/monolit-okna.pl\/cs\/wp-json\/wp\/v2\/comments?post=4517"}],"version-history":[{"count":0,"href":"https:\/\/monolit-okna.pl\/cs\/wp-json\/wp\/v2\/pages\/4517\/revisions"}],"up":[{"embeddable":true,"href":"https:\/\/monolit-okna.pl\/cs\/wp-json\/wp\/v2\/pages\/634"}],"wp:attachment":[{"href":"https:\/\/monolit-okna.pl\/cs\/wp-json\/wp\/v2\/media?parent=4517"}],"wp:term":[{"taxonomy":"category","embeddable":true,"href":"https:\/\/monolit-okna.pl\/cs\/wp-json\/wp\/v2\/categories?post=4517"},{"taxonomy":"post_tag","embeddable":true,"href":"https:\/\/monolit-okna.pl\/cs\/wp-json\/wp\/v2\/tags?post=4517"}],"curies":[{"name":"wp","href":"https:\/\/api.w.org\/{rel}","templated":true}]}}