{"id":4409,"date":"2023-01-11T08:47:58","date_gmt":"2023-01-11T07:47:58","guid":{"rendered":"https:\/\/monolit-okna.pl\/?page_id=4409"},"modified":"2023-09-05T13:53:31","modified_gmt":"2023-09-05T11:53:31","slug":"klauzula-informacyjna-rodo","status":"publish","type":"page","link":"https:\/\/monolit-okna.pl\/cs\/klauzula-informacyjna-rodo\/","title":{"rendered":"Informa\u010dn\u00ed dolo\u017eka GDPR"},"content":{"rendered":"<div data-elementor-type=\"wp-page\" data-elementor-id=\"4409\" class=\"elementor elementor-4409\" data-elementor-post-type=\"page\">\n\t\t\t\t\t\t<section class=\"elementor-section elementor-top-section elementor-element elementor-element-5991b5e0 elementor-section-boxed elementor-section-height-default elementor-section-height-default\" data-id=\"5991b5e0\" data-element_type=\"section\">\n\t\t\t\t\t\t<div class=\"elementor-container elementor-column-gap-default\">\n\t\t\t\t\t<div class=\"elementor-column elementor-col-100 elementor-top-column elementor-element elementor-element-47544bc9\" data-id=\"47544bc9\" data-element_type=\"column\">\n\t\t\t<div class=\"elementor-widget-wrap elementor-element-populated\">\n\t\t\t\t\t\t<div class=\"elementor-element elementor-element-40f89d5 elementor-widget elementor-widget-text-editor\" data-id=\"40f89d5\" data-element_type=\"widget\" data-widget_type=\"text-editor.default\">\n\t\t\t\t\t\t\t\t\t<h2>Bezpe\u010dnostn\u00ed z\u00e1sady - informa\u010dn\u00ed dolo\u017eka GDPR<\/h2><p><b> <\/b><span style=\"letter-spacing: 0.4px; color: var( --e-global-color-text ); font-family: var( --e-global-typography-text-font-family ), Sans-serif; font-weight: var( --e-global-typography-text-font-weight );\"> V souladu s \u010dl\u00e1nkem 13 odst. 1 a 2 na\u0159\u00edzen\u00ed Evropsk\u00e9ho parlamentu a Rady (EU) 2016\/679 ze dne 27. dubna 2016 o ochran\u011b fyzick\u00fdch osob v souvislosti se zpracov\u00e1n\u00edm osobn\u00edch \u00fadaj\u016f a o voln\u00e9m pohybu t\u011bchto \u00fadaj\u016f a o zru\u0161en\u00ed sm\u011brnice 95\/46\/ES (obecn\u00e9 na\u0159\u00edzen\u00ed o ochran\u011b osobn\u00edch \u00fadaj\u016f) V\u00e1s informujeme, \u017ee: <\/span><\/p><ol><li value=\"1\">Spr\u00e1vcem Va\u0161ich osobn\u00edch \u00fadaj\u016f je MONOLIT Micha\u0142 Godlewski, 18300 Zambr\u00f3w, ul.<br \/>St\u0159elnice 12, DI\u010c: 7231542265, REGON: 200164221.<\/li><\/ol><ol><li value=\"2\">V z\u00e1le\u017eitostech ochrany osobn\u00edch \u00fadaj\u016f se pros\u00edm obra\u0165te na veden\u00ed spole\u010dnosti na v\u00fd\u0161e uveden\u00e9 adrese.<\/li><\/ol><ol><li value=\"3\">Va\u0161e osobn\u00ed \u00fadaje budou zpracov\u00e1v\u00e1ny pro n\u00e1sleduj\u00edc\u00ed \u00fa\u010dely:<\/li><\/ol><p>\u00a0<\/p><ol>a. za \u00fa\u010delem pln\u011bn\u00ed smlouvy a na z\u00e1klad\u011b smlouvy, kterou jste uzav\u0159eli se spr\u00e1vcem (\u010dl. 6 odst. 1 p\u00edsm. B obecn\u00e9ho na\u0159\u00edzen\u00ed o ochran\u011b osobn\u00edch \u00fadaj\u016f),<\/ol><ol>b. za \u00fa\u010delem pln\u011bn\u00ed z\u00e1konn\u00fdch povinnost\u00ed ulo\u017een\u00fdch spr\u00e1vci, vypl\u00fdvaj\u00edc\u00edch zejm\u00e9na ze z\u00e1kona o \u00fa\u010detnictv\u00ed, z\u00e1kona o dani z p\u0159\u00edjm\u016f pr\u00e1vnick\u00fdch osob, z\u00e1kona o da\u0148ov\u00e9 vyhl\u00e1\u0161ce, z\u00e1kona o boji proti pran\u00ed \u0161pinav\u00fdch pen\u011bz a financov\u00e1n\u00ed terorismu, z\u00e1kona o pr\u00e1vu podnikatel\u016f a dal\u0161\u00edch (\u010dl\u00e1nek 6 odst. 1 p\u00edsm. c obecn\u00e9ho na\u0159\u00edzen\u00ed o ochran\u011b osobn\u00edch \u00fadaj\u016f),<\/ol><ol>c. pro \u00fa\u010dely dokazov\u00e1n\u00ed, pro \u00fa\u010dely prokazov\u00e1n\u00ed skute\u010dnost\u00ed a pro \u00fa\u010dely prokazov\u00e1n\u00ed, obhajoby a uplat\u0148ov\u00e1n\u00ed n\u00e1rok\u016f ze strany Spr\u00e1vce, co\u017e je n\u00e1\u0161 opr\u00e1vn\u011bn\u00fd z\u00e1jem (\u010dl\u00e1nek 6 odst. 1 p\u00edsm. f obecn\u00e9ho na\u0159\u00edzen\u00ed o ochran\u011b osobn\u00edch \u00fadaj\u016f),<\/ol><ol>d. vytv\u00e1\u0159en\u00ed anal\u00fdz, souhrn\u016f a statistik pro Spr\u00e1vce, co\u017e je n\u00e1\u0161 opr\u00e1vn\u011bn\u00fd z\u00e1jem (\u010dl\u00e1nek 6 odst. 1 p\u00edsm. f obecn\u00e9ho na\u0159\u00edzen\u00ed o ochran\u011b osobn\u00edch \u00fadaj\u016f).<\/ol><p>\u00a0<\/p><ol><li value=\"4\">Zpracovateli va\u0161ich osobn\u00edch \u00fadaj\u016f mohou b\u00fdt subjekty poskytuj\u00edc\u00ed slu\u017eby spr\u00e1vci \u00fadaj\u016f.<br \/>poradenstv\u00ed, administrativa, \u00fa\u010detnictv\u00ed, marketing, pr\u00e1vn\u00ed z\u00e1le\u017eitosti, IT, poji\u0161\u0165ovnictv\u00ed, banky, finan\u010dn\u00ed a poji\u0161\u0165ovac\u00ed zprost\u0159edkovatel\u00e9, po\u0161tovn\u00ed oper\u00e1to\u0159i, kur\u00fdrn\u00ed spole\u010dnosti, clearingov\u00e9 spole\u010dnosti a zprost\u0159edkovatel\u00e9 vypo\u0159\u00e1d\u00e1n\u00ed, extern\u00ed audito\u0159i, org\u00e1ny dohledu.<\/li><\/ol><ol><li value=\"5\">Va\u0161e osobn\u00ed \u00fadaje budou uchov\u00e1v\u00e1ny po dobu 10 let od okam\u017eiku ukon\u010den\u00ed vz\u00e1jemn\u00e9ho vztahu,<br \/>pokud p\u0159edpisy v\u00fdslovn\u011b nevy\u017eaduj\u00ed zpracov\u00e1n\u00ed po del\u0161\u00ed dobu.<\/li><\/ol><ol><li value=\"6\">M\u00e1te pr\u00e1vo p\u0159\u00edstupu ke sv\u00fdm \u00fadaj\u016fm a pr\u00e1vo na jejich opravu, pokud je to nutn\u00e9.<br \/>nesoulad se skute\u010dn\u00fdm stavem, v\u00fdmaz, omezen\u00ed zpracov\u00e1n\u00ed, pr\u00e1vo na p\u0159enositelnost \u00fadaj\u016f, pr\u00e1vo b\u00fdt zapomenut, pr\u00e1vo vzn\u00e9st n\u00e1mitku, pr\u00e1vo kdykoli odvolat souhlas, ani\u017e by to dotklo z\u00e1konnost zpracov\u00e1n\u00ed (pokud je zpracov\u00e1n\u00ed zalo\u017eeno na souhlasu), kter\u00e9 bylo provedeno na z\u00e1klad\u011b souhlasu p\u0159ed jeho odvol\u00e1n\u00edm.<\/li><\/ol><ol><li value=\"7\">M\u00e1te pr\u00e1vo podat st\u00ed\u017enost u \u00da\u0159adu pro ochranu osobn\u00edch \u00fadaj\u016f, pokud se domn\u00edv\u00e1te, \u017ee<br \/>zpracov\u00e1n\u00ed va\u0161ich osobn\u00edch \u00fadaj\u016f poru\u0161uje ustanoven\u00ed obecn\u00e9ho na\u0159\u00edzen\u00ed o ochran\u011b osobn\u00edch \u00fadaj\u016f<br \/>ochrana dat.<\/li><\/ol><ol><li value=\"8\">Z\u00edsk\u00e1v\u00e1n\u00ed va\u0161ich osobn\u00edch \u00fadaj\u016f je nezbytn\u00e9 pro pln\u011bn\u00ed smlouvy nebo pln\u011bn\u00ed povinnost\u00ed<br \/>Spr\u00e1vce vypl\u00fdvaj\u00edc\u00ed z pr\u00e1vn\u00edch ustanoven\u00ed.<\/li><\/ol><p>\u00a0<\/p>\t\t\t\t\t\t\t\t<\/div>\n\t\t\t\t\t<\/div>\n\t\t<\/div>\n\t\t\t\t\t<\/div>\n\t\t<\/section>\n\t\t\t\t<\/div>","protected":false},"excerpt":{"rendered":"<p>Polityka Bezpiecze\u0144stwa &#8211; klauzula informacyjna RODO Zgodnie z art. 13 ust. 1 i ust. 2 Rozporz\u0105dzenia Parlamentu Europejskiego i Rady (UE) 2016\/679 z dnia 27 kwietnia 2016r. w sprawie ochrony os\u00f3b fizycznych w zwi\u0105zku z przetwarzaniem danych osobowych i w sprawie swobodnego przep\u0142ywu takich danych oraz uchylenia dyrektywy 95\/46\/WE (og\u00f3lne rozporz\u0105dzenie o ochronie danych) informujemy, [&hellip;]<\/p>\n","protected":false},"author":8,"featured_media":0,"parent":0,"menu_order":0,"comment_status":"closed","ping_status":"closed","template":"","meta":{"footnotes":""},"categories":[],"tags":[163,162,164,147,184,183,187,159,74,65,137,181,161,155,157,70,182,149,158,152,160,186,72,185,154,71,129,146,148,140,156,153,144],"class_list":["post-4409","page","type-page","status-publish","hentry","tag-drzwi-pcv-na-wymiar","tag-drzwi-zewnetrzne-pcv","tag-drzwi-zewnetrzne-pcv-cennik","tag-fabryka-okien","tag-firma-okien","tag-firmy-okien","tag-firmy-z-oknami","tag-katalog-okien","tag-monolit","tag-monolit-okna","tag-monolit-producent-okien-i-drzwi-pcv","tag-okna-firmy","tag-okna-online","tag-okna-pcv","tag-okna-pcv-producenci","tag-okna-pcv-producent","tag-okna-plastikowe-producent","tag-okna-producent","tag-okna-zambrow","tag-producenci-okien","tag-producenci-okien-pcv","tag-producent-drzwi-pcv","tag-producent-okien","tag-producent-okien-cennik","tag-producent-okien-i-drzwi","tag-producent-okien-pcv","tag-producent-okien-podlaskie","tag-producent-okna","tag-producent-okna-pcv","tag-produkcja-aluminium","tag-produkcja-okien-pcv","tag-program-czyste-powietrze","tag-zgrzew-v-perfect"],"_links":{"self":[{"href":"https:\/\/monolit-okna.pl\/cs\/wp-json\/wp\/v2\/pages\/4409","targetHints":{"allow":["GET"]}}],"collection":[{"href":"https:\/\/monolit-okna.pl\/cs\/wp-json\/wp\/v2\/pages"}],"about":[{"href":"https:\/\/monolit-okna.pl\/cs\/wp-json\/wp\/v2\/types\/page"}],"author":[{"embeddable":true,"href":"https:\/\/monolit-okna.pl\/cs\/wp-json\/wp\/v2\/users\/8"}],"replies":[{"embeddable":true,"href":"https:\/\/monolit-okna.pl\/cs\/wp-json\/wp\/v2\/comments?post=4409"}],"version-history":[{"count":0,"href":"https:\/\/monolit-okna.pl\/cs\/wp-json\/wp\/v2\/pages\/4409\/revisions"}],"wp:attachment":[{"href":"https:\/\/monolit-okna.pl\/cs\/wp-json\/wp\/v2\/media?parent=4409"}],"wp:term":[{"taxonomy":"category","embeddable":true,"href":"https:\/\/monolit-okna.pl\/cs\/wp-json\/wp\/v2\/categories?post=4409"},{"taxonomy":"post_tag","embeddable":true,"href":"https:\/\/monolit-okna.pl\/cs\/wp-json\/wp\/v2\/tags?post=4409"}],"curies":[{"name":"wp","href":"https:\/\/api.w.org\/{rel}","templated":true}]}}