{"id":3576,"date":"2022-08-05T12:02:21","date_gmt":"2022-08-05T10:02:21","guid":{"rendered":"https:\/\/monolit-okna.pl\/?page_id=3576"},"modified":"2023-09-05T14:26:09","modified_gmt":"2023-09-05T12:26:09","slug":"regulamin","status":"publish","type":"page","link":"https:\/\/monolit-okna.pl\/cs\/regulamin\/","title":{"rendered":"P\u0159edpisy"},"content":{"rendered":"<div data-elementor-type=\"wp-page\" data-elementor-id=\"3576\" class=\"elementor elementor-3576\" data-elementor-post-type=\"page\">\n\t\t\t\t\t\t<section class=\"elementor-section elementor-top-section elementor-element elementor-element-5991b5e0 elementor-section-boxed elementor-section-height-default elementor-section-height-default\" data-id=\"5991b5e0\" data-element_type=\"section\">\n\t\t\t\t\t\t<div class=\"elementor-container elementor-column-gap-default\">\n\t\t\t\t\t<div class=\"elementor-column elementor-col-100 elementor-top-column elementor-element elementor-element-47544bc9\" data-id=\"47544bc9\" data-element_type=\"column\">\n\t\t\t<div class=\"elementor-widget-wrap elementor-element-populated\">\n\t\t\t\t\t\t<div class=\"elementor-element elementor-element-40f89d5 elementor-widget elementor-widget-text-editor\" data-id=\"40f89d5\" data-element_type=\"widget\" data-widget_type=\"text-editor.default\">\n\t\t\t\t\t\t\t\t\t<h1>PODM\u00cdNKY<\/h1>\n<h2>Obecn\u00e1 ustanoven\u00ed<\/h2>\nProvozovatelem t\u011bchto webov\u00fdch str\u00e1nek je spole\u010dnost MONOLIT Micha\u0142 Godlewski se s\u00eddlem v Zambr\u00f3w\u011b 18-300, ul. Strzelnicza 12 DI\u010c 723-154-22-65 (d\u00e1le jen vlastn\u00edk) Tyto podm\u00ednky pou\u017e\u00edv\u00e1n\u00ed webov\u00fdch str\u00e1nek www.monolit-okna.pl (d\u00e1le jen \"podm\u00ednky pou\u017e\u00edv\u00e1n\u00ed\") definuj\u00ed podm\u00ednky pou\u017e\u00edv\u00e1n\u00ed webov\u00fdch str\u00e1nek www.monolit-okna.pl (d\u00e1le jen \"Str\u00e1nky\"), jako\u017e i pr\u00e1va a povinnosti vlastn\u00edka a u\u017eivatel\u016f webov\u00fdch str\u00e1nek. P\u0159\u00edstupem na tyto webov\u00e9 str\u00e1nky p\u0159ij\u00edm\u00e1te z\u00e1vaznost tohoto pr\u00e1vn\u00edho upozorn\u011bn\u00ed.\n\n<\/=h2>U\u017eivatele, kter\u00fd nesouhlas\u00ed<\/h2>\ns dodr\u017eov\u00e1n\u00edm ustanoven\u00ed tohoto upozorn\u011bn\u00ed, \u017e\u00e1d\u00e1me, aby webov\u00e9 str\u00e1nky nepou\u017e\u00edval. Pr\u00e1va du\u0161evn\u00edho vlastnictv\u00ed Ve\u0161ker\u00fd obsah na webov\u00fdch str\u00e1nk\u00e1ch www.monolit-okna.pl je chr\u00e1n\u011bn autorsk\u00fdmi pr\u00e1vy a je majetkem t\u011bchto webov\u00fdch str\u00e1nek. N\u00e1v\u0161t\u011bvn\u00edk nese plnou odpov\u011bdnost za p\u0159\u00edpadn\u00e9 \u0161kody zp\u016fsoben\u00e9 majiteli v d\u016fsledku pou\u017eit\u00ed jak\u00e9hokoli obsahu na www.monolit-okna.pl bez v\u00fdslovn\u00e9ho souhlasu . Pou\u017eit\u00ed jak\u00e9hokoli prvku tvo\u0159\u00edc\u00edho obsah webov\u00fdch str\u00e1nek www.monolit-okna.pl (s v\u00fdjimkou sekce KE STA\u017dEN\u00cd) k\u00fdmkoli bez v\u00fdslovn\u00e9ho p\u00edsemn\u00e9ho souhlasu vlastn\u00edka webov\u00fdch str\u00e1nek p\u0159edstavuje poru\u0161en\u00ed autorsk\u00fdch pr\u00e1v vlastn\u00edka a bude m\u00edt za n\u00e1sledek ob\u010danskopr\u00e1vn\u00ed a trestn\u011bpr\u00e1vn\u00ed odpov\u011bdnost. U\u017eivatel webov\u00fdch str\u00e1nek m\u016f\u017ee tisknout, stahovat a p\u0159ed\u00e1vat dal\u0161\u00edm osob\u00e1m pouze materi\u00e1ly zve\u0159ejn\u011bn\u00e9 na webov\u00fdch str\u00e1nk\u00e1ch v sekci KE STA\u017dEN\u00cd, pokud tak \u010din\u00ed v\u00fdhradn\u011b pro informa\u010dn\u00ed \u00fa\u010dely nebo pro jin\u00e9 \u00fa\u010dely povolen\u00e9 platn\u00fdmi pr\u00e1vn\u00edmi p\u0159edpisy.\n\n&nbsp;\n<h2>Odpov\u011bdnost za obsah webov\u00fdch str\u00e1nek<\/h2>\nTyto webov\u00e9 str\u00e1nky a jejich obsah jsou ur\u010deny v\u00fdhradn\u011b jako obecn\u00e9 informace o spole\u010dnosti MONOLIT a jej\u00edch produktech a jejich c\u00edlem nen\u00ed uzav\u00edrat, m\u011bnit nebo ukon\u010dovat jak\u00e9koli pr\u00e1vn\u00ed vztahy. Ve\u0161ker\u00e9 informace obsa\u017een\u00e9 na t\u011bchto webov\u00fdch str\u00e1nk\u00e1ch nep\u0159edstavuj\u00ed nab\u00eddku ve smyslu ob\u010dansk\u00e9ho z\u00e1kon\u00edku a jsou zve\u0159ejn\u011bny pro informa\u010dn\u00ed \u00fa\u010dely bez jak\u00e9koliv odpov\u011bdnosti. V\u00fdkresy, pr\u016f\u0159ezy a fotografie na webov\u00fdch str\u00e1nk\u00e1ch jsou pouze ilustrativn\u00ed. Spole\u010dnost MONOLIT si vyhrazuje pr\u00e1vo na zm\u011bnu technick\u00fdch parametr\u016f produkt\u016f na webov\u00fdch str\u00e1nk\u00e1ch. Majitel str\u00e1nek je zodpov\u011bdn\u00fd pouze za sv\u016fj vlastn\u00ed obsah na str\u00e1nk\u00e1ch.\n<ol>\n \t<li>Informace zve\u0159ejn\u011bn\u00e9 vlastn\u00edkem na webov\u00fdch str\u00e1nk\u00e1ch jsou aktualizov\u00e1ny a pe\u010dliv\u011b sestavov\u00e1ny, ale vlastn\u00edk nezaru\u010duje spr\u00e1vnost, aktu\u00e1lnost, \u00faplnost a st\u00e1lou dostupnost webov\u00fdch str\u00e1nek.<\/li>\n \t<li>Majitel si vyhrazuje pr\u00e1vo online nab\u00eddku zm\u011bnit, doplnit, zkr\u00e1tit nebo zcela zru\u0161it. Nezaru\u010duje tak\u00e9, \u017ee obsah online nab\u00eddky je vhodn\u00fd pro u\u017eivatele a jeho \u00fa\u010dely.<\/li>\n \t<li>Webov\u00e9 str\u00e1nky mohou obsahovat odkazy na webov\u00e9 str\u00e1nky t\u0159et\u00edch stran, jejich\u017e obsah je mimo kontrolu vlastn\u00edka. Za obsah odkazovan\u00fdch adres odpov\u00eddaj\u00ed v\u00fdhradn\u011b jejich provozovatel\u00e9.<\/li>\n \t<li>Majitel \u017e\u00e1d\u00e1 o okam\u017eit\u00e9 upozorn\u011bn\u00ed, pokud u\u017eivatel pomoc\u00ed odkaz\u016f uveden\u00fdch na webov\u00fdch str\u00e1nk\u00e1ch p\u0159ejde na adresy, jejich\u017e obsah se jev\u00ed jako u\u017eivatelsky sporn\u00fd. Odstran\u011bn\u00ed takov\u00fdch odkaz\u016f bude provedeno, jakmile se zjist\u00ed, \u017ee obsah odkazovan\u00fdch adres poru\u0161uje z\u00e1kon. Toto prohl\u00e1\u0161en\u00ed se vztahuje na v\u0161echny odkazy na webov\u00fdch str\u00e1nk\u00e1ch majitele.<\/li>\n<\/ol>\nSpole\u010dnost MONOLIT neodpov\u00edd\u00e1 za \u017e\u00e1dn\u00e9 \u0161kody vznikl\u00e9 v souvislosti s pou\u017e\u00edv\u00e1n\u00edm t\u011bchto webov\u00fdch str\u00e1nek.\n<h2><span style=\"color: #000000; font-family: 'Encode Sans', sans-serif; font-size: 24px; letter-spacing: 0.4px;\">KONTAKTUJTE N\u00c1S<\/span><\/h2>\nPokud m\u00e1te jak\u00e9koli dotazy nebo st\u00ed\u017enosti t\u00fdkaj\u00edc\u00ed se provozu t\u011bchto webov\u00fdch str\u00e1nek, pou\u017eijte pros\u00edm n\u00ed\u017ee uveden\u00e9 kontaktn\u00ed \u00fadaje: MONOLIT Micha\u0142 Godlewski ul. Strzelnicza 12 18-300 Zambr\u00f3w biuro@monolit-okna.pl\t\t\t\t\t\t\t\t<\/div>\n\t\t\t\t\t<\/div>\n\t\t<\/div>\n\t\t\t\t\t<\/div>\n\t\t<\/section>\n\t\t\t\t<\/div>","protected":false},"excerpt":{"rendered":"<p>REGULAMIN Postanowienia og\u00f3lne Niniejsza strona internetowa jest prowadzona przez firm\u0119 MONOLIT Micha\u0142 Godlewski z siedzib\u0105 w Zambrowie 18-300, ul. Strzelnicza 12 NIP 723-154-22-65 (zwan\u0105 dalej w\u0142a\u015bcicielem) Niniejszy regulamin strony www.monolit-okna.pl (zwany dalej &#8222;Regulaminem&#8221;) okre\u015bla warunki korzystania ze strony www.monolit-okna.pl (dalej &#8222;Strona&#8221;) oraz prawa i obowi\u0105zki w\u0142a\u015bciciela, oraz u\u017cytkownik\u00f3w strony. Wej\u015bcie na t\u0119 stron\u0119 internetow\u0105 r\u00f3wnoznaczne [&hellip;]<\/p>\n","protected":false},"author":8,"featured_media":0,"parent":0,"menu_order":0,"comment_status":"closed","ping_status":"open","template":"","meta":{"footnotes":""},"categories":[],"tags":[163,162,164,147,184,183,187,159,74,65,137,181,161,155,157,70,182,149,158,152,160,186,72,185,154,71,129,146,148,140,156,153,144],"class_list":["post-3576","page","type-page","status-publish","hentry","tag-drzwi-pcv-na-wymiar","tag-drzwi-zewnetrzne-pcv","tag-drzwi-zewnetrzne-pcv-cennik","tag-fabryka-okien","tag-firma-okien","tag-firmy-okien","tag-firmy-z-oknami","tag-katalog-okien","tag-monolit","tag-monolit-okna","tag-monolit-producent-okien-i-drzwi-pcv","tag-okna-firmy","tag-okna-online","tag-okna-pcv","tag-okna-pcv-producenci","tag-okna-pcv-producent","tag-okna-plastikowe-producent","tag-okna-producent","tag-okna-zambrow","tag-producenci-okien","tag-producenci-okien-pcv","tag-producent-drzwi-pcv","tag-producent-okien","tag-producent-okien-cennik","tag-producent-okien-i-drzwi","tag-producent-okien-pcv","tag-producent-okien-podlaskie","tag-producent-okna","tag-producent-okna-pcv","tag-produkcja-aluminium","tag-produkcja-okien-pcv","tag-program-czyste-powietrze","tag-zgrzew-v-perfect"],"_links":{"self":[{"href":"https:\/\/monolit-okna.pl\/cs\/wp-json\/wp\/v2\/pages\/3576","targetHints":{"allow":["GET"]}}],"collection":[{"href":"https:\/\/monolit-okna.pl\/cs\/wp-json\/wp\/v2\/pages"}],"about":[{"href":"https:\/\/monolit-okna.pl\/cs\/wp-json\/wp\/v2\/types\/page"}],"author":[{"embeddable":true,"href":"https:\/\/monolit-okna.pl\/cs\/wp-json\/wp\/v2\/users\/8"}],"replies":[{"embeddable":true,"href":"https:\/\/monolit-okna.pl\/cs\/wp-json\/wp\/v2\/comments?post=3576"}],"version-history":[{"count":0,"href":"https:\/\/monolit-okna.pl\/cs\/wp-json\/wp\/v2\/pages\/3576\/revisions"}],"wp:attachment":[{"href":"https:\/\/monolit-okna.pl\/cs\/wp-json\/wp\/v2\/media?parent=3576"}],"wp:term":[{"taxonomy":"category","embeddable":true,"href":"https:\/\/monolit-okna.pl\/cs\/wp-json\/wp\/v2\/categories?post=3576"},{"taxonomy":"post_tag","embeddable":true,"href":"https:\/\/monolit-okna.pl\/cs\/wp-json\/wp\/v2\/tags?post=3576"}],"curies":[{"name":"wp","href":"https:\/\/api.w.org\/{rel}","templated":true}]}}