{"id":3,"date":"2022-05-19T08:54:50","date_gmt":"2022-05-19T06:54:50","guid":{"rendered":"https:\/\/monolit-okna.pl\/?page_id=3"},"modified":"2023-09-05T14:24:36","modified_gmt":"2023-09-05T12:24:36","slug":"polityka-prywatnosci-2","status":"publish","type":"page","link":"https:\/\/monolit-okna.pl\/cs\/polityka-prywatnosci-2\/","title":{"rendered":"Z\u00e1sady pou\u017e\u00edv\u00e1n\u00ed soubor\u016f cookie"},"content":{"rendered":"<div data-elementor-type=\"wp-page\" data-elementor-id=\"3\" class=\"elementor elementor-3\" data-elementor-post-type=\"page\">\n\t\t\t\t\t\t<section class=\"elementor-section elementor-top-section elementor-element elementor-element-5991b5e0 elementor-section-boxed elementor-section-height-default elementor-section-height-default\" data-id=\"5991b5e0\" data-element_type=\"section\">\n\t\t\t\t\t\t<div class=\"elementor-container elementor-column-gap-default\">\n\t\t\t\t\t<div class=\"elementor-column elementor-col-100 elementor-top-column elementor-element elementor-element-47544bc9\" data-id=\"47544bc9\" data-element_type=\"column\">\n\t\t\t<div class=\"elementor-widget-wrap elementor-element-populated\">\n\t\t\t\t\t\t<div class=\"elementor-element elementor-element-40f89d5 elementor-widget elementor-widget-text-editor\" data-id=\"40f89d5\" data-element_type=\"widget\" data-widget_type=\"text-editor.default\">\n\t\t\t\t\t\t\t\t\t<h2>Z\u00c1SADY SOUBOR\u016e COOKIES<\/h2><p><span style=\"letter-spacing: 0.4px; color: var( --e-global-color-text ); font-family: var( --e-global-typography-text-font-family ), Sans-serif;\"><b>Soubory cookie<\/b><\/span><span style=\"letter-spacing: 0.4px; color: var( --e-global-color-text ); font-family: var( --e-global-typography-text-font-family ), Sans-serif; font-weight: var( --e-global-typography-text-font-weight );\"> jsou mal\u00e9 \u010d\u00e1sti IT dat, zejm\u00e9na textov\u00e9 soubory, ulo\u017een\u00e9 v po\u010d\u00edta\u010di u\u017eivatele. Soubory cookie se pou\u017e\u00edvaj\u00ed p\u0159edev\u0161\u00edm k optimalizaci a personalizaci pou\u017e\u00edv\u00e1n\u00ed webov\u00fdch str\u00e1nek:<\/span><\/p><ol><li>P\u0159izp\u016fsoben\u00ed obsahu str\u00e1nek slu\u017eby preferenc\u00edm u\u017eivatele a zlep\u0161en\u00ed pou\u017e\u00edv\u00e1n\u00ed webov\u00fdch str\u00e1nek; tyto soubory umo\u017e\u0148uj\u00ed zejm\u00e9na rozpoznat za\u0159\u00edzen\u00ed u\u017eivatele webov\u00fdch str\u00e1nek a spr\u00e1vn\u011b zobrazit slu\u017ebu p\u0159izp\u016fsobenou individu\u00e1ln\u00edm pot\u0159eb\u00e1m u\u017eivatele;<\/li><li>Vytv\u00e1\u0159en\u00ed anonymn\u00edch statistik, kter\u00e9 n\u00e1m pom\u00e1haj\u00ed pochopit, jak u\u017eivatel\u00e9 slu\u017eby pou\u017e\u00edvaj\u00ed tyto webov\u00e9 str\u00e1nky,<\/li><li>Udr\u017eov\u00e1n\u00ed relace u\u017eivatele slu\u017eby (po p\u0159ihl\u00e1\u0161en\u00ed), d\u00edky kter\u00e9mu nemus\u00ed u\u017eivatel na ka\u017ed\u00e9 podstr\u00e1nce slu\u017eby znovu zad\u00e1vat sv\u00e9 p\u0159ihla\u0161ovac\u00ed jm\u00e9no a heslo.<\/li><\/ol><p class=\"translation-block\">Na webov\u00fdch str\u00e1nk\u00e1ch monolith-okna.pl se pou\u017e\u00edvaj\u00ed n\u00e1sleduj\u00edc\u00ed typy soubor\u016f cookie: rela\u010dn\u00ed, trval\u00e9 a analytick\u00e9 soubory cookie Soubory cookie relace jsou do\u010dasn\u00e9 soubory, kter\u00e9 se ukl\u00e1daj\u00ed v koncov\u00e9m za\u0159\u00edzen\u00ed u\u017eivatele, dokud u\u017eivatel neopust\u00ed webov\u00e9 str\u00e1nky.<\/p><p><span style=\"letter-spacing: 0.4px; color: var( --e-global-color-text ); font-family: var( --e-global-typography-text-font-family ), Sans-serif; font-weight: var( --e-global-typography-text-font-weight );\">Trval\u00e9 soubory cookie se ukl\u00e1daj\u00ed v koncov\u00e9m za\u0159\u00edzen\u00ed u\u017eivatele po dobu uvedenou v parametrech soubor\u016f cookie nebo dokud je u\u017eivatel nesma\u017ee.<\/span><\/p><p>Analytick\u00e9 soubory cookie n\u00e1m umo\u017e\u0148uj\u00ed l\u00e9pe porozum\u011bt tomu, jak u\u017eivatel interaguje s obsahem webov\u00fdch str\u00e1nek, a l\u00e9pe uspo\u0159\u00e1dat jejich uspo\u0159\u00e1d\u00e1n\u00ed.<\/p><p>U\u017eivatel m\u00e1 pr\u00e1vo rozhodnout o p\u0159\u00edstupu soubor\u016f cookie do sv\u00e9ho po\u010d\u00edta\u010de t\u00edm, \u017ee je p\u0159edem vybere ve sv\u00e9m okn\u011b prohl\u00ed\u017ee\u010de. Podrobn\u00e9 informace o mo\u017enostech a zp\u016fsobech zpracov\u00e1n\u00ed soubor\u016f \"cookies\" jsou dostupn\u00e9 v nastaven\u00ed softwaru (internetov\u00e9ho prohl\u00ed\u017ee\u010de.<\/p><p>Webov\u00e9 str\u00e1nky monolit-okna.pl v\u00e1s informuj\u00ed, \u017ee omezen\u00ed pou\u017e\u00edv\u00e1n\u00ed soubor\u016f cookie m\u016f\u017ee ovlivnit n\u011bkter\u00e9 funkce dostupn\u00e9 na t\u011bchto webov\u00fdch str\u00e1nk\u00e1ch.\n\u00a0<\/p><p><span style=\"letter-spacing: 0.4px; color: var( --e-global-color-text ); font-family: var( --e-global-typography-text-font-family ), Sans-serif; font-weight: var( --e-global-typography-text-font-weight );\">\u00a0<\/span><\/p><p>\u00a0<\/p>\t\t\t\t\t\t\t\t<\/div>\n\t\t\t\t\t<\/div>\n\t\t<\/div>\n\t\t\t\t\t<\/div>\n\t\t<\/section>\n\t\t\t\t<\/div>","protected":false},"excerpt":{"rendered":"<p>POLITYKA PLIK\u00d3W COOKIES Pliki cookies (ciasteczka) to niewielkie dane informatyczne, szczeg\u00f3lnie pliki tekstowe, zachowywane na komputerze u\u017cytkownika. Ciasteczka u\u017cywane s\u0105 przede wszystkim w celu optymalizacji i personalizacji procesu korzystania ze stron internetowych: Dostosowania zawarto\u015bci stron internetowych Serwisu do preferencji U\u017cytkownika oraz ulepszania korzystania ze stron internetowych; w szczeg\u00f3lno\u015bci pliki te pozwalaj\u0105 rozpozna\u0107 urz\u0105dzenie U\u017cytkownika Serwisu [&hellip;]<\/p>\n","protected":false},"author":8,"featured_media":0,"parent":0,"menu_order":0,"comment_status":"closed","ping_status":"open","template":"","meta":{"footnotes":""},"categories":[],"tags":[163,162,164,147,184,183,187,159,74,65,137,181,161,155,157,70,182,149,158,152,160,186,72,185,154,71,129,146,148,140,156,153,144],"class_list":["post-3","page","type-page","status-publish","hentry","tag-drzwi-pcv-na-wymiar","tag-drzwi-zewnetrzne-pcv","tag-drzwi-zewnetrzne-pcv-cennik","tag-fabryka-okien","tag-firma-okien","tag-firmy-okien","tag-firmy-z-oknami","tag-katalog-okien","tag-monolit","tag-monolit-okna","tag-monolit-producent-okien-i-drzwi-pcv","tag-okna-firmy","tag-okna-online","tag-okna-pcv","tag-okna-pcv-producenci","tag-okna-pcv-producent","tag-okna-plastikowe-producent","tag-okna-producent","tag-okna-zambrow","tag-producenci-okien","tag-producenci-okien-pcv","tag-producent-drzwi-pcv","tag-producent-okien","tag-producent-okien-cennik","tag-producent-okien-i-drzwi","tag-producent-okien-pcv","tag-producent-okien-podlaskie","tag-producent-okna","tag-producent-okna-pcv","tag-produkcja-aluminium","tag-produkcja-okien-pcv","tag-program-czyste-powietrze","tag-zgrzew-v-perfect"],"_links":{"self":[{"href":"https:\/\/monolit-okna.pl\/cs\/wp-json\/wp\/v2\/pages\/3","targetHints":{"allow":["GET"]}}],"collection":[{"href":"https:\/\/monolit-okna.pl\/cs\/wp-json\/wp\/v2\/pages"}],"about":[{"href":"https:\/\/monolit-okna.pl\/cs\/wp-json\/wp\/v2\/types\/page"}],"author":[{"embeddable":true,"href":"https:\/\/monolit-okna.pl\/cs\/wp-json\/wp\/v2\/users\/8"}],"replies":[{"embeddable":true,"href":"https:\/\/monolit-okna.pl\/cs\/wp-json\/wp\/v2\/comments?post=3"}],"version-history":[{"count":0,"href":"https:\/\/monolit-okna.pl\/cs\/wp-json\/wp\/v2\/pages\/3\/revisions"}],"wp:attachment":[{"href":"https:\/\/monolit-okna.pl\/cs\/wp-json\/wp\/v2\/media?parent=3"}],"wp:term":[{"taxonomy":"category","embeddable":true,"href":"https:\/\/monolit-okna.pl\/cs\/wp-json\/wp\/v2\/categories?post=3"},{"taxonomy":"post_tag","embeddable":true,"href":"https:\/\/monolit-okna.pl\/cs\/wp-json\/wp\/v2\/tags?post=3"}],"curies":[{"name":"wp","href":"https:\/\/api.w.org\/{rel}","templated":true}]}}