{"id":230,"date":"2022-05-25T12:10:53","date_gmt":"2022-05-25T10:10:53","guid":{"rendered":"https:\/\/monolit-okna.pl\/?page_id=230"},"modified":"2026-04-13T11:06:05","modified_gmt":"2026-04-13T09:06:05","slug":"o-firmie","status":"publish","type":"page","link":"https:\/\/monolit-okna.pl\/cs\/o-firmie\/","title":{"rendered":"o firm\u011b"},"content":{"rendered":"<div data-elementor-type=\"wp-post\" data-elementor-id=\"230\" class=\"elementor elementor-230\" data-elementor-post-type=\"page\">\n\t\t\t\t\t\t<section class=\"elementor-section elementor-top-section elementor-element elementor-element-c94ae90 elementor-section-full_width elementor-section-height-default elementor-section-height-default\" data-id=\"c94ae90\" data-element_type=\"section\">\n\t\t\t\t\t\t<div class=\"elementor-container elementor-column-gap-default\">\n\t\t\t\t\t<div class=\"elementor-column elementor-col-100 elementor-top-column elementor-element elementor-element-e386d7c\" data-id=\"e386d7c\" data-element_type=\"column\" data-settings=\"{&quot;background_background&quot;:&quot;classic&quot;}\">\n\t\t\t<div class=\"elementor-widget-wrap elementor-element-populated\">\n\t\t\t\t\t\t<div class=\"elementor-element elementor-element-307ed09 elementor-widget elementor-widget-heading\" data-id=\"307ed09\" data-element_type=\"widget\" data-widget_type=\"heading.default\">\n\t\t\t\t\t<h1 class=\"elementor-heading-title elementor-size-default\">o firm\u011b<\/h1>\t\t\t\t<\/div>\n\t\t\t\t\t<\/div>\n\t\t<\/div>\n\t\t\t\t\t<\/div>\n\t\t<\/section>\n\t\t\t\t<section class=\"elementor-section elementor-top-section elementor-element elementor-element-aeb0459 elementor-section-boxed elementor-section-height-default elementor-section-height-default\" data-id=\"aeb0459\" data-element_type=\"section\">\n\t\t\t\t\t\t<div class=\"elementor-container elementor-column-gap-default\">\n\t\t\t\t\t<div class=\"elementor-column elementor-col-100 elementor-top-column elementor-element elementor-element-f418d7a\" data-id=\"f418d7a\" data-element_type=\"column\">\n\t\t\t<div class=\"elementor-widget-wrap elementor-element-populated\">\n\t\t\t\t\t\t<div class=\"elementor-element elementor-element-e27500a elementor-widget elementor-widget-heading\" data-id=\"e27500a\" data-element_type=\"widget\" data-widget_type=\"heading.default\">\n\t\t\t\t\t<h2 class=\"elementor-heading-title elementor-size-default\">pro\u010d MONOLIT<\/h2>\t\t\t\t<\/div>\n\t\t\t\t<div class=\"elementor-element elementor-element-bbd60bc elementor-widget elementor-widget-text-editor\" data-id=\"bbd60bc\" data-element_type=\"widget\" data-widget_type=\"text-editor.default\">\n\t\t\t\t\t\t\t\t\t<p>Na\u0161e spole\u010dnost pro\u0161la v pr\u016fb\u011bhu let transformac\u00ed, kter\u00e1 n\u00e1s p\u0159em\u011bnila z mal\u00e9 firmy na p\u0159edn\u00edho dodavatele oken a dve\u0159\u00ed <b>PVC a hlin\u00edk<\/b> v Polsku i v zahrani\u010d\u00ed. D\u00edky nasazen\u00ed, v\u00e1\u0161ni a znalostem t\u00fdmu profesion\u00e1l\u016f se n\u00e1m poda\u0159ilo vybudovat pevn\u00e9 z\u00e1klady, na kter\u00fdch stav\u00edme na\u0161e ka\u017edodenn\u00ed aktivity. Dnes m\u016f\u017eeme s hrdost\u00ed \u0159\u00edci, \u017ee nab\u00edz\u00edme produkty nejvy\u0161\u0161\u00ed kvality, kter\u00e9 spl\u0148uj\u00ed o\u010dek\u00e1v\u00e1n\u00ed t\u011bch nejn\u00e1ro\u010dn\u011bj\u0161\u00edch z\u00e1kazn\u00edk\u016f.<\/p><p align=\"justify\">Na\u0161e nab\u00eddka zahrnuje \u0161irokou \u0161k\u00e1lu, v\u010detn\u011b: Truhl\u00e1\u0159stv\u00ed z PVC, posuvn\u00e9 syst\u00e9my, hlin\u00edk, z\u00e1klady, s\u00edt\u011b proti hmyzu, parapety a gar\u00e1\u017eov\u00e1 vrata. Ka\u017ed\u00fd z t\u011bchto produkt\u016f je pe\u010dliv\u011b navr\u017een a vyroben tak, aby zajistil nejvy\u0161\u0161\u00ed \u00farove\u0148 pohodl\u00ed p\u0159i pou\u017e\u00edv\u00e1n\u00ed a funk\u010dnosti.<\/p><p align=\"justify\">Strategick\u00fdm c\u00edlem na\u0161\u00ed organizace je soustavn\u00e9 posilov\u00e1n\u00ed na\u0161\u00ed pozice na polsk\u00e9m a zahrani\u010dn\u00edm trhu. Abychom toho dos\u00e1hli, neust\u00e1le pracujeme na systematick\u00e9m roz\u0161i\u0159ov\u00e1n\u00ed a zlep\u0161ov\u00e1n\u00ed na\u0161\u00ed produktov\u00e9 nab\u00eddky. P\u0159edstavujeme inovativn\u00ed \u0159e\u0161en\u00ed, kter\u00e1 n\u00e1m umo\u017e\u0148uj\u00ed odli\u0161it se od konkurence.<\/p><p align=\"justify\">Jedn\u00edm z kl\u00ed\u010dov\u00fdch aspekt\u016f na\u0161\u00ed \u010dinnosti je d\u016fraz na kvalitu. Zam\u011b\u0159ujeme se na p\u00e9\u010di v ka\u017ed\u00e9 f\u00e1zi v\u00fdroby, od v\u00fdb\u011bru surovin a\u017e po kone\u010dnou \u00fapravu v\u00fdrobk\u016f. Nezapom\u00edn\u00e1me ani na estetiku. Uv\u011bdomujeme si, \u017ee okna a dve\u0159e nejsou pouze funk\u010dn\u00ed, ale tak\u00e9 dekorativn\u00ed prvky, nab\u00edz\u00edme \u0161irokou \u0161k\u00e1lu barev a vzor\u016f, kter\u00e9 n\u00e1m umo\u017e\u0148uj\u00ed p\u0159izp\u016fsobit produkty individu\u00e1ln\u00edm pot\u0159eb\u00e1m a vkusu na\u0161ich z\u00e1kazn\u00edk\u016f.<\/p><p align=\"justify\">Neust\u00e1le investujeme do technologick\u00e9ho rozvoje, abychom zajistili nejvy\u0161\u0161\u00ed kvalitu a inovace n\u00e1mi nab\u00edzen\u00fdch produkt\u016f. Spolupracujeme s renomovan\u00fdmi dodavateli surovin (mj. Aluplast, Rehau, Wital, Procural, Aluprof, Aluron) a vyu\u017e\u00edv\u00e1me nejmodern\u011bj\u0161\u00ed v\u00fdrobn\u00ed technologie. P\u0159\u00edkladem je pou\u017eit\u00ed modern\u00edch CNC stroj\u016f, kter\u00e9 umo\u017e\u0148uj\u00ed p\u0159esn\u00e9 \u0159ez\u00e1n\u00ed a zpracov\u00e1n\u00ed materi\u00e1l\u016f, co\u017e se prom\u00edt\u00e1 do kvality a \u017eivotnosti v\u00fdrobk\u016f. Standardem jsou svary V-perfect, kter\u00e9 umo\u017e\u0148uj\u00ed dokonal\u00e9 spojen\u00ed profil\u016f a z\u00edsk\u00e1vaj\u00ed tzv tenk\u00e9 svary a \u00fapln\u00e9 vylou\u010den\u00ed tvorby v\u00fdron\u016f v procesu spojov\u00e1n\u00ed profil\u016f a zlep\u0161uje kontrolu svarov\u00e9ho tlaku.<\/p><p align=\"justify\">Spokojenost z\u00e1kazn\u00edka je na\u0161\u00ed prioritou. Sna\u017e\u00edme se proto, aby ka\u017ed\u00e1 etapa spolupr\u00e1ce s na\u0161\u00ed spole\u010dnost\u00ed pro n\u011b byla co nejpohodln\u011bj\u0161\u00ed a nejuspokojiv\u011bj\u0161\u00ed. Nab\u00edz\u00edme komplexn\u00ed servis od technick\u00e9ho poradenstv\u00ed, p\u0159es n\u00e1vrh, a\u017e po mont\u00e1\u017e a servis.<\/p><p align=\"justify\">Neomezujeme se pouze na tuzemsk\u00fd trh. \u00dasp\u011b\u0161n\u011b rozv\u00edj\u00edme exportn\u00ed aktivity, na\u0161e produkty dod\u00e1v\u00e1me do mnoha zem\u00ed sv\u011bta. D\u00edky tomu m\u016f\u017eeme na\u0161i v\u00e1\u0161e\u0148 pro okna a dve\u0159e sd\u00edlet se z\u00e1kazn\u00edky z cel\u00e9ho sv\u011bta.<\/p><p align=\"justify\">V\u011b\u0159\u00edme, \u017ee na\u0161i obdarovan\u00ed si zaslou\u017e\u00ed, aby prostor, ve kter\u00e9m \u017eij\u00ed, odpo\u010d\u00edvaj\u00ed nebo tr\u00e1v\u00ed \u010das se sv\u00fdmi bl\u00edzk\u00fdmi, byl nejen funk\u010dn\u00ed, ale i estetick\u00fd. Proto vynakl\u00e1d\u00e1me maxim\u00e1ln\u00ed \u00fasil\u00ed, abychom zajistili, \u017ee na\u0161e produkty spl\u0148uj\u00ed jejich po\u017eadavky. Na\u0161\u00edm c\u00edlem je vytv\u00e1\u0159et \u0159e\u0161en\u00ed, kter\u00e1 nejen usnadn\u00ed ka\u017edodenn\u00ed \u017eivot, ale tak\u00e9 jej zp\u0159\u00edjemn\u00ed a zp\u0159\u00edjemn\u00ed.<\/p>\t\t\t\t\t\t\t\t<\/div>\n\t\t\t\t<div class=\"elementor-element elementor-element-cf06478 elementor-widget elementor-widget-gallery\" data-id=\"cf06478\" data-element_type=\"widget\" data-settings=\"{&quot;columns&quot;:2,&quot;aspect_ratio&quot;:&quot;1:1&quot;,&quot;columns_mobile&quot;:2,&quot;gap_mobile&quot;:{&quot;unit&quot;:&quot;px&quot;,&quot;size&quot;:9,&quot;sizes&quot;:[]},&quot;overlay_title&quot;:&quot;title&quot;,&quot;overlay_description&quot;:&quot;description&quot;,&quot;gap&quot;:{&quot;unit&quot;:&quot;px&quot;,&quot;size&quot;:20,&quot;sizes&quot;:[]},&quot;lazyload&quot;:&quot;yes&quot;,&quot;gallery_layout&quot;:&quot;grid&quot;,&quot;columns_tablet&quot;:2,&quot;gap_tablet&quot;:{&quot;unit&quot;:&quot;px&quot;,&quot;size&quot;:10,&quot;sizes&quot;:[]},&quot;overlay_background&quot;:&quot;yes&quot;,&quot;content_hover_animation&quot;:&quot;fade-in&quot;}\" data-widget_type=\"gallery.default\">\n\t\t\t\t\t\t\t<div class=\"elementor-gallery__container\">\n\t\t\t\t\t\t\t<div class=\"e-gallery-item elementor-gallery-item elementor-animated-content\" tabindex=\"0\">\n\t\t\t\t\t<div class=\"e-gallery-image elementor-gallery-item__image\" data-thumbnail=\"https:\/\/monolit-okna.pl\/wp-content\/uploads\/2022\/05\/2f.jpg\" data-width=\"600\" data-height=\"600\" aria-label=\"\" role=\"img\" ><\/div>\n\t\t\t\t\t\t\t\t\t\t\t<div class=\"elementor-gallery-item__overlay\"><\/div>\n\t\t\t\t\t\t\t\t\t\t\t\t\t\t\t<div class=\"elementor-gallery-item__content\">\n\t\t\t\t\t\t\t\t\t\t\t\t\t\t<div class=\"elementor-gallery-item__title\">\n\t\t\t\t\t\t\t\t\t\t\t\t\t\t\t\t\t\tKvalita\t\t\t\t\t\t\t\t<\/div>\n\t\t\t\t\t\t\t\t\t\t\t\t\t\t\t<div class=\"elementor-gallery-item__description\">\n\t\t\t\t\t\t\t\t\t\t\t\t\t\t\t\t\t\tZ\u00e1rukou \u00fasp\u011bchu je dod\u00e1vka v\u00fdrobk\u016f nejvy\u0161\u0161\u00ed kvality. Neust\u00e1le dohl\u00ed\u017e\u00edme na na\u0161e v\u00fdrobn\u00ed procesy, abychom na\u0161im z\u00e1kazn\u00edk\u016fm dod\u00e1vali osv\u011bd\u010den\u00e9, bezporuchov\u00e9, trvanliv\u00e9 a spolehliv\u00e9 truhl\u00e1\u0159sk\u00e9 v\u00fdrobky.\t\t\t\t\t\t\t\t<\/div>\n\t\t\t\t\t\t\t\t\t\t\t\t<\/div>\n\t\t\t\t\t\t\t\t\t<\/div>\n\t\t\t\t\t\t\t<div class=\"e-gallery-item elementor-gallery-item elementor-animated-content\" tabindex=\"0\">\n\t\t\t\t\t<div class=\"e-gallery-image elementor-gallery-item__image\" data-thumbnail=\"https:\/\/monolit-okna.pl\/wp-content\/uploads\/2022\/05\/4f.jpg\" data-width=\"600\" data-height=\"600\" aria-label=\"\" role=\"img\" ><\/div>\n\t\t\t\t\t\t\t\t\t\t\t<div class=\"elementor-gallery-item__overlay\"><\/div>\n\t\t\t\t\t\t\t\t\t\t\t\t\t\t\t<div class=\"elementor-gallery-item__content\">\n\t\t\t\t\t\t\t\t\t\t\t\t\t\t<div class=\"elementor-gallery-item__title\">\n\t\t\t\t\t\t\t\t\t\t\t\t\t\t\t\t\t\tDesign\t\t\t\t\t\t\t\t<\/div>\n\t\t\t\t\t\t\t\t\t\t\t\t\t\t\t<div class=\"elementor-gallery-item__description\">\n\t\t\t\t\t\t\t\t\t\t\t\t\t\t\t\t\t\t\u0160irok\u00fd v\u00fdb\u011br profil\u016f, \u0161irok\u00e1 \u0161k\u00e1la barev a p\u0159\u00edslu\u0161enstv\u00ed a p\u0159edev\u0161\u00edm precizn\u00ed zpracov\u00e1n\u00ed a d\u016fraz na nejmen\u0161\u00ed estetick\u00fd detail odli\u0161uj\u00ed v\u00fdrobky Monolit od konkurence sv\u00fdm jedine\u010dn\u00fdm designem.\t\t\t\t\t\t\t\t<\/div>\n\t\t\t\t\t\t\t\t\t\t\t\t<\/div>\n\t\t\t\t\t\t\t\t\t<\/div>\n\t\t\t\t\t\t\t<div class=\"e-gallery-item elementor-gallery-item elementor-animated-content\" tabindex=\"0\">\n\t\t\t\t\t<div class=\"e-gallery-image elementor-gallery-item__image\" data-thumbnail=\"https:\/\/monolit-okna.pl\/wp-content\/uploads\/2022\/05\/1f.jpg\" data-width=\"600\" data-height=\"600\" aria-label=\"\" role=\"img\" ><\/div>\n\t\t\t\t\t\t\t\t\t\t\t<div class=\"elementor-gallery-item__overlay\"><\/div>\n\t\t\t\t\t\t\t\t\t\t\t\t\t\t\t<div class=\"elementor-gallery-item__content\">\n\t\t\t\t\t\t\t\t\t\t\t\t\t\t<div class=\"elementor-gallery-item__title\">\n\t\t\t\t\t\t\t\t\t\t\t\t\t\t\t\t\t\tProfesionalita\t\t\t\t\t\t\t\t<\/div>\n\t\t\t\t\t\t\t\t\t\t\t\t\t\t\t<div class=\"elementor-gallery-item__description\">\n\t\t\t\t\t\t\t\t\t\t\t\t\t\t\t\t\t\tVysoce kvalifikovan\u00ed a zku\u0161en\u00ed odborn\u00edci jsou z\u00e1rukou slu\u017eeb na nejvy\u0161\u0161\u00ed \u00farovni. Ve f\u00e1zi n\u00e1kupu nab\u00edz\u00edme podporu obchodn\u00edho a technologick\u00e9ho odd\u011blen\u00ed a marketingovou podporu prodeje na\u0161ich v\u00fdrobk\u016f v showroomech.\t\t\t\t\t\t\t\t<\/div>\n\t\t\t\t\t\t\t\t\t\t\t\t<\/div>\n\t\t\t\t\t\t\t\t\t<\/div>\n\t\t\t\t\t\t\t<div class=\"e-gallery-item elementor-gallery-item elementor-animated-content\" tabindex=\"0\">\n\t\t\t\t\t<div class=\"e-gallery-image elementor-gallery-item__image\" data-thumbnail=\"https:\/\/monolit-okna.pl\/wp-content\/uploads\/2022\/05\/3f.jpg\" data-width=\"600\" data-height=\"600\" aria-label=\"\" role=\"img\" ><\/div>\n\t\t\t\t\t\t\t\t\t\t\t<div class=\"elementor-gallery-item__overlay\"><\/div>\n\t\t\t\t\t\t\t\t\t\t\t\t\t\t\t<div class=\"elementor-gallery-item__content\">\n\t\t\t\t\t\t\t\t\t\t\t\t\t\t<div class=\"elementor-gallery-item__title\">\n\t\t\t\t\t\t\t\t\t\t\t\t\t\t\t\t\t\tInovativnost\t\t\t\t\t\t\t\t<\/div>\n\t\t\t\t\t\t\t\t\t\t\t\t\t\t\t<div class=\"elementor-gallery-item__description\">\n\t\t\t\t\t\t\t\t\t\t\t\t\t\t\t\t\t\tJeden z nejmodern\u011bj\u0161\u00edch strojn\u00edch park\u016f a spolupr\u00e1ce s nejlep\u0161\u00edmi dodavateli komponent\u016f n\u00e1m umo\u017e\u0148uj\u00ed zav\u00e1d\u011bt st\u00e1le nov\u00e1 technologick\u00e1 \u0159e\u0161en\u00ed, kter\u00e1 spl\u0148uj\u00ed o\u010dek\u00e1v\u00e1n\u00ed sou\u010dasn\u00e9ho trhu.\t\t\t\t\t\t\t\t<\/div>\n\t\t\t\t\t\t\t\t\t\t\t\t<\/div>\n\t\t\t\t\t\t\t\t\t<\/div>\n\t\t\t\t\t<\/div>\n\t\t\t\t\t<\/div>\n\t\t\t\t<div class=\"elementor-element elementor-element-51813d1 elementor-widget elementor-widget-heading\" data-id=\"51813d1\" data-element_type=\"widget\" data-widget_type=\"heading.default\">\n\t\t\t\t\t<h2 class=\"elementor-heading-title elementor-size-default\">NA\u0160E HISTORIE<\/h2>\t\t\t\t<\/div>\n\t\t\t\t<div class=\"elementor-element elementor-element-f6fd1e3 elementor-widget elementor-widget-image\" data-id=\"f6fd1e3\" data-element_type=\"widget\" data-no-translation=\"\" data-widget_type=\"image.default\">\n\t\t\t\t\t<style>.elementor-element-f6fd1e3{display:none !important}<\/style>\t\t\t\t<\/div>\n\t\t\t\t<div class=\"elementor-element elementor-element-e78c1a8 elementor-widget elementor-widget-image\" data-id=\"e78c1a8\" data-element_type=\"widget\" data-no-translation=\"\" data-widget_type=\"image.default\">\n\t\t\t\t\t<style>.elementor-element-e78c1a8{display:none !important}<\/style>\t\t\t\t<\/div>\n\t\t\t\t<div class=\"elementor-element elementor-element-9ee9e1a elementor-widget elementor-widget-image\" data-id=\"9ee9e1a\" data-element_type=\"widget\" data-no-translation=\"\" data-widget_type=\"image.default\">\n\t\t\t\t\t\t\t\t\t\t\t\t\t\t\t\t<a href=\"https:\/\/monolit-okna.pl\/wp-content\/uploads\/2026\/02\/OS-CZASU_strona_czeski.png\" data-elementor-open-lightbox=\"yes\" data-e-action-hash=\"#elementor-action%3Aaction%3Dlightbox%26settings%3DeyJpZCI6MTMxMjAsInVybCI6Imh0dHBzOlwvXC9tb25vbGl0LW9rbmEucGxcL3dwLWNvbnRlbnRcL3VwbG9hZHNcLzIwMjZcLzAyXC9PUy1DWkFTVV9zdHJvbmFfY3plc2tpLnBuZyJ9\">\n\t\t\t\t\t\t\t<img fetchpriority=\"high\" decoding=\"async\" width=\"1366\" height=\"722\" src=\"https:\/\/monolit-okna.pl\/wp-content\/uploads\/2026\/02\/OS-CZASU_strona_czeski.png\" class=\"attachment-full size-full wp-image-13120\" alt=\"\" srcset=\"https:\/\/monolit-okna.pl\/wp-content\/uploads\/2026\/02\/OS-CZASU_strona_czeski.png 1366w, https:\/\/monolit-okna.pl\/wp-content\/uploads\/2026\/02\/OS-CZASU_strona_czeski-300x159.png 300w, https:\/\/monolit-okna.pl\/wp-content\/uploads\/2026\/02\/OS-CZASU_strona_czeski-1024x541.png 1024w, https:\/\/monolit-okna.pl\/wp-content\/uploads\/2026\/02\/OS-CZASU_strona_czeski-768x406.png 768w, https:\/\/monolit-okna.pl\/wp-content\/uploads\/2026\/02\/OS-CZASU_strona_czeski-18x10.png 18w\" sizes=\"(max-width: 1366px) 100vw, 1366px\" title=\"\">\t\t\t\t\t\t\t\t<\/a>\n\t\t\t\t\t\t\t\t\t\t\t\t\t\t\t<\/div>\n\t\t\t\t<div class=\"elementor-element elementor-element-e471ac4 elementor-widget elementor-widget-image\" data-id=\"e471ac4\" data-element_type=\"widget\" data-no-translation=\"\" data-widget_type=\"image.default\">\n\t\t\t\t\t<style>.elementor-element-e471ac4{display:none !important}<\/style>\t\t\t\t<\/div>\n\t\t\t\t\t<\/div>\n\t\t<\/div>\n\t\t\t\t\t<\/div>\n\t\t<\/section>\n\t\t\t\t<\/div>","protected":false},"excerpt":{"rendered":"<p>O firmie dlaczego monolit Na przestrzeni lat nasza firma przesz\u0142a transformacj\u0119, kt\u00f3ra z ma\u0142ej firmy uczyni\u0142a nas czo\u0142owym dostawc\u0105 stolarki okiennej i drzwiowej PVC i Aluminium w Polsce oraz poza jej granicami. Dzi\u0119ki zaanga\u017cowaniu, pasji oraz wiedzy zespo\u0142u profesjonalist\u00f3w, uda\u0142o si\u0119 zbudowa\u0107 solidne fundamenty, na kt\u00f3rych opieramy codzienn\u0105 dzia\u0142alno\u015b\u0107. Dzi\u015b mo\u017cemy z dum\u0105 stwierdzi\u0107, \u017ce [&hellip;]<\/p>\n","protected":false},"author":8,"featured_media":0,"parent":0,"menu_order":0,"comment_status":"closed","ping_status":"closed","template":"","meta":{"footnotes":""},"categories":[],"tags":[163,162,164,147,184,183,187,159,74,134,65,137,181,161,155,157,70,182,149,158,152,160,186,72,185,154,71,129,146,148,140,156,153,144],"class_list":["post-230","page","type-page","status-publish","hentry","tag-drzwi-pcv-na-wymiar","tag-drzwi-zewnetrzne-pcv","tag-drzwi-zewnetrzne-pcv-cennik","tag-fabryka-okien","tag-firma-okien","tag-firmy-okien","tag-firmy-z-oknami","tag-katalog-okien","tag-monolit","tag-monolit-15-lat-firmy","tag-monolit-okna","tag-monolit-producent-okien-i-drzwi-pcv","tag-okna-firmy","tag-okna-online","tag-okna-pcv","tag-okna-pcv-producenci","tag-okna-pcv-producent","tag-okna-plastikowe-producent","tag-okna-producent","tag-okna-zambrow","tag-producenci-okien","tag-producenci-okien-pcv","tag-producent-drzwi-pcv","tag-producent-okien","tag-producent-okien-cennik","tag-producent-okien-i-drzwi","tag-producent-okien-pcv","tag-producent-okien-podlaskie","tag-producent-okna","tag-producent-okna-pcv","tag-produkcja-aluminium","tag-produkcja-okien-pcv","tag-program-czyste-powietrze","tag-zgrzew-v-perfect"],"_links":{"self":[{"href":"https:\/\/monolit-okna.pl\/cs\/wp-json\/wp\/v2\/pages\/230","targetHints":{"allow":["GET"]}}],"collection":[{"href":"https:\/\/monolit-okna.pl\/cs\/wp-json\/wp\/v2\/pages"}],"about":[{"href":"https:\/\/monolit-okna.pl\/cs\/wp-json\/wp\/v2\/types\/page"}],"author":[{"embeddable":true,"href":"https:\/\/monolit-okna.pl\/cs\/wp-json\/wp\/v2\/users\/8"}],"replies":[{"embeddable":true,"href":"https:\/\/monolit-okna.pl\/cs\/wp-json\/wp\/v2\/comments?post=230"}],"version-history":[{"count":15,"href":"https:\/\/monolit-okna.pl\/cs\/wp-json\/wp\/v2\/pages\/230\/revisions"}],"predecessor-version":[{"id":13531,"href":"https:\/\/monolit-okna.pl\/cs\/wp-json\/wp\/v2\/pages\/230\/revisions\/13531"}],"wp:attachment":[{"href":"https:\/\/monolit-okna.pl\/cs\/wp-json\/wp\/v2\/media?parent=230"}],"wp:term":[{"taxonomy":"category","embeddable":true,"href":"https:\/\/monolit-okna.pl\/cs\/wp-json\/wp\/v2\/categories?post=230"},{"taxonomy":"post_tag","embeddable":true,"href":"https:\/\/monolit-okna.pl\/cs\/wp-json\/wp\/v2\/tags?post=230"}],"curies":[{"name":"wp","href":"https:\/\/api.w.org\/{rel}","templated":true}]}}